{"id":970,"date":"2016-02-15T20:46:40","date_gmt":"2016-02-15T19:46:40","guid":{"rendered":"http:\/\/gartner52.de\/page\/?page_id=970"},"modified":"2016-12-07T13:16:58","modified_gmt":"2016-12-07T12:16:58","slug":"ohmbachsee2006","status":"publish","type":"page","link":"https:\/\/gartner52.de\/page\/ohmbachsee2006\/","title":{"rendered":"2006 Ohmbachsee"},"content":{"rendered":"<h2 style=\"text-align: center;\"><em><span style=\"color: #3366ff;\">Besuch des Camping Park-Ohmbachsee<\/span><\/em><\/h2>\n<p style=\"text-align: center;\"><span style=\"color: #008000;\">30.09.06 \u2013 03.10.06<\/span><\/p>\n<p>&nbsp;<span style=\"font-family: arial,helvetica,sans-serif;\">Unser Wohnmobil war nun schon 2 Monate alt, unser Sohn und unsere Schwiegertochter hatten ganz \u00fcberraschend beschlossen sich einen Wohnwagen zu kaufen. Das freute uns, und nat\u00fcrlich sollte auch gleich ein Ausflug damit gemacht werden. Wir wollten gemeinsam auf den Campingplatz Ohmbachsee fahren, diesen kannten wir auch noch von unserer Zeit bei den Camping Freunden Offenburg.<\/span><\/p>\n<p style=\"text-align: left;\"><span style=\"font-family: arial,helvetica,sans-serif;\">Anreise war am Freitag Nachmittag, wir fuhren von Karlsruhe \u00fcber die <span class=\"caps\">A65<\/span> und die <span class=\"caps\">A61<\/span> am Frankenthaler Kreuz Richtung Saarbr\u00fccken. Bei der Ausfahrt Miesau haben wir die Autobahn verlassen und sind nach ca.10 km auf dem Campingplatz Ohmbachsee angekommen.<\/span><\/p>\n<p style=\"text-align: center;\"><img loading=\"lazy\" decoding=\"async\" class=\"size-full wp-image-978 aligncenter\" src=\"https:\/\/gartner52.de\/page\/wp-content\/uploads\/2016\/02\/2006_Ohmba01.jpg\" alt=\"2006_Ohmba01\" width=\"800\" height=\"600\" srcset=\"https:\/\/gartner52.de\/page\/wp-content\/uploads\/2016\/02\/2006_Ohmba01.jpg 800w, https:\/\/gartner52.de\/page\/wp-content\/uploads\/2016\/02\/2006_Ohmba01-300x225.jpg 300w, https:\/\/gartner52.de\/page\/wp-content\/uploads\/2016\/02\/2006_Ohmba01-768x576.jpg 768w\" sizes=\"auto, (max-width: 800px) 100vw, 800px\"><\/p>\n<p><span style=\"font-family: arial,helvetica,sans-serif;\">Das Wetter sollte an diesem Wochenende nicht so gut werden, aber wir wagten den Ausflug trotzdem. Unsere Tochter hat auch viel Spa\u00df beim Camping aber noch keinen eigenen Wohnwagen, sie ist mit den beiden Kindern in ihrem Auto mitgefahren und hat bei uns im Wohnmobil geschlafen. Der Platz war zu der Zeit nicht stark belegt und so konnten wir uns aussuchen wo wir stehen wollten.<\/span><\/p>\n<p style=\"text-align: center;\"><img loading=\"lazy\" decoding=\"async\" class=\"size-full wp-image-979 aligncenter\" src=\"https:\/\/gartner52.de\/page\/wp-content\/uploads\/2016\/02\/2006_Ohmba02.jpg\" alt=\"2006_Ohmba02\" width=\"800\" height=\"600\" srcset=\"https:\/\/gartner52.de\/page\/wp-content\/uploads\/2016\/02\/2006_Ohmba02.jpg 800w, https:\/\/gartner52.de\/page\/wp-content\/uploads\/2016\/02\/2006_Ohmba02-300x225.jpg 300w, https:\/\/gartner52.de\/page\/wp-content\/uploads\/2016\/02\/2006_Ohmba02-768x576.jpg 768w\" sizes=\"auto, (max-width: 800px) 100vw, 800px\"><\/p>\n<p style=\"text-align: center;\">&nbsp;<span style=\"font-family: arial,helvetica,sans-serif;\">Wir hatten hier viel Platz und die Kids konnten sich so richtig austoben.<\/span><br>\n<img loading=\"lazy\" decoding=\"async\" class=\"size-full wp-image-980 aligncenter\" src=\"https:\/\/gartner52.de\/page\/wp-content\/uploads\/2016\/02\/2006_Ohmba03.jpg\" alt=\"2006_Ohmba03\" width=\"800\" height=\"600\" srcset=\"https:\/\/gartner52.de\/page\/wp-content\/uploads\/2016\/02\/2006_Ohmba03.jpg 800w, https:\/\/gartner52.de\/page\/wp-content\/uploads\/2016\/02\/2006_Ohmba03-300x225.jpg 300w, https:\/\/gartner52.de\/page\/wp-content\/uploads\/2016\/02\/2006_Ohmba03-768x576.jpg 768w\" sizes=\"auto, (max-width: 800px) 100vw, 800px\"><span style=\"font-family: arial,helvetica,sans-serif;\">Auch der kleinste war rundherum zufrieden.<\/span><\/p>\n<p><img loading=\"lazy\" decoding=\"async\" class=\"size-full wp-image-981 aligncenter\" src=\"https:\/\/gartner52.de\/page\/wp-content\/uploads\/2016\/02\/2006_Ohmba04.jpg\" alt=\"2006_Ohmba04\" width=\"800\" height=\"600\" srcset=\"https:\/\/gartner52.de\/page\/wp-content\/uploads\/2016\/02\/2006_Ohmba04.jpg 800w, https:\/\/gartner52.de\/page\/wp-content\/uploads\/2016\/02\/2006_Ohmba04-300x225.jpg 300w, https:\/\/gartner52.de\/page\/wp-content\/uploads\/2016\/02\/2006_Ohmba04-768x576.jpg 768w\" sizes=\"auto, (max-width: 800px) 100vw, 800px\"><\/p>\n<p><span style=\"font-family: arial,helvetica,sans-serif;\">Der Ohmbachsee ist ein kleiner Stausee, man kann den ganzen See in nicht mehr als einer knappen Stunde zu Fu\u00df umrunden. Es gibt einen sch\u00f6nen Panoramaweg um den See herum.<\/span><br>\n<img loading=\"lazy\" decoding=\"async\" class=\"size-full wp-image-990 aligncenter\" src=\"https:\/\/gartner52.de\/page\/wp-content\/uploads\/2016\/02\/2006_Ohmba13.jpg\" alt=\"2006_Ohmba13\" width=\"800\" height=\"600\" srcset=\"https:\/\/gartner52.de\/page\/wp-content\/uploads\/2016\/02\/2006_Ohmba13.jpg 800w, https:\/\/gartner52.de\/page\/wp-content\/uploads\/2016\/02\/2006_Ohmba13-300x225.jpg 300w, https:\/\/gartner52.de\/page\/wp-content\/uploads\/2016\/02\/2006_Ohmba13-768x576.jpg 768w\" sizes=\"auto, (max-width: 800px) 100vw, 800px\"><\/p>\n<p style=\"text-align: center;\"><span style=\"font-family: arial,helvetica,sans-serif;\">Das Wasser war f\u00fcr die Kinder nat\u00fcrlich \u201cder\u201d Anziehungspunkt.<\/span><br>\n<img loading=\"lazy\" decoding=\"async\" class=\"size-large wp-image-986 aligncenter\" src=\"https:\/\/gartner52.de\/page\/wp-content\/uploads\/2016\/02\/2006_Ohmba09-768x1024.jpg\" alt=\"2006_Ohmba09\" width=\"768\" height=\"1024\" srcset=\"https:\/\/gartner52.de\/page\/wp-content\/uploads\/2016\/02\/2006_Ohmba09.jpg 768w, https:\/\/gartner52.de\/page\/wp-content\/uploads\/2016\/02\/2006_Ohmba09-225x300.jpg 225w\" sizes=\"auto, (max-width: 768px) 100vw, 768px\"><br>\n<img loading=\"lazy\" decoding=\"async\" class=\"size-full wp-image-987 aligncenter\" src=\"https:\/\/gartner52.de\/page\/wp-content\/uploads\/2016\/02\/2006_Ohmba10.jpg\" alt=\"2006_Ohmba10\" width=\"800\" height=\"600\" srcset=\"https:\/\/gartner52.de\/page\/wp-content\/uploads\/2016\/02\/2006_Ohmba10.jpg 800w, https:\/\/gartner52.de\/page\/wp-content\/uploads\/2016\/02\/2006_Ohmba10-300x225.jpg 300w, https:\/\/gartner52.de\/page\/wp-content\/uploads\/2016\/02\/2006_Ohmba10-768x576.jpg 768w\" sizes=\"auto, (max-width: 800px) 100vw, 800px\"><span style=\"font-family: arial,helvetica,sans-serif;\">Die Natur am Ohmbachsee<\/span><br>\n<img loading=\"lazy\" decoding=\"async\" class=\"size-full wp-image-985 aligncenter\" src=\"https:\/\/gartner52.de\/page\/wp-content\/uploads\/2016\/02\/2006_Ohmba08.jpg\" alt=\"2006_Ohmba08\" width=\"800\" height=\"600\" srcset=\"https:\/\/gartner52.de\/page\/wp-content\/uploads\/2016\/02\/2006_Ohmba08.jpg 800w, https:\/\/gartner52.de\/page\/wp-content\/uploads\/2016\/02\/2006_Ohmba08-300x225.jpg 300w, https:\/\/gartner52.de\/page\/wp-content\/uploads\/2016\/02\/2006_Ohmba08-768x576.jpg 768w\" sizes=\"auto, (max-width: 800px) 100vw, 800px\"><br>\n<img loading=\"lazy\" decoding=\"async\" class=\"size-full wp-image-982 aligncenter\" src=\"https:\/\/gartner52.de\/page\/wp-content\/uploads\/2016\/02\/2006_Ohmba05.jpg\" alt=\"2006_Ohmba05\" width=\"800\" height=\"600\" srcset=\"https:\/\/gartner52.de\/page\/wp-content\/uploads\/2016\/02\/2006_Ohmba05.jpg 800w, https:\/\/gartner52.de\/page\/wp-content\/uploads\/2016\/02\/2006_Ohmba05-300x225.jpg 300w, https:\/\/gartner52.de\/page\/wp-content\/uploads\/2016\/02\/2006_Ohmba05-768x576.jpg 768w\" sizes=\"auto, (max-width: 800px) 100vw, 800px\"><span style=\"font-family: arial,helvetica,sans-serif;\">Auf dem Campingplatz gab es neben einem Minigolf Parcour auch einen Spielplatz.<\/span><br>\n<span style=\"font-family: arial,helvetica,sans-serif;\"> Hier tobten die Kinder lange herum. Da gab es f\u00fcr jeden etwas zu entdecken.<\/span><br>\n<img loading=\"lazy\" decoding=\"async\" class=\"size-full wp-image-984 aligncenter\" src=\"https:\/\/gartner52.de\/page\/wp-content\/uploads\/2016\/02\/2006_Ohmba07.jpg\" alt=\"2006_Ohmba07\" width=\"800\" height=\"600\" srcset=\"https:\/\/gartner52.de\/page\/wp-content\/uploads\/2016\/02\/2006_Ohmba07.jpg 800w, https:\/\/gartner52.de\/page\/wp-content\/uploads\/2016\/02\/2006_Ohmba07-300x225.jpg 300w, https:\/\/gartner52.de\/page\/wp-content\/uploads\/2016\/02\/2006_Ohmba07-768x576.jpg 768w\" sizes=\"auto, (max-width: 800px) 100vw, 800px\"><br>\n<img loading=\"lazy\" decoding=\"async\" class=\"size-full wp-image-988 aligncenter\" src=\"https:\/\/gartner52.de\/page\/wp-content\/uploads\/2016\/02\/2006_Ohmba11.jpg\" alt=\"2006_Ohmba11\" width=\"800\" height=\"600\" srcset=\"https:\/\/gartner52.de\/page\/wp-content\/uploads\/2016\/02\/2006_Ohmba11.jpg 800w, https:\/\/gartner52.de\/page\/wp-content\/uploads\/2016\/02\/2006_Ohmba11-300x225.jpg 300w, https:\/\/gartner52.de\/page\/wp-content\/uploads\/2016\/02\/2006_Ohmba11-768x576.jpg 768w\" sizes=\"auto, (max-width: 800px) 100vw, 800px\"><span style=\"font-family: arial,helvetica,sans-serif;\">Wir standen in einer sch\u00f6nen Ecke des Platzes. Richtig zentral gelegen.<\/span><br>\n<img loading=\"lazy\" decoding=\"async\" class=\" wp-image-989 aligncenter\" src=\"https:\/\/gartner52.de\/page\/wp-content\/uploads\/2016\/02\/2006_Ohmba12-1024x768.jpg\" alt=\"2006_Ohmba12\" width=\"801\" height=\"601\"><br>\n<span style=\"font-family: arial,helvetica,sans-serif;\">Leider gingen die 4 Tage sehr schnell vorbei. Am letzten Tag fing es dann noch an zu regnen, deshalb wurde schnell alles zusammen gepackt und verstaut. Dann ging es ab Richtung Karlsruhe<\/span><\/p>\n<hr>\n<h6><span style=\"color: #3366ff;\">Hier noch eine kleine Beschreibung des Platzes. Die ist aber wie immer nur <u>unsere pers\u00f6nliche Meinung<\/u>.<\/span><\/h6>\n<h6><span style=\"color: #3366ff;\">Der Platz ist von der Ausdehnung her schon etwas gr\u00f6\u00dfer. Es hat im oberen Teil 2 gro\u00dfe freie Fl\u00e4chen, dort k\u00f6nnen einige Wohnwagen oder Wohnmobile zusammen stehen. Eine Gruppe von 10 Einheiten passt dort auf jeden Fall hin. Rundherum sind auch Dauercamper angesiedelt. Im unteren Teil hat es viele Stellpl\u00e4tze unter B\u00e4umen, dort war zu der Zeit aber niemand. Es gibt ein Restaurant und einen kleinen Laden der auch immer frische Br\u00f6tchen verkauft. Sonst hat der Laden aber nicht viel zu bieten. Man kann mit dem Auto, oder sogar mit dem Fahrrad in den n\u00e4chsten Ort fahren, dort gibt es alles was man braucht. Der Spielplatz hat auch einige Spielger\u00e4te f\u00fcr die kleinen, nur der Minigolfplatz sollte mal erneuert oder repariert werden. Der <span class=\"caps\">CP<\/span> ist auf jeden Fall einen weiteren Besuch wert.<\/span><\/h6>\n<h6><span style=\"color: #3366ff;\">Camping Cheques werden auf dem Platz zu bestimmten Zeiten akzeptiert.&nbsp;<\/span><\/h6>\n<p>&nbsp;<\/p>\n<h5 style=\"text-align: center;\"><span style=\"font-family: trebuchet ms,geneva,sans-serif; font-size: 12pt;\"><a href=\"https:\/\/gartner52.de\/page\/\">zur\u00fcck zur Startseite<\/a><\/span><\/h5>\n","protected":false},"excerpt":{"rendered":"<p>Besuch des Camping Park-Ohmbachsee 30.09.06 \u2013 03.10.06 &nbsp;Unser Wohnmobil war nun schon 2 Monate alt, unser Sohn und unsere Schwiegertochter hatten ganz \u00fcberraschend beschlossen sich einen Wohnwagen zu kaufen. Das freute uns, und nat\u00fcrlich sollte auch gleich ein Ausflug damit \u2026 <a href=\"https:\/\/gartner52.de\/page\/ohmbachsee2006\/\">Weiter<\/a><\/p>\n","protected":false},"author":4,"featured_media":0,"parent":0,"menu_order":0,"comment_status":"closed","ping_status":"closed","template":"","meta":{"wp_typography_post_enhancements_disabled":false,"kt_blocks_editor_width":"","footnotes":""},"class_list":["post-970","page","type-page","status-publish","hentry"],"_links":{"self":[{"href":"https:\/\/gartner52.de\/page\/wp-json\/wp\/v2\/pages\/970","targetHints":{"allow":["GET"]}}],"collection":[{"href":"https:\/\/gartner52.de\/page\/wp-json\/wp\/v2\/pages"}],"about":[{"href":"https:\/\/gartner52.de\/page\/wp-json\/wp\/v2\/types\/page"}],"author":[{"embeddable":true,"href":"https:\/\/gartner52.de\/page\/wp-json\/wp\/v2\/users\/4"}],"replies":[{"embeddable":true,"href":"https:\/\/gartner52.de\/page\/wp-json\/wp\/v2\/comments?post=970"}],"version-history":[{"count":17,"href":"https:\/\/gartner52.de\/page\/wp-json\/wp\/v2\/pages\/970\/revisions"}],"predecessor-version":[{"id":4801,"href":"https:\/\/gartner52.de\/page\/wp-json\/wp\/v2\/pages\/970\/revisions\/4801"}],"wp:attachment":[{"href":"https:\/\/gartner52.de\/page\/wp-json\/wp\/v2\/media?parent=970"}],"curies":[{"name":"wp","href":"https:\/\/api.w.org\/{rel}","templated":true}]}}