{"id":8074,"date":"2025-02-18T16:46:40","date_gmt":"2025-02-18T15:46:40","guid":{"rendered":"https:\/\/gartner52.de\/page\/?page_id=8074"},"modified":"2026-01-01T15:50:02","modified_gmt":"2026-01-01T14:50:02","slug":"ostern-in-ettenheim","status":"publish","type":"page","link":"https:\/\/gartner52.de\/page\/ostern-in-ettenheim\/","title":{"rendered":"2025 Ostern in Ettenheim"},"content":{"rendered":"<p style=\"text-align: center;\"><em><span style=\"font-size: 18pt; color: #3366ff;\">Erster Ausflug 2025 an Ostern<\/span><\/em><\/p>\n<p style=\"text-align: center;\">\n<\/p><p style=\"text-align: center;\">Unser erster Campingausflug im Jahr 2025 sollte noch einmal zum Campingpark Oase nach Ettenheim gehen.<br>\nHier wieder ein kleiner Bildbericht \u00fcber unsere Osterfahrt<br>\n<img loading=\"lazy\" decoding=\"async\" class=\"size-full wp-image-8182 aligncenter\" src=\"https:\/\/gartner52.de\/page\/wp-content\/uploads\/2026\/01\/2025-Ettenheim05.jpg\" alt width=\"978\" height=\"550\" srcset=\"https:\/\/gartner52.de\/page\/wp-content\/uploads\/2026\/01\/2025-Ettenheim05.jpg 978w, https:\/\/gartner52.de\/page\/wp-content\/uploads\/2026\/01\/2025-Ettenheim05-300x169.jpg 300w, https:\/\/gartner52.de\/page\/wp-content\/uploads\/2026\/01\/2025-Ettenheim05-768x432.jpg 768w\" sizes=\"auto, (max-width: 978px) 100vw, 978px\">Wir hatten wieder die gro\u00dfen Stellpl\u00e4tze<\/p>\n<p style=\"text-align: center;\"><img loading=\"lazy\" decoding=\"async\" class=\"wp-image-8183 aligncenter\" src=\"https:\/\/gartner52.de\/page\/wp-content\/uploads\/2026\/01\/2025-Ettenheim13.jpg\" alt width=\"957\" height=\"538\" srcset=\"https:\/\/gartner52.de\/page\/wp-content\/uploads\/2026\/01\/2025-Ettenheim13.jpg 978w, https:\/\/gartner52.de\/page\/wp-content\/uploads\/2026\/01\/2025-Ettenheim13-300x169.jpg 300w, https:\/\/gartner52.de\/page\/wp-content\/uploads\/2026\/01\/2025-Ettenheim13-768x432.jpg 768w\" sizes=\"auto, (max-width: 957px) 100vw, 957px\"><br>\n<img loading=\"lazy\" decoding=\"async\" class=\"size-full wp-image-8184 aligncenter\" src=\"https:\/\/gartner52.de\/page\/wp-content\/uploads\/2026\/01\/2025-Ettenheim14.jpg\" alt width=\"978\" height=\"550\" srcset=\"https:\/\/gartner52.de\/page\/wp-content\/uploads\/2026\/01\/2025-Ettenheim14.jpg 978w, https:\/\/gartner52.de\/page\/wp-content\/uploads\/2026\/01\/2025-Ettenheim14-300x169.jpg 300w, https:\/\/gartner52.de\/page\/wp-content\/uploads\/2026\/01\/2025-Ettenheim14-768x432.jpg 768w\" sizes=\"auto, (max-width: 978px) 100vw, 978px\">Das Wetter war sch\u00f6n, nur etwas kalt. Es war schon viel los auf dem Campingplatz<br>\n<img loading=\"lazy\" decoding=\"async\" class=\"wp-image-8181 aligncenter\" src=\"https:\/\/gartner52.de\/page\/wp-content\/uploads\/2026\/01\/2025-Ettenheim-Stell-1024x576.jpg\" alt width=\"976\" height=\"549\" srcset=\"https:\/\/gartner52.de\/page\/wp-content\/uploads\/2026\/01\/2025-Ettenheim-Stell-1024x576.jpg 1024w, https:\/\/gartner52.de\/page\/wp-content\/uploads\/2026\/01\/2025-Ettenheim-Stell-300x169.jpg 300w, https:\/\/gartner52.de\/page\/wp-content\/uploads\/2026\/01\/2025-Ettenheim-Stell-768x432.jpg 768w, https:\/\/gartner52.de\/page\/wp-content\/uploads\/2026\/01\/2025-Ettenheim-Stell-1536x864.jpg 1536w, https:\/\/gartner52.de\/page\/wp-content\/uploads\/2026\/01\/2025-Ettenheim-Stell-2048x1152.jpg 2048w\" sizes=\"auto, (max-width: 976px) 100vw, 976px\">Tolles Osterwetter, wir haben die Sonne genossen<br>\n<img loading=\"lazy\" decoding=\"async\" class=\"size-full wp-image-8189 aligncenter\" src=\"https:\/\/gartner52.de\/page\/wp-content\/uploads\/2026\/01\/2025-Ettenheim37.jpg\" alt width=\"978\" height=\"550\" srcset=\"https:\/\/gartner52.de\/page\/wp-content\/uploads\/2026\/01\/2025-Ettenheim37.jpg 978w, https:\/\/gartner52.de\/page\/wp-content\/uploads\/2026\/01\/2025-Ettenheim37-300x169.jpg 300w, https:\/\/gartner52.de\/page\/wp-content\/uploads\/2026\/01\/2025-Ettenheim37-768x432.jpg 768w\" sizes=\"auto, (max-width: 978px) 100vw, 978px\">Dieses mal haben wir nicht viel unternommen, bei dem sch\u00f6nen Wetter wurde meist am Platz die Ruhe genossen.<\/p>\n<p style=\"text-align: center;\"><img loading=\"lazy\" decoding=\"async\" class=\"wp-image-8197 aligncenter\" src=\"https:\/\/gartner52.de\/page\/wp-content\/uploads\/2026\/01\/PANO_Ettenheim01-1024x370.jpg\" alt width=\"969\" height=\"350\" srcset=\"https:\/\/gartner52.de\/page\/wp-content\/uploads\/2026\/01\/PANO_Ettenheim01-1024x370.jpg 1024w, https:\/\/gartner52.de\/page\/wp-content\/uploads\/2026\/01\/PANO_Ettenheim01-300x108.jpg 300w, https:\/\/gartner52.de\/page\/wp-content\/uploads\/2026\/01\/PANO_Ettenheim01-768x278.jpg 768w, https:\/\/gartner52.de\/page\/wp-content\/uploads\/2026\/01\/PANO_Ettenheim01-1536x555.jpg 1536w, https:\/\/gartner52.de\/page\/wp-content\/uploads\/2026\/01\/PANO_Ettenheim01-2048x740.jpg 2048w\" sizes=\"auto, (max-width: 969px) 100vw, 969px\">Sonne pur, alles wurde gr\u00fcn und bunt.<br>\n<img loading=\"lazy\" decoding=\"async\" class=\"size-full wp-image-8185 aligncenter\" src=\"https:\/\/gartner52.de\/page\/wp-content\/uploads\/2026\/01\/2025-Ettenheim24.jpg\" alt width=\"978\" height=\"550\" srcset=\"https:\/\/gartner52.de\/page\/wp-content\/uploads\/2026\/01\/2025-Ettenheim24.jpg 978w, https:\/\/gartner52.de\/page\/wp-content\/uploads\/2026\/01\/2025-Ettenheim24-300x169.jpg 300w, https:\/\/gartner52.de\/page\/wp-content\/uploads\/2026\/01\/2025-Ettenheim24-768x432.jpg 768w\" sizes=\"auto, (max-width: 978px) 100vw, 978px\"><\/p>\n<p style=\"text-align: center;\"><img loading=\"lazy\" decoding=\"async\" class=\"wp-image-8194 aligncenter\" src=\"https:\/\/gartner52.de\/page\/wp-content\/uploads\/2026\/01\/2025-Ettenheim45-1024x576.jpg\" alt width=\"989\" height=\"556\" srcset=\"https:\/\/gartner52.de\/page\/wp-content\/uploads\/2026\/01\/2025-Ettenheim45-1024x576.jpg 1024w, https:\/\/gartner52.de\/page\/wp-content\/uploads\/2026\/01\/2025-Ettenheim45-300x169.jpg 300w, https:\/\/gartner52.de\/page\/wp-content\/uploads\/2026\/01\/2025-Ettenheim45-768x432.jpg 768w, https:\/\/gartner52.de\/page\/wp-content\/uploads\/2026\/01\/2025-Ettenheim45-1536x864.jpg 1536w, https:\/\/gartner52.de\/page\/wp-content\/uploads\/2026\/01\/2025-Ettenheim45-2048x1152.jpg 2048w\" sizes=\"auto, (max-width: 989px) 100vw, 989px\">Wir machten rund um den Campingplatz aber auch kleinere Spazierg\u00e4nge<br>\n<img loading=\"lazy\" decoding=\"async\" class=\"wp-image-8195 aligncenter\" src=\"https:\/\/gartner52.de\/page\/wp-content\/uploads\/2026\/01\/2025-Ettenheim46-1024x576.jpg\" alt width=\"979\" height=\"551\" srcset=\"https:\/\/gartner52.de\/page\/wp-content\/uploads\/2026\/01\/2025-Ettenheim46-1024x576.jpg 1024w, https:\/\/gartner52.de\/page\/wp-content\/uploads\/2026\/01\/2025-Ettenheim46-300x169.jpg 300w, https:\/\/gartner52.de\/page\/wp-content\/uploads\/2026\/01\/2025-Ettenheim46-768x432.jpg 768w, https:\/\/gartner52.de\/page\/wp-content\/uploads\/2026\/01\/2025-Ettenheim46-1536x864.jpg 1536w, https:\/\/gartner52.de\/page\/wp-content\/uploads\/2026\/01\/2025-Ettenheim46-2048x1152.jpg 2048w\" sizes=\"auto, (max-width: 979px) 100vw, 979px\"><br>\n<img loading=\"lazy\" decoding=\"async\" class=\"size-full wp-image-8188 aligncenter\" src=\"https:\/\/gartner52.de\/page\/wp-content\/uploads\/2026\/01\/2025-Ettenheim31.jpg\" alt width=\"978\" height=\"550\" srcset=\"https:\/\/gartner52.de\/page\/wp-content\/uploads\/2026\/01\/2025-Ettenheim31.jpg 978w, https:\/\/gartner52.de\/page\/wp-content\/uploads\/2026\/01\/2025-Ettenheim31-300x169.jpg 300w, https:\/\/gartner52.de\/page\/wp-content\/uploads\/2026\/01\/2025-Ettenheim31-768x432.jpg 768w\" sizes=\"auto, (max-width: 978px) 100vw, 978px\"><br>\n<img loading=\"lazy\" decoding=\"async\" class=\"wp-image-8198 aligncenter\" src=\"https:\/\/gartner52.de\/page\/wp-content\/uploads\/2026\/01\/PANO_Ettenheim02-1024x429.jpg\" alt width=\"981\" height=\"411\" srcset=\"https:\/\/gartner52.de\/page\/wp-content\/uploads\/2026\/01\/PANO_Ettenheim02-1024x429.jpg 1024w, https:\/\/gartner52.de\/page\/wp-content\/uploads\/2026\/01\/PANO_Ettenheim02-300x126.jpg 300w, https:\/\/gartner52.de\/page\/wp-content\/uploads\/2026\/01\/PANO_Ettenheim02-768x322.jpg 768w, https:\/\/gartner52.de\/page\/wp-content\/uploads\/2026\/01\/PANO_Ettenheim02-1536x643.jpg 1536w, https:\/\/gartner52.de\/page\/wp-content\/uploads\/2026\/01\/PANO_Ettenheim02-2048x858.jpg 2048w\" sizes=\"auto, (max-width: 981px) 100vw, 981px\"><br>\n<img loading=\"lazy\" decoding=\"async\" class=\"size-full wp-image-8186 aligncenter\" src=\"https:\/\/gartner52.de\/page\/wp-content\/uploads\/2026\/01\/2025-Ettenheim26.jpg\" alt width=\"978\" height=\"550\" srcset=\"https:\/\/gartner52.de\/page\/wp-content\/uploads\/2026\/01\/2025-Ettenheim26.jpg 978w, https:\/\/gartner52.de\/page\/wp-content\/uploads\/2026\/01\/2025-Ettenheim26-300x169.jpg 300w, https:\/\/gartner52.de\/page\/wp-content\/uploads\/2026\/01\/2025-Ettenheim26-768x432.jpg 768w\" sizes=\"auto, (max-width: 978px) 100vw, 978px\">Auf dem Campingplatz wurden viele neue Stellpl\u00e4tze angelegt.<br>\n<img loading=\"lazy\" decoding=\"async\" class=\"size-full wp-image-8187 aligncenter\" src=\"https:\/\/gartner52.de\/page\/wp-content\/uploads\/2026\/01\/2025-Ettenheim28.jpg\" alt width=\"978\" height=\"550\" srcset=\"https:\/\/gartner52.de\/page\/wp-content\/uploads\/2026\/01\/2025-Ettenheim28.jpg 978w, https:\/\/gartner52.de\/page\/wp-content\/uploads\/2026\/01\/2025-Ettenheim28-300x169.jpg 300w, https:\/\/gartner52.de\/page\/wp-content\/uploads\/2026\/01\/2025-Ettenheim28-768x432.jpg 768w\" sizes=\"auto, (max-width: 978px) 100vw, 978px\"> Nachtaufnahmen die unser Sohn mit dem Handy gemacht hat<br>\n<img loading=\"lazy\" decoding=\"async\" class=\"size-large wp-image-8193 aligncenter\" src=\"https:\/\/gartner52.de\/page\/wp-content\/uploads\/2026\/01\/2025-Ettenheim44-1024x576.jpg\" alt width=\"1024\" height=\"576\" srcset=\"https:\/\/gartner52.de\/page\/wp-content\/uploads\/2026\/01\/2025-Ettenheim44-1024x576.jpg 1024w, https:\/\/gartner52.de\/page\/wp-content\/uploads\/2026\/01\/2025-Ettenheim44-300x169.jpg 300w, https:\/\/gartner52.de\/page\/wp-content\/uploads\/2026\/01\/2025-Ettenheim44-768x432.jpg 768w, https:\/\/gartner52.de\/page\/wp-content\/uploads\/2026\/01\/2025-Ettenheim44-1536x864.jpg 1536w, https:\/\/gartner52.de\/page\/wp-content\/uploads\/2026\/01\/2025-Ettenheim44-2048x1152.jpg 2048w\" sizes=\"auto, (max-width: 1024px) 100vw, 1024px\"><br>\n<img loading=\"lazy\" decoding=\"async\" class=\"size-large wp-image-8192 aligncenter\" src=\"https:\/\/gartner52.de\/page\/wp-content\/uploads\/2026\/01\/2025-Ettenheim43-1024x576.jpg\" alt width=\"1024\" height=\"576\" srcset=\"https:\/\/gartner52.de\/page\/wp-content\/uploads\/2026\/01\/2025-Ettenheim43-1024x576.jpg 1024w, https:\/\/gartner52.de\/page\/wp-content\/uploads\/2026\/01\/2025-Ettenheim43-300x169.jpg 300w, https:\/\/gartner52.de\/page\/wp-content\/uploads\/2026\/01\/2025-Ettenheim43-768x432.jpg 768w, https:\/\/gartner52.de\/page\/wp-content\/uploads\/2026\/01\/2025-Ettenheim43-1536x864.jpg 1536w, https:\/\/gartner52.de\/page\/wp-content\/uploads\/2026\/01\/2025-Ettenheim43-2048x1152.jpg 2048w\" sizes=\"auto, (max-width: 1024px) 100vw, 1024px\"><br>\n<img loading=\"lazy\" decoding=\"async\" class=\"size-large wp-image-8190 aligncenter\" src=\"https:\/\/gartner52.de\/page\/wp-content\/uploads\/2026\/01\/2025-Ettenheim40-1024x576.jpg\" alt width=\"1024\" height=\"576\" srcset=\"https:\/\/gartner52.de\/page\/wp-content\/uploads\/2026\/01\/2025-Ettenheim40-1024x576.jpg 1024w, https:\/\/gartner52.de\/page\/wp-content\/uploads\/2026\/01\/2025-Ettenheim40-300x169.jpg 300w, https:\/\/gartner52.de\/page\/wp-content\/uploads\/2026\/01\/2025-Ettenheim40-768x432.jpg 768w, https:\/\/gartner52.de\/page\/wp-content\/uploads\/2026\/01\/2025-Ettenheim40-1536x864.jpg 1536w, https:\/\/gartner52.de\/page\/wp-content\/uploads\/2026\/01\/2025-Ettenheim40-2048x1152.jpg 2048w\" sizes=\"auto, (max-width: 1024px) 100vw, 1024px\">Ein letztes mal Abendessen bevor es wieder nach Hause geht.<br>\nDamit haben wir uns auf den n\u00e4chsten Urlaub in Kroatien eingestimmt<br>\n<img loading=\"lazy\" decoding=\"async\" class=\"alignnone size-large wp-image-8196\" src=\"https:\/\/gartner52.de\/page\/wp-content\/uploads\/2026\/01\/2025-Ettenheim48-1024x576.jpg\" alt width=\"1024\" height=\"576\" srcset=\"https:\/\/gartner52.de\/page\/wp-content\/uploads\/2026\/01\/2025-Ettenheim48-1024x576.jpg 1024w, https:\/\/gartner52.de\/page\/wp-content\/uploads\/2026\/01\/2025-Ettenheim48-300x169.jpg 300w, https:\/\/gartner52.de\/page\/wp-content\/uploads\/2026\/01\/2025-Ettenheim48-768x432.jpg 768w, https:\/\/gartner52.de\/page\/wp-content\/uploads\/2026\/01\/2025-Ettenheim48-1536x864.jpg 1536w, https:\/\/gartner52.de\/page\/wp-content\/uploads\/2026\/01\/2025-Ettenheim48-2048x1152.jpg 2048w\" sizes=\"auto, (max-width: 1024px) 100vw, 1024px\"><\/p>\n<p style=\"text-align: center;\">Der Osterausflug nach Ettenheim war auch dieses Jahr wieder voll gelungen. Es hat allen Mitwirkenden sehr gut gefallen.<br>\nSo kann es weiter gehen<\/p>\n","protected":false},"excerpt":{"rendered":"<p>Erster Ausflug 2025 an Ostern Unser erster Campingausflug im Jahr 2025 sollte noch einmal zum Campingpark Oase nach Ettenheim gehen. Hier wieder ein kleiner Bildbericht \u00fcber unsere Osterfahrt Wir hatten wieder die gro\u00dfen Stellpl\u00e4tze Das Wetter war sch\u00f6n, nur etwas \u2026 <a href=\"https:\/\/gartner52.de\/page\/ostern-in-ettenheim\/\">Weiter<\/a><\/p>\n","protected":false},"author":4,"featured_media":0,"parent":0,"menu_order":0,"comment_status":"closed","ping_status":"closed","template":"","meta":{"wp_typography_post_enhancements_disabled":false,"kt_blocks_editor_width":"","footnotes":""},"class_list":["post-8074","page","type-page","status-publish","hentry"],"_links":{"self":[{"href":"https:\/\/gartner52.de\/page\/wp-json\/wp\/v2\/pages\/8074","targetHints":{"allow":["GET"]}}],"collection":[{"href":"https:\/\/gartner52.de\/page\/wp-json\/wp\/v2\/pages"}],"about":[{"href":"https:\/\/gartner52.de\/page\/wp-json\/wp\/v2\/types\/page"}],"author":[{"embeddable":true,"href":"https:\/\/gartner52.de\/page\/wp-json\/wp\/v2\/users\/4"}],"replies":[{"embeddable":true,"href":"https:\/\/gartner52.de\/page\/wp-json\/wp\/v2\/comments?post=8074"}],"version-history":[{"count":9,"href":"https:\/\/gartner52.de\/page\/wp-json\/wp\/v2\/pages\/8074\/revisions"}],"predecessor-version":[{"id":8201,"href":"https:\/\/gartner52.de\/page\/wp-json\/wp\/v2\/pages\/8074\/revisions\/8201"}],"wp:attachment":[{"href":"https:\/\/gartner52.de\/page\/wp-json\/wp\/v2\/media?parent=8074"}],"curies":[{"name":"wp","href":"https:\/\/api.w.org\/{rel}","templated":true}]}}