{"id":799,"date":"2016-02-14T16:21:00","date_gmt":"2016-02-14T15:21:00","guid":{"rendered":"http:\/\/gartner52.de\/page\/?page_id=799"},"modified":"2016-02-17T19:57:58","modified_gmt":"2016-02-17T18:57:58","slug":"august2009-1","status":"publish","type":"page","link":"https:\/\/gartner52.de\/page\/august2009-1\/","title":{"rendered":"August2009\u20111"},"content":{"rendered":"<h2 style=\"text-align: center;\"><span style=\"color: #3366ff;\"><strong>Urlaub in Kroatien 2009 auf dem Campingplatz Strasko, <\/strong><\/span><\/h2>\n<h2 style=\"text-align: center;\"><span style=\"color: #3366ff;\"><strong>auf der Insel Pag <\/strong><\/span><\/h2>\n<h2 style=\"text-align: center;\"><span style=\"color: #3366ff;\"><strong>und auf dem Maltacamp in \u00d6sterreich <\/strong><\/span><\/h2>\n<p style=\"text-align: center;\"><span style=\"color: #008080;\">vom 24.08. bis 11.09.2009<\/span><\/p>\n<p>Den zweiten Urlaub in diesem Jahr wollten wir nat\u00fcrlich wieder in Kroatien verbringen. Mit uns fuhr unser Sohn mit Familie und Bekannte unseres Sohnes mit ihren Kindern, beide mit Wohnwagen<\/p>\n<p style=\"text-align: left;\"><img loading=\"lazy\" decoding=\"async\" class=\"alignnone size-full wp-image-1269\" src=\"https:\/\/gartner52.de\/page\/wp-content\/uploads\/2016\/02\/2009HRAug01.jpg\" alt=\"2009HRAug01\" width=\"800\" height=\"533\" srcset=\"https:\/\/gartner52.de\/page\/wp-content\/uploads\/2016\/02\/2009HRAug01.jpg 800w, https:\/\/gartner52.de\/page\/wp-content\/uploads\/2016\/02\/2009HRAug01-300x200.jpg 300w, https:\/\/gartner52.de\/page\/wp-content\/uploads\/2016\/02\/2009HRAug01-768x512.jpg 768w\" sizes=\"auto, (max-width: 800px) 100vw, 800px\"><br>\nLos ging es an einem Sonntagmorgen, wir wollten dieses mal eine andere Strecke ausprobieren. Von Karlsruhe \u00fcber Heilbronn-N\u00fcrnberg-Regensburg-Passau nach \u00d6sterreich und dort die Pyhrn Autobahn (<span class=\"caps\">A9<\/span>) Richtung Graz-Maribor-Zagreb-Zadar-Novalja<br>\n<img loading=\"lazy\" decoding=\"async\" class=\"alignnone size-full wp-image-1270\" src=\"https:\/\/gartner52.de\/page\/wp-content\/uploads\/2016\/02\/2009HRAug02.jpg\" alt=\"2009HRAug02\" width=\"800\" height=\"533\" srcset=\"https:\/\/gartner52.de\/page\/wp-content\/uploads\/2016\/02\/2009HRAug02.jpg 800w, https:\/\/gartner52.de\/page\/wp-content\/uploads\/2016\/02\/2009HRAug02-300x200.jpg 300w, https:\/\/gartner52.de\/page\/wp-content\/uploads\/2016\/02\/2009HRAug02-768x512.jpg 768w\" sizes=\"auto, (max-width: 800px) 100vw, 800px\"><\/p>\n<p style=\"text-align: left;\">Diese Strecke war etwas l\u00e4nger, aber man kann hier den ganzen Weg ohne Stau&nbsp; hinter sich bringen. Es gibt auch keine gro\u00dfen Steigungen wie auf der Tauernautobahn, was nat\u00fcrlich f\u00fcr die WW-Gespanne von Vorteil war<br>\n<img loading=\"lazy\" decoding=\"async\" class=\"alignnone size-full wp-image-1271\" src=\"https:\/\/gartner52.de\/page\/wp-content\/uploads\/2016\/02\/2009HRAug03.jpg\" alt=\"2009HRAug03\" width=\"800\" height=\"533\" srcset=\"https:\/\/gartner52.de\/page\/wp-content\/uploads\/2016\/02\/2009HRAug03.jpg 800w, https:\/\/gartner52.de\/page\/wp-content\/uploads\/2016\/02\/2009HRAug03-300x200.jpg 300w, https:\/\/gartner52.de\/page\/wp-content\/uploads\/2016\/02\/2009HRAug03-768x512.jpg 768w\" sizes=\"auto, (max-width: 800px) 100vw, 800px\"><br>\n<img loading=\"lazy\" decoding=\"async\" class=\"alignnone size-full wp-image-1272\" src=\"https:\/\/gartner52.de\/page\/wp-content\/uploads\/2016\/02\/2009HRAug04.jpg\" alt=\"2009HRAug04\" width=\"800\" height=\"533\" srcset=\"https:\/\/gartner52.de\/page\/wp-content\/uploads\/2016\/02\/2009HRAug04.jpg 800w, https:\/\/gartner52.de\/page\/wp-content\/uploads\/2016\/02\/2009HRAug04-300x200.jpg 300w, https:\/\/gartner52.de\/page\/wp-content\/uploads\/2016\/02\/2009HRAug04-768x512.jpg 768w\" sizes=\"auto, (max-width: 800px) 100vw, 800px\"><\/p>\n<p>Wir kamen ohne Stress und andere Probleme bis nach Kroatien und haben kurz vor Zagreb auf einem Rasthof an der Autobahn \u00fcbernachtet. Nach einem kurzen Fr\u00fchst\u00fcck ging es schnell weiter.<br>\n<img loading=\"lazy\" decoding=\"async\" class=\"alignnone size-full wp-image-1275\" src=\"https:\/\/gartner52.de\/page\/wp-content\/uploads\/2016\/02\/2009HRAug06a.jpg\" alt=\"2009HRAug06a\" width=\"800\" height=\"533\" srcset=\"https:\/\/gartner52.de\/page\/wp-content\/uploads\/2016\/02\/2009HRAug06a.jpg 800w, https:\/\/gartner52.de\/page\/wp-content\/uploads\/2016\/02\/2009HRAug06a-300x200.jpg 300w, https:\/\/gartner52.de\/page\/wp-content\/uploads\/2016\/02\/2009HRAug06a-768x512.jpg 768w\" sizes=\"auto, (max-width: 800px) 100vw, 800px\"><br>\n<img loading=\"lazy\" decoding=\"async\" class=\"alignnone size-full wp-image-1274\" src=\"https:\/\/gartner52.de\/page\/wp-content\/uploads\/2016\/02\/2009HRAug06.jpg\" alt=\"2009HRAug06\" width=\"800\" height=\"533\" srcset=\"https:\/\/gartner52.de\/page\/wp-content\/uploads\/2016\/02\/2009HRAug06.jpg 800w, https:\/\/gartner52.de\/page\/wp-content\/uploads\/2016\/02\/2009HRAug06-300x200.jpg 300w, https:\/\/gartner52.de\/page\/wp-content\/uploads\/2016\/02\/2009HRAug06-768x512.jpg 768w\" sizes=\"auto, (max-width: 800px) 100vw, 800px\"><br>\nSo haben wir die restlichen Kilometer noch hinter uns gebracht und sind gegen Mittag auf dem CP-Strasko angekommen.<br>\n<img loading=\"lazy\" decoding=\"async\" class=\"alignnone size-full wp-image-1273\" src=\"https:\/\/gartner52.de\/page\/wp-content\/uploads\/2016\/02\/2009HRAug05.jpg\" alt=\"2009HRAug05\" width=\"800\" height=\"533\" srcset=\"https:\/\/gartner52.de\/page\/wp-content\/uploads\/2016\/02\/2009HRAug05.jpg 800w, https:\/\/gartner52.de\/page\/wp-content\/uploads\/2016\/02\/2009HRAug05-300x200.jpg 300w, https:\/\/gartner52.de\/page\/wp-content\/uploads\/2016\/02\/2009HRAug05-768x512.jpg 768w\" sizes=\"auto, (max-width: 800px) 100vw, 800px\"><br>\nZahlstelle an der Autobahnausfahrt zur Insel Pag bei Posedarje<br>\n<img loading=\"lazy\" decoding=\"async\" class=\"alignnone size-full wp-image-1267\" src=\"https:\/\/gartner52.de\/page\/wp-content\/uploads\/2016\/02\/IMG_0864.jpg\" alt=\"2009HRAug08\" width=\"800\" height=\"533\" srcset=\"https:\/\/gartner52.de\/page\/wp-content\/uploads\/2016\/02\/IMG_0864.jpg 800w, https:\/\/gartner52.de\/page\/wp-content\/uploads\/2016\/02\/IMG_0864-300x200.jpg 300w, https:\/\/gartner52.de\/page\/wp-content\/uploads\/2016\/02\/IMG_0864-768x512.jpg 768w\" sizes=\"auto, (max-width: 800px) 100vw, 800px\"><br>\nDa wir Pl\u00e4tze reserviert hatten war das einchecken gleich erledigt. Wir waren ja im Juni schon einmal hier und wussten wo es was gibt. Schnell die Pl\u00e4tze belegt und aufgebaut denn die Kids wollten gleich schwimmen gehen.<br>\n<img loading=\"lazy\" decoding=\"async\" class=\"alignnone size-full wp-image-1277\" src=\"https:\/\/gartner52.de\/page\/wp-content\/uploads\/2016\/02\/2009HRAug07a.jpg\" alt=\"2009HRAug07a\" width=\"800\" height=\"533\" srcset=\"https:\/\/gartner52.de\/page\/wp-content\/uploads\/2016\/02\/2009HRAug07a.jpg 800w, https:\/\/gartner52.de\/page\/wp-content\/uploads\/2016\/02\/2009HRAug07a-300x200.jpg 300w, https:\/\/gartner52.de\/page\/wp-content\/uploads\/2016\/02\/2009HRAug07a-768x512.jpg 768w\" sizes=\"auto, (max-width: 800px) 100vw, 800px\"><br>\nWir machten erst einmal Kaffee Pause.<br>\n<img loading=\"lazy\" decoding=\"async\" class=\"alignnone size-full wp-image-1276\" src=\"https:\/\/gartner52.de\/page\/wp-content\/uploads\/2016\/02\/2009HRAug07.jpg\" alt=\"2009HRAug07\" width=\"800\" height=\"533\" srcset=\"https:\/\/gartner52.de\/page\/wp-content\/uploads\/2016\/02\/2009HRAug07.jpg 800w, https:\/\/gartner52.de\/page\/wp-content\/uploads\/2016\/02\/2009HRAug07-300x200.jpg 300w, https:\/\/gartner52.de\/page\/wp-content\/uploads\/2016\/02\/2009HRAug07-768x512.jpg 768w\" sizes=\"auto, (max-width: 800px) 100vw, 800px\"><br>\n<img loading=\"lazy\" decoding=\"async\" class=\"alignnone size-full wp-image-1278\" src=\"https:\/\/gartner52.de\/page\/wp-content\/uploads\/2016\/02\/2009HRAug09.jpg\" alt=\"2009HRAug09\" width=\"800\" height=\"533\" srcset=\"https:\/\/gartner52.de\/page\/wp-content\/uploads\/2016\/02\/2009HRAug09.jpg 800w, https:\/\/gartner52.de\/page\/wp-content\/uploads\/2016\/02\/2009HRAug09-300x200.jpg 300w, https:\/\/gartner52.de\/page\/wp-content\/uploads\/2016\/02\/2009HRAug09-768x512.jpg 768w\" sizes=\"auto, (max-width: 800px) 100vw, 800px\"><br>\nDie Stellpl\u00e4tze waren sehr gro\u00df so dass wir uns sch\u00f6n ausbreiten konnten. 2 Stellpl\u00e4tze teilen sich einen Wasser- und Abwasseranschluss, Strom und TV-Antennen Anschluss war auch f\u00fcr jeden Platz vorhanden.<br>\n<img loading=\"lazy\" decoding=\"async\" class=\"alignnone size-full wp-image-1279\" src=\"https:\/\/gartner52.de\/page\/wp-content\/uploads\/2016\/02\/2009HRAug10.jpg\" alt=\"2009HRAug10\" width=\"800\" height=\"533\" srcset=\"https:\/\/gartner52.de\/page\/wp-content\/uploads\/2016\/02\/2009HRAug10.jpg 800w, https:\/\/gartner52.de\/page\/wp-content\/uploads\/2016\/02\/2009HRAug10-300x200.jpg 300w, https:\/\/gartner52.de\/page\/wp-content\/uploads\/2016\/02\/2009HRAug10-768x512.jpg 768w\" sizes=\"auto, (max-width: 800px) 100vw, 800px\"><br>\nDer Strand besteht aus groben Kieselsteinen, wenn man ins Wasser geht kommt nach ca. 6 Metern nur noch feiner Sandboden. Als wir ankamen war die Wassertemperatur um die 25 Grad.<br>\n<img loading=\"lazy\" decoding=\"async\" class=\"alignnone size-full wp-image-1280\" src=\"https:\/\/gartner52.de\/page\/wp-content\/uploads\/2016\/02\/2009HRAug11.jpg\" alt=\"2009HRAug11\" width=\"800\" height=\"533\" srcset=\"https:\/\/gartner52.de\/page\/wp-content\/uploads\/2016\/02\/2009HRAug11.jpg 800w, https:\/\/gartner52.de\/page\/wp-content\/uploads\/2016\/02\/2009HRAug11-300x200.jpg 300w, https:\/\/gartner52.de\/page\/wp-content\/uploads\/2016\/02\/2009HRAug11-768x512.jpg 768w\" sizes=\"auto, (max-width: 800px) 100vw, 800px\"><br>\n<img loading=\"lazy\" decoding=\"async\" class=\"alignnone size-full wp-image-1281\" src=\"https:\/\/gartner52.de\/page\/wp-content\/uploads\/2016\/02\/2009HRAug12.jpg\" alt=\"2009HRAug12\" width=\"800\" height=\"533\" srcset=\"https:\/\/gartner52.de\/page\/wp-content\/uploads\/2016\/02\/2009HRAug12.jpg 800w, https:\/\/gartner52.de\/page\/wp-content\/uploads\/2016\/02\/2009HRAug12-300x200.jpg 300w, https:\/\/gartner52.de\/page\/wp-content\/uploads\/2016\/02\/2009HRAug12-768x512.jpg 768w\" sizes=\"auto, (max-width: 800px) 100vw, 800px\"><br>\n<img loading=\"lazy\" decoding=\"async\" class=\"alignnone size-full wp-image-1282\" src=\"https:\/\/gartner52.de\/page\/wp-content\/uploads\/2016\/02\/2009HRAug13.jpg\" alt=\"2009HRAug13\" width=\"800\" height=\"533\" srcset=\"https:\/\/gartner52.de\/page\/wp-content\/uploads\/2016\/02\/2009HRAug13.jpg 800w, https:\/\/gartner52.de\/page\/wp-content\/uploads\/2016\/02\/2009HRAug13-300x200.jpg 300w, https:\/\/gartner52.de\/page\/wp-content\/uploads\/2016\/02\/2009HRAug13-768x512.jpg 768w\" sizes=\"auto, (max-width: 800px) 100vw, 800px\"><br>\nVon diesen Tierchen gab es viele, \u00fcberall am Boden sah man Eidechsen in allen Gr\u00f6\u00dfen herum flitzen<br>\n<img loading=\"lazy\" decoding=\"async\" class=\"alignnone size-full wp-image-1283\" src=\"https:\/\/gartner52.de\/page\/wp-content\/uploads\/2016\/02\/2009HRAug14.jpg\" alt=\"2009HRAug14\" width=\"800\" height=\"533\" srcset=\"https:\/\/gartner52.de\/page\/wp-content\/uploads\/2016\/02\/2009HRAug14.jpg 800w, https:\/\/gartner52.de\/page\/wp-content\/uploads\/2016\/02\/2009HRAug14-300x200.jpg 300w, https:\/\/gartner52.de\/page\/wp-content\/uploads\/2016\/02\/2009HRAug14-768x512.jpg 768w\" sizes=\"auto, (max-width: 800px) 100vw, 800px\"><\/p>\n<p style=\"text-align: left;\"><strong>Ausflug zum Nationalpark Krka.<\/strong><br>\nWir fuhren auf der Hauptstra\u00dfe von Novalja nach Pag, dann wieder \u00fcber die Br\u00fccke Richtung Autobahn und von dort aus in Richtung Sibenik \u2013 Split.<br>\n<img loading=\"lazy\" decoding=\"async\" class=\"alignnone size-full wp-image-1284\" src=\"https:\/\/gartner52.de\/page\/wp-content\/uploads\/2016\/02\/2009HRAug15.jpg\" alt=\"2009HRAug15\" width=\"800\" height=\"533\" srcset=\"https:\/\/gartner52.de\/page\/wp-content\/uploads\/2016\/02\/2009HRAug15.jpg 800w, https:\/\/gartner52.de\/page\/wp-content\/uploads\/2016\/02\/2009HRAug15-300x200.jpg 300w, https:\/\/gartner52.de\/page\/wp-content\/uploads\/2016\/02\/2009HRAug15-768x512.jpg 768w\" sizes=\"auto, (max-width: 800px) 100vw, 800px\"><br>\n<img loading=\"lazy\" decoding=\"async\" class=\"alignnone size-full wp-image-1285\" src=\"https:\/\/gartner52.de\/page\/wp-content\/uploads\/2016\/02\/2009HRAug16.jpg\" alt=\"2009HRAug16\" width=\"800\" height=\"533\" srcset=\"https:\/\/gartner52.de\/page\/wp-content\/uploads\/2016\/02\/2009HRAug16.jpg 800w, https:\/\/gartner52.de\/page\/wp-content\/uploads\/2016\/02\/2009HRAug16-300x200.jpg 300w, https:\/\/gartner52.de\/page\/wp-content\/uploads\/2016\/02\/2009HRAug16-768x512.jpg 768w\" sizes=\"auto, (max-width: 800px) 100vw, 800px\"><\/p>\n<p>An der Ausfahrt Skardin stand angeschrieben dass es zum Nationalpark Krka geht. Wir fuhren da von der Autobahn herunter und kamen an den unteren Teil des National Parks. Dort fahren die Ausflugsschiffe ab. Eigentlich wollten wir aber zum oberen Teil des Krka <span class=\"caps\">NP<\/span>. So fuhren wir auf der Landstra\u00dfe weiter bis zum gro\u00dfen Parkplatz am oberen Eingang. Dort fuhren auch die Busse zu den Rundwanderwegen ab. Auf dem oberen Parkplatz standen viele Wohnmobile, hier kann man scheinbar auch \u00fcber Nacht stehen bleiben.<\/p>\n<p style=\"text-align: left;\">Der Eintrittspreis betrug f\u00fcr Erwachsene 95 Kuna, schon etwas heftig aber es hat sich gelohnt.<br>\nWas wir hier zu sehen bekamen war den Eintrittspreis auf jeden Fall wert.<br>\n<img loading=\"lazy\" decoding=\"async\" class=\"alignnone size-full wp-image-1287\" src=\"https:\/\/gartner52.de\/page\/wp-content\/uploads\/2016\/02\/2009HRAug17.jpg\" alt=\"2009HRAug17\" width=\"800\" height=\"533\" srcset=\"https:\/\/gartner52.de\/page\/wp-content\/uploads\/2016\/02\/2009HRAug17.jpg 800w, https:\/\/gartner52.de\/page\/wp-content\/uploads\/2016\/02\/2009HRAug17-300x200.jpg 300w, https:\/\/gartner52.de\/page\/wp-content\/uploads\/2016\/02\/2009HRAug17-768x512.jpg 768w\" sizes=\"auto, (max-width: 800px) 100vw, 800px\"><br>\n<img loading=\"lazy\" decoding=\"async\" class=\"alignnone size-full wp-image-1288\" src=\"https:\/\/gartner52.de\/page\/wp-content\/uploads\/2016\/02\/2009HRAug18.jpg\" alt=\"2009HRAug18\" width=\"800\" height=\"533\" srcset=\"https:\/\/gartner52.de\/page\/wp-content\/uploads\/2016\/02\/2009HRAug18.jpg 800w, https:\/\/gartner52.de\/page\/wp-content\/uploads\/2016\/02\/2009HRAug18-300x200.jpg 300w, https:\/\/gartner52.de\/page\/wp-content\/uploads\/2016\/02\/2009HRAug18-768x512.jpg 768w\" sizes=\"auto, (max-width: 800px) 100vw, 800px\"><\/p>\n<p>Wir wanderten den ausgeschilderten Rundweg entlang<br>\nEs gab sehr viel zu sehen, \u00fcberall war ein Bach oder Flusslauf der in einen kleinen See m\u00fcndete.<br>\nDie Farbe des Wassers war toll, man h\u00e4tte sofort zum Baden rein springen k\u00f6nnen<br>\n<img loading=\"lazy\" decoding=\"async\" class=\"alignnone size-full wp-image-1289\" src=\"https:\/\/gartner52.de\/page\/wp-content\/uploads\/2016\/02\/2009HRAug19.jpg\" alt=\"2009HRAug19\" width=\"800\" height=\"533\" srcset=\"https:\/\/gartner52.de\/page\/wp-content\/uploads\/2016\/02\/2009HRAug19.jpg 800w, https:\/\/gartner52.de\/page\/wp-content\/uploads\/2016\/02\/2009HRAug19-300x200.jpg 300w, https:\/\/gartner52.de\/page\/wp-content\/uploads\/2016\/02\/2009HRAug19-768x512.jpg 768w\" sizes=\"auto, (max-width: 800px) 100vw, 800px\"><br>\n<img loading=\"lazy\" decoding=\"async\" class=\"alignnone size-full wp-image-1290\" src=\"https:\/\/gartner52.de\/page\/wp-content\/uploads\/2016\/02\/2009HRAug20.jpg\" alt=\"2009HRAug20\" width=\"800\" height=\"533\" srcset=\"https:\/\/gartner52.de\/page\/wp-content\/uploads\/2016\/02\/2009HRAug20.jpg 800w, https:\/\/gartner52.de\/page\/wp-content\/uploads\/2016\/02\/2009HRAug20-300x200.jpg 300w, https:\/\/gartner52.de\/page\/wp-content\/uploads\/2016\/02\/2009HRAug20-768x512.jpg 768w\" sizes=\"auto, (max-width: 800px) 100vw, 800px\"><br>\n<img loading=\"lazy\" decoding=\"async\" class=\"alignnone size-full wp-image-1291\" src=\"https:\/\/gartner52.de\/page\/wp-content\/uploads\/2016\/02\/2009HRAug21.jpg\" alt=\"2009HRAug21\" width=\"800\" height=\"533\" srcset=\"https:\/\/gartner52.de\/page\/wp-content\/uploads\/2016\/02\/2009HRAug21.jpg 800w, https:\/\/gartner52.de\/page\/wp-content\/uploads\/2016\/02\/2009HRAug21-300x200.jpg 300w, https:\/\/gartner52.de\/page\/wp-content\/uploads\/2016\/02\/2009HRAug21-768x512.jpg 768w\" sizes=\"auto, (max-width: 800px) 100vw, 800px\"><br>\n<img loading=\"lazy\" decoding=\"async\" class=\"alignnone size-full wp-image-1327\" src=\"https:\/\/gartner52.de\/page\/wp-content\/uploads\/2016\/02\/2009HRAug59.jpg\" alt=\"2009HRAug59\" width=\"800\" height=\"533\" srcset=\"https:\/\/gartner52.de\/page\/wp-content\/uploads\/2016\/02\/2009HRAug59.jpg 800w, https:\/\/gartner52.de\/page\/wp-content\/uploads\/2016\/02\/2009HRAug59-300x200.jpg 300w, https:\/\/gartner52.de\/page\/wp-content\/uploads\/2016\/02\/2009HRAug59-768x512.jpg 768w\" sizes=\"auto, (max-width: 800px) 100vw, 800px\"><br>\nDas haben wir unterhalb der Wasserf\u00e4lle auch getan. Warm war das Wasser ja gerade nicht, aber erfrischend war es nach der Rundwanderung.<br>\nHier gab es auch ein gro\u00dfes Restaurant mit vielen Pl\u00e4tzen unter den B\u00e4umen.<br>\n<img loading=\"lazy\" decoding=\"async\" class=\"alignnone size-full wp-image-1292\" src=\"https:\/\/gartner52.de\/page\/wp-content\/uploads\/2016\/02\/2009HRAug22.jpg\" alt=\"2009HRAug22\" width=\"800\" height=\"533\" srcset=\"https:\/\/gartner52.de\/page\/wp-content\/uploads\/2016\/02\/2009HRAug22.jpg 800w, https:\/\/gartner52.de\/page\/wp-content\/uploads\/2016\/02\/2009HRAug22-300x200.jpg 300w, https:\/\/gartner52.de\/page\/wp-content\/uploads\/2016\/02\/2009HRAug22-768x512.jpg 768w\" sizes=\"auto, (max-width: 800px) 100vw, 800px\"><br>\nAm sp\u00e4ten Nachmittag sind wir wieder Richtung Insel Pag aufgebrochen.<br>\nF\u00fcr den R\u00fcckweg \u00fcber die Autobahn brauchten wir so 2 Stunden.<\/p>\n<hr>\n<p><strong>&nbsp;Zadar<br>\n<\/strong>Einen Ausflug machten wir auch nach Zadar. \u00dcber eine Br\u00fccke kommt man in die Altstadt von Zadar, die kleinen Stra\u00dfen sind fast Autofrei und man kann hier sch\u00f6n spazieren gehen. Es hat auch viele Gesch\u00e4fte und Verkaufsst\u00e4nde an denen man allerhand Souvenirs kaufen kann. Es gibt auch einig Stra\u00dfen- cafes in der Altstadt, hier l\u00e4sst es sich gut sitzen und man kann das bunte Treiben beobachten. Das Stra\u00dfenpflaster sieht aus als w\u00e4re es poliert.<br>\n<img loading=\"lazy\" decoding=\"async\" class=\"alignnone size-full wp-image-1294\" src=\"https:\/\/gartner52.de\/page\/wp-content\/uploads\/2016\/02\/2009HRAug24.jpg\" alt=\"2009HRAug24\" width=\"800\" height=\"533\" srcset=\"https:\/\/gartner52.de\/page\/wp-content\/uploads\/2016\/02\/2009HRAug24.jpg 800w, https:\/\/gartner52.de\/page\/wp-content\/uploads\/2016\/02\/2009HRAug24-300x200.jpg 300w, https:\/\/gartner52.de\/page\/wp-content\/uploads\/2016\/02\/2009HRAug24-768x512.jpg 768w\" sizes=\"auto, (max-width: 800px) 100vw, 800px\"><\/p>\n<p>An einigen gro\u00dfen Kirchen ging es vorbei in Richtung Hafen.<br>\n<img loading=\"lazy\" decoding=\"async\" class=\"alignnone size-full wp-image-1333\" src=\"https:\/\/gartner52.de\/page\/wp-content\/uploads\/2016\/02\/2009HRAug65.jpg\" alt=\"2009HRAug65\" width=\"800\" height=\"533\" srcset=\"https:\/\/gartner52.de\/page\/wp-content\/uploads\/2016\/02\/2009HRAug65.jpg 800w, https:\/\/gartner52.de\/page\/wp-content\/uploads\/2016\/02\/2009HRAug65-300x200.jpg 300w, https:\/\/gartner52.de\/page\/wp-content\/uploads\/2016\/02\/2009HRAug65-768x512.jpg 768w\" sizes=\"auto, (max-width: 800px) 100vw, 800px\"><br>\n<img loading=\"lazy\" decoding=\"async\" class=\"alignnone size-full wp-image-1332\" src=\"https:\/\/gartner52.de\/page\/wp-content\/uploads\/2016\/02\/2009HRAug64.jpg\" alt=\"2009HRAug64\" width=\"800\" height=\"533\" srcset=\"https:\/\/gartner52.de\/page\/wp-content\/uploads\/2016\/02\/2009HRAug64.jpg 800w, https:\/\/gartner52.de\/page\/wp-content\/uploads\/2016\/02\/2009HRAug64-300x200.jpg 300w, https:\/\/gartner52.de\/page\/wp-content\/uploads\/2016\/02\/2009HRAug64-768x512.jpg 768w\" sizes=\"auto, (max-width: 800px) 100vw, 800px\"><br>\n<img loading=\"lazy\" decoding=\"async\" class=\"alignnone size-full wp-image-1295\" src=\"https:\/\/gartner52.de\/page\/wp-content\/uploads\/2016\/02\/2009HRAug25.jpg\" alt=\"2009HRAug25\" width=\"800\" height=\"533\" srcset=\"https:\/\/gartner52.de\/page\/wp-content\/uploads\/2016\/02\/2009HRAug25.jpg 800w, https:\/\/gartner52.de\/page\/wp-content\/uploads\/2016\/02\/2009HRAug25-300x200.jpg 300w, https:\/\/gartner52.de\/page\/wp-content\/uploads\/2016\/02\/2009HRAug25-768x512.jpg 768w\" sizes=\"auto, (max-width: 800px) 100vw, 800px\"><\/p>\n<p>Da lagen gro\u00dfe und kleine Schiffe.<br>\nVon hier aus fahren die gr\u00f6\u00dferen F\u00e4hrschiffe auf die umliegenden Inseln und bis Venedig.<\/p>\n<p><img loading=\"lazy\" decoding=\"async\" class=\"alignnone size-full wp-image-1331\" src=\"https:\/\/gartner52.de\/page\/wp-content\/uploads\/2016\/02\/2009HRAug63.jpg\" alt=\"2009HRAug63\" width=\"800\" height=\"533\" srcset=\"https:\/\/gartner52.de\/page\/wp-content\/uploads\/2016\/02\/2009HRAug63.jpg 800w, https:\/\/gartner52.de\/page\/wp-content\/uploads\/2016\/02\/2009HRAug63-300x200.jpg 300w, https:\/\/gartner52.de\/page\/wp-content\/uploads\/2016\/02\/2009HRAug63-768x512.jpg 768w\" sizes=\"auto, (max-width: 800px) 100vw, 800px\"><br>\n<img loading=\"lazy\" decoding=\"async\" class=\"alignnone size-full wp-image-1296\" src=\"https:\/\/gartner52.de\/page\/wp-content\/uploads\/2016\/02\/2009HRAug26.jpg\" alt=\"2009HRAug26\" width=\"800\" height=\"533\" srcset=\"https:\/\/gartner52.de\/page\/wp-content\/uploads\/2016\/02\/2009HRAug26.jpg 800w, https:\/\/gartner52.de\/page\/wp-content\/uploads\/2016\/02\/2009HRAug26-300x200.jpg 300w, https:\/\/gartner52.de\/page\/wp-content\/uploads\/2016\/02\/2009HRAug26-768x512.jpg 768w\" sizes=\"auto, (max-width: 800px) 100vw, 800px\"><br>\nDiese kleine Boot liegt auch immer hier.<br>\n<img loading=\"lazy\" decoding=\"async\" class=\"alignnone size-full wp-image-1330\" src=\"https:\/\/gartner52.de\/page\/wp-content\/uploads\/2016\/02\/2009HRAug62.jpg\" alt=\"2009HRAug62\" width=\"800\" height=\"533\" srcset=\"https:\/\/gartner52.de\/page\/wp-content\/uploads\/2016\/02\/2009HRAug62.jpg 800w, https:\/\/gartner52.de\/page\/wp-content\/uploads\/2016\/02\/2009HRAug62-300x200.jpg 300w, https:\/\/gartner52.de\/page\/wp-content\/uploads\/2016\/02\/2009HRAug62-768x512.jpg 768w\" sizes=\"auto, (max-width: 800px) 100vw, 800px\"><br>\nHier waren wir an der Meeresorgel von Zadar. Es war schon beeindruckend zu h\u00f6ren wie von den Wellen die T\u00f6ne erzeugt werden<br>\n<img loading=\"lazy\" decoding=\"async\" class=\"alignnone size-full wp-image-1334\" src=\"https:\/\/gartner52.de\/page\/wp-content\/uploads\/2016\/02\/2009HRAug66.jpg\" alt=\"2009HRAug66\" width=\"800\" height=\"533\" srcset=\"https:\/\/gartner52.de\/page\/wp-content\/uploads\/2016\/02\/2009HRAug66.jpg 800w, https:\/\/gartner52.de\/page\/wp-content\/uploads\/2016\/02\/2009HRAug66-300x200.jpg 300w, https:\/\/gartner52.de\/page\/wp-content\/uploads\/2016\/02\/2009HRAug66-768x512.jpg 768w\" sizes=\"auto, (max-width: 800px) 100vw, 800px\"><br>\n<img loading=\"lazy\" decoding=\"async\" class=\"alignnone size-full wp-image-1297\" src=\"https:\/\/gartner52.de\/page\/wp-content\/uploads\/2016\/02\/2009HRAug27.jpg\" alt=\"2009HRAug27\" width=\"800\" height=\"533\" srcset=\"https:\/\/gartner52.de\/page\/wp-content\/uploads\/2016\/02\/2009HRAug27.jpg 800w, https:\/\/gartner52.de\/page\/wp-content\/uploads\/2016\/02\/2009HRAug27-300x200.jpg 300w, https:\/\/gartner52.de\/page\/wp-content\/uploads\/2016\/02\/2009HRAug27-768x512.jpg 768w\" sizes=\"auto, (max-width: 800px) 100vw, 800px\"><br>\nHier ein Kreis von ca. 22 Meter Durchmesser der komplett aus Solarzellen besteht. Sah aus einiger Entfernung aus wie Wasser<br>\n<img loading=\"lazy\" decoding=\"async\" class=\"alignnone size-full wp-image-1335\" src=\"https:\/\/gartner52.de\/page\/wp-content\/uploads\/2016\/02\/2009HRAug67.jpg\" alt=\"2009HRAug67\" width=\"800\" height=\"533\" srcset=\"https:\/\/gartner52.de\/page\/wp-content\/uploads\/2016\/02\/2009HRAug67.jpg 800w, https:\/\/gartner52.de\/page\/wp-content\/uploads\/2016\/02\/2009HRAug67-300x200.jpg 300w, https:\/\/gartner52.de\/page\/wp-content\/uploads\/2016\/02\/2009HRAug67-768x512.jpg 768w\" sizes=\"auto, (max-width: 800px) 100vw, 800px\"><\/p>\n<p>&nbsp;<\/p>\n<p style=\"text-align: center;\"><a href=\"https:\/\/gartner52.de\/page\/august2009-2\/\">Weiter zum Teil 2<\/a><\/p>\n<p>&nbsp;<\/p>\n<h4 style=\"text-align: center;\"><span style=\"color: #ff00ff;\">&nbsp;<\/span><\/h4>\n","protected":false},"excerpt":{"rendered":"<p>Urlaub in Kroatien 2009 auf dem Campingplatz Strasko, auf der Insel Pag und auf dem Maltacamp in \u00d6sterreich vom 24.08. bis 11.09.2009 Den zweiten Urlaub in diesem Jahr wollten wir nat\u00fcrlich wieder in Kroatien verbringen. Mit uns fuhr unser Sohn \u2026 <a href=\"https:\/\/gartner52.de\/page\/august2009-1\/\">Weiter<\/a><\/p>\n","protected":false},"author":1,"featured_media":0,"parent":0,"menu_order":0,"comment_status":"closed","ping_status":"closed","template":"","meta":{"wp_typography_post_enhancements_disabled":false,"kt_blocks_editor_width":"","footnotes":""},"class_list":["post-799","page","type-page","status-publish","hentry"],"_links":{"self":[{"href":"https:\/\/gartner52.de\/page\/wp-json\/wp\/v2\/pages\/799","targetHints":{"allow":["GET"]}}],"collection":[{"href":"https:\/\/gartner52.de\/page\/wp-json\/wp\/v2\/pages"}],"about":[{"href":"https:\/\/gartner52.de\/page\/wp-json\/wp\/v2\/types\/page"}],"author":[{"embeddable":true,"href":"https:\/\/gartner52.de\/page\/wp-json\/wp\/v2\/users\/1"}],"replies":[{"embeddable":true,"href":"https:\/\/gartner52.de\/page\/wp-json\/wp\/v2\/comments?post=799"}],"version-history":[{"count":18,"href":"https:\/\/gartner52.de\/page\/wp-json\/wp\/v2\/pages\/799\/revisions"}],"predecessor-version":[{"id":1369,"href":"https:\/\/gartner52.de\/page\/wp-json\/wp\/v2\/pages\/799\/revisions\/1369"}],"wp:attachment":[{"href":"https:\/\/gartner52.de\/page\/wp-json\/wp\/v2\/media?parent=799"}],"curies":[{"name":"wp","href":"https:\/\/api.w.org\/{rel}","templated":true}]}}