{"id":7456,"date":"2023-08-07T18:42:38","date_gmt":"2023-08-07T16:42:38","guid":{"rendered":"https:\/\/gartner52.de\/page\/?page_id=7456"},"modified":"2023-12-20T13:33:08","modified_gmt":"2023-12-20T12:33:08","slug":"2023-kirchzarten","status":"publish","type":"page","link":"https:\/\/gartner52.de\/page\/2023-kirchzarten\/","title":{"rendered":"2023 Kirchzarten"},"content":{"rendered":"<p style=\"text-align: center;\"><em><span style=\"font-size: 18pt; font-family: comic sans ms, sans-serif; color: #0000ff;\">Familientreffen \u00fcber den 1.Mai in Kirchzarten bei Freiburg<\/span><\/em><\/p>\n<p style=\"text-align: center;\"><span style=\"color: #ff0000;\"><strong>&nbsp;<\/strong><\/span><\/p>\n<p style=\"text-align: center;\"><span style=\"color: #000000;\">Auch in diesem Jahr wollten wir wieder ein Familientreffen auf einem Campingplatz machen.<br>\nUnser Orga Team hatte den Campingplatz in Kirchzarten daf\u00fcr gefunden.<br>\nIch habe auch dieses mal einige Bilder davon und einige Zeilen zum lesen<\/span><\/p>\n<p style=\"text-align: center;\">Der Campingplatz ist mittelgro\u00df und hat verschiedene Bereiche. Wir standen auf den sogenannten Komfortstandpl\u00e4tzen.<br>\nLeider war von Komfort nicht viel zu merken. Im gro\u00dfen und ganzen waren die Stellpl\u00e4tze gro\u00df genug, nur der Zustand war nicht besonders.<br>\nEs hatte die Woche vorher geregnet so dass die ganzen Komfortstandpl\u00e4tze sehr aufgeweicht waren und die Wohnwagen tiefe Spuren in die Grasfl\u00e4chen zogen.<br>\nDer ganze Boden war sehr weich und zum teil auch matschig. Das war nicht in allen Bereichen so, nur auf unserem Areal wo wir alle standen war es so schlimm.<br>\nDas war aber auch schon das einzig negative, sonst hat uns der Campingplatz sehr gut gefallen, Strom,Wasser und Abwasseranschluss waren an den Pl\u00e4tzen vorhanden.<\/p>\n<p style=\"text-align: center;\"><span style=\"font-size: 16pt; font-family: comic sans ms, sans-serif; color: #3366ff;\"><img loading=\"lazy\" decoding=\"async\" class=\"size-large wp-image-7502 aligncenter\" src=\"https:\/\/gartner52.de\/page\/wp-content\/uploads\/2023\/09\/CP-1024x575.jpg\" alt width=\"1024\" height=\"575\" srcset=\"https:\/\/gartner52.de\/page\/wp-content\/uploads\/2023\/09\/CP-1024x575.jpg 1024w, https:\/\/gartner52.de\/page\/wp-content\/uploads\/2023\/09\/CP-300x169.jpg 300w, https:\/\/gartner52.de\/page\/wp-content\/uploads\/2023\/09\/CP-768x431.jpg 768w, https:\/\/gartner52.de\/page\/wp-content\/uploads\/2023\/09\/CP.jpg 1068w\" sizes=\"auto, (max-width: 1024px) 100vw, 1024px\"><\/span><\/p>\n<p style=\"text-align: center;\">Hier ein Teil der Mitwirkenden<\/p>\n<p style=\"text-align: center;\"><span style=\"font-size: 16pt; font-family: comic sans ms, sans-serif; color: #3366ff;\"> <img loading=\"lazy\" decoding=\"async\" class=\"size-large wp-image-7493 aligncenter\" src=\"https:\/\/gartner52.de\/page\/wp-content\/uploads\/2023\/09\/Alle-1024x575.jpg\" alt width=\"1024\" height=\"575\" srcset=\"https:\/\/gartner52.de\/page\/wp-content\/uploads\/2023\/09\/Alle-1024x575.jpg 1024w, https:\/\/gartner52.de\/page\/wp-content\/uploads\/2023\/09\/Alle-300x169.jpg 300w, https:\/\/gartner52.de\/page\/wp-content\/uploads\/2023\/09\/Alle-768x431.jpg 768w, https:\/\/gartner52.de\/page\/wp-content\/uploads\/2023\/09\/Alle.jpg 1068w\" sizes=\"auto, (max-width: 1024px) 100vw, 1024px\"><\/span><\/p>\n<p style=\"text-align: center;\">Unser Stellplatz war nicht so aufgeweicht<\/p>\n<p style=\"text-align: center;\"><span style=\"font-size: 16pt; font-family: comic sans ms, sans-serif; color: #3366ff;\"> <img loading=\"lazy\" decoding=\"async\" class=\"size-large wp-image-7515 aligncenter\" src=\"https:\/\/gartner52.de\/page\/wp-content\/uploads\/2023\/09\/Stellplatz-1024x575.jpg\" alt width=\"1024\" height=\"575\" srcset=\"https:\/\/gartner52.de\/page\/wp-content\/uploads\/2023\/09\/Stellplatz-1024x575.jpg 1024w, https:\/\/gartner52.de\/page\/wp-content\/uploads\/2023\/09\/Stellplatz-300x169.jpg 300w, https:\/\/gartner52.de\/page\/wp-content\/uploads\/2023\/09\/Stellplatz-768x431.jpg 768w, https:\/\/gartner52.de\/page\/wp-content\/uploads\/2023\/09\/Stellplatz.jpg 1068w\" sizes=\"auto, (max-width: 1024px) 100vw, 1024px\"><\/span><\/p>\n<p style=\"text-align: center;\">Hier dagegen sind die Spuren im weichen Boden zu sehen.<\/p>\n<p style=\"text-align: center;\"><span style=\"font-size: 16pt; font-family: comic sans ms, sans-serif; color: #3366ff;\"> <img loading=\"lazy\" decoding=\"async\" class=\"size-large wp-image-7513 aligncenter\" src=\"https:\/\/gartner52.de\/page\/wp-content\/uploads\/2023\/09\/NadinePlatz-1024x575.jpg\" alt width=\"1024\" height=\"575\" srcset=\"https:\/\/gartner52.de\/page\/wp-content\/uploads\/2023\/09\/NadinePlatz-1024x575.jpg 1024w, https:\/\/gartner52.de\/page\/wp-content\/uploads\/2023\/09\/NadinePlatz-300x169.jpg 300w, https:\/\/gartner52.de\/page\/wp-content\/uploads\/2023\/09\/NadinePlatz-768x431.jpg 768w, https:\/\/gartner52.de\/page\/wp-content\/uploads\/2023\/09\/NadinePlatz.jpg 1068w\" sizes=\"auto, (max-width: 1024px) 100vw, 1024px\"><\/span><\/p>\n<p style=\"text-align: center;\"><span style=\"font-size: 16pt; font-family: comic sans ms, sans-serif; color: #3366ff;\"> <img loading=\"lazy\" decoding=\"async\" class=\"size-large wp-image-7514 aligncenter\" src=\"https:\/\/gartner52.de\/page\/wp-content\/uploads\/2023\/09\/Platz3-1024x575.jpg\" alt width=\"1024\" height=\"575\" srcset=\"https:\/\/gartner52.de\/page\/wp-content\/uploads\/2023\/09\/Platz3-1024x575.jpg 1024w, https:\/\/gartner52.de\/page\/wp-content\/uploads\/2023\/09\/Platz3-300x169.jpg 300w, https:\/\/gartner52.de\/page\/wp-content\/uploads\/2023\/09\/Platz3-768x431.jpg 768w, https:\/\/gartner52.de\/page\/wp-content\/uploads\/2023\/09\/Platz3.jpg 1068w\" sizes=\"auto, (max-width: 1024px) 100vw, 1024px\"><\/span><\/p>\n<p style=\"text-align: center;\">Wir hatten dieses mal ein gro\u00dfes Zelt dabei, da haben wir gegessen und gefeiert<\/p>\n<p style=\"text-align: center;\"><span style=\"font-size: 16pt; font-family: comic sans ms, sans-serif; color: #3366ff;\"> <img loading=\"lazy\" decoding=\"async\" class=\"size-large wp-image-7516 aligncenter\" src=\"https:\/\/gartner52.de\/page\/wp-content\/uploads\/2023\/09\/Zelt-1024x575.jpg\" alt width=\"1024\" height=\"575\" srcset=\"https:\/\/gartner52.de\/page\/wp-content\/uploads\/2023\/09\/Zelt-1024x575.jpg 1024w, https:\/\/gartner52.de\/page\/wp-content\/uploads\/2023\/09\/Zelt-300x169.jpg 300w, https:\/\/gartner52.de\/page\/wp-content\/uploads\/2023\/09\/Zelt-768x431.jpg 768w, https:\/\/gartner52.de\/page\/wp-content\/uploads\/2023\/09\/Zelt.jpg 1068w\" sizes=\"auto, (max-width: 1024px) 100vw, 1024px\"><\/span><\/p>\n<p style=\"text-align: center;\">Hier hatten alle Platz<br>\n<img loading=\"lazy\" decoding=\"async\" class=\"size-large wp-image-7517 aligncenter\" src=\"https:\/\/gartner52.de\/page\/wp-content\/uploads\/2023\/09\/Zelt1-1024x575.jpg\" alt width=\"1024\" height=\"575\" srcset=\"https:\/\/gartner52.de\/page\/wp-content\/uploads\/2023\/09\/Zelt1-1024x575.jpg 1024w, https:\/\/gartner52.de\/page\/wp-content\/uploads\/2023\/09\/Zelt1-300x169.jpg 300w, https:\/\/gartner52.de\/page\/wp-content\/uploads\/2023\/09\/Zelt1-768x431.jpg 768w, https:\/\/gartner52.de\/page\/wp-content\/uploads\/2023\/09\/Zelt1.jpg 1068w\" sizes=\"auto, (max-width: 1024px) 100vw, 1024px\"><\/p>\n<p style=\"text-align: center;\">Am 1.Mai wollten wir einen Ausflug nach Freiburg machen.<br>\nWir hatten vom Campingplatz die Konus G\u00e4stekarte bekommen, mit dieser kann man im ganzen Schwarzwald kostenlos mit Bussen und Bahnen fahren.<br>\nSo marschierten wir durch Kirchzarten zum Bahnhof. Hier wurde gerade der Maibaum zu seinem Aufstellort gefahren<\/p>\n<p style=\"text-align: center;\"><img loading=\"lazy\" decoding=\"async\" class=\"size-large wp-image-7495 aligncenter\" src=\"https:\/\/gartner52.de\/page\/wp-content\/uploads\/2023\/09\/Baum-1024x575.jpg\" alt width=\"1024\" height=\"575\" srcset=\"https:\/\/gartner52.de\/page\/wp-content\/uploads\/2023\/09\/Baum-1024x575.jpg 1024w, https:\/\/gartner52.de\/page\/wp-content\/uploads\/2023\/09\/Baum-300x169.jpg 300w, https:\/\/gartner52.de\/page\/wp-content\/uploads\/2023\/09\/Baum-768x431.jpg 768w, https:\/\/gartner52.de\/page\/wp-content\/uploads\/2023\/09\/Baum.jpg 1068w\" sizes=\"auto, (max-width: 1024px) 100vw, 1024px\"><\/p>\n<p style=\"text-align: center;\">Es waren sehr viele Leute dabei.<\/p>\n<p style=\"text-align: center;\"><img loading=\"lazy\" decoding=\"async\" class=\"size-large wp-image-7496 aligncenter\" src=\"https:\/\/gartner52.de\/page\/wp-content\/uploads\/2023\/09\/Baum1-1024x575.jpg\" alt width=\"1024\" height=\"575\" srcset=\"https:\/\/gartner52.de\/page\/wp-content\/uploads\/2023\/09\/Baum1-1024x575.jpg 1024w, https:\/\/gartner52.de\/page\/wp-content\/uploads\/2023\/09\/Baum1-300x169.jpg 300w, https:\/\/gartner52.de\/page\/wp-content\/uploads\/2023\/09\/Baum1-768x431.jpg 768w, https:\/\/gartner52.de\/page\/wp-content\/uploads\/2023\/09\/Baum1.jpg 1068w\" sizes=\"auto, (max-width: 1024px) 100vw, 1024px\"><\/p>\n<p style=\"text-align: center;\">Ein buntes Treiben<\/p>\n<p style=\"text-align: center;\"><img loading=\"lazy\" decoding=\"async\" class=\"size-large wp-image-7497 aligncenter\" src=\"https:\/\/gartner52.de\/page\/wp-content\/uploads\/2023\/09\/Baum2-1024x575.jpg\" alt width=\"1024\" height=\"575\" srcset=\"https:\/\/gartner52.de\/page\/wp-content\/uploads\/2023\/09\/Baum2-1024x575.jpg 1024w, https:\/\/gartner52.de\/page\/wp-content\/uploads\/2023\/09\/Baum2-300x169.jpg 300w, https:\/\/gartner52.de\/page\/wp-content\/uploads\/2023\/09\/Baum2-768x431.jpg 768w, https:\/\/gartner52.de\/page\/wp-content\/uploads\/2023\/09\/Baum2.jpg 1068w\" sizes=\"auto, (max-width: 1024px) 100vw, 1024px\"><\/p>\n<p style=\"text-align: center;\">Ein Narrenbrunnen in Kirchzarten<\/p>\n<p style=\"text-align: center;\"><img loading=\"lazy\" decoding=\"async\" class=\"size-large wp-image-7498 aligncenter\" src=\"https:\/\/gartner52.de\/page\/wp-content\/uploads\/2023\/09\/Baum3-576x1024.jpg\" alt width=\"576\" height=\"1024\" srcset=\"https:\/\/gartner52.de\/page\/wp-content\/uploads\/2023\/09\/Baum3-576x1024.jpg 576w, https:\/\/gartner52.de\/page\/wp-content\/uploads\/2023\/09\/Baum3-169x300.jpg 169w, https:\/\/gartner52.de\/page\/wp-content\/uploads\/2023\/09\/Baum3-768x1364.jpg 768w, https:\/\/gartner52.de\/page\/wp-content\/uploads\/2023\/09\/Baum3.jpg 788w\" sizes=\"auto, (max-width: 576px) 100vw, 576px\"><\/p>\n<p style=\"text-align: center;\">Maibaum \u2013 aufgestellt<\/p>\n<p style=\"text-align: center;\"><img loading=\"lazy\" decoding=\"async\" class=\"size-large wp-image-7500 aligncenter\" src=\"https:\/\/gartner52.de\/page\/wp-content\/uploads\/2023\/09\/Baum6-576x1024.jpg\" alt width=\"576\" height=\"1024\" srcset=\"https:\/\/gartner52.de\/page\/wp-content\/uploads\/2023\/09\/Baum6-576x1024.jpg 576w, https:\/\/gartner52.de\/page\/wp-content\/uploads\/2023\/09\/Baum6-169x300.jpg 169w, https:\/\/gartner52.de\/page\/wp-content\/uploads\/2023\/09\/Baum6-768x1364.jpg 768w, https:\/\/gartner52.de\/page\/wp-content\/uploads\/2023\/09\/Baum6.jpg 788w\" sizes=\"auto, (max-width: 576px) 100vw, 576px\"><\/p>\n<p style=\"text-align: center;\">Die noch kleine Dreisam in Kirchzarten<\/p>\n<p style=\"text-align: center;\"><img loading=\"lazy\" decoding=\"async\" class=\"size-large wp-image-7503 aligncenter\" src=\"https:\/\/gartner52.de\/page\/wp-content\/uploads\/2023\/09\/Dreisam-1024x575.jpg\" alt width=\"1024\" height=\"575\" srcset=\"https:\/\/gartner52.de\/page\/wp-content\/uploads\/2023\/09\/Dreisam-1024x575.jpg 1024w, https:\/\/gartner52.de\/page\/wp-content\/uploads\/2023\/09\/Dreisam-300x169.jpg 300w, https:\/\/gartner52.de\/page\/wp-content\/uploads\/2023\/09\/Dreisam-768x431.jpg 768w, https:\/\/gartner52.de\/page\/wp-content\/uploads\/2023\/09\/Dreisam.jpg 1068w\" sizes=\"auto, (max-width: 1024px) 100vw, 1024px\"><\/p>\n<p style=\"text-align: center;\"><img loading=\"lazy\" decoding=\"async\" class=\"size-large wp-image-7505 aligncenter\" src=\"https:\/\/gartner52.de\/page\/wp-content\/uploads\/2023\/09\/Dreisam2-1024x575.jpg\" alt width=\"1024\" height=\"575\" srcset=\"https:\/\/gartner52.de\/page\/wp-content\/uploads\/2023\/09\/Dreisam2-1024x575.jpg 1024w, https:\/\/gartner52.de\/page\/wp-content\/uploads\/2023\/09\/Dreisam2-300x169.jpg 300w, https:\/\/gartner52.de\/page\/wp-content\/uploads\/2023\/09\/Dreisam2-768x431.jpg 768w, https:\/\/gartner52.de\/page\/wp-content\/uploads\/2023\/09\/Dreisam2.jpg 1068w\" sizes=\"auto, (max-width: 1024px) 100vw, 1024px\"><\/p>\n<p style=\"text-align: center;\"><img loading=\"lazy\" decoding=\"async\" class=\"size-large wp-image-7504 aligncenter\" src=\"https:\/\/gartner52.de\/page\/wp-content\/uploads\/2023\/09\/Dreisam1-1024x575.jpg\" alt width=\"1024\" height=\"575\" srcset=\"https:\/\/gartner52.de\/page\/wp-content\/uploads\/2023\/09\/Dreisam1-1024x575.jpg 1024w, https:\/\/gartner52.de\/page\/wp-content\/uploads\/2023\/09\/Dreisam1-300x169.jpg 300w, https:\/\/gartner52.de\/page\/wp-content\/uploads\/2023\/09\/Dreisam1-768x431.jpg 768w, https:\/\/gartner52.de\/page\/wp-content\/uploads\/2023\/09\/Dreisam1.jpg 1068w\" sizes=\"auto, (max-width: 1024px) 100vw, 1024px\"><\/p>\n<p style=\"text-align: center;\">In Freiburg angekommen wurde zuerst das M\u00fcnster besichtigt<\/p>\n<p style=\"text-align: center;\"><img loading=\"lazy\" decoding=\"async\" class=\"size-large wp-image-7509 aligncenter\" src=\"https:\/\/gartner52.de\/page\/wp-content\/uploads\/2023\/09\/Muenster-576x1024.jpg\" alt width=\"576\" height=\"1024\" srcset=\"https:\/\/gartner52.de\/page\/wp-content\/uploads\/2023\/09\/Muenster-576x1024.jpg 576w, https:\/\/gartner52.de\/page\/wp-content\/uploads\/2023\/09\/Muenster-169x300.jpg 169w, https:\/\/gartner52.de\/page\/wp-content\/uploads\/2023\/09\/Muenster-768x1365.jpg 768w, https:\/\/gartner52.de\/page\/wp-content\/uploads\/2023\/09\/Muenster.jpg 800w\" sizes=\"auto, (max-width: 576px) 100vw, 576px\"><\/p>\n<p>&nbsp;<\/p>\n<p style=\"text-align: center;\"><img loading=\"lazy\" decoding=\"async\" class=\"size-large wp-image-7510 aligncenter\" src=\"https:\/\/gartner52.de\/page\/wp-content\/uploads\/2023\/09\/Muenster1-1024x575.jpg\" alt width=\"1024\" height=\"575\" srcset=\"https:\/\/gartner52.de\/page\/wp-content\/uploads\/2023\/09\/Muenster1-1024x575.jpg 1024w, https:\/\/gartner52.de\/page\/wp-content\/uploads\/2023\/09\/Muenster1-300x169.jpg 300w, https:\/\/gartner52.de\/page\/wp-content\/uploads\/2023\/09\/Muenster1-768x431.jpg 768w, https:\/\/gartner52.de\/page\/wp-content\/uploads\/2023\/09\/Muenster1.jpg 1068w\" sizes=\"auto, (max-width: 1024px) 100vw, 1024px\"><\/p>\n<p style=\"text-align: center;\">Auf dem M\u00fcnsterplatz war ein gro\u00dfer Markt, hier konnte man alles kaufen, von Lebensmittel bis zum Andenken f\u00fcr Touristen gab es viele Dinge<\/p>\n<p style=\"text-align: center;\"><img loading=\"lazy\" decoding=\"async\" class=\"alignnone size-large wp-image-7508\" src=\"https:\/\/gartner52.de\/page\/wp-content\/uploads\/2023\/09\/Markt-1024x575.jpg\" alt width=\"1024\" height=\"575\" srcset=\"https:\/\/gartner52.de\/page\/wp-content\/uploads\/2023\/09\/Markt-1024x575.jpg 1024w, https:\/\/gartner52.de\/page\/wp-content\/uploads\/2023\/09\/Markt-300x169.jpg 300w, https:\/\/gartner52.de\/page\/wp-content\/uploads\/2023\/09\/Markt-768x431.jpg 768w, https:\/\/gartner52.de\/page\/wp-content\/uploads\/2023\/09\/Markt.jpg 1068w\" sizes=\"auto, (max-width: 1024px) 100vw, 1024px\"><\/p>\n<p style=\"text-align: center;\">Im M\u00fcnster, ohne Worte<\/p>\n<p style=\"text-align: center;\"><img loading=\"lazy\" decoding=\"async\" class=\"alignnone size-large wp-image-7506\" src=\"https:\/\/gartner52.de\/page\/wp-content\/uploads\/2023\/09\/Fenster-1024x575.jpg\" alt width=\"1024\" height=\"575\" srcset=\"https:\/\/gartner52.de\/page\/wp-content\/uploads\/2023\/09\/Fenster-1024x575.jpg 1024w, https:\/\/gartner52.de\/page\/wp-content\/uploads\/2023\/09\/Fenster-300x169.jpg 300w, https:\/\/gartner52.de\/page\/wp-content\/uploads\/2023\/09\/Fenster-768x431.jpg 768w, https:\/\/gartner52.de\/page\/wp-content\/uploads\/2023\/09\/Fenster.jpg 1068w\" sizes=\"auto, (max-width: 1024px) 100vw, 1024px\"><\/p>\n<p style=\"text-align: center;\"><img loading=\"lazy\" decoding=\"async\" class=\"alignnone size-large wp-image-7512\" src=\"https:\/\/gartner52.de\/page\/wp-content\/uploads\/2023\/09\/Muenster3-1024x575.jpg\" alt width=\"1024\" height=\"575\" srcset=\"https:\/\/gartner52.de\/page\/wp-content\/uploads\/2023\/09\/Muenster3-1024x575.jpg 1024w, https:\/\/gartner52.de\/page\/wp-content\/uploads\/2023\/09\/Muenster3-300x169.jpg 300w, https:\/\/gartner52.de\/page\/wp-content\/uploads\/2023\/09\/Muenster3-768x431.jpg 768w, https:\/\/gartner52.de\/page\/wp-content\/uploads\/2023\/09\/Muenster3.jpg 1068w\" sizes=\"auto, (max-width: 1024px) 100vw, 1024px\"><\/p>\n<p style=\"text-align: center;\"><img loading=\"lazy\" decoding=\"async\" class=\"alignnone size-large wp-image-7511\" src=\"https:\/\/gartner52.de\/page\/wp-content\/uploads\/2023\/09\/Muenster2-1024x575.jpg\" alt width=\"1024\" height=\"575\" srcset=\"https:\/\/gartner52.de\/page\/wp-content\/uploads\/2023\/09\/Muenster2-1024x575.jpg 1024w, https:\/\/gartner52.de\/page\/wp-content\/uploads\/2023\/09\/Muenster2-300x169.jpg 300w, https:\/\/gartner52.de\/page\/wp-content\/uploads\/2023\/09\/Muenster2-768x431.jpg 768w, https:\/\/gartner52.de\/page\/wp-content\/uploads\/2023\/09\/Muenster2.jpg 1068w\" sizes=\"auto, (max-width: 1024px) 100vw, 1024px\"><\/p>\n<p style=\"text-align: center;\">Der Eisb\u00e4r hatte sich wohl verirrt. &nbsp; \ud83d\ude42<\/p>\n<p style=\"text-align: center;\"><img loading=\"lazy\" decoding=\"async\" class=\"alignnone size-large wp-image-7494\" src=\"https:\/\/gartner52.de\/page\/wp-content\/uploads\/2023\/09\/Baer-1024x575.jpg\" alt width=\"1024\" height=\"575\" srcset=\"https:\/\/gartner52.de\/page\/wp-content\/uploads\/2023\/09\/Baer-1024x575.jpg 1024w, https:\/\/gartner52.de\/page\/wp-content\/uploads\/2023\/09\/Baer-300x169.jpg 300w, https:\/\/gartner52.de\/page\/wp-content\/uploads\/2023\/09\/Baer-768x431.jpg 768w, https:\/\/gartner52.de\/page\/wp-content\/uploads\/2023\/09\/Baer.jpg 1068w\" sizes=\"auto, (max-width: 1024px) 100vw, 1024px\"><\/p>\n<p style=\"text-align: center;\">Auf dem R\u00fcckweg zum Campingplatz, sehr sch\u00f6ne Blumen.<\/p>\n<p style=\"text-align: center;\"><img loading=\"lazy\" decoding=\"async\" class=\"alignnone size-large wp-image-7501\" src=\"https:\/\/gartner52.de\/page\/wp-content\/uploads\/2023\/09\/Blumen-1024x575.jpg\" alt width=\"1024\" height=\"575\" srcset=\"https:\/\/gartner52.de\/page\/wp-content\/uploads\/2023\/09\/Blumen-1024x575.jpg 1024w, https:\/\/gartner52.de\/page\/wp-content\/uploads\/2023\/09\/Blumen-300x169.jpg 300w, https:\/\/gartner52.de\/page\/wp-content\/uploads\/2023\/09\/Blumen-768x431.jpg 768w, https:\/\/gartner52.de\/page\/wp-content\/uploads\/2023\/09\/Blumen.jpg 1068w\" sizes=\"auto, (max-width: 1024px) 100vw, 1024px\"><\/p>\n<p>&nbsp;<\/p>\n<p style=\"text-align: left;\"><span style=\"color: #3366ff; font-size: 10pt;\">Wir waren f\u00fcnf Tage auf dem Campingplatz in Kirchzarten, es hat uns allen gut gefallen. Der Platz ist sch\u00f6n, bis auf die ein zwei kleinen Probleme mit dem Untergrund unserer Stellpl\u00e4tze.<\/span><br>\n<span style=\"color: #3366ff; font-size: 10pt;\">Die Sanit\u00e4ranlage ist sehr gut und zweckm\u00e4\u00dfig eingerichtet.<br>\nIm Sp\u00fclbereich gibt es 4 Geschrrsp\u00fclmaschinen, die unser ganzes Geschirr in 5 Minuten sauber sp\u00fclten und das alles <span style=\"text-decoration: underline;\">kostenlos<\/span>. <\/span><span style=\"color: #3366ff; font-size: 10pt;\">Das fanden alle ganz toll, da gingen die M\u00e4nner sehr gerne abwaschen.<\/span><br>\n<span style=\"color: #3366ff; font-size: 10pt;\">Im Eingangsbereich gibt es ein Restaurant, hier kann man auch sehr gut essen.(Bilder von den Speisen habe ich dieses mal leider keine)<\/span><br>\n<span style=\"color: #3366ff; font-size: 10pt;\">Alles in allem waren die ganzen Mitwirkenden zufrieden, diesen Platz kann man weiter empfehlen.<\/span><\/p>\n<p style=\"text-align: center;\"><strong><span style=\"color: #ff0000; font-size: 16pt;\">&nbsp;<\/span><\/strong><\/p>\n","protected":false},"excerpt":{"rendered":"<p>Familientreffen \u00fcber den 1.Mai in Kirchzarten bei Freiburg &nbsp; Auch in diesem Jahr wollten wir wieder ein Familientreffen auf einem Campingplatz machen. Unser Orga Team hatte den Campingplatz in Kirchzarten daf\u00fcr gefunden. Ich habe auch dieses mal einige Bilder davon \u2026 <a href=\"https:\/\/gartner52.de\/page\/2023-kirchzarten\/\">Weiter<\/a><\/p>\n","protected":false},"author":4,"featured_media":0,"parent":0,"menu_order":0,"comment_status":"closed","ping_status":"closed","template":"","meta":{"wp_typography_post_enhancements_disabled":false,"kt_blocks_editor_width":"","footnotes":""},"class_list":["post-7456","page","type-page","status-publish","hentry"],"_links":{"self":[{"href":"https:\/\/gartner52.de\/page\/wp-json\/wp\/v2\/pages\/7456","targetHints":{"allow":["GET"]}}],"collection":[{"href":"https:\/\/gartner52.de\/page\/wp-json\/wp\/v2\/pages"}],"about":[{"href":"https:\/\/gartner52.de\/page\/wp-json\/wp\/v2\/types\/page"}],"author":[{"embeddable":true,"href":"https:\/\/gartner52.de\/page\/wp-json\/wp\/v2\/users\/4"}],"replies":[{"embeddable":true,"href":"https:\/\/gartner52.de\/page\/wp-json\/wp\/v2\/comments?post=7456"}],"version-history":[{"count":19,"href":"https:\/\/gartner52.de\/page\/wp-json\/wp\/v2\/pages\/7456\/revisions"}],"predecessor-version":[{"id":7747,"href":"https:\/\/gartner52.de\/page\/wp-json\/wp\/v2\/pages\/7456\/revisions\/7747"}],"wp:attachment":[{"href":"https:\/\/gartner52.de\/page\/wp-json\/wp\/v2\/media?parent=7456"}],"curies":[{"name":"wp","href":"https:\/\/api.w.org\/{rel}","templated":true}]}}