{"id":7189,"date":"2022-12-11T20:37:24","date_gmt":"2022-12-11T19:37:24","guid":{"rendered":"https:\/\/gartner52.de\/page\/?page_id=7189"},"modified":"2023-01-08T20:35:17","modified_gmt":"2023-01-08T19:35:17","slug":"2022-herbst-breitenauer-see","status":"publish","type":"page","link":"https:\/\/gartner52.de\/page\/2022-herbst-breitenauer-see\/","title":{"rendered":"2022 Herbst Breitenauer See"},"content":{"rendered":"<p style=\"text-align: center;\"><em><span style=\"font-size: 18pt; color: #0000ff;\">Abschlussfahrt 2022 zum Breitenauer See<\/span><\/em><\/p>\n<p>&nbsp;<\/p>\n<p style=\"text-align: center;\"><span style=\"color: #000000;\"><strong>&nbsp;<\/strong><\/span><\/p>\n<p style=\"text-align: center;\"><span style=\"color: #3366ff; font-size: 14pt;\"><em>Unsere Abschlussfahrt im Jahr 2022 sollte mal wieder an den Breitenauer See gehen, <\/em><br>\n<em>da waren wir schon l\u00e4nger nicht mehr,<\/em><br>\n<em>Der Platz ist auch nur ca. 85 Kilometer von uns entfernt&nbsp;<\/em> <\/span><\/p>\n<p>&nbsp;<\/p>\n<p style=\"text-align: center;\"><span style=\"color: #000000;\">Unsere Stellpl\u00e4tze<br>\nWir hatten eine ganze Reihe f\u00fcr uns<strong><br>\n<img loading=\"lazy\" decoding=\"async\" class=\"size-full wp-image-7254 aligncenter\" src=\"https:\/\/gartner52.de\/page\/wp-content\/uploads\/2023\/01\/Drohne1.jpg\" alt width=\"978\" height=\"550\" srcset=\"https:\/\/gartner52.de\/page\/wp-content\/uploads\/2023\/01\/Drohne1.jpg 978w, https:\/\/gartner52.de\/page\/wp-content\/uploads\/2023\/01\/Drohne1-300x169.jpg 300w, https:\/\/gartner52.de\/page\/wp-content\/uploads\/2023\/01\/Drohne1-768x432.jpg 768w\" sizes=\"auto, (max-width: 978px) 100vw, 978px\"><\/strong><\/span><\/p>\n<p style=\"text-align: center;\"><span style=\"color: #000000;\"><strong><br>\n<img loading=\"lazy\" decoding=\"async\" class=\"size-large wp-image-7267 aligncenter\" src=\"https:\/\/gartner52.de\/page\/wp-content\/uploads\/2023\/01\/Platz-1-1024x576.jpg\" alt width=\"1024\" height=\"576\" srcset=\"https:\/\/gartner52.de\/page\/wp-content\/uploads\/2023\/01\/Platz-1-1024x576.jpg 1024w, https:\/\/gartner52.de\/page\/wp-content\/uploads\/2023\/01\/Platz-1-300x169.jpg 300w, https:\/\/gartner52.de\/page\/wp-content\/uploads\/2023\/01\/Platz-1-768x432.jpg 768w, https:\/\/gartner52.de\/page\/wp-content\/uploads\/2023\/01\/Platz-1-1536x864.jpg 1536w, https:\/\/gartner52.de\/page\/wp-content\/uploads\/2023\/01\/Platz-1-2048x1152.jpg 2048w\" sizes=\"auto, (max-width: 1024px) 100vw, 1024px\"><\/strong><\/span><\/p>\n<p style=\"text-align: center;\">Wieder mit der Drohne aufgenommen<\/p>\n<p style=\"text-align: center;\"><span style=\"color: #000000;\"><strong><img loading=\"lazy\" decoding=\"async\" class=\"size-full wp-image-7253 aligncenter\" src=\"https:\/\/gartner52.de\/page\/wp-content\/uploads\/2023\/01\/Drohne.jpg\" alt width=\"978\" height=\"550\" srcset=\"https:\/\/gartner52.de\/page\/wp-content\/uploads\/2023\/01\/Drohne.jpg 978w, https:\/\/gartner52.de\/page\/wp-content\/uploads\/2023\/01\/Drohne-300x169.jpg 300w, https:\/\/gartner52.de\/page\/wp-content\/uploads\/2023\/01\/Drohne-768x432.jpg 768w\" sizes=\"auto, (max-width: 978px) 100vw, 978px\"><br>\n<img loading=\"lazy\" decoding=\"async\" class=\"size-large wp-image-7278 aligncenter\" src=\"https:\/\/gartner52.de\/page\/wp-content\/uploads\/2023\/01\/Stellplatz-1024x576.jpg\" alt width=\"1024\" height=\"576\" srcset=\"https:\/\/gartner52.de\/page\/wp-content\/uploads\/2023\/01\/Stellplatz-1024x576.jpg 1024w, https:\/\/gartner52.de\/page\/wp-content\/uploads\/2023\/01\/Stellplatz-300x169.jpg 300w, https:\/\/gartner52.de\/page\/wp-content\/uploads\/2023\/01\/Stellplatz-768x432.jpg 768w, https:\/\/gartner52.de\/page\/wp-content\/uploads\/2023\/01\/Stellplatz.jpg 1067w\" sizes=\"auto, (max-width: 1024px) 100vw, 1024px\"><br>\n<\/strong><\/span><\/p>\n<p style=\"text-align: center;\"><img loading=\"lazy\" decoding=\"async\" class=\"size-large wp-image-7274 aligncenter\" src=\"https:\/\/gartner52.de\/page\/wp-content\/uploads\/2023\/01\/Stellplatz1-1024x576.jpg\" alt width=\"1024\" height=\"576\" srcset=\"https:\/\/gartner52.de\/page\/wp-content\/uploads\/2023\/01\/Stellplatz1-1024x576.jpg 1024w, https:\/\/gartner52.de\/page\/wp-content\/uploads\/2023\/01\/Stellplatz1-300x169.jpg 300w, https:\/\/gartner52.de\/page\/wp-content\/uploads\/2023\/01\/Stellplatz1-768x432.jpg 768w, https:\/\/gartner52.de\/page\/wp-content\/uploads\/2023\/01\/Stellplatz1.jpg 1067w\" sizes=\"auto, (max-width: 1024px) 100vw, 1024px\"><\/p>\n<p style=\"text-align: center;\">Der Breitenauer See wurde vor l\u00e4ngerer Zeit wegen Wartungsarbeiten abgelassen,<br>\njetzt f\u00fcllt er sich langsam wieder.<br>\nEs fehlt aber noch ein gutes St\u00fcck, normal geht das Wasser hoch bis zum Gras.<\/p>\n<p style=\"text-align: center;\"><span style=\"color: #000000;\"><strong><img loading=\"lazy\" decoding=\"async\" class=\"size-large wp-image-7268 aligncenter\" src=\"https:\/\/gartner52.de\/page\/wp-content\/uploads\/2023\/01\/See-1024x576.jpg\" alt width=\"1024\" height=\"576\" srcset=\"https:\/\/gartner52.de\/page\/wp-content\/uploads\/2023\/01\/See-1024x576.jpg 1024w, https:\/\/gartner52.de\/page\/wp-content\/uploads\/2023\/01\/See-300x169.jpg 300w, https:\/\/gartner52.de\/page\/wp-content\/uploads\/2023\/01\/See-768x432.jpg 768w, https:\/\/gartner52.de\/page\/wp-content\/uploads\/2023\/01\/See-1536x864.jpg 1536w, https:\/\/gartner52.de\/page\/wp-content\/uploads\/2023\/01\/See-2048x1152.jpg 2048w\" sizes=\"auto, (max-width: 1024px) 100vw, 1024px\"><\/strong><\/span><\/p>\n<p style=\"text-align: center;\"><img loading=\"lazy\" decoding=\"async\" class=\"size-large wp-image-7273 aligncenter\" src=\"https:\/\/gartner52.de\/page\/wp-content\/uploads\/2023\/01\/See1-1024x576.jpg\" alt width=\"1024\" height=\"576\" srcset=\"https:\/\/gartner52.de\/page\/wp-content\/uploads\/2023\/01\/See1-1024x576.jpg 1024w, https:\/\/gartner52.de\/page\/wp-content\/uploads\/2023\/01\/See1-300x169.jpg 300w, https:\/\/gartner52.de\/page\/wp-content\/uploads\/2023\/01\/See1-768x432.jpg 768w, https:\/\/gartner52.de\/page\/wp-content\/uploads\/2023\/01\/See1.jpg 1067w\" sizes=\"auto, (max-width: 1024px) 100vw, 1024px\"><br>\nWir machten einen Ausflug nach Schw\u00e4bisch Hall, die Stadt liegt ca. 45 km \u00f6stlich vom Breitenauer See im Kochertal.<br>\nEin sch\u00f6nes St\u00e4dtchen mit sehr vielen Fachwerkh\u00e4usern.<\/p>\n<p style=\"text-align: center;\"><img loading=\"lazy\" decoding=\"async\" class=\"size-large wp-image-7276 aligncenter\" src=\"https:\/\/gartner52.de\/page\/wp-content\/uploads\/2023\/01\/Hall9-461x1024.jpg\" alt width=\"461\" height=\"1024\" srcset=\"https:\/\/gartner52.de\/page\/wp-content\/uploads\/2023\/01\/Hall9-461x1024.jpg 461w, https:\/\/gartner52.de\/page\/wp-content\/uploads\/2023\/01\/Hall9-135x300.jpg 135w, https:\/\/gartner52.de\/page\/wp-content\/uploads\/2023\/01\/Hall9-768x1707.jpg 768w, https:\/\/gartner52.de\/page\/wp-content\/uploads\/2023\/01\/Hall9-691x1536.jpg 691w, https:\/\/gartner52.de\/page\/wp-content\/uploads\/2023\/01\/Hall9.jpg 800w\" sizes=\"auto, (max-width: 461px) 100vw, 461px\"><\/p>\n<p style=\"text-align: center;\"><img loading=\"lazy\" decoding=\"async\" class=\"size-large wp-image-7256 aligncenter\" src=\"https:\/\/gartner52.de\/page\/wp-content\/uploads\/2023\/01\/Hall0-576x1024.jpg\" alt width=\"576\" height=\"1024\" srcset=\"https:\/\/gartner52.de\/page\/wp-content\/uploads\/2023\/01\/Hall0-576x1024.jpg 576w, https:\/\/gartner52.de\/page\/wp-content\/uploads\/2023\/01\/Hall0-169x300.jpg 169w, https:\/\/gartner52.de\/page\/wp-content\/uploads\/2023\/01\/Hall0-768x1365.jpg 768w, https:\/\/gartner52.de\/page\/wp-content\/uploads\/2023\/01\/Hall0.jpg 800w\" sizes=\"auto, (max-width: 576px) 100vw, 576px\">Sehr sch\u00f6ne Fachwerkbauten<\/p>\n<p style=\"text-align: center;\"><img loading=\"lazy\" decoding=\"async\" class=\"size-full wp-image-7255 aligncenter\" src=\"https:\/\/gartner52.de\/page\/wp-content\/uploads\/2023\/01\/Hall.jpg\" alt width=\"979\" height=\"550\" srcset=\"https:\/\/gartner52.de\/page\/wp-content\/uploads\/2023\/01\/Hall.jpg 979w, https:\/\/gartner52.de\/page\/wp-content\/uploads\/2023\/01\/Hall-300x169.jpg 300w, https:\/\/gartner52.de\/page\/wp-content\/uploads\/2023\/01\/Hall-768x431.jpg 768w\" sizes=\"auto, (max-width: 979px) 100vw, 979px\"><\/p>\n<p style=\"text-align: center;\"><img loading=\"lazy\" decoding=\"async\" class=\"size-full wp-image-7261 aligncenter\" src=\"https:\/\/gartner52.de\/page\/wp-content\/uploads\/2023\/01\/Hall5.jpg\" alt width=\"979\" height=\"550\" srcset=\"https:\/\/gartner52.de\/page\/wp-content\/uploads\/2023\/01\/Hall5.jpg 979w, https:\/\/gartner52.de\/page\/wp-content\/uploads\/2023\/01\/Hall5-300x169.jpg 300w, https:\/\/gartner52.de\/page\/wp-content\/uploads\/2023\/01\/Hall5-768x431.jpg 768w\" sizes=\"auto, (max-width: 979px) 100vw, 979px\"><\/p>\n<p style=\"text-align: center;\">und immer wieder Fachwerkh\u00e4user<\/p>\n<p style=\"text-align: center;\"><img loading=\"lazy\" decoding=\"async\" class=\"size-full wp-image-7258 aligncenter\" src=\"https:\/\/gartner52.de\/page\/wp-content\/uploads\/2023\/01\/Hall2.jpg\" alt width=\"979\" height=\"550\" srcset=\"https:\/\/gartner52.de\/page\/wp-content\/uploads\/2023\/01\/Hall2.jpg 979w, https:\/\/gartner52.de\/page\/wp-content\/uploads\/2023\/01\/Hall2-300x169.jpg 300w, https:\/\/gartner52.de\/page\/wp-content\/uploads\/2023\/01\/Hall2-768x431.jpg 768w\" sizes=\"auto, (max-width: 979px) 100vw, 979px\">Hier sieht es bei dem rechten Haus so aus als ob es etwas schr\u00e4g h\u00e4ngt.<\/p>\n<p style=\"text-align: center;\"><img loading=\"lazy\" decoding=\"async\" class=\"alignnone size-full wp-image-7259\" src=\"https:\/\/gartner52.de\/page\/wp-content\/uploads\/2023\/01\/Hall3.jpg\" alt width=\"979\" height=\"550\" srcset=\"https:\/\/gartner52.de\/page\/wp-content\/uploads\/2023\/01\/Hall3.jpg 979w, https:\/\/gartner52.de\/page\/wp-content\/uploads\/2023\/01\/Hall3-300x169.jpg 300w, https:\/\/gartner52.de\/page\/wp-content\/uploads\/2023\/01\/Hall3-768x431.jpg 768w\" sizes=\"auto, (max-width: 979px) 100vw, 979px\"><\/p>\n<p style=\"text-align: center;\">Der Fluss <span style=\"text-decoration: underline;\">Kocher<\/span> flie\u00dft durch Schw\u00e4bisch Hall<\/p>\n<p style=\"text-align: center;\"><img loading=\"lazy\" decoding=\"async\" class=\"size-large wp-image-7264 aligncenter\" src=\"https:\/\/gartner52.de\/page\/wp-content\/uploads\/2023\/01\/Hall8-1024x461.jpg\" alt width=\"1024\" height=\"461\" srcset=\"https:\/\/gartner52.de\/page\/wp-content\/uploads\/2023\/01\/Hall8-1024x461.jpg 1024w, https:\/\/gartner52.de\/page\/wp-content\/uploads\/2023\/01\/Hall8-300x135.jpg 300w, https:\/\/gartner52.de\/page\/wp-content\/uploads\/2023\/01\/Hall8-768x346.jpg 768w, https:\/\/gartner52.de\/page\/wp-content\/uploads\/2023\/01\/Hall8.jpg 1222w\" sizes=\"auto, (max-width: 1024px) 100vw, 1024px\">&nbsp; <img loading=\"lazy\" decoding=\"async\" class=\"size-full wp-image-7257 aligncenter\" src=\"https:\/\/gartner52.de\/page\/wp-content\/uploads\/2023\/01\/Hall1.jpg\" alt width=\"979\" height=\"550\" srcset=\"https:\/\/gartner52.de\/page\/wp-content\/uploads\/2023\/01\/Hall1.jpg 979w, https:\/\/gartner52.de\/page\/wp-content\/uploads\/2023\/01\/Hall1-300x169.jpg 300w, https:\/\/gartner52.de\/page\/wp-content\/uploads\/2023\/01\/Hall1-768x431.jpg 768w\" sizes=\"auto, (max-width: 979px) 100vw, 979px\"><\/p>\n<p style=\"text-align: center;\"><img loading=\"lazy\" decoding=\"async\" class=\"size-full wp-image-7260 aligncenter\" src=\"https:\/\/gartner52.de\/page\/wp-content\/uploads\/2023\/01\/Hall4.jpg\" alt width=\"979\" height=\"550\" srcset=\"https:\/\/gartner52.de\/page\/wp-content\/uploads\/2023\/01\/Hall4.jpg 979w, https:\/\/gartner52.de\/page\/wp-content\/uploads\/2023\/01\/Hall4-300x169.jpg 300w, https:\/\/gartner52.de\/page\/wp-content\/uploads\/2023\/01\/Hall4-768x431.jpg 768w\" sizes=\"auto, (max-width: 979px) 100vw, 979px\"><\/p>\n<p style=\"text-align: center;\"><img loading=\"lazy\" decoding=\"async\" class=\"size-large wp-image-7263 aligncenter\" src=\"https:\/\/gartner52.de\/page\/wp-content\/uploads\/2023\/01\/Hall7-576x1024.jpg\" alt width=\"576\" height=\"1024\" srcset=\"https:\/\/gartner52.de\/page\/wp-content\/uploads\/2023\/01\/Hall7-576x1024.jpg 576w, https:\/\/gartner52.de\/page\/wp-content\/uploads\/2023\/01\/Hall7-169x300.jpg 169w, https:\/\/gartner52.de\/page\/wp-content\/uploads\/2023\/01\/Hall7-768x1365.jpg 768w, https:\/\/gartner52.de\/page\/wp-content\/uploads\/2023\/01\/Hall7.jpg 800w\" sizes=\"auto, (max-width: 576px) 100vw, 576px\"><\/p>\n<p style=\"text-align: center;\">St. Michael mit der gro\u00dfen Treppe<\/p>\n<p style=\"text-align: center;\"><img loading=\"lazy\" decoding=\"async\" class=\"size-large wp-image-7280 aligncenter\" src=\"https:\/\/gartner52.de\/page\/wp-content\/uploads\/2023\/01\/St.Michael-1024x575.jpg\" alt width=\"1024\" height=\"575\" srcset=\"https:\/\/gartner52.de\/page\/wp-content\/uploads\/2023\/01\/St.Michael-1024x575.jpg 1024w, https:\/\/gartner52.de\/page\/wp-content\/uploads\/2023\/01\/St.Michael-300x169.jpg 300w, https:\/\/gartner52.de\/page\/wp-content\/uploads\/2023\/01\/St.Michael-768x431.jpg 768w, https:\/\/gartner52.de\/page\/wp-content\/uploads\/2023\/01\/St.Michael.jpg 1068w\" sizes=\"auto, (max-width: 1024px) 100vw, 1024px\"><br>\nDiese Treppe f\u00fchrt hoch zur Altstadt<\/p>\n<p style=\"text-align: center;\"><img loading=\"lazy\" decoding=\"async\" class=\"size-large wp-image-7275 aligncenter\" src=\"https:\/\/gartner52.de\/page\/wp-content\/uploads\/2023\/01\/Treppe-1024x461.jpg\" alt width=\"1024\" height=\"461\" srcset=\"https:\/\/gartner52.de\/page\/wp-content\/uploads\/2023\/01\/Treppe-1024x461.jpg 1024w, https:\/\/gartner52.de\/page\/wp-content\/uploads\/2023\/01\/Treppe-300x135.jpg 300w, https:\/\/gartner52.de\/page\/wp-content\/uploads\/2023\/01\/Treppe-768x346.jpg 768w, https:\/\/gartner52.de\/page\/wp-content\/uploads\/2023\/01\/Treppe.jpg 1333w\" sizes=\"auto, (max-width: 1024px) 100vw, 1024px\"><\/p>\n<p style=\"text-align: center;\">Hier standen viele N\u00e4hmaschinen<\/p>\n<p style=\"text-align: center;\"><img loading=\"lazy\" decoding=\"async\" class=\"alignnone size-large wp-image-7265\" src=\"https:\/\/gartner52.de\/page\/wp-content\/uploads\/2023\/01\/HallNaehmaschinen-1024x461.jpg\" alt width=\"1024\" height=\"461\" srcset=\"https:\/\/gartner52.de\/page\/wp-content\/uploads\/2023\/01\/HallNaehmaschinen-1024x461.jpg 1024w, https:\/\/gartner52.de\/page\/wp-content\/uploads\/2023\/01\/HallNaehmaschinen-300x135.jpg 300w, https:\/\/gartner52.de\/page\/wp-content\/uploads\/2023\/01\/HallNaehmaschinen-768x346.jpg 768w, https:\/\/gartner52.de\/page\/wp-content\/uploads\/2023\/01\/HallNaehmaschinen.jpg 1222w\" sizes=\"auto, (max-width: 1024px) 100vw, 1024px\"><\/p>\n<p style=\"text-align: center;\">Eine B\u00e4ckerei mit originellem Namen<\/p>\n<p style=\"text-align: center;\"><img loading=\"lazy\" decoding=\"async\" class=\"alignnone size-large wp-image-7272\" src=\"https:\/\/gartner52.de\/page\/wp-content\/uploads\/2023\/01\/Baecker-1-1024x575.jpg\" alt width=\"1024\" height=\"575\" srcset=\"https:\/\/gartner52.de\/page\/wp-content\/uploads\/2023\/01\/Baecker-1-1024x575.jpg 1024w, https:\/\/gartner52.de\/page\/wp-content\/uploads\/2023\/01\/Baecker-1-300x169.jpg 300w, https:\/\/gartner52.de\/page\/wp-content\/uploads\/2023\/01\/Baecker-1-768x431.jpg 768w, https:\/\/gartner52.de\/page\/wp-content\/uploads\/2023\/01\/Baecker-1.jpg 1068w\" sizes=\"auto, (max-width: 1024px) 100vw, 1024px\"><\/p>\n<p style=\"text-align: center;\">Er bewacht ein Stadttor \ud83d\ude00<\/p>\n<p style=\"text-align: center;\"><img loading=\"lazy\" decoding=\"async\" class=\"size-large wp-image-7262 aligncenter\" src=\"https:\/\/gartner52.de\/page\/wp-content\/uploads\/2023\/01\/Hall6-576x1024.jpg\" alt width=\"576\" height=\"1024\" srcset=\"https:\/\/gartner52.de\/page\/wp-content\/uploads\/2023\/01\/Hall6-576x1024.jpg 576w, https:\/\/gartner52.de\/page\/wp-content\/uploads\/2023\/01\/Hall6-169x300.jpg 169w, https:\/\/gartner52.de\/page\/wp-content\/uploads\/2023\/01\/Hall6-768x1365.jpg 768w, https:\/\/gartner52.de\/page\/wp-content\/uploads\/2023\/01\/Hall6.jpg 800w\" sizes=\"auto, (max-width: 576px) 100vw, 576px\"><\/p>\n<p>&nbsp;<\/p>\n<p style=\"text-align: center;\">Nicht weit weg vom Campingplatz liegt der Ort L\u00f6wenstein. Hier gibt es eine alte Burg die man gesehen haben muss.<\/p>\n<p style=\"text-align: center;\"><img loading=\"lazy\" decoding=\"async\" class=\"size-full wp-image-7252 aligncenter\" src=\"https:\/\/gartner52.de\/page\/wp-content\/uploads\/2023\/01\/Burg2.jpg\" alt width=\"978\" height=\"550\" srcset=\"https:\/\/gartner52.de\/page\/wp-content\/uploads\/2023\/01\/Burg2.jpg 978w, https:\/\/gartner52.de\/page\/wp-content\/uploads\/2023\/01\/Burg2-300x169.jpg 300w, https:\/\/gartner52.de\/page\/wp-content\/uploads\/2023\/01\/Burg2-768x432.jpg 768w\" sizes=\"auto, (max-width: 978px) 100vw, 978px\"><\/p>\n<p style=\"text-align: center;\">Der Turm ist noch sehr gut erhalten<\/p>\n<p style=\"text-align: center;\"><img loading=\"lazy\" decoding=\"async\" class=\"size-large wp-image-7251 aligncenter\" src=\"https:\/\/gartner52.de\/page\/wp-content\/uploads\/2023\/01\/Burg1-576x1024.jpg\" alt width=\"576\" height=\"1024\" srcset=\"https:\/\/gartner52.de\/page\/wp-content\/uploads\/2023\/01\/Burg1-576x1024.jpg 576w, https:\/\/gartner52.de\/page\/wp-content\/uploads\/2023\/01\/Burg1-169x300.jpg 169w, https:\/\/gartner52.de\/page\/wp-content\/uploads\/2023\/01\/Burg1-768x1365.jpg 768w, https:\/\/gartner52.de\/page\/wp-content\/uploads\/2023\/01\/Burg1.jpg 800w\" sizes=\"auto, (max-width: 576px) 100vw, 576px\"><\/p>\n<p style=\"text-align: center;\">Der Blick vom Gel\u00e4nde der Burg L\u00f6wenstein zum Breitenauer See<\/p>\n<p style=\"text-align: center;\"><img loading=\"lazy\" decoding=\"async\" class=\"size-full wp-image-7250 aligncenter\" src=\"https:\/\/gartner52.de\/page\/wp-content\/uploads\/2023\/01\/Burg.jpg\" alt width=\"880\" height=\"495\" srcset=\"https:\/\/gartner52.de\/page\/wp-content\/uploads\/2023\/01\/Burg.jpg 880w, https:\/\/gartner52.de\/page\/wp-content\/uploads\/2023\/01\/Burg-300x169.jpg 300w, https:\/\/gartner52.de\/page\/wp-content\/uploads\/2023\/01\/Burg-768x432.jpg 768w\" sizes=\"auto, (max-width: 880px) 100vw, 880px\"><\/p>\n<p style=\"text-align: center;\">In L\u00f6wenstein gibt es auch eine Winzergenossenschaft (die Winzer vom Weinsberger Tal) dort haben wir mal wieder einige Flaschen Wein gekauft.<\/p>\n<p style=\"text-align: center;\">***<\/p>\n<p style=\"text-align: center;\">Zum Schluss noch ein Bild von einem riesen Mobilhome. Es stehen schon zwei solcher Unget\u00fcme auf dem Campingplatz<\/p>\n<p style=\"text-align: center;\"><img loading=\"lazy\" decoding=\"async\" class=\"size-full wp-image-7266 aligncenter\" src=\"https:\/\/gartner52.de\/page\/wp-content\/uploads\/2023\/01\/MobHome.jpg\" alt width=\"979\" height=\"550\" srcset=\"https:\/\/gartner52.de\/page\/wp-content\/uploads\/2023\/01\/MobHome.jpg 979w, https:\/\/gartner52.de\/page\/wp-content\/uploads\/2023\/01\/MobHome-300x169.jpg 300w, https:\/\/gartner52.de\/page\/wp-content\/uploads\/2023\/01\/MobHome-768x431.jpg 768w\" sizes=\"auto, (max-width: 979px) 100vw, 979px\"><\/p>\n<p>&nbsp;<\/p>\n<p style=\"text-align: center;\">Ich bin ja nicht so ein Freund von diesen festen Mobilhomes. Entweder sollte man einen Campingplatz betreiben oder einen Ferienpark mit solch festen Containern.<br>\nAber wir sind ja Camper und machen das beste daraus.<br>\nHier am Breitenauer See geht es ja noch, aber wenn man sich umschaut sieht man auch hier die Vorbereitungen f\u00fcr weitere Mobilhome.<\/p>\n<p>&nbsp;<\/p>\n<p>&nbsp;<\/p>\n<p><em><span style=\"font-size: 12pt;\"><span style=\"color: #3366ff;\">Wir waren jetzt wieder 5 Tage hier auf dem Platz und es war trotz dem etwas schlechteren Wetters sch\u00f6n hier.<\/span><\/span><\/em><br>\n<em><span style=\"font-size: 12pt;\"><span style=\"color: #3366ff;\">Es hat \u00f6fter mal geregnet, das kennen wir ja, deshalb sind wir oft bei unserem Sohn im Vorzelt gesessen und haben dort gekocht und auch gegessen.<\/span><\/span><\/em><br>\n<em><span style=\"font-size: 12pt;\"><span style=\"color: #3366ff;\">Einmal waren wir beim Griechen der auf dem Platz ein gutes Restaurant hat.<\/span><\/span><\/em><br>\n<em><span style=\"font-size: 12pt;\"><span style=\"color: #3366ff;\">Am 3.Oktober sind wir nach Hause gefahren, das war dann der Abschluss f\u00fcr das Jahr 2022.<br>\nUnser Wohnwagen macht jetzt seinen Winterschlaf in der Garage.<\/span><\/span><\/em><br>\n<em><span style=\"font-size: 12pt;\"><span style=\"color: #3366ff;\">2023 geht es dann wieder los mit einem Familientreffen auf dem Campingplatz Kirchzarten bei Freiburg.<\/span><\/span><\/em><\/p>\n","protected":false},"excerpt":{"rendered":"<p>Abschlussfahrt 2022 zum Breitenauer See &nbsp; &nbsp; Unsere Abschlussfahrt im Jahr 2022 sollte mal wieder an den Breitenauer See gehen, da waren wir schon l\u00e4nger nicht mehr, Der Platz ist auch nur ca. 85 Kilometer von uns entfernt&nbsp; &nbsp; Unsere \u2026 <a href=\"https:\/\/gartner52.de\/page\/2022-herbst-breitenauer-see\/\">Weiter<\/a><\/p>\n","protected":false},"author":4,"featured_media":0,"parent":0,"menu_order":0,"comment_status":"closed","ping_status":"closed","template":"","meta":{"wp_typography_post_enhancements_disabled":false,"kt_blocks_editor_width":"","footnotes":""},"class_list":["post-7189","page","type-page","status-publish","hentry"],"_links":{"self":[{"href":"https:\/\/gartner52.de\/page\/wp-json\/wp\/v2\/pages\/7189","targetHints":{"allow":["GET"]}}],"collection":[{"href":"https:\/\/gartner52.de\/page\/wp-json\/wp\/v2\/pages"}],"about":[{"href":"https:\/\/gartner52.de\/page\/wp-json\/wp\/v2\/types\/page"}],"author":[{"embeddable":true,"href":"https:\/\/gartner52.de\/page\/wp-json\/wp\/v2\/users\/4"}],"replies":[{"embeddable":true,"href":"https:\/\/gartner52.de\/page\/wp-json\/wp\/v2\/comments?post=7189"}],"version-history":[{"count":20,"href":"https:\/\/gartner52.de\/page\/wp-json\/wp\/v2\/pages\/7189\/revisions"}],"predecessor-version":[{"id":7298,"href":"https:\/\/gartner52.de\/page\/wp-json\/wp\/v2\/pages\/7189\/revisions\/7298"}],"wp:attachment":[{"href":"https:\/\/gartner52.de\/page\/wp-json\/wp\/v2\/media?parent=7189"}],"curies":[{"name":"wp","href":"https:\/\/api.w.org\/{rel}","templated":true}]}}