{"id":7091,"date":"2022-11-24T19:22:57","date_gmt":"2022-11-24T18:22:57","guid":{"rendered":"http:\/\/gartner52.de\/page\/?page_id=7091"},"modified":"2023-01-04T21:18:23","modified_gmt":"2023-01-04T20:18:23","slug":"august-2022","status":"publish","type":"page","link":"https:\/\/gartner52.de\/page\/august-2022\/","title":{"rendered":"August2022"},"content":{"rendered":"<p style=\"text-align: center;\"><em><span style=\"font-size: 16pt; color: #3366ff;\">Wieder ein kleiner Bildbericht vom Camping Strasko auf der Insel Pag<\/span><\/em><\/p>\n<p style=\"text-align: center;\"><span style=\"color: #ff0000;\">&nbsp;<\/span><\/p>\n<p style=\"text-align: center;\"><span style=\"color: #000000;\">Unser zweiter Aufenthalt in Kroatien im August-September ging wieder auf den Camping Strasko.<br>\nDas ist unser bevorzugter Campingplatz, hier treffen wir sehr viele Bekannte mit denen wir immer eine sch\u00f6ne Zeit verbringen.<br>\nAuch sind immer unsere Kinder mit den Enkeln dabei, so ist immer die ganze Familie hier im Urlaub<\/span><\/p>\n<p style=\"text-align: center;\">Wir standen in Prizna am Hafen und warteten auf die F\u00e4hre zur Insel Pag<br>\n<img loading=\"lazy\" decoding=\"async\" class=\"size-large wp-image-7207 aligncenter\" src=\"https:\/\/gartner52.de\/page\/wp-content\/uploads\/2023\/01\/Faehre1-1024x461.jpg\" alt width=\"1024\" height=\"461\" srcset=\"https:\/\/gartner52.de\/page\/wp-content\/uploads\/2023\/01\/Faehre1-1024x461.jpg 1024w, https:\/\/gartner52.de\/page\/wp-content\/uploads\/2023\/01\/Faehre1-300x135.jpg 300w, https:\/\/gartner52.de\/page\/wp-content\/uploads\/2023\/01\/Faehre1-768x346.jpg 768w, https:\/\/gartner52.de\/page\/wp-content\/uploads\/2023\/01\/Faehre1.jpg 1111w\" sizes=\"auto, (max-width: 1024px) 100vw, 1024px\"><\/p>\n<p style=\"text-align: center;\"><span style=\"color: #ff0000;\">&nbsp;<span style=\"color: #000000;\">Dieses mal fuhr wieder die ganz gro\u00dfe F\u00e4hre, die hat sogar zwei Fahrzeug Decks. Da haben wir auf der R\u00fcckfahrt gesehen, da fuhren die <span class=\"caps\">PKW<\/span>\u00b4s&nbsp; in den Keller.<\/span><br>\n<img loading=\"lazy\" decoding=\"async\" class=\"size-large wp-image-7206 aligncenter\" src=\"https:\/\/gartner52.de\/page\/wp-content\/uploads\/2023\/01\/Faehre0-1024x461.jpg\" alt width=\"1024\" height=\"461\" srcset=\"https:\/\/gartner52.de\/page\/wp-content\/uploads\/2023\/01\/Faehre0-1024x461.jpg 1024w, https:\/\/gartner52.de\/page\/wp-content\/uploads\/2023\/01\/Faehre0-300x135.jpg 300w, https:\/\/gartner52.de\/page\/wp-content\/uploads\/2023\/01\/Faehre0-768x346.jpg 768w, https:\/\/gartner52.de\/page\/wp-content\/uploads\/2023\/01\/Faehre0.jpg 1111w\" sizes=\"auto, (max-width: 1024px) 100vw, 1024px\"><\/span><\/p>\n<p style=\"text-align: center;\"><span style=\"color: #ff0000;\"><span style=\"color: #000000;\">Wir waren die ersten&nbsp; \ud83d\ude09&nbsp;&nbsp; So standen wir noch nie auf der F\u00e4hre<\/span><br>\n<img loading=\"lazy\" decoding=\"async\" class=\"size-large wp-image-7205 aligncenter\" src=\"https:\/\/gartner52.de\/page\/wp-content\/uploads\/2023\/01\/Faehre-1024x575.jpg\" alt width=\"1024\" height=\"575\" srcset=\"https:\/\/gartner52.de\/page\/wp-content\/uploads\/2023\/01\/Faehre-1024x575.jpg 1024w, https:\/\/gartner52.de\/page\/wp-content\/uploads\/2023\/01\/Faehre-300x169.jpg 300w, https:\/\/gartner52.de\/page\/wp-content\/uploads\/2023\/01\/Faehre-768x431.jpg 768w, https:\/\/gartner52.de\/page\/wp-content\/uploads\/2023\/01\/Faehre.jpg 1068w\" sizes=\"auto, (max-width: 1024px) 100vw, 1024px\"><\/span><span style=\"color: #000000;\">Unser Stellplatz,<\/span> aufgenommen von meinem Sohn mit seiner Drohne<img loading=\"lazy\" decoding=\"async\" class=\"wp-image-7212 aligncenter\" src=\"https:\/\/gartner52.de\/page\/wp-content\/uploads\/2023\/01\/PlatzDrohne.jpg\" alt width=\"906\" height=\"703\" srcset=\"https:\/\/gartner52.de\/page\/wp-content\/uploads\/2023\/01\/PlatzDrohne.jpg 800w, https:\/\/gartner52.de\/page\/wp-content\/uploads\/2023\/01\/PlatzDrohne-300x233.jpg 300w, https:\/\/gartner52.de\/page\/wp-content\/uploads\/2023\/01\/PlatzDrohne-768x596.jpg 768w\" sizes=\"auto, (max-width: 906px) 100vw, 906px\"><\/p>\n<p style=\"text-align: center;\"><img loading=\"lazy\" decoding=\"async\" class=\"wp-image-7210 aligncenter\" src=\"https:\/\/gartner52.de\/page\/wp-content\/uploads\/2023\/01\/Pano-1024x190.jpg\" alt width=\"1218\" height=\"226\" srcset=\"https:\/\/gartner52.de\/page\/wp-content\/uploads\/2023\/01\/Pano-1024x190.jpg 1024w, https:\/\/gartner52.de\/page\/wp-content\/uploads\/2023\/01\/Pano-300x56.jpg 300w, https:\/\/gartner52.de\/page\/wp-content\/uploads\/2023\/01\/Pano-768x143.jpg 768w, https:\/\/gartner52.de\/page\/wp-content\/uploads\/2023\/01\/Pano-1536x285.jpg 1536w, https:\/\/gartner52.de\/page\/wp-content\/uploads\/2023\/01\/Pano.jpg 2048w\" sizes=\"auto, (max-width: 1218px) 100vw, 1218px\"><\/p>\n<p style=\"text-align: center;\">Der Campingplatz war wieder sehr voll, sogar der unparzellierte Teil war gut belegt<br>\n<img loading=\"lazy\" decoding=\"async\" class=\"size-full wp-image-7211 aligncenter\" src=\"https:\/\/gartner52.de\/page\/wp-content\/uploads\/2023\/01\/Platz.jpg\" alt width=\"979\" height=\"550\" srcset=\"https:\/\/gartner52.de\/page\/wp-content\/uploads\/2023\/01\/Platz.jpg 979w, https:\/\/gartner52.de\/page\/wp-content\/uploads\/2023\/01\/Platz-300x169.jpg 300w, https:\/\/gartner52.de\/page\/wp-content\/uploads\/2023\/01\/Platz-768x431.jpg 768w\" sizes=\"auto, (max-width: 979px) 100vw, 979px\"><\/p>\n<p style=\"text-align: center;\">Das war die Schlafkabine f\u00fcr unseren Enkel, so mussten wir im Wohnwagen die Sitzgruppe vorne nicht umbauen<br>\nEs hat ihm da gut gefallen<br>\n<img loading=\"lazy\" decoding=\"async\" class=\"alignnone size-large wp-image-7237\" src=\"https:\/\/gartner52.de\/page\/wp-content\/uploads\/2023\/01\/Yanosh-Zelt-1024x576.jpg\" alt width=\"1024\" height=\"576\" srcset=\"https:\/\/gartner52.de\/page\/wp-content\/uploads\/2023\/01\/Yanosh-Zelt-1024x576.jpg 1024w, https:\/\/gartner52.de\/page\/wp-content\/uploads\/2023\/01\/Yanosh-Zelt-300x169.jpg 300w, https:\/\/gartner52.de\/page\/wp-content\/uploads\/2023\/01\/Yanosh-Zelt-768x432.jpg 768w, https:\/\/gartner52.de\/page\/wp-content\/uploads\/2023\/01\/Yanosh-Zelt.jpg 1067w\" sizes=\"auto, (max-width: 1024px) 100vw, 1024px\"><br>\nDas Wetter war die ganzen drei Wochen super sch\u00f6n, kein Regen und jeden Tag Sonnenschein<br>\n<img loading=\"lazy\" decoding=\"async\" class=\"size-large wp-image-7224 aligncenter\" src=\"https:\/\/gartner52.de\/page\/wp-content\/uploads\/2023\/01\/Strand2-1024x575.jpg\" alt width=\"1024\" height=\"575\" srcset=\"https:\/\/gartner52.de\/page\/wp-content\/uploads\/2023\/01\/Strand2-1024x575.jpg 1024w, https:\/\/gartner52.de\/page\/wp-content\/uploads\/2023\/01\/Strand2-300x169.jpg 300w, https:\/\/gartner52.de\/page\/wp-content\/uploads\/2023\/01\/Strand2-768x431.jpg 768w, https:\/\/gartner52.de\/page\/wp-content\/uploads\/2023\/01\/Strand2.jpg 1068w\" sizes=\"auto, (max-width: 1024px) 100vw, 1024px\">Der Strand war immer gut besucht, im Juni war viel weniger los.<\/p>\n<p style=\"text-align: center;\"><img loading=\"lazy\" decoding=\"async\" class=\"size-large wp-image-7223 aligncenter\" src=\"https:\/\/gartner52.de\/page\/wp-content\/uploads\/2023\/01\/Strand-August-1024x461.jpg\" alt width=\"1024\" height=\"461\" srcset=\"https:\/\/gartner52.de\/page\/wp-content\/uploads\/2023\/01\/Strand-August-1024x461.jpg 1024w, https:\/\/gartner52.de\/page\/wp-content\/uploads\/2023\/01\/Strand-August-300x135.jpg 300w, https:\/\/gartner52.de\/page\/wp-content\/uploads\/2023\/01\/Strand-August-768x346.jpg 768w, https:\/\/gartner52.de\/page\/wp-content\/uploads\/2023\/01\/Strand-August.jpg 1111w\" sizes=\"auto, (max-width: 1024px) 100vw, 1024px\"><\/p>\n<p style=\"text-align: center;\"><img loading=\"lazy\" decoding=\"async\" class=\"size-large wp-image-7225 aligncenter\" src=\"https:\/\/gartner52.de\/page\/wp-content\/uploads\/2023\/01\/Strand3-1024x575.jpg\" alt width=\"1024\" height=\"575\" srcset=\"https:\/\/gartner52.de\/page\/wp-content\/uploads\/2023\/01\/Strand3-1024x575.jpg 1024w, https:\/\/gartner52.de\/page\/wp-content\/uploads\/2023\/01\/Strand3-300x169.jpg 300w, https:\/\/gartner52.de\/page\/wp-content\/uploads\/2023\/01\/Strand3-768x431.jpg 768w, https:\/\/gartner52.de\/page\/wp-content\/uploads\/2023\/01\/Strand3.jpg 1068w\" sizes=\"auto, (max-width: 1024px) 100vw, 1024px\"><\/p>\n<p style=\"text-align: center;\">Wir planschten im Wasser und machten lustige Spiele<\/p>\n<p style=\"text-align: center;\"><img loading=\"lazy\" decoding=\"async\" class=\"size-large wp-image-7226 aligncenter\" src=\"https:\/\/gartner52.de\/page\/wp-content\/uploads\/2023\/01\/Strandspielen-1024x575.jpg\" alt width=\"1024\" height=\"575\" srcset=\"https:\/\/gartner52.de\/page\/wp-content\/uploads\/2023\/01\/Strandspielen-1024x575.jpg 1024w, https:\/\/gartner52.de\/page\/wp-content\/uploads\/2023\/01\/Strandspielen-300x169.jpg 300w, https:\/\/gartner52.de\/page\/wp-content\/uploads\/2023\/01\/Strandspielen-768x431.jpg 768w, https:\/\/gartner52.de\/page\/wp-content\/uploads\/2023\/01\/Strandspielen.jpg 1068w\" sizes=\"auto, (max-width: 1024px) 100vw, 1024px\"><\/p>\n<p style=\"text-align: center;\">Der Einstieg ins Meer, hier kann man sehr bequem ins Wasser gehen.<\/p>\n<p style=\"text-align: center;\"><img loading=\"lazy\" decoding=\"async\" class=\"size-large wp-image-7198 aligncenter\" src=\"https:\/\/gartner52.de\/page\/wp-content\/uploads\/2023\/01\/Baden1-1024x461.jpg\" alt width=\"1024\" height=\"461\" srcset=\"https:\/\/gartner52.de\/page\/wp-content\/uploads\/2023\/01\/Baden1-1024x461.jpg 1024w, https:\/\/gartner52.de\/page\/wp-content\/uploads\/2023\/01\/Baden1-300x135.jpg 300w, https:\/\/gartner52.de\/page\/wp-content\/uploads\/2023\/01\/Baden1-768x346.jpg 768w, https:\/\/gartner52.de\/page\/wp-content\/uploads\/2023\/01\/Baden1.jpg 1111w\" sizes=\"auto, (max-width: 1024px) 100vw, 1024px\"><br>\n<img loading=\"lazy\" decoding=\"async\" class=\"alignnone size-large wp-image-7197\" src=\"https:\/\/gartner52.de\/page\/wp-content\/uploads\/2023\/01\/Baden-1024x461.jpg\" alt width=\"1024\" height=\"461\" srcset=\"https:\/\/gartner52.de\/page\/wp-content\/uploads\/2023\/01\/Baden-1024x461.jpg 1024w, https:\/\/gartner52.de\/page\/wp-content\/uploads\/2023\/01\/Baden-300x135.jpg 300w, https:\/\/gartner52.de\/page\/wp-content\/uploads\/2023\/01\/Baden-768x346.jpg 768w, https:\/\/gartner52.de\/page\/wp-content\/uploads\/2023\/01\/Baden.jpg 1111w\" sizes=\"auto, (max-width: 1024px) 100vw, 1024px\"><\/p>\n<p style=\"text-align: center;\">Ein Abend in Novalja, es war sehr voll.<\/p>\n<p style=\"text-align: center;\"><img loading=\"lazy\" decoding=\"async\" class=\"alignnone size-large wp-image-7208\" src=\"https:\/\/gartner52.de\/page\/wp-content\/uploads\/2023\/01\/Flanieren-1024x461.jpg\" alt width=\"1024\" height=\"461\" srcset=\"https:\/\/gartner52.de\/page\/wp-content\/uploads\/2023\/01\/Flanieren-1024x461.jpg 1024w, https:\/\/gartner52.de\/page\/wp-content\/uploads\/2023\/01\/Flanieren-300x135.jpg 300w, https:\/\/gartner52.de\/page\/wp-content\/uploads\/2023\/01\/Flanieren-768x346.jpg 768w, https:\/\/gartner52.de\/page\/wp-content\/uploads\/2023\/01\/Flanieren.jpg 1111w\" sizes=\"auto, (max-width: 1024px) 100vw, 1024px\"><\/p>\n<p style=\"text-align: center;\">Am Hafen wie immer viele Verkaufsst\u00e4nde mit allem m\u00f6glichen.<\/p>\n<p style=\"text-align: center;\"><img loading=\"lazy\" decoding=\"async\" class=\"alignnone size-large wp-image-7222\" src=\"https:\/\/gartner52.de\/page\/wp-content\/uploads\/2023\/01\/Stand1-1024x575.jpg\" alt width=\"1024\" height=\"575\" srcset=\"https:\/\/gartner52.de\/page\/wp-content\/uploads\/2023\/01\/Stand1-1024x575.jpg 1024w, https:\/\/gartner52.de\/page\/wp-content\/uploads\/2023\/01\/Stand1-300x169.jpg 300w, https:\/\/gartner52.de\/page\/wp-content\/uploads\/2023\/01\/Stand1-768x431.jpg 768w, https:\/\/gartner52.de\/page\/wp-content\/uploads\/2023\/01\/Stand1.jpg 1068w\" sizes=\"auto, (max-width: 1024px) 100vw, 1024px\"><br>\n<img loading=\"lazy\" decoding=\"async\" class=\"alignnone size-large wp-image-7221\" src=\"https:\/\/gartner52.de\/page\/wp-content\/uploads\/2023\/01\/Stand-1024x575.jpg\" alt width=\"1024\" height=\"575\" srcset=\"https:\/\/gartner52.de\/page\/wp-content\/uploads\/2023\/01\/Stand-1024x575.jpg 1024w, https:\/\/gartner52.de\/page\/wp-content\/uploads\/2023\/01\/Stand-300x169.jpg 300w, https:\/\/gartner52.de\/page\/wp-content\/uploads\/2023\/01\/Stand-768x431.jpg 768w, https:\/\/gartner52.de\/page\/wp-content\/uploads\/2023\/01\/Stand.jpg 1068w\" sizes=\"auto, (max-width: 1024px) 100vw, 1024px\"><\/p>\n<p style=\"text-align: center;\">Die gro\u00dfe F\u00e4hre war auch schon da<\/p>\n<p><img loading=\"lazy\" decoding=\"async\" class=\"size-large wp-image-7220 aligncenter\" src=\"https:\/\/gartner52.de\/page\/wp-content\/uploads\/2023\/01\/Schiff-1024x575.jpg\" alt width=\"1024\" height=\"575\" srcset=\"https:\/\/gartner52.de\/page\/wp-content\/uploads\/2023\/01\/Schiff-1024x575.jpg 1024w, https:\/\/gartner52.de\/page\/wp-content\/uploads\/2023\/01\/Schiff-300x169.jpg 300w, https:\/\/gartner52.de\/page\/wp-content\/uploads\/2023\/01\/Schiff-768x431.jpg 768w, https:\/\/gartner52.de\/page\/wp-content\/uploads\/2023\/01\/Schiff.jpg 1068w\" sizes=\"auto, (max-width: 1024px) 100vw, 1024px\"><\/p>\n<p style=\"text-align: center;\">Unserem Enkel schmeckt das Eis, es war nur eine Kugel.<br>\n<img loading=\"lazy\" decoding=\"async\" class=\"size-large wp-image-7202 aligncenter\" src=\"https:\/\/gartner52.de\/page\/wp-content\/uploads\/2023\/01\/Eis-461x1024.jpg\" alt width=\"461\" height=\"1024\" srcset=\"https:\/\/gartner52.de\/page\/wp-content\/uploads\/2023\/01\/Eis-461x1024.jpg 461w, https:\/\/gartner52.de\/page\/wp-content\/uploads\/2023\/01\/Eis-135x300.jpg 135w, https:\/\/gartner52.de\/page\/wp-content\/uploads\/2023\/01\/Eis-768x1707.jpg 768w, https:\/\/gartner52.de\/page\/wp-content\/uploads\/2023\/01\/Eis-691x1536.jpg 691w, https:\/\/gartner52.de\/page\/wp-content\/uploads\/2023\/01\/Eis.jpg 800w\" sizes=\"auto, (max-width: 461px) 100vw, 461px\"><\/p>\n<p style=\"text-align: center;\">Der kleine Supermarkt und der B\u00e4cker hinten am Campingplatz<br>\n<img loading=\"lazy\" decoding=\"async\" class=\"alignnone size-large wp-image-7201\" src=\"https:\/\/gartner52.de\/page\/wp-content\/uploads\/2023\/01\/Einkauf-2-1024x575.jpg\" alt width=\"1024\" height=\"575\" srcset=\"https:\/\/gartner52.de\/page\/wp-content\/uploads\/2023\/01\/Einkauf-2-1024x575.jpg 1024w, https:\/\/gartner52.de\/page\/wp-content\/uploads\/2023\/01\/Einkauf-2-300x169.jpg 300w, https:\/\/gartner52.de\/page\/wp-content\/uploads\/2023\/01\/Einkauf-2-768x431.jpg 768w, https:\/\/gartner52.de\/page\/wp-content\/uploads\/2023\/01\/Einkauf-2.jpg 1068w\" sizes=\"auto, (max-width: 1024px) 100vw, 1024px\"><\/p>\n<p style=\"text-align: center;\">Hier wird alles sehr gepflegt, den ganzen Tag \u00fcber sind die G\u00e4rtner und das Reinigungspersonal auf dem Platz unterwegs<\/p>\n<p style=\"text-align: center;\"><img loading=\"lazy\" decoding=\"async\" class=\"alignnone size-large wp-image-7199\" src=\"https:\/\/gartner52.de\/page\/wp-content\/uploads\/2023\/01\/Blumen-1024x575.jpg\" alt width=\"1024\" height=\"575\" srcset=\"https:\/\/gartner52.de\/page\/wp-content\/uploads\/2023\/01\/Blumen-1024x575.jpg 1024w, https:\/\/gartner52.de\/page\/wp-content\/uploads\/2023\/01\/Blumen-300x169.jpg 300w, https:\/\/gartner52.de\/page\/wp-content\/uploads\/2023\/01\/Blumen-768x431.jpg 768w, https:\/\/gartner52.de\/page\/wp-content\/uploads\/2023\/01\/Blumen.jpg 1068w\" sizes=\"auto, (max-width: 1024px) 100vw, 1024px\"> <img loading=\"lazy\" decoding=\"async\" class=\"size-full wp-image-7200 aligncenter\" src=\"https:\/\/gartner52.de\/page\/wp-content\/uploads\/2023\/01\/Blumen2.jpg\" alt width=\"978\" height=\"550\" srcset=\"https:\/\/gartner52.de\/page\/wp-content\/uploads\/2023\/01\/Blumen2.jpg 978w, https:\/\/gartner52.de\/page\/wp-content\/uploads\/2023\/01\/Blumen2-300x169.jpg 300w, https:\/\/gartner52.de\/page\/wp-content\/uploads\/2023\/01\/Blumen2-768x432.jpg 768w\" sizes=\"auto, (max-width: 978px) 100vw, 978px\"><\/p>\n<p style=\"text-align: center;\">Die Sonnenunterg\u00e4nge waren toll<\/p>\n<p><img loading=\"lazy\" decoding=\"async\" class=\"size-large wp-image-7195 aligncenter\" src=\"https:\/\/gartner52.de\/page\/wp-content\/uploads\/2023\/01\/Abend-1024x575.jpg\" alt width=\"1024\" height=\"575\" srcset=\"https:\/\/gartner52.de\/page\/wp-content\/uploads\/2023\/01\/Abend-1024x575.jpg 1024w, https:\/\/gartner52.de\/page\/wp-content\/uploads\/2023\/01\/Abend-300x169.jpg 300w, https:\/\/gartner52.de\/page\/wp-content\/uploads\/2023\/01\/Abend-768x431.jpg 768w, https:\/\/gartner52.de\/page\/wp-content\/uploads\/2023\/01\/Abend.jpg 1068w\" sizes=\"auto, (max-width: 1024px) 100vw, 1024px\"><\/p>\n<p><img loading=\"lazy\" decoding=\"async\" class=\"size-large wp-image-7196 aligncenter\" src=\"https:\/\/gartner52.de\/page\/wp-content\/uploads\/2023\/01\/Abend1-1024x575.jpg\" alt width=\"1024\" height=\"575\" srcset=\"https:\/\/gartner52.de\/page\/wp-content\/uploads\/2023\/01\/Abend1-1024x575.jpg 1024w, https:\/\/gartner52.de\/page\/wp-content\/uploads\/2023\/01\/Abend1-300x169.jpg 300w, https:\/\/gartner52.de\/page\/wp-content\/uploads\/2023\/01\/Abend1-768x431.jpg 768w, https:\/\/gartner52.de\/page\/wp-content\/uploads\/2023\/01\/Abend1.jpg 1068w\" sizes=\"auto, (max-width: 1024px) 100vw, 1024px\"><\/p>\n<p style=\"text-align: center;\">Unsere Vogeltr\u00e4nke war immer gut besucht<\/p>\n<p><img loading=\"lazy\" decoding=\"async\" class=\"size-large wp-image-7227 aligncenter\" src=\"https:\/\/gartner52.de\/page\/wp-content\/uploads\/2023\/01\/Vogel-1024x575.jpg\" alt width=\"1024\" height=\"575\" srcset=\"https:\/\/gartner52.de\/page\/wp-content\/uploads\/2023\/01\/Vogel-1024x575.jpg 1024w, https:\/\/gartner52.de\/page\/wp-content\/uploads\/2023\/01\/Vogel-300x169.jpg 300w, https:\/\/gartner52.de\/page\/wp-content\/uploads\/2023\/01\/Vogel-768x431.jpg 768w, https:\/\/gartner52.de\/page\/wp-content\/uploads\/2023\/01\/Vogel.jpg 1068w\" sizes=\"auto, (max-width: 1024px) 100vw, 1024px\"><\/p>\n<p style=\"text-align: center;\">Essen waren wir wieder in Novalja und im Restaurant direk am Platz. Die Qualit\u00e4t der Speisen hat sich in den letzten zwei Jahren sehr verbessert, auch die Auswahl ist gr\u00f6\u00dfe<br>\nDie Pizzeria am Platz war wie immer sehr gut, da hat sich nicht viel ge\u00e4ndert.<br>\nPreislich ist alles etwas teurer geworden, aber das ist ja auch zu Hause nicht besser.<\/p>\n<p><img loading=\"lazy\" decoding=\"async\" class=\"size-large wp-image-7203 aligncenter\" src=\"https:\/\/gartner52.de\/page\/wp-content\/uploads\/2023\/01\/Essen-1024x461.jpg\" alt width=\"1024\" height=\"461\" srcset=\"https:\/\/gartner52.de\/page\/wp-content\/uploads\/2023\/01\/Essen-1024x461.jpg 1024w, https:\/\/gartner52.de\/page\/wp-content\/uploads\/2023\/01\/Essen-300x135.jpg 300w, https:\/\/gartner52.de\/page\/wp-content\/uploads\/2023\/01\/Essen-768x346.jpg 768w, https:\/\/gartner52.de\/page\/wp-content\/uploads\/2023\/01\/Essen.jpg 1111w\" sizes=\"auto, (max-width: 1024px) 100vw, 1024px\"><\/p>\n<p>&nbsp;<\/p>\n<p><img loading=\"lazy\" decoding=\"async\" class=\"size-full wp-image-7204 aligncenter\" src=\"https:\/\/gartner52.de\/page\/wp-content\/uploads\/2023\/01\/Essen1.jpg\" alt width=\"978\" height=\"550\" srcset=\"https:\/\/gartner52.de\/page\/wp-content\/uploads\/2023\/01\/Essen1.jpg 978w, https:\/\/gartner52.de\/page\/wp-content\/uploads\/2023\/01\/Essen1-300x169.jpg 300w, https:\/\/gartner52.de\/page\/wp-content\/uploads\/2023\/01\/Essen1-768x432.jpg 768w\" sizes=\"auto, (max-width: 978px) 100vw, 978px\"><\/p>\n<p style=\"text-align: center;\">Hier habe ich noch ein paar Bilder die mein Sohn wieder mit seiner Drohne gemacht hat.<\/p>\n<p style=\"text-align: center;\"><img loading=\"lazy\" decoding=\"async\" class=\"size-full wp-image-7213 aligncenter\" src=\"https:\/\/gartner52.de\/page\/wp-content\/uploads\/2023\/01\/PlatzDrohne2.jpg\" alt width=\"800\" height=\"621\" srcset=\"https:\/\/gartner52.de\/page\/wp-content\/uploads\/2023\/01\/PlatzDrohne2.jpg 800w, https:\/\/gartner52.de\/page\/wp-content\/uploads\/2023\/01\/PlatzDrohne2-300x233.jpg 300w, https:\/\/gartner52.de\/page\/wp-content\/uploads\/2023\/01\/PlatzDrohne2-768x596.jpg 768w\" sizes=\"auto, (max-width: 800px) 100vw, 800px\"> <img loading=\"lazy\" decoding=\"async\" class=\"size-full wp-image-7214 aligncenter\" src=\"https:\/\/gartner52.de\/page\/wp-content\/uploads\/2023\/01\/PlatzDrohne3.jpg\" alt width=\"800\" height=\"621\" srcset=\"https:\/\/gartner52.de\/page\/wp-content\/uploads\/2023\/01\/PlatzDrohne3.jpg 800w, https:\/\/gartner52.de\/page\/wp-content\/uploads\/2023\/01\/PlatzDrohne3-300x233.jpg 300w, https:\/\/gartner52.de\/page\/wp-content\/uploads\/2023\/01\/PlatzDrohne3-768x596.jpg 768w\" sizes=\"auto, (max-width: 800px) 100vw, 800px\"> <img loading=\"lazy\" decoding=\"async\" class=\"size-full wp-image-7215 aligncenter\" src=\"https:\/\/gartner52.de\/page\/wp-content\/uploads\/2023\/01\/PlatzDrohne4.jpg\" alt width=\"800\" height=\"621\" srcset=\"https:\/\/gartner52.de\/page\/wp-content\/uploads\/2023\/01\/PlatzDrohne4.jpg 800w, https:\/\/gartner52.de\/page\/wp-content\/uploads\/2023\/01\/PlatzDrohne4-300x233.jpg 300w, https:\/\/gartner52.de\/page\/wp-content\/uploads\/2023\/01\/PlatzDrohne4-768x596.jpg 768w\" sizes=\"auto, (max-width: 800px) 100vw, 800px\"> <img loading=\"lazy\" decoding=\"async\" class=\"size-full wp-image-7216 aligncenter\" src=\"https:\/\/gartner52.de\/page\/wp-content\/uploads\/2023\/01\/PlatzDrohne5.jpg\" alt width=\"800\" height=\"621\" srcset=\"https:\/\/gartner52.de\/page\/wp-content\/uploads\/2023\/01\/PlatzDrohne5.jpg 800w, https:\/\/gartner52.de\/page\/wp-content\/uploads\/2023\/01\/PlatzDrohne5-300x233.jpg 300w, https:\/\/gartner52.de\/page\/wp-content\/uploads\/2023\/01\/PlatzDrohne5-768x596.jpg 768w\" sizes=\"auto, (max-width: 800px) 100vw, 800px\"><\/p>\n<p style=\"text-align: center;\">Nach drei Wochen wurde mal wieder alles eingepackt, im Wohnwagen und im Auto verstaut<\/p>\n<p><img loading=\"lazy\" decoding=\"async\" class=\"size-large wp-image-7209 aligncenter\" src=\"https:\/\/gartner52.de\/page\/wp-content\/uploads\/2023\/01\/Packen-1024x461.jpg\" alt width=\"1024\" height=\"461\" srcset=\"https:\/\/gartner52.de\/page\/wp-content\/uploads\/2023\/01\/Packen-1024x461.jpg 1024w, https:\/\/gartner52.de\/page\/wp-content\/uploads\/2023\/01\/Packen-300x135.jpg 300w, https:\/\/gartner52.de\/page\/wp-content\/uploads\/2023\/01\/Packen-768x346.jpg 768w, https:\/\/gartner52.de\/page\/wp-content\/uploads\/2023\/01\/Packen.jpg 1111w\" sizes=\"auto, (max-width: 1024px) 100vw, 1024px\"><\/p>\n<p style=\"text-align: center;\">Auf der R\u00fcckfahrt machten wir noch einen Stop am Ossiacher See auf dem Seecamping Pl\u00f6rz. Hier waren wir ja auch schon ein paar mal.<\/p>\n<p><img loading=\"lazy\" decoding=\"async\" class=\"size-large wp-image-7217 aligncenter\" src=\"https:\/\/gartner52.de\/page\/wp-content\/uploads\/2023\/01\/Ploerz-1024x576.jpg\" alt width=\"1024\" height=\"576\" srcset=\"https:\/\/gartner52.de\/page\/wp-content\/uploads\/2023\/01\/Ploerz-1024x576.jpg 1024w, https:\/\/gartner52.de\/page\/wp-content\/uploads\/2023\/01\/Ploerz-300x169.jpg 300w, https:\/\/gartner52.de\/page\/wp-content\/uploads\/2023\/01\/Ploerz-768x432.jpg 768w, https:\/\/gartner52.de\/page\/wp-content\/uploads\/2023\/01\/Ploerz.jpg 1067w\" sizes=\"auto, (max-width: 1024px) 100vw, 1024px\"><\/p>\n<p><img loading=\"lazy\" decoding=\"async\" class=\"size-large wp-image-7218 aligncenter\" src=\"https:\/\/gartner52.de\/page\/wp-content\/uploads\/2023\/01\/Ploerz1-1024x576.jpg\" alt width=\"1024\" height=\"576\" srcset=\"https:\/\/gartner52.de\/page\/wp-content\/uploads\/2023\/01\/Ploerz1-1024x576.jpg 1024w, https:\/\/gartner52.de\/page\/wp-content\/uploads\/2023\/01\/Ploerz1-300x169.jpg 300w, https:\/\/gartner52.de\/page\/wp-content\/uploads\/2023\/01\/Ploerz1-768x432.jpg 768w, https:\/\/gartner52.de\/page\/wp-content\/uploads\/2023\/01\/Ploerz1.jpg 1067w\" sizes=\"auto, (max-width: 1024px) 100vw, 1024px\"><\/p>\n<p style=\"text-align: center;\">Wir haben hier ein Nacht verbracht und sind am n\u00e4chsten Morgen weiter nach Hause gefahren<\/p>\n<p><img loading=\"lazy\" decoding=\"async\" class=\"size-large wp-image-7219 aligncenter\" src=\"https:\/\/gartner52.de\/page\/wp-content\/uploads\/2023\/01\/Ploerz2-1024x576.jpg\" alt width=\"1024\" height=\"576\" srcset=\"https:\/\/gartner52.de\/page\/wp-content\/uploads\/2023\/01\/Ploerz2-1024x576.jpg 1024w, https:\/\/gartner52.de\/page\/wp-content\/uploads\/2023\/01\/Ploerz2-300x169.jpg 300w, https:\/\/gartner52.de\/page\/wp-content\/uploads\/2023\/01\/Ploerz2-768x432.jpg 768w, https:\/\/gartner52.de\/page\/wp-content\/uploads\/2023\/01\/Ploerz2.jpg 1067w\" sizes=\"auto, (max-width: 1024px) 100vw, 1024px\"><\/p>\n<p>&nbsp;<\/p>\n<p><strong><span style=\"color: #3366ff;\">Zusammenfassung:<\/span><\/strong><\/p>\n<p><span style=\"color: #3366ff; font-size: 10pt;\">Unser Urlaub im August und September war wieder sehr sch\u00f6n, es freut uns immer wenn wir mit der ganzen Familie unsere Freizeit verbringen d\u00fcrfen.<\/span><br>\n<span style=\"color: #3366ff; font-size: 10pt;\">Wir sind drei Wochen in Kroatien auf der Insel Pag gewesen und haben auf dem Heimweg eine Nacht in \u00d6sterreich am Ossiacher See verbracht.<\/span><br>\n<span style=\"color: #3366ff; font-size: 10pt;\">Wir sind ca. 2300 Kilometer mit dem Gespann gefahren. Unser Auto verbrauchte ca. 10,7 Liter Diesel auf 100 Kilometer.<\/span><br>\n<span style=\"color: #3366ff; font-size: 10pt;\">Man merkte es aber, es wurde \u00fcberall etwas teurer als die Jahre vorher. Ich bin gespannt wie es 2023 wird, wenn die Kroaten den Euro haben.<\/span><br>\n<span style=\"color: #3366ff; font-size: 10pt;\">Gefallen hat es wieder allen<\/span><br>\n<span style=\"color: #3366ff; font-size: 10pt;\">Im n\u00e4chsten Jahr ist geplant dass wir wieder mit unseren Kindern auf dem Camping Strasko Urlaub machen. Dann aber alle zusammen im Juni.<\/span><\/p>\n","protected":false},"excerpt":{"rendered":"<p>Wieder ein kleiner Bildbericht vom Camping Strasko auf der Insel Pag &nbsp; Unser zweiter Aufenthalt in Kroatien im August-September ging wieder auf den Camping Strasko. Das ist unser bevorzugter Campingplatz, hier treffen wir sehr viele Bekannte mit denen wir immer \u2026 <a href=\"https:\/\/gartner52.de\/page\/august-2022\/\">Weiter<\/a><\/p>\n","protected":false},"author":4,"featured_media":0,"parent":0,"menu_order":0,"comment_status":"closed","ping_status":"closed","template":"","meta":{"wp_typography_post_enhancements_disabled":false,"kt_blocks_editor_width":"","footnotes":""},"class_list":["post-7091","page","type-page","status-publish","hentry"],"_links":{"self":[{"href":"https:\/\/gartner52.de\/page\/wp-json\/wp\/v2\/pages\/7091","targetHints":{"allow":["GET"]}}],"collection":[{"href":"https:\/\/gartner52.de\/page\/wp-json\/wp\/v2\/pages"}],"about":[{"href":"https:\/\/gartner52.de\/page\/wp-json\/wp\/v2\/types\/page"}],"author":[{"embeddable":true,"href":"https:\/\/gartner52.de\/page\/wp-json\/wp\/v2\/users\/4"}],"replies":[{"embeddable":true,"href":"https:\/\/gartner52.de\/page\/wp-json\/wp\/v2\/comments?post=7091"}],"version-history":[{"count":20,"href":"https:\/\/gartner52.de\/page\/wp-json\/wp\/v2\/pages\/7091\/revisions"}],"predecessor-version":[{"id":7245,"href":"https:\/\/gartner52.de\/page\/wp-json\/wp\/v2\/pages\/7091\/revisions\/7245"}],"wp:attachment":[{"href":"https:\/\/gartner52.de\/page\/wp-json\/wp\/v2\/media?parent=7091"}],"curies":[{"name":"wp","href":"https:\/\/api.w.org\/{rel}","templated":true}]}}