{"id":690,"date":"2016-02-14T12:16:12","date_gmt":"2016-02-14T11:16:12","guid":{"rendered":"http:\/\/gartner52.de\/page\/?page_id=690"},"modified":"2016-02-17T11:25:50","modified_gmt":"2016-02-17T10:25:50","slug":"august2008-1","status":"publish","type":"page","link":"https:\/\/gartner52.de\/page\/august2008-1\/","title":{"rendered":"August2008"},"content":{"rendered":"<h2 style=\"text-align: center;\"><span style=\"color: #0000ff;\"><em>Urlaub im August \u2013 September 2008 <\/em><\/span><\/h2>\n<h2 style=\"text-align: center;\"><span style=\"color: #0000ff;\"><em> auf dem <u>Campingplatz Kazela<\/u> in Medulin<\/em><\/span><\/h2>\n<p style=\"text-align: center;\">&nbsp;<img loading=\"lazy\" decoding=\"async\" class=\"size-large wp-image-1160 aligncenter\" src=\"https:\/\/gartner52.de\/page\/wp-content\/uploads\/2016\/02\/flagge.gif\" alt=\"flagge\" width=\"85\" height=\"64\"><\/p>\n<p style=\"text-align: center;\"><span style=\"color: #000000;\">Den zweiten Urlaub im Jahre 2008 wollten wir auch wieder in Kroatien verbringen.<br>\nIn diesen Jahr waren wir nur mit unserer Tochter und ihrer Familie unterwegs.<\/span><br>\n<span style=\"color: #000000;\"> Die Route ist f\u00fcr uns immer die gleiche. Von Karlsruhe \u00fcber M\u00fcnchen Salzburg Richtung Villach.&nbsp;<\/span><\/p>\n<p style=\"text-align: center;\"><img loading=\"lazy\" decoding=\"async\" class=\"aligncenter size-full wp-image-537\" src=\"https:\/\/gartner52.de\/page\/wp-content\/uploads\/2016\/02\/2008_HR01.jpg\" alt=\"2008_HR01\" width=\"800\" height=\"600\" srcset=\"https:\/\/gartner52.de\/page\/wp-content\/uploads\/2016\/02\/2008_HR01.jpg 800w, https:\/\/gartner52.de\/page\/wp-content\/uploads\/2016\/02\/2008_HR01-300x225.jpg 300w, https:\/\/gartner52.de\/page\/wp-content\/uploads\/2016\/02\/2008_HR01-768x576.jpg 768w\" sizes=\"auto, (max-width: 800px) 100vw, 800px\"><\/p>\n<p style=\"text-align: center;\">Kurz vor dem Tauerntunnel<\/p>\n<p style=\"text-align: center;\"><img loading=\"lazy\" decoding=\"async\" class=\"aligncenter size-full wp-image-538\" src=\"https:\/\/gartner52.de\/page\/wp-content\/uploads\/2016\/02\/2008_HR02.jpg\" alt=\"2008_HR02\" width=\"800\" height=\"600\" srcset=\"https:\/\/gartner52.de\/page\/wp-content\/uploads\/2016\/02\/2008_HR02.jpg 800w, https:\/\/gartner52.de\/page\/wp-content\/uploads\/2016\/02\/2008_HR02-300x225.jpg 300w, https:\/\/gartner52.de\/page\/wp-content\/uploads\/2016\/02\/2008_HR02-768x576.jpg 768w\" sizes=\"auto, (max-width: 800px) 100vw, 800px\"><\/p>\n<p style=\"text-align: center;\">Auch dieses mal wollten wir die Strecke nicht auf einmal durchfahren.<br>\nDie Kinder gaben auch keine Ruhe mehr.<br>\nDeshalb \u00fcbernachteten wir wieder auf dem Rasthof Lungau, ca. 10 km hinter dem Tauerntunnel.<\/p>\n<p style=\"text-align: center;\">Rasthof Lungau mit sch\u00f6nen Stellpl\u00e4tzen f\u00fcr Gespanne und Wohnmobile.<br>\n<img loading=\"lazy\" decoding=\"async\" class=\"aligncenter size-full wp-image-539\" src=\"https:\/\/gartner52.de\/page\/wp-content\/uploads\/2016\/02\/2008_HR03.jpg\" alt=\"2008_HR03\" width=\"800\" height=\"600\" srcset=\"https:\/\/gartner52.de\/page\/wp-content\/uploads\/2016\/02\/2008_HR03.jpg 800w, https:\/\/gartner52.de\/page\/wp-content\/uploads\/2016\/02\/2008_HR03-300x225.jpg 300w, https:\/\/gartner52.de\/page\/wp-content\/uploads\/2016\/02\/2008_HR03-768x576.jpg 768w\" sizes=\"auto, (max-width: 800px) 100vw, 800px\"><\/p>\n<p style=\"text-align: center;\">Am n\u00e4chsten Morgen ging es in aller Fr\u00fche weiter.<br>\n\u00dcber Jesenice und Ljubljana, wo seit kurzem der Autobahntunnel ge\u00f6ffnet war.<br>\nDas erspart einem doch so 15 Minuten durch die Stadt zu fahren.<br>\nDie restliche Strecke war ohne Stau bis zur Grenze nach Kroatien.<br>\nDa es in Slowenien seit Juni 2008 die Vignetten gibt, brauchte man auch an keiner Zahlstelle mehr anhalten.<\/p>\n<p style=\"text-align: center;\">Die Fahrt von der Grenze \u00fcber die neue Schnellstra\u00dfe bis nach Medulin war problemlos, nur in Pula durch die Stadt ging es etwas langsam.<br>\nAn der Rezeption am Campingplatz angekommen hofften wir auch zwei gute Pl\u00e4tze zu bekommen.<br>\nNach Erledigung der Formalit\u00e4ten, die \u00fcbrigens mit der <span class=\"caps\">ADAC<\/span> Camping Card sehr z\u00fcgig gingen,<br>\nsuchten wir nach zwei sch\u00f6nen Stellpl\u00e4tzen.<\/p>\n<p style=\"text-align: center;\">Was uns sehr \u00fcberraschte war, dass der Campingplatz Mitte August fast halb leer war.<\/p>\n<p style=\"text-align: center;\">Jede Menge freie Stellpl\u00e4tze, und das im August<\/p>\n<p style=\"text-align: center;\"><img loading=\"lazy\" decoding=\"async\" class=\"aligncenter size-full wp-image-544\" src=\"https:\/\/gartner52.de\/page\/wp-content\/uploads\/2016\/02\/2008_HR08.jpg\" alt=\"2008_HR08\" width=\"800\" height=\"600\" srcset=\"https:\/\/gartner52.de\/page\/wp-content\/uploads\/2016\/02\/2008_HR08.jpg 800w, https:\/\/gartner52.de\/page\/wp-content\/uploads\/2016\/02\/2008_HR08-300x225.jpg 300w, https:\/\/gartner52.de\/page\/wp-content\/uploads\/2016\/02\/2008_HR08-768x576.jpg 768w\" sizes=\"auto, (max-width: 800px) 100vw, 800px\"><\/p>\n<p style=\"text-align: center;\"><span style=\"color: #ff0000;\"><span style=\"color: #000000;\">Noch mehr freie Pl\u00e4tze<\/span><br>\n<\/span><\/p>\n<p style=\"text-align: center;\"><img loading=\"lazy\" decoding=\"async\" class=\"aligncenter size-full wp-image-778\" src=\"https:\/\/gartner52.de\/page\/wp-content\/uploads\/2016\/02\/2008_HR19.jpg\" alt=\"2008_HR19\" width=\"800\" height=\"600\" srcset=\"https:\/\/gartner52.de\/page\/wp-content\/uploads\/2016\/02\/2008_HR19.jpg 800w, https:\/\/gartner52.de\/page\/wp-content\/uploads\/2016\/02\/2008_HR19-300x225.jpg 300w, https:\/\/gartner52.de\/page\/wp-content\/uploads\/2016\/02\/2008_HR19-768x576.jpg 768w\" sizes=\"auto, (max-width: 800px) 100vw, 800px\"><\/p>\n<p style=\"text-align: center;\">Man musste nicht einmal nach einem freien Platz suchen.<br>\nUnsere beiden Stellpl\u00e4tze waren fast an der gleichen Stelle wie der wo wir im Juni waren.<br>\nSo standen wir nicht weit von den Toiletten und auch zum Strand war es nicht weit.<br>\nUnseren Kleinen hat es nat\u00fcrlich gefallen. Die wollten sofort zum Gro\u00dfen Wasser gehen.<\/p>\n<p style=\"text-align: center;\">Unsere Pl\u00e4tze<br>\n<img loading=\"lazy\" decoding=\"async\" class=\"aligncenter size-full wp-image-546\" src=\"https:\/\/gartner52.de\/page\/wp-content\/uploads\/2016\/02\/2008_HR10.jpg\" alt=\"2008_HR10\" width=\"800\" height=\"600\" srcset=\"https:\/\/gartner52.de\/page\/wp-content\/uploads\/2016\/02\/2008_HR10.jpg 800w, https:\/\/gartner52.de\/page\/wp-content\/uploads\/2016\/02\/2008_HR10-300x225.jpg 300w, https:\/\/gartner52.de\/page\/wp-content\/uploads\/2016\/02\/2008_HR10-768x576.jpg 768w\" sizes=\"auto, (max-width: 800px) 100vw, 800px\"><br>\n<img loading=\"lazy\" decoding=\"async\" class=\"aligncenter size-full wp-image-779\" src=\"https:\/\/gartner52.de\/page\/wp-content\/uploads\/2016\/02\/2008_HR20.jpg\" alt=\"2008_HR20\" width=\"800\" height=\"600\" srcset=\"https:\/\/gartner52.de\/page\/wp-content\/uploads\/2016\/02\/2008_HR20.jpg 800w, https:\/\/gartner52.de\/page\/wp-content\/uploads\/2016\/02\/2008_HR20-300x225.jpg 300w, https:\/\/gartner52.de\/page\/wp-content\/uploads\/2016\/02\/2008_HR20-768x576.jpg 768w\" sizes=\"auto, (max-width: 800px) 100vw, 800px\"><\/p>\n<p style=\"text-align: center;\">Wir hatten uns schnell eingerichtet, da wir ja vom Juni schon wussten wo alles zu finden ist.<br>\nAlles was man brauchte war in der N\u00e4he, nun konnte der Urlaub beginnen.<\/p>\n<p style=\"text-align: center;\">In der Sonne liegen, baden und nichts tun war angesagt. Das war aber leichter gesagt als getan.<br>\nDie Kids hielten uns immer auf Trab. Einer wollte an den Strand Steine werfen, der andere wollte zu den Pools , mit seinen Freunden spielen.<br>\nIrgendwie haben die Frauen das aber immer geregelt bekommen.<\/p>\n<p style=\"text-align: center;\"><img loading=\"lazy\" decoding=\"async\" class=\"aligncenter size-full wp-image-543\" src=\"https:\/\/gartner52.de\/page\/wp-content\/uploads\/2016\/02\/2008_HR07.jpg\" alt=\"2008_HR07\" width=\"800\" height=\"600\" srcset=\"https:\/\/gartner52.de\/page\/wp-content\/uploads\/2016\/02\/2008_HR07.jpg 800w, https:\/\/gartner52.de\/page\/wp-content\/uploads\/2016\/02\/2008_HR07-300x225.jpg 300w, https:\/\/gartner52.de\/page\/wp-content\/uploads\/2016\/02\/2008_HR07-768x576.jpg 768w\" sizes=\"auto, (max-width: 800px) 100vw, 800px\"><\/p>\n<p style=\"text-align: center;\">immer planschen, so waren sie zufrieden<\/p>\n<p style=\"text-align: center;\"><img loading=\"lazy\" decoding=\"async\" class=\"aligncenter size-full wp-image-542\" src=\"https:\/\/gartner52.de\/page\/wp-content\/uploads\/2016\/02\/2008_HR06.jpg\" alt=\"2008_HR06\" width=\"800\" height=\"600\" srcset=\"https:\/\/gartner52.de\/page\/wp-content\/uploads\/2016\/02\/2008_HR06.jpg 800w, https:\/\/gartner52.de\/page\/wp-content\/uploads\/2016\/02\/2008_HR06-300x225.jpg 300w, https:\/\/gartner52.de\/page\/wp-content\/uploads\/2016\/02\/2008_HR06-768x576.jpg 768w\" sizes=\"auto, (max-width: 800px) 100vw, 800px\"><\/p>\n<p style=\"text-align: center;\">Yoshua und ich machten eine kleine Fahrrad Tour durch den Campingplatz.<br>\nAm Strand haben wir den gro\u00dfen Wellen zugeschaut.<\/p>\n<p style=\"text-align: center;\"><img loading=\"lazy\" decoding=\"async\" class=\"aligncenter size-full wp-image-547\" src=\"https:\/\/gartner52.de\/page\/wp-content\/uploads\/2016\/02\/2008_HR11.jpg\" alt=\"2008_HR11\" width=\"800\" height=\"600\" srcset=\"https:\/\/gartner52.de\/page\/wp-content\/uploads\/2016\/02\/2008_HR11.jpg 800w, https:\/\/gartner52.de\/page\/wp-content\/uploads\/2016\/02\/2008_HR11-300x225.jpg 300w, https:\/\/gartner52.de\/page\/wp-content\/uploads\/2016\/02\/2008_HR11-768x576.jpg 768w\" sizes=\"auto, (max-width: 800px) 100vw, 800px\"><\/p>\n<p style=\"text-align: center;\">an den Pools<\/p>\n<p style=\"text-align: center;\"><img loading=\"lazy\" decoding=\"async\" class=\"aligncenter size-full wp-image-780\" src=\"https:\/\/gartner52.de\/page\/wp-content\/uploads\/2016\/02\/2008_HR10a.jpg\" alt=\"2008_HR10a\" width=\"800\" height=\"600\" srcset=\"https:\/\/gartner52.de\/page\/wp-content\/uploads\/2016\/02\/2008_HR10a.jpg 800w, https:\/\/gartner52.de\/page\/wp-content\/uploads\/2016\/02\/2008_HR10a-300x225.jpg 300w, https:\/\/gartner52.de\/page\/wp-content\/uploads\/2016\/02\/2008_HR10a-768x576.jpg 768w\" sizes=\"auto, (max-width: 800px) 100vw, 800px\"><\/p>\n<p style=\"text-align: center;\">der Strand bei starkem Wind<\/p>\n<p style=\"text-align: center;\"><img loading=\"lazy\" decoding=\"async\" class=\"aligncenter size-full wp-image-548\" src=\"https:\/\/gartner52.de\/page\/wp-content\/uploads\/2016\/02\/2008_HR12.jpg\" alt=\"2008_HR12\" width=\"800\" height=\"600\" srcset=\"https:\/\/gartner52.de\/page\/wp-content\/uploads\/2016\/02\/2008_HR12.jpg 800w, https:\/\/gartner52.de\/page\/wp-content\/uploads\/2016\/02\/2008_HR12-300x225.jpg 300w, https:\/\/gartner52.de\/page\/wp-content\/uploads\/2016\/02\/2008_HR12-768x576.jpg 768w\" sizes=\"auto, (max-width: 800px) 100vw, 800px\"><\/p>\n<p style=\"text-align: center;\">Windig war es hier oft.<\/p>\n<p style=\"text-align: center;\"><img loading=\"lazy\" decoding=\"async\" class=\"aligncenter size-full wp-image-549\" src=\"https:\/\/gartner52.de\/page\/wp-content\/uploads\/2016\/02\/2008_HR13.jpg\" alt=\"2008_HR13\" width=\"800\" height=\"600\" srcset=\"https:\/\/gartner52.de\/page\/wp-content\/uploads\/2016\/02\/2008_HR13.jpg 800w, https:\/\/gartner52.de\/page\/wp-content\/uploads\/2016\/02\/2008_HR13-300x225.jpg 300w, https:\/\/gartner52.de\/page\/wp-content\/uploads\/2016\/02\/2008_HR13-768x576.jpg 768w\" sizes=\"auto, (max-width: 800px) 100vw, 800px\"><\/p>\n<p style=\"text-align: center;\">So verging die Zeit wie im Fluge. 2 Wochen sind schnell vorbei, das Wetter war in den beiden Wochen einfach nur super.<\/p>\n<p style=\"text-align: center;\">Jeden Tag Sonne pur, kein einziger Regentag.<\/p>\n<p style=\"text-align: center;\">Gr\u00f6\u00dfere Ausfl\u00fcge wurden dieses mal nicht gemacht. Die Kids wollten immer nur an den Strand oder an die Pools.<\/p>\n<p style=\"text-align: center;\">Das einzige was manchmal st\u00f6rte war der Wind, der an manchen Tagen schon sehr heftig war.<br>\nMit den R\u00e4dern fuhren wir nach Medulin, dort kann man sch\u00f6n bummeln und auch gut essen gehen.<br>\nAm Hafen gibt es einen Vergn\u00fcgungspark wo es f\u00fcr Kinder viele Fahrgesch\u00e4fte gibt. Die wollten gar nicht mehr nach Hause.<\/p>\n<p>&nbsp;<\/p>\n<p style=\"text-align: center;\">Nun will ich noch einiges \u00fcber den Platz selbst schreiben.<br>\n<span style=\"text-decoration: underline;\">Alles Stand 2008<\/span><\/p>\n<p style=\"text-align: center;\">Der Campingplatz ist sehr gro\u00df, es gibt einen Textil und einen <span class=\"caps\">FKK<\/span> Bereich. Der <span class=\"caps\">CP<\/span> ist unter Italienischer Leitung, was nicht immer von Vorteil ist.<br>\nDie Dauercamper waren heuer sehr gestresst. Die Miete wurde sehr stark erh\u00f6ht, und der <span class=\"caps\">FKK<\/span> Teil wird immer kleiner.<\/p>\n<p style=\"text-align: center;\">Einkaufsm\u00f6glichkeiten gibt es auf dem Platz auch einige. Nur der Supermarkt ist nicht gerade g\u00fcnstig.<br>\nWir waren immer in Medulin im Konzum. Der war bestimmt ein Drittel billiger.<br>\nDie beiden Restaurants dagegen kann man aber weiterempfehlen.<br>\nWir haben in beiden Restaurants gut, und nicht teuer gegessen.<\/p>\n<p style=\"text-align: center;\">Was uns noch sehr st\u00f6rte war der Kinderspielplatz, der war ganz am Ende des Campingplatzes.<br>\nVon unseren Stellpl\u00e4tzen brauchte man zu Fu\u00df 10 Minuten bis zum Spielplatz. Au\u00dferdem war es am Abend sehr dunkel dort.<br>\nDie Kinder konnten nicht alleine auf den Spielplatz gehen.<\/p>\n<p style=\"text-align: center;\">Nach 2 Wochen mussten wir dann wieder die Heimreise antreten.<br>\n<img loading=\"lazy\" decoding=\"async\" class=\"aligncenter size-full wp-image-550\" src=\"https:\/\/gartner52.de\/page\/wp-content\/uploads\/2016\/02\/2008_HR14.jpg\" alt=\"2008_HR14\" width=\"800\" height=\"600\" srcset=\"https:\/\/gartner52.de\/page\/wp-content\/uploads\/2016\/02\/2008_HR14.jpg 800w, https:\/\/gartner52.de\/page\/wp-content\/uploads\/2016\/02\/2008_HR14-300x225.jpg 300w, https:\/\/gartner52.de\/page\/wp-content\/uploads\/2016\/02\/2008_HR14-768x576.jpg 768w\" sizes=\"auto, (max-width: 800px) 100vw, 800px\"><\/p>\n<p style=\"text-align: center;\"><img loading=\"lazy\" decoding=\"async\" class=\"aligncenter size-full wp-image-551\" src=\"https:\/\/gartner52.de\/page\/wp-content\/uploads\/2016\/02\/2008_HR15.jpg\" alt=\"2008_HR15\" width=\"800\" height=\"600\" srcset=\"https:\/\/gartner52.de\/page\/wp-content\/uploads\/2016\/02\/2008_HR15.jpg 800w, https:\/\/gartner52.de\/page\/wp-content\/uploads\/2016\/02\/2008_HR15-300x225.jpg 300w, https:\/\/gartner52.de\/page\/wp-content\/uploads\/2016\/02\/2008_HR15-768x576.jpg 768w\" sizes=\"auto, (max-width: 800px) 100vw, 800px\"><\/p>\n<p>Um es den Kindern nicht allzu stressig zu machen, wollten wir noch 2 Tage in \u00d6sterreich auf einem Campingplatz im Maltatal verbringen. Dieser Campingplatz war sehr sch\u00f6n, man konnte von hier aus auch vieles unternehmen. Zu dem Campingplatz geh\u00f6rte ein sehr gutes Restaurant, ein sch\u00f6ner Kinderspielplatz und ein Streichelzoo. Au\u00dferdem war ein gro\u00dfer Pool vorhanden.<br>\nEs gab in der N\u00e4he einen gro\u00dfen Stausee, den Nationalpark Nockberge und 300 km Wanderwege in allen H\u00f6henlagen.<br>\nDie Malteiner Wasserspiele sind f\u00fcr Kinder ein besonderes Erlebnis.<\/p>\n<p style=\"text-align: center;\">Terrassencamping Maltatal<br>\n<img loading=\"lazy\" decoding=\"async\" class=\"aligncenter size-full wp-image-552\" src=\"https:\/\/gartner52.de\/page\/wp-content\/uploads\/2016\/02\/2008_HR16.jpg\" alt=\"2008_HR16\" width=\"800\" height=\"600\" srcset=\"https:\/\/gartner52.de\/page\/wp-content\/uploads\/2016\/02\/2008_HR16.jpg 800w, https:\/\/gartner52.de\/page\/wp-content\/uploads\/2016\/02\/2008_HR16-300x225.jpg 300w, https:\/\/gartner52.de\/page\/wp-content\/uploads\/2016\/02\/2008_HR16-768x576.jpg 768w\" sizes=\"auto, (max-width: 800px) 100vw, 800px\"><br>\n<img loading=\"lazy\" decoding=\"async\" class=\"aligncenter size-full wp-image-553\" src=\"https:\/\/gartner52.de\/page\/wp-content\/uploads\/2016\/02\/2008_HR17.jpg\" alt=\"2008_HR17\" width=\"800\" height=\"600\" srcset=\"https:\/\/gartner52.de\/page\/wp-content\/uploads\/2016\/02\/2008_HR17.jpg 800w, https:\/\/gartner52.de\/page\/wp-content\/uploads\/2016\/02\/2008_HR17-300x225.jpg 300w, https:\/\/gartner52.de\/page\/wp-content\/uploads\/2016\/02\/2008_HR17-768x576.jpg 768w\" sizes=\"auto, (max-width: 800px) 100vw, 800px\"><br>\n<img loading=\"lazy\" decoding=\"async\" class=\"aligncenter size-full wp-image-554\" src=\"https:\/\/gartner52.de\/page\/wp-content\/uploads\/2016\/02\/2008_HR18.jpg\" alt=\"2008_HR18\" width=\"800\" height=\"600\" srcset=\"https:\/\/gartner52.de\/page\/wp-content\/uploads\/2016\/02\/2008_HR18.jpg 800w, https:\/\/gartner52.de\/page\/wp-content\/uploads\/2016\/02\/2008_HR18-300x225.jpg 300w, https:\/\/gartner52.de\/page\/wp-content\/uploads\/2016\/02\/2008_HR18-768x576.jpg 768w\" sizes=\"auto, (max-width: 800px) 100vw, 800px\"><\/p>\n<p style=\"text-align: center;\">Nach zwei sonnigen und ruhigen Tagen ging es auf die letzte Etappe unserer R\u00fcckreise.<br>\nVom Maltatal durch die beiden gro\u00dfen, und viele kleinere Tunnels wieder \u00fcber Salzburg und M\u00fcnchen nach Karlsruhe.<\/p>\n<p style=\"text-align: center;\"><a href=\"https:\/\/gartner52.de\/page\/kroatien-2008-juni\/\">Zur\u00fcck zu Kroatien 2008<\/a><\/p>\n","protected":false},"excerpt":{"rendered":"<p>Urlaub im August \u2013 September 2008 auf dem Campingplatz Kazela in Medulin &nbsp; Den zweiten Urlaub im Jahre 2008 wollten wir auch wieder in Kroatien verbringen. In diesen Jahr waren wir nur mit unserer Tochter und ihrer Familie unterwegs. Die \u2026 <a href=\"https:\/\/gartner52.de\/page\/august2008-1\/\">Weiter<\/a><\/p>\n","protected":false},"author":1,"featured_media":0,"parent":0,"menu_order":0,"comment_status":"closed","ping_status":"closed","template":"","meta":{"wp_typography_post_enhancements_disabled":false,"kt_blocks_editor_width":"","footnotes":""},"class_list":["post-690","page","type-page","status-publish","hentry"],"_links":{"self":[{"href":"https:\/\/gartner52.de\/page\/wp-json\/wp\/v2\/pages\/690","targetHints":{"allow":["GET"]}}],"collection":[{"href":"https:\/\/gartner52.de\/page\/wp-json\/wp\/v2\/pages"}],"about":[{"href":"https:\/\/gartner52.de\/page\/wp-json\/wp\/v2\/types\/page"}],"author":[{"embeddable":true,"href":"https:\/\/gartner52.de\/page\/wp-json\/wp\/v2\/users\/1"}],"replies":[{"embeddable":true,"href":"https:\/\/gartner52.de\/page\/wp-json\/wp\/v2\/comments?post=690"}],"version-history":[{"count":13,"href":"https:\/\/gartner52.de\/page\/wp-json\/wp\/v2\/pages\/690\/revisions"}],"predecessor-version":[{"id":854,"href":"https:\/\/gartner52.de\/page\/wp-json\/wp\/v2\/pages\/690\/revisions\/854"}],"wp:attachment":[{"href":"https:\/\/gartner52.de\/page\/wp-json\/wp\/v2\/media?parent=690"}],"curies":[{"name":"wp","href":"https:\/\/api.w.org\/{rel}","templated":true}]}}