{"id":6738,"date":"2021-08-10T21:48:17","date_gmt":"2021-08-10T19:48:17","guid":{"rendered":"http:\/\/gartner52.de\/page\/?page_id=6738"},"modified":"2022-01-17T14:18:40","modified_gmt":"2022-01-17T13:18:40","slug":"2021-sulzburg","status":"publish","type":"page","link":"https:\/\/gartner52.de\/page\/2021-sulzburg\/","title":{"rendered":"2021 Sulzburg"},"content":{"rendered":"<p style=\"text-align: center;\"><span style=\"font-size: 14pt; color: #3366ff;\">Kurzurlaub auf dem Campingplatz Sulzbachtal<br>\n<\/span><\/p>\n<p style=\"text-align: center;\"><span style=\"font-size: 14pt; color: #3366ff;\"><span style=\"font-size: 12pt; color: #666699;\">Hier ein kleiner Bericht davon<\/span> <\/span><\/p>\n<p>Im Juli konnten wir endlich mal wieder einen Kurzurlaub bei uns im Lande machen. Wir hatten beschlossen dass wir mit unserem Sohn und seiner Frau zusammen an den Schwarzwaldrand nach Sulzburg fahren.<br>\nF\u00fcr die geplante Woche hatte der Wetterbericht aber leider kein sch\u00f6nes Wetter vorher gesagt, wir wollten es aber trotzdem probieren.<\/p>\n<p style=\"text-align: center;\"><img loading=\"lazy\" decoding=\"async\" class=\"size-full wp-image-6774 aligncenter\" src=\"https:\/\/gartner52.de\/page\/wp-content\/uploads\/2021\/10\/IMG_3205.jpg\" alt width=\"890\" height=\"500\" srcset=\"https:\/\/gartner52.de\/page\/wp-content\/uploads\/2021\/10\/IMG_3205.jpg 890w, https:\/\/gartner52.de\/page\/wp-content\/uploads\/2021\/10\/IMG_3205-300x169.jpg 300w, https:\/\/gartner52.de\/page\/wp-content\/uploads\/2021\/10\/IMG_3205-768x431.jpg 768w\" sizes=\"auto, (max-width: 890px) 100vw, 890px\"> Der Campingplatz liegt etwas versteckt in der Landschaft. Wenn man von Ballrechten-Dottingen kommt, f\u00e4hrt man am Anfang von Sulzburg rechts ab Richtung Sportplatz.<br>\nDann ist man auch gleich beim Campingplatz.<img loading=\"lazy\" decoding=\"async\" class=\"size-full wp-image-6773 aligncenter\" src=\"https:\/\/gartner52.de\/page\/wp-content\/uploads\/2021\/10\/Campingplatz.jpg\" alt width=\"890\" height=\"500\" srcset=\"https:\/\/gartner52.de\/page\/wp-content\/uploads\/2021\/10\/Campingplatz.jpg 890w, https:\/\/gartner52.de\/page\/wp-content\/uploads\/2021\/10\/Campingplatz-300x169.jpg 300w, https:\/\/gartner52.de\/page\/wp-content\/uploads\/2021\/10\/Campingplatz-768x431.jpg 768w\" sizes=\"auto, (max-width: 890px) 100vw, 890px\">&nbsp; <img loading=\"lazy\" decoding=\"async\" class=\"size-full wp-image-6772 aligncenter\" src=\"https:\/\/gartner52.de\/page\/wp-content\/uploads\/2021\/10\/38Camping-Sulzburg.jpg\" alt width=\"890\" height=\"500\" srcset=\"https:\/\/gartner52.de\/page\/wp-content\/uploads\/2021\/10\/38Camping-Sulzburg.jpg 890w, https:\/\/gartner52.de\/page\/wp-content\/uploads\/2021\/10\/38Camping-Sulzburg-300x169.jpg 300w, https:\/\/gartner52.de\/page\/wp-content\/uploads\/2021\/10\/38Camping-Sulzburg-768x431.jpg 768w\" sizes=\"auto, (max-width: 890px) 100vw, 890px\"> Der Campingplatz hat kleine Terrassen mit verschieden gro\u00dfen Stellpl\u00e4tzen. Wir standen auf den Panorama Maxi Komfort Pl\u00e4tzen.<br>\nDiese sind sehr gro\u00df und haben alle Anschl\u00fcsse die man braucht.<img loading=\"lazy\" decoding=\"async\" class=\"size-full wp-image-6771 aligncenter\" src=\"https:\/\/gartner52.de\/page\/wp-content\/uploads\/2021\/10\/37Camping-Sulzburg.jpg\" alt width=\"890\" height=\"500\" srcset=\"https:\/\/gartner52.de\/page\/wp-content\/uploads\/2021\/10\/37Camping-Sulzburg.jpg 890w, https:\/\/gartner52.de\/page\/wp-content\/uploads\/2021\/10\/37Camping-Sulzburg-300x169.jpg 300w, https:\/\/gartner52.de\/page\/wp-content\/uploads\/2021\/10\/37Camping-Sulzburg-768x431.jpg 768w\" sizes=\"auto, (max-width: 890px) 100vw, 890px\"><\/p>\n<p style=\"text-align: center;\">Auf dem <span class=\"caps\">CP<\/span> gibt es auch einen Naturbadeteich. Dieser ist sch\u00f6n angelegt, aber nicht sehr gro\u00df.<img loading=\"lazy\" decoding=\"async\" class=\"size-full wp-image-6766 aligncenter\" src=\"https:\/\/gartner52.de\/page\/wp-content\/uploads\/2021\/10\/28Camping-Sulzburg.jpg\" alt width=\"890\" height=\"500\" srcset=\"https:\/\/gartner52.de\/page\/wp-content\/uploads\/2021\/10\/28Camping-Sulzburg.jpg 890w, https:\/\/gartner52.de\/page\/wp-content\/uploads\/2021\/10\/28Camping-Sulzburg-300x169.jpg 300w, https:\/\/gartner52.de\/page\/wp-content\/uploads\/2021\/10\/28Camping-Sulzburg-768x431.jpg 768w\" sizes=\"auto, (max-width: 890px) 100vw, 890px\">&nbsp; <img loading=\"lazy\" decoding=\"async\" class=\"size-full wp-image-6770 aligncenter\" src=\"https:\/\/gartner52.de\/page\/wp-content\/uploads\/2021\/10\/33Camping-Sulzburg.jpg\" alt width=\"890\" height=\"500\" srcset=\"https:\/\/gartner52.de\/page\/wp-content\/uploads\/2021\/10\/33Camping-Sulzburg.jpg 890w, https:\/\/gartner52.de\/page\/wp-content\/uploads\/2021\/10\/33Camping-Sulzburg-300x169.jpg 300w, https:\/\/gartner52.de\/page\/wp-content\/uploads\/2021\/10\/33Camping-Sulzburg-768x431.jpg 768w\" sizes=\"auto, (max-width: 890px) 100vw, 890px\"><\/p>\n<p style=\"text-align: center;\"><img loading=\"lazy\" decoding=\"async\" class=\"size-full wp-image-6770 aligncenter\" src=\"https:\/\/gartner52.de\/page\/wp-content\/uploads\/2021\/10\/33Camping-Sulzburg.jpg\" alt width=\"890\" height=\"500\" srcset=\"https:\/\/gartner52.de\/page\/wp-content\/uploads\/2021\/10\/33Camping-Sulzburg.jpg 890w, https:\/\/gartner52.de\/page\/wp-content\/uploads\/2021\/10\/33Camping-Sulzburg-300x169.jpg 300w, https:\/\/gartner52.de\/page\/wp-content\/uploads\/2021\/10\/33Camping-Sulzburg-768x431.jpg 768w\" sizes=\"auto, (max-width: 890px) 100vw, 890px\">&nbsp; <img loading=\"lazy\" decoding=\"async\" class=\"size-large wp-image-6769 aligncenter\" src=\"https:\/\/gartner52.de\/page\/wp-content\/uploads\/2021\/10\/32Camping-Sulzburg.jpg\" alt width=\"890\" height=\"500\" srcset=\"https:\/\/gartner52.de\/page\/wp-content\/uploads\/2021\/10\/32Camping-Sulzburg.jpg 890w, https:\/\/gartner52.de\/page\/wp-content\/uploads\/2021\/10\/32Camping-Sulzburg-300x169.jpg 300w, https:\/\/gartner52.de\/page\/wp-content\/uploads\/2021\/10\/32Camping-Sulzburg-768x431.jpg 768w\" sizes=\"auto, (max-width: 890px) 100vw, 890px\">Leider war das Wetter nicht so gut, baden wurde verschoben.&nbsp; <img loading=\"lazy\" decoding=\"async\" class=\"size-full wp-image-6767 aligncenter\" src=\"https:\/\/gartner52.de\/page\/wp-content\/uploads\/2021\/10\/29Camping-Sulzburg.jpg\" alt width=\"890\" height=\"500\" srcset=\"https:\/\/gartner52.de\/page\/wp-content\/uploads\/2021\/10\/29Camping-Sulzburg.jpg 890w, https:\/\/gartner52.de\/page\/wp-content\/uploads\/2021\/10\/29Camping-Sulzburg-300x169.jpg 300w, https:\/\/gartner52.de\/page\/wp-content\/uploads\/2021\/10\/29Camping-Sulzburg-768x431.jpg 768w\" sizes=\"auto, (max-width: 890px) 100vw, 890px\"><\/p>\n<p style=\"text-align: center;\"><img loading=\"lazy\" decoding=\"async\" class=\"size-full wp-image-6768 aligncenter\" src=\"https:\/\/gartner52.de\/page\/wp-content\/uploads\/2021\/10\/31Camping-Sulzburg.jpg\" alt width=\"890\" height=\"500\" srcset=\"https:\/\/gartner52.de\/page\/wp-content\/uploads\/2021\/10\/31Camping-Sulzburg.jpg 890w, https:\/\/gartner52.de\/page\/wp-content\/uploads\/2021\/10\/31Camping-Sulzburg-300x169.jpg 300w, https:\/\/gartner52.de\/page\/wp-content\/uploads\/2021\/10\/31Camping-Sulzburg-768x431.jpg 768w\" sizes=\"auto, (max-width: 890px) 100vw, 890px\"><\/p>\n<p style=\"text-align: center;\">Wir machten auch eine kleine Wanderung durch die Weinberge<img loading=\"lazy\" decoding=\"async\" class=\"size-full wp-image-6763 aligncenter\" src=\"https:\/\/gartner52.de\/page\/wp-content\/uploads\/2021\/10\/25Camping-Sulzburg.jpg\" alt width=\"890\" height=\"500\" srcset=\"https:\/\/gartner52.de\/page\/wp-content\/uploads\/2021\/10\/25Camping-Sulzburg.jpg 890w, https:\/\/gartner52.de\/page\/wp-content\/uploads\/2021\/10\/25Camping-Sulzburg-300x169.jpg 300w, https:\/\/gartner52.de\/page\/wp-content\/uploads\/2021\/10\/25Camping-Sulzburg-768x431.jpg 768w\" sizes=\"auto, (max-width: 890px) 100vw, 890px\"><\/p>\n<p style=\"text-align: center;\"><img loading=\"lazy\" decoding=\"async\" class=\"size-full wp-image-6764 aligncenter\" src=\"https:\/\/gartner52.de\/page\/wp-content\/uploads\/2021\/10\/26Camping-Sulzburg.jpg\" alt width=\"890\" height=\"500\" srcset=\"https:\/\/gartner52.de\/page\/wp-content\/uploads\/2021\/10\/26Camping-Sulzburg.jpg 890w, https:\/\/gartner52.de\/page\/wp-content\/uploads\/2021\/10\/26Camping-Sulzburg-300x169.jpg 300w, https:\/\/gartner52.de\/page\/wp-content\/uploads\/2021\/10\/26Camping-Sulzburg-768x431.jpg 768w\" sizes=\"auto, (max-width: 890px) 100vw, 890px\">Ein Blick Richtung Frankreich zu den Vogesen <img loading=\"lazy\" decoding=\"async\" class=\"size-full wp-image-6761 aligncenter\" src=\"https:\/\/gartner52.de\/page\/wp-content\/uploads\/2021\/10\/22Camping-Sulzburg.jpg\" alt width=\"890\" height=\"500\" srcset=\"https:\/\/gartner52.de\/page\/wp-content\/uploads\/2021\/10\/22Camping-Sulzburg.jpg 890w, https:\/\/gartner52.de\/page\/wp-content\/uploads\/2021\/10\/22Camping-Sulzburg-300x169.jpg 300w, https:\/\/gartner52.de\/page\/wp-content\/uploads\/2021\/10\/22Camping-Sulzburg-768x431.jpg 768w\" sizes=\"auto, (max-width: 890px) 100vw, 890px\"><\/p>\n<p style=\"text-align: center;\"><img loading=\"lazy\" decoding=\"async\" class=\"alignnone size-full wp-image-6760\" src=\"https:\/\/gartner52.de\/page\/wp-content\/uploads\/2021\/10\/19Camping-Sulzburg.jpg\" alt width=\"890\" height=\"500\" srcset=\"https:\/\/gartner52.de\/page\/wp-content\/uploads\/2021\/10\/19Camping-Sulzburg.jpg 890w, https:\/\/gartner52.de\/page\/wp-content\/uploads\/2021\/10\/19Camping-Sulzburg-300x169.jpg 300w, https:\/\/gartner52.de\/page\/wp-content\/uploads\/2021\/10\/19Camping-Sulzburg-768x431.jpg 768w\" sizes=\"auto, (max-width: 890px) 100vw, 890px\"><\/p>\n<p style=\"text-align: center;\"><img loading=\"lazy\" decoding=\"async\" class=\"size-full wp-image-6762 aligncenter\" src=\"https:\/\/gartner52.de\/page\/wp-content\/uploads\/2021\/10\/24Camping-Sulzburg.jpg\" alt width=\"890\" height=\"500\" srcset=\"https:\/\/gartner52.de\/page\/wp-content\/uploads\/2021\/10\/24Camping-Sulzburg.jpg 890w, https:\/\/gartner52.de\/page\/wp-content\/uploads\/2021\/10\/24Camping-Sulzburg-300x169.jpg 300w, https:\/\/gartner52.de\/page\/wp-content\/uploads\/2021\/10\/24Camping-Sulzburg-768x431.jpg 768w\" sizes=\"auto, (max-width: 890px) 100vw, 890px\"> &nbsp;&nbsp;&nbsp;&nbsp;&nbsp; Der Sportplatz von Sulzburg, im Clubhaus gibt es gute Pizza.<img loading=\"lazy\" decoding=\"async\" class=\"size-full wp-image-6759 aligncenter\" src=\"https:\/\/gartner52.de\/page\/wp-content\/uploads\/2021\/10\/17Camping-Sulzburg.jpg\" alt width=\"890\" height=\"500\" srcset=\"https:\/\/gartner52.de\/page\/wp-content\/uploads\/2021\/10\/17Camping-Sulzburg.jpg 890w, https:\/\/gartner52.de\/page\/wp-content\/uploads\/2021\/10\/17Camping-Sulzburg-300x169.jpg 300w, https:\/\/gartner52.de\/page\/wp-content\/uploads\/2021\/10\/17Camping-Sulzburg-768x431.jpg 768w\" sizes=\"auto, (max-width: 890px) 100vw, 890px\"><\/p>\n<p style=\"text-align: center;\"><img loading=\"lazy\" decoding=\"async\" class=\"size-full wp-image-6765 aligncenter\" src=\"https:\/\/gartner52.de\/page\/wp-content\/uploads\/2021\/10\/27Camping-Sulzburg.jpg\" alt width=\"890\" height=\"500\" srcset=\"https:\/\/gartner52.de\/page\/wp-content\/uploads\/2021\/10\/27Camping-Sulzburg.jpg 890w, https:\/\/gartner52.de\/page\/wp-content\/uploads\/2021\/10\/27Camping-Sulzburg-300x169.jpg 300w, https:\/\/gartner52.de\/page\/wp-content\/uploads\/2021\/10\/27Camping-Sulzburg-768x431.jpg 768w\" sizes=\"auto, (max-width: 890px) 100vw, 890px\"><\/p>\n<p style=\"text-align: center;\">Samstags in Staufen<img loading=\"lazy\" decoding=\"async\" class=\"size-full wp-image-6779 aligncenter\" src=\"https:\/\/gartner52.de\/page\/wp-content\/uploads\/2021\/10\/Staufen-Burg1.jpg\" alt width=\"890\" height=\"500\" srcset=\"https:\/\/gartner52.de\/page\/wp-content\/uploads\/2021\/10\/Staufen-Burg1.jpg 890w, https:\/\/gartner52.de\/page\/wp-content\/uploads\/2021\/10\/Staufen-Burg1-300x169.jpg 300w, https:\/\/gartner52.de\/page\/wp-content\/uploads\/2021\/10\/Staufen-Burg1-768x431.jpg 768w\" sizes=\"auto, (max-width: 890px) 100vw, 890px\">&nbsp; <img loading=\"lazy\" decoding=\"async\" class=\"size-full wp-image-6751 aligncenter\" src=\"https:\/\/gartner52.de\/page\/wp-content\/uploads\/2021\/10\/04Camping-Sulzburg.jpg\" alt width=\"890\" height=\"500\" srcset=\"https:\/\/gartner52.de\/page\/wp-content\/uploads\/2021\/10\/04Camping-Sulzburg.jpg 890w, https:\/\/gartner52.de\/page\/wp-content\/uploads\/2021\/10\/04Camping-Sulzburg-300x169.jpg 300w, https:\/\/gartner52.de\/page\/wp-content\/uploads\/2021\/10\/04Camping-Sulzburg-768x431.jpg 768w\" sizes=\"auto, (max-width: 890px) 100vw, 890px\">&nbsp; <img loading=\"lazy\" decoding=\"async\" class=\"size-full wp-image-6758 aligncenter\" src=\"https:\/\/gartner52.de\/page\/wp-content\/uploads\/2021\/10\/16Camping-Sulzburg.jpg\" alt width=\"890\" height=\"500\" srcset=\"https:\/\/gartner52.de\/page\/wp-content\/uploads\/2021\/10\/16Camping-Sulzburg.jpg 890w, https:\/\/gartner52.de\/page\/wp-content\/uploads\/2021\/10\/16Camping-Sulzburg-300x169.jpg 300w, https:\/\/gartner52.de\/page\/wp-content\/uploads\/2021\/10\/16Camping-Sulzburg-768x431.jpg 768w\" sizes=\"auto, (max-width: 890px) 100vw, 890px\">Hier war einiges los&nbsp; <img loading=\"lazy\" decoding=\"async\" class=\"size-full wp-image-6754 aligncenter\" src=\"https:\/\/gartner52.de\/page\/wp-content\/uploads\/2021\/10\/09Camping-Sulzburg.jpg\" alt width=\"890\" height=\"500\" srcset=\"https:\/\/gartner52.de\/page\/wp-content\/uploads\/2021\/10\/09Camping-Sulzburg.jpg 890w, https:\/\/gartner52.de\/page\/wp-content\/uploads\/2021\/10\/09Camping-Sulzburg-300x169.jpg 300w, https:\/\/gartner52.de\/page\/wp-content\/uploads\/2021\/10\/09Camping-Sulzburg-768x431.jpg 768w\" sizes=\"auto, (max-width: 890px) 100vw, 890px\">&nbsp; So einer war mein erstes Auto<img loading=\"lazy\" decoding=\"async\" class=\"size-full wp-image-6753 aligncenter\" src=\"https:\/\/gartner52.de\/page\/wp-content\/uploads\/2021\/10\/08Camping-Sulzburg.jpg\" alt width=\"890\" height=\"500\" srcset=\"https:\/\/gartner52.de\/page\/wp-content\/uploads\/2021\/10\/08Camping-Sulzburg.jpg 890w, https:\/\/gartner52.de\/page\/wp-content\/uploads\/2021\/10\/08Camping-Sulzburg-300x169.jpg 300w, https:\/\/gartner52.de\/page\/wp-content\/uploads\/2021\/10\/08Camping-Sulzburg-768x431.jpg 768w\" sizes=\"auto, (max-width: 890px) 100vw, 890px\">&nbsp; Der Laden hat den richtigen Namen<img loading=\"lazy\" decoding=\"async\" class=\"size-full wp-image-6752 aligncenter\" src=\"https:\/\/gartner52.de\/page\/wp-content\/uploads\/2021\/10\/05Camping-Sulzburg.jpg\" alt width=\"890\" height=\"500\" srcset=\"https:\/\/gartner52.de\/page\/wp-content\/uploads\/2021\/10\/05Camping-Sulzburg.jpg 890w, https:\/\/gartner52.de\/page\/wp-content\/uploads\/2021\/10\/05Camping-Sulzburg-300x169.jpg 300w, https:\/\/gartner52.de\/page\/wp-content\/uploads\/2021\/10\/05Camping-Sulzburg-768x431.jpg 768w\" sizes=\"auto, (max-width: 890px) 100vw, 890px\">&nbsp; In Staufen gab es im Jahr 2007 Geothermische Bohrungen. Dabei kam es zu Hebungen des Gel\u00e4ndes und es entstanden an 269 Geb\u00e4uden zum Teil erhebliche Sch\u00e4den.<img loading=\"lazy\" decoding=\"async\" class=\"size-full wp-image-6756 aligncenter\" src=\"https:\/\/gartner52.de\/page\/wp-content\/uploads\/2021\/10\/12Camping-Sulzburg.jpg\" alt width=\"890\" height=\"500\" srcset=\"https:\/\/gartner52.de\/page\/wp-content\/uploads\/2021\/10\/12Camping-Sulzburg.jpg 890w, https:\/\/gartner52.de\/page\/wp-content\/uploads\/2021\/10\/12Camping-Sulzburg-300x169.jpg 300w, https:\/\/gartner52.de\/page\/wp-content\/uploads\/2021\/10\/12Camping-Sulzburg-768x431.jpg 768w\" sizes=\"auto, (max-width: 890px) 100vw, 890px\">Diese Sch\u00e4den sind heute noch zu sehen&nbsp; <img loading=\"lazy\" decoding=\"async\" class=\"size-full wp-image-6755 aligncenter\" src=\"https:\/\/gartner52.de\/page\/wp-content\/uploads\/2021\/10\/10Camping-Sulzburg.jpg\" alt width=\"890\" height=\"500\" srcset=\"https:\/\/gartner52.de\/page\/wp-content\/uploads\/2021\/10\/10Camping-Sulzburg.jpg 890w, https:\/\/gartner52.de\/page\/wp-content\/uploads\/2021\/10\/10Camping-Sulzburg-300x169.jpg 300w, https:\/\/gartner52.de\/page\/wp-content\/uploads\/2021\/10\/10Camping-Sulzburg-768x431.jpg 768w\" sizes=\"auto, (max-width: 890px) 100vw, 890px\"><\/p>\n<p style=\"text-align: center;\"><img loading=\"lazy\" decoding=\"async\" class=\"size-full wp-image-6757 aligncenter\" src=\"https:\/\/gartner52.de\/page\/wp-content\/uploads\/2021\/10\/14Camping-Sulzburg.jpg\" alt width=\"890\" height=\"500\" srcset=\"https:\/\/gartner52.de\/page\/wp-content\/uploads\/2021\/10\/14Camping-Sulzburg.jpg 890w, https:\/\/gartner52.de\/page\/wp-content\/uploads\/2021\/10\/14Camping-Sulzburg-300x169.jpg 300w, https:\/\/gartner52.de\/page\/wp-content\/uploads\/2021\/10\/14Camping-Sulzburg-768x431.jpg 768w\" sizes=\"auto, (max-width: 890px) 100vw, 890px\">&nbsp; Zur\u00fcck auf dem Campingplatz. Wegen Corona war der Zugang zu den Toiletten und zu den Duschen limitiert.<br>\nJeder musste beim Betreten einen Deckel mitnehmen, das wurde aber nicht immer gemacht.<img loading=\"lazy\" decoding=\"async\" class=\"size-full wp-image-6776 aligncenter\" src=\"https:\/\/gartner52.de\/page\/wp-content\/uploads\/2021\/10\/IMG_20210716_173633.jpg\" alt width=\"889\" height=\"500\" srcset=\"https:\/\/gartner52.de\/page\/wp-content\/uploads\/2021\/10\/IMG_20210716_173633.jpg 889w, https:\/\/gartner52.de\/page\/wp-content\/uploads\/2021\/10\/IMG_20210716_173633-300x169.jpg 300w, https:\/\/gartner52.de\/page\/wp-content\/uploads\/2021\/10\/IMG_20210716_173633-768x432.jpg 768w\" sizes=\"auto, (max-width: 889px) 100vw, 889px\"><\/p>\n<p style=\"text-align: center;\"><img loading=\"lazy\" decoding=\"async\" class=\"alignnone size-full wp-image-6775\" src=\"https:\/\/gartner52.de\/page\/wp-content\/uploads\/2021\/10\/IMG_20210716_173612.jpg\" alt width=\"889\" height=\"500\" srcset=\"https:\/\/gartner52.de\/page\/wp-content\/uploads\/2021\/10\/IMG_20210716_173612.jpg 889w, https:\/\/gartner52.de\/page\/wp-content\/uploads\/2021\/10\/IMG_20210716_173612-300x169.jpg 300w, https:\/\/gartner52.de\/page\/wp-content\/uploads\/2021\/10\/IMG_20210716_173612-768x432.jpg 768w\" sizes=\"auto, (max-width: 889px) 100vw, 889px\"><\/p>\n<p style=\"text-align: center;\">&nbsp;Unser Aufenthalt auf dem Campingplatz war sch\u00f6n, das Wetter war besser als voraus gesagt.<br>\nWir waren eine Woche auf dem Platz, es gibt in der Rezeption einige Kleinigkeiten zu kaufen und auch eine kleine Vesperstube.<br>\nIn den Nachbarorten gibt es gr\u00f6\u00dfere Einkaufsm\u00f6glichkeiten.<br>\nUns hat es auf dem Campingplatz Sulzbachtal gut gefallen, es ist ein ruhiger Platz,<br>\nnur 5 Sterne sind etwas gewagt, dazu wird hier zu wenig geboten.<\/p>\n","protected":false},"excerpt":{"rendered":"<p>Kurzurlaub auf dem Campingplatz Sulzbachtal Hier ein kleiner Bericht davon Im Juli konnten wir endlich mal wieder einen Kurzurlaub bei uns im Lande machen. Wir hatten beschlossen dass wir mit unserem Sohn und seiner Frau zusammen an den Schwarzwaldrand nach \u2026 <a href=\"https:\/\/gartner52.de\/page\/2021-sulzburg\/\">Weiter<\/a><\/p>\n","protected":false},"author":4,"featured_media":0,"parent":0,"menu_order":0,"comment_status":"closed","ping_status":"closed","template":"","meta":{"wp_typography_post_enhancements_disabled":false,"kt_blocks_editor_width":"","footnotes":""},"class_list":["post-6738","page","type-page","status-publish","hentry"],"_links":{"self":[{"href":"https:\/\/gartner52.de\/page\/wp-json\/wp\/v2\/pages\/6738","targetHints":{"allow":["GET"]}}],"collection":[{"href":"https:\/\/gartner52.de\/page\/wp-json\/wp\/v2\/pages"}],"about":[{"href":"https:\/\/gartner52.de\/page\/wp-json\/wp\/v2\/types\/page"}],"author":[{"embeddable":true,"href":"https:\/\/gartner52.de\/page\/wp-json\/wp\/v2\/users\/4"}],"replies":[{"embeddable":true,"href":"https:\/\/gartner52.de\/page\/wp-json\/wp\/v2\/comments?post=6738"}],"version-history":[{"count":16,"href":"https:\/\/gartner52.de\/page\/wp-json\/wp\/v2\/pages\/6738\/revisions"}],"predecessor-version":[{"id":6991,"href":"https:\/\/gartner52.de\/page\/wp-json\/wp\/v2\/pages\/6738\/revisions\/6991"}],"wp:attachment":[{"href":"https:\/\/gartner52.de\/page\/wp-json\/wp\/v2\/media?parent=6738"}],"curies":[{"name":"wp","href":"https:\/\/api.w.org\/{rel}","templated":true}]}}