{"id":649,"date":"2016-02-12T21:47:14","date_gmt":"2016-02-12T20:47:14","guid":{"rendered":"http:\/\/gartner52.de\/page\/?page_id=649"},"modified":"2016-12-07T13:10:11","modified_gmt":"2016-12-07T12:10:11","slug":"langenbrand","status":"publish","type":"page","link":"https:\/\/gartner52.de\/page\/langenbrand\/","title":{"rendered":"2006 Langenbrand"},"content":{"rendered":"<h2 style=\"text-align: center;\"><em><span style=\"color: #0000ff;\"><strong>Der Erste Ausflug mit unserem neuen Wohnmobil<\/strong><\/span><\/em><\/h2>\n<p style=\"text-align: center;\">&nbsp;<span style=\"color: #008080; font-family: arial,helvetica,sans-serif;\">vom 16.08.2006 \u2013 18.08.2006<\/span><\/p>\n<p style=\"text-align: center;\"><span style=\"color: #ff0000;\">&nbsp;<\/span><\/p>\n<p><span style=\"font-family: arial,helvetica,sans-serif;\">Am 04.08.2006 haben wir unser neues Wohnmobil beim H\u00e4ndler in Kirchheim Teck abgeholt. In der darauf folgenden Woche wurde alles was wir schon an Zubeh\u00f6r und K\u00fcchen Inventar hatten einger\u00e4umt.<\/span><\/p>\n<p><span style=\"font-family: arial,helvetica,sans-serif;\">F\u00fcr die erste Ausfahrt hatten wir uns einen Campingplatz in unserer N\u00e4he ausgesucht. Wir wollten Richtung Schwarzwald fahren, auf den <span class=\"caps\">CP<\/span> \u201c<a href=\"http:\/\/www.hoehencamping.de\/\">H\u00f6hen-Camping Langenbrand<\/a>\u201d.<\/span><br>\n<span style=\"font-family: arial,helvetica,sans-serif;\"> Dieser Campingplatz ist nur ca. 45km von uns entfernt. Aber zum Ausprobieren sollte das reichen.<\/span><br>\n<span style=\"font-family: arial,helvetica,sans-serif;\"> Der H\u00f6hencamping ist ein kleinerer <span class=\"caps\">CP<\/span>. Es hat dort viele Dauercamper, aber auch einige sch\u00f6ne Stellpl\u00e4tze f\u00fcr Urlauber. Die Stellpl\u00e4tze sind sehr gut befestigt, und zum gro\u00dfen Teil mit dichtem Rasen bewachsen. Die Sanit\u00e4ren Anlagen sind schon etwas \u00e4lter, aber in einem sehr guten Zustand. Es war immer alles sauber. Die Betreiber sind sehr freundlich und hilfsbereit.<\/span><\/p>\n<p style=\"text-align: center;\"><img loading=\"lazy\" decoding=\"async\" class=\"alignnone size-full wp-image-831\" src=\"https:\/\/gartner52.de\/page\/wp-content\/uploads\/2016\/02\/2006_LangBrand02.jpg\" alt=\"2006_LangBrand02\" width=\"800\" height=\"600\" srcset=\"https:\/\/gartner52.de\/page\/wp-content\/uploads\/2016\/02\/2006_LangBrand02.jpg 800w, https:\/\/gartner52.de\/page\/wp-content\/uploads\/2016\/02\/2006_LangBrand02-300x225.jpg 300w, https:\/\/gartner52.de\/page\/wp-content\/uploads\/2016\/02\/2006_LangBrand02-768x576.jpg 768w\" sizes=\"auto, (max-width: 800px) 100vw, 800px\"><\/p>\n<p><span style=\"font-family: arial,helvetica,sans-serif;\">Wir suchten uns einen Stellplatz in der N\u00e4he des kleinen Spielplatzes da wir unseren Enkelsohn dabei hatten.<\/span><br>\n<span style=\"font-family: arial,helvetica,sans-serif;\"> Die Stellpl\u00e4tze haben alle einen Strom, Wasser \u2013 und Abwasseranschluss. Auch einen Anschluss f\u00fcr Kabelfernsehen ist \u00fcberall vorhanden, da der angrenzende Wald nicht \u00fcberall SAT-Empfang zul\u00e4sst.<\/span><\/p>\n<p style=\"text-align: center;\"><img loading=\"lazy\" decoding=\"async\" class=\"alignnone size-full wp-image-842\" src=\"https:\/\/gartner52.de\/page\/wp-content\/uploads\/2016\/02\/2006_LangBrand01.jpg\" alt=\"2006_LangBrand01\" width=\"800\" height=\"600\" srcset=\"https:\/\/gartner52.de\/page\/wp-content\/uploads\/2016\/02\/2006_LangBrand01.jpg 800w, https:\/\/gartner52.de\/page\/wp-content\/uploads\/2016\/02\/2006_LangBrand01-300x225.jpg 300w, https:\/\/gartner52.de\/page\/wp-content\/uploads\/2016\/02\/2006_LangBrand01-768x576.jpg 768w\" sizes=\"auto, (max-width: 800px) 100vw, 800px\"><\/p>\n<p><span style=\"font-family: arial,helvetica,sans-serif;\">Der Campingplatz liegt direkt am Waldrand wenn man von Langenbrand Richtung Sch\u00f6mberg f\u00e4hrt. Der Platz ist ruhig, und gut gegen den Verkehrsl\u00e4rm abgeschirmt. F\u00fcr kleinere Kinder ist der Platz gut geeignet, sie k\u00f6nnen hier \u00fcberall spielen und mit dem Rad fahren. Gr\u00f6\u00dferen Kids wird es hier wohl eher langweilig werden. In Sch\u00f6mberg gab es zu der Zeit als wir dort waren noch ein sch\u00f6nes Hallenbad, das wurde aber Ende 2006 leider geschlossen. Man kann direkt vom Platz aus sch\u00f6ne Wandertouren in die umliegenden Orte unternehmen. Es gibt hier \u00fcber 300km markierte Wanderwege.<\/span><br>\n<span style=\"font-family: arial,helvetica,sans-serif;\"> Im Ort sind alle wichtigen Gesch\u00e4fte und Restaurants in 5 Minuten zu Fu\u00df erreichbar.<\/span><br>\n<span style=\"font-family: arial,helvetica,sans-serif;\"> In der n\u00e4heren Umgebung gibt es einige Kurorte mit Thermalb\u00e4dern, z.B. Bad Liebenzell,<\/span><br>\n<span style=\"font-family: arial,helvetica,sans-serif;\"> Bad Teinach u.Bad Wildbad.<\/span><\/p>\n<p style=\"text-align: center;\"><img loading=\"lazy\" decoding=\"async\" class=\"alignnone size-full wp-image-840\" src=\"https:\/\/gartner52.de\/page\/wp-content\/uploads\/2016\/02\/2006_LangBrand11.jpg\" alt=\"2006_LangBrand11\" width=\"800\" height=\"600\" srcset=\"https:\/\/gartner52.de\/page\/wp-content\/uploads\/2016\/02\/2006_LangBrand11.jpg 800w, https:\/\/gartner52.de\/page\/wp-content\/uploads\/2016\/02\/2006_LangBrand11-300x225.jpg 300w, https:\/\/gartner52.de\/page\/wp-content\/uploads\/2016\/02\/2006_LangBrand11-768x576.jpg 768w\" sizes=\"auto, (max-width: 800px) 100vw, 800px\"><\/p>\n<p style=\"text-align: center;\"><span style=\"font-family: arial,helvetica,sans-serif;\">&nbsp; Dauercamper gut eingerichtet<\/span><\/p>\n<p style=\"text-align: center;\"><img loading=\"lazy\" decoding=\"async\" class=\"alignnone size-full wp-image-833\" src=\"https:\/\/gartner52.de\/page\/wp-content\/uploads\/2016\/02\/2006_LangBrand04.jpg\" alt=\"2006_LangBrand04\" width=\"800\" height=\"600\" srcset=\"https:\/\/gartner52.de\/page\/wp-content\/uploads\/2016\/02\/2006_LangBrand04.jpg 800w, https:\/\/gartner52.de\/page\/wp-content\/uploads\/2016\/02\/2006_LangBrand04-300x225.jpg 300w, https:\/\/gartner52.de\/page\/wp-content\/uploads\/2016\/02\/2006_LangBrand04-768x576.jpg 768w\" sizes=\"auto, (max-width: 800px) 100vw, 800px\"><\/p>\n<p style=\"text-align: center;\"><span style=\"font-family: arial,helvetica,sans-serif;\">Das Wetter machte was es wollte<\/span><\/p>\n<p style=\"text-align: center;\"><img loading=\"lazy\" decoding=\"async\" class=\"alignnone size-full wp-image-832\" src=\"https:\/\/gartner52.de\/page\/wp-content\/uploads\/2016\/02\/2006_LangBrand03.jpg\" alt=\"2006_LangBrand03\" width=\"800\" height=\"600\" srcset=\"https:\/\/gartner52.de\/page\/wp-content\/uploads\/2016\/02\/2006_LangBrand03.jpg 800w, https:\/\/gartner52.de\/page\/wp-content\/uploads\/2016\/02\/2006_LangBrand03-300x225.jpg 300w, https:\/\/gartner52.de\/page\/wp-content\/uploads\/2016\/02\/2006_LangBrand03-768x576.jpg 768w\" sizes=\"auto, (max-width: 800px) 100vw, 800px\"><\/p>\n<p style=\"text-align: center;\"><img loading=\"lazy\" decoding=\"async\" class=\"alignnone size-full wp-image-835\" src=\"https:\/\/gartner52.de\/page\/wp-content\/uploads\/2016\/02\/2006_LangBrand06.jpg\" alt=\"2006_LangBrand06\" width=\"800\" height=\"600\" srcset=\"https:\/\/gartner52.de\/page\/wp-content\/uploads\/2016\/02\/2006_LangBrand06.jpg 800w, https:\/\/gartner52.de\/page\/wp-content\/uploads\/2016\/02\/2006_LangBrand06-300x225.jpg 300w, https:\/\/gartner52.de\/page\/wp-content\/uploads\/2016\/02\/2006_LangBrand06-768x576.jpg 768w\" sizes=\"auto, (max-width: 800px) 100vw, 800px\"><span style=\"font-family: arial,helvetica,sans-serif;\">Die Oma spielt mit dem Enkel<\/span><\/p>\n<p style=\"text-align: center;\"><img loading=\"lazy\" decoding=\"async\" class=\"alignnone size-full wp-image-834\" src=\"https:\/\/gartner52.de\/page\/wp-content\/uploads\/2016\/02\/2006_LangBrand05.jpg\" alt=\"2006_LangBrand05\" width=\"800\" height=\"600\" srcset=\"https:\/\/gartner52.de\/page\/wp-content\/uploads\/2016\/02\/2006_LangBrand05.jpg 800w, https:\/\/gartner52.de\/page\/wp-content\/uploads\/2016\/02\/2006_LangBrand05-300x225.jpg 300w, https:\/\/gartner52.de\/page\/wp-content\/uploads\/2016\/02\/2006_LangBrand05-768x576.jpg 768w\" sizes=\"auto, (max-width: 800px) 100vw, 800px\"><\/p>\n<p style=\"text-align: center;\"><span style=\"font-family: arial,helvetica,sans-serif;\">Die stolzen Besitzer<\/span><\/p>\n<p style=\"text-align: center;\"><img loading=\"lazy\" decoding=\"async\" class=\"alignnone size-large wp-image-838\" src=\"https:\/\/gartner52.de\/page\/wp-content\/uploads\/2016\/02\/2006_LangBrand09-768x1024.jpg\" alt=\"2006_LangBrand09\" width=\"768\" height=\"1024\" srcset=\"https:\/\/gartner52.de\/page\/wp-content\/uploads\/2016\/02\/2006_LangBrand09-768x1024.jpg 768w, https:\/\/gartner52.de\/page\/wp-content\/uploads\/2016\/02\/2006_LangBrand09-225x300.jpg 225w, https:\/\/gartner52.de\/page\/wp-content\/uploads\/2016\/02\/2006_LangBrand09.jpg 800w\" sizes=\"auto, (max-width: 768px) 100vw, 768px\"><\/p>\n<p style=\"text-align: center;\"><span style=\"font-family: arial,helvetica,sans-serif;\">Er l\u00e4sst es sich gut gehen<\/span><\/p>\n<p style=\"text-align: center;\"><img loading=\"lazy\" decoding=\"async\" class=\"alignnone size-large wp-image-837\" src=\"https:\/\/gartner52.de\/page\/wp-content\/uploads\/2016\/02\/2006_LangBrand08-768x1024.jpg\" alt=\"2006_LangBrand08\" width=\"768\" height=\"1024\" srcset=\"https:\/\/gartner52.de\/page\/wp-content\/uploads\/2016\/02\/2006_LangBrand08-768x1024.jpg 768w, https:\/\/gartner52.de\/page\/wp-content\/uploads\/2016\/02\/2006_LangBrand08-225x300.jpg 225w, https:\/\/gartner52.de\/page\/wp-content\/uploads\/2016\/02\/2006_LangBrand08.jpg 800w\" sizes=\"auto, (max-width: 768px) 100vw, 768px\"><\/p>\n<p style=\"text-align: center;\"><span style=\"font-family: arial,helvetica,sans-serif;\">Der ganz kleine war auch zu Besuch<\/span><\/p>\n<p style=\"text-align: center;\"><img loading=\"lazy\" decoding=\"async\" class=\"alignnone size-full wp-image-836\" src=\"https:\/\/gartner52.de\/page\/wp-content\/uploads\/2016\/02\/2006_LangBrand07.jpg\" alt=\"2006_LangBrand07\" width=\"800\" height=\"600\" srcset=\"https:\/\/gartner52.de\/page\/wp-content\/uploads\/2016\/02\/2006_LangBrand07.jpg 800w, https:\/\/gartner52.de\/page\/wp-content\/uploads\/2016\/02\/2006_LangBrand07-300x225.jpg 300w, https:\/\/gartner52.de\/page\/wp-content\/uploads\/2016\/02\/2006_LangBrand07-768x576.jpg 768w\" sizes=\"auto, (max-width: 800px) 100vw, 800px\"><\/p>\n<p style=\"text-align: center;\"><span style=\"font-family: arial,helvetica,sans-serif;\">Warum geht es schon nach Hause?<\/span><\/p>\n<p style=\"text-align: center;\"><img loading=\"lazy\" decoding=\"async\" class=\"alignnone size-full wp-image-839\" src=\"https:\/\/gartner52.de\/page\/wp-content\/uploads\/2016\/02\/2006_LangBrand10.jpg\" alt=\"2006_LangBrand10\" width=\"800\" height=\"600\" srcset=\"https:\/\/gartner52.de\/page\/wp-content\/uploads\/2016\/02\/2006_LangBrand10.jpg 800w, https:\/\/gartner52.de\/page\/wp-content\/uploads\/2016\/02\/2006_LangBrand10-300x225.jpg 300w, https:\/\/gartner52.de\/page\/wp-content\/uploads\/2016\/02\/2006_LangBrand10-768x576.jpg 768w\" sizes=\"auto, (max-width: 800px) 100vw, 800px\"><\/p>\n<p><span style=\"font-family: arial,helvetica,sans-serif;\">Das Wochenende war schnell vorbei, unser Enkel wollte aber noch nicht nach Hause fahren. Leider mussten wir aber wieder arbeiten.<\/span><br>\n<span style=\"font-family: arial,helvetica,sans-serif;\"> Es war ein sch\u00f6nes Wochenende mit dem neuen Fahrzeug, wir haben auch noch einige Sachen aufgeschrieben die noch ben\u00f6tigt werden. Ansonsten sind wir mit dem Wohnmobil sehr zufrieden.<\/span><\/p>\n<h6 style=\"text-align: center;\"><span style=\"font-family: trebuchet ms,geneva,sans-serif; font-size: 14pt; color: #666699;\"><a style=\"color: #666699;\" href=\"https:\/\/gartner52.de\/page\/\">zur\u00fcck zur Startseite<\/a><\/span><\/h6>\n","protected":false},"excerpt":{"rendered":"<p>Der Erste Ausflug mit unserem neuen Wohnmobil &nbsp;vom 16.08.2006 \u2013 18.08.2006 &nbsp; Am 04.08.2006 haben wir unser neues Wohnmobil beim H\u00e4ndler in Kirchheim Teck abgeholt. In der darauf folgenden Woche wurde alles was wir schon an Zubeh\u00f6r und K\u00fcchen Inventar \u2026 <a href=\"https:\/\/gartner52.de\/page\/langenbrand\/\">Weiter<\/a><\/p>\n","protected":false},"author":1,"featured_media":0,"parent":0,"menu_order":0,"comment_status":"closed","ping_status":"closed","template":"","meta":{"wp_typography_post_enhancements_disabled":false,"kt_blocks_editor_width":"","footnotes":""},"class_list":["post-649","page","type-page","status-publish","hentry"],"_links":{"self":[{"href":"https:\/\/gartner52.de\/page\/wp-json\/wp\/v2\/pages\/649","targetHints":{"allow":["GET"]}}],"collection":[{"href":"https:\/\/gartner52.de\/page\/wp-json\/wp\/v2\/pages"}],"about":[{"href":"https:\/\/gartner52.de\/page\/wp-json\/wp\/v2\/types\/page"}],"author":[{"embeddable":true,"href":"https:\/\/gartner52.de\/page\/wp-json\/wp\/v2\/users\/1"}],"replies":[{"embeddable":true,"href":"https:\/\/gartner52.de\/page\/wp-json\/wp\/v2\/comments?post=649"}],"version-history":[{"count":20,"href":"https:\/\/gartner52.de\/page\/wp-json\/wp\/v2\/pages\/649\/revisions"}],"predecessor-version":[{"id":4799,"href":"https:\/\/gartner52.de\/page\/wp-json\/wp\/v2\/pages\/649\/revisions\/4799"}],"wp:attachment":[{"href":"https:\/\/gartner52.de\/page\/wp-json\/wp\/v2\/media?parent=649"}],"curies":[{"name":"wp","href":"https:\/\/api.w.org\/{rel}","templated":true}]}}