{"id":5501,"date":"2018-05-09T20:43:11","date_gmt":"2018-05-09T18:43:11","guid":{"rendered":"http:\/\/gartner52.de\/page\/?page_id=5501"},"modified":"2019-01-18T18:10:35","modified_gmt":"2019-01-18T17:10:35","slug":"2018-bodensee-1-mai","status":"publish","type":"page","link":"https:\/\/gartner52.de\/page\/2018-bodensee-1-mai\/","title":{"rendered":"2018 Bodensee 1. Mai"},"content":{"rendered":"<p style=\"text-align: center;\"><span style=\"font-size: 20pt; font-family: helvetica, arial, sans-serif;\"><strong><span style=\"color: #3366ff;\">Ausflug \u00fcber den 1. Mai an den Bodensee<\/span><\/strong><\/span><br>\n<span style=\"font-size: 20pt; font-family: helvetica, arial, sans-serif;\"><strong> <span style=\"color: #3366ff;\">zum Campingplatz nach Orsingen<\/span><\/strong><\/span><\/p>\n<p style=\"text-align: center;\">Wir wollten mit unserem neuen Wohnwagen mal eine weitere Tour unternehmen und schauen wie sich das ganze Gespann auf der Autobahn verh\u00e4lt, deswegen beschlossen wir mit meiner Schw\u00e4gerin und ihrem Mann f\u00fcr einige Tage an den Bodensee zu fahren. Wir hatten uns den CampingFerienpark in Orsingen ausgesucht. Den haben wir schon einmal ohne Wohnwagen besichtigt und er hatte und sehr gut gefallen.<\/p>\n<p style=\"text-align: center;\">Hier sieht man die Zufahrt zum Platz<\/p>\n<p><img loading=\"lazy\" decoding=\"async\" class=\"size-full wp-image-5615 aligncenter\" src=\"https:\/\/gartner52.de\/page\/wp-content\/uploads\/2018\/07\/1.jpg\" alt width=\"800\" height=\"600\" srcset=\"https:\/\/gartner52.de\/page\/wp-content\/uploads\/2018\/07\/1.jpg 800w, https:\/\/gartner52.de\/page\/wp-content\/uploads\/2018\/07\/1-300x225.jpg 300w, https:\/\/gartner52.de\/page\/wp-content\/uploads\/2018\/07\/1-768x576.jpg 768w\" sizes=\"auto, (max-width: 800px) 100vw, 800px\"><\/p>\n<p>Wir hatten uns zwei sch\u00f6ne Stellpl\u00e4tze ausgesucht und haben erst mal alles aufgebaut. Der ganze Campingplatz hat sch\u00f6ne Parzellen, nur die Wegeverteilung ist manchmal etwas komisch. Wir standen direkt an einem Weg und zur Sanit\u00e4ranlge war es nicht weit.<\/p>\n<p style=\"text-align: center;\"><img loading=\"lazy\" decoding=\"async\" class=\"size-large wp-image-5616 aligncenter\" src=\"https:\/\/gartner52.de\/page\/wp-content\/uploads\/2018\/07\/2.jpg\" alt width=\"800\" height=\"600\" srcset=\"https:\/\/gartner52.de\/page\/wp-content\/uploads\/2018\/07\/2.jpg 800w, https:\/\/gartner52.de\/page\/wp-content\/uploads\/2018\/07\/2-300x225.jpg 300w, https:\/\/gartner52.de\/page\/wp-content\/uploads\/2018\/07\/2-768x576.jpg 768w\" sizes=\"auto, (max-width: 800px) 100vw, 800px\">Nach dem Aufbauen erst einmal ausruhen<\/p>\n<p style=\"text-align: center;\"><img loading=\"lazy\" decoding=\"async\" class=\"size-large wp-image-5617 aligncenter\" src=\"https:\/\/gartner52.de\/page\/wp-content\/uploads\/2018\/07\/3.jpg\" alt width=\"800\" height=\"600\" srcset=\"https:\/\/gartner52.de\/page\/wp-content\/uploads\/2018\/07\/3.jpg 800w, https:\/\/gartner52.de\/page\/wp-content\/uploads\/2018\/07\/3-300x225.jpg 300w, https:\/\/gartner52.de\/page\/wp-content\/uploads\/2018\/07\/3-768x576.jpg 768w\" sizes=\"auto, (max-width: 800px) 100vw, 800px\">Die Stellplatzeinteilung haben wir nicht immer so ganz verstanden.<\/p>\n<p style=\"text-align: center;\"><img loading=\"lazy\" decoding=\"async\" class=\"size-large wp-image-5618 aligncenter\" src=\"https:\/\/gartner52.de\/page\/wp-content\/uploads\/2018\/07\/4.jpg\" alt width=\"800\" height=\"600\" srcset=\"https:\/\/gartner52.de\/page\/wp-content\/uploads\/2018\/07\/4.jpg 800w, https:\/\/gartner52.de\/page\/wp-content\/uploads\/2018\/07\/4-300x225.jpg 300w, https:\/\/gartner52.de\/page\/wp-content\/uploads\/2018\/07\/4-768x576.jpg 768w\" sizes=\"auto, (max-width: 800px) 100vw, 800px\">Der Platz war noch recht leer, da wir mitten in der Woche angekommen sind.<\/p>\n<p style=\"text-align: center;\"><img loading=\"lazy\" decoding=\"async\" class=\"size-large wp-image-5619 aligncenter\" src=\"https:\/\/gartner52.de\/page\/wp-content\/uploads\/2018\/07\/5.jpg\" alt width=\"800\" height=\"600\" srcset=\"https:\/\/gartner52.de\/page\/wp-content\/uploads\/2018\/07\/5.jpg 800w, https:\/\/gartner52.de\/page\/wp-content\/uploads\/2018\/07\/5-300x225.jpg 300w, https:\/\/gartner52.de\/page\/wp-content\/uploads\/2018\/07\/5-768x576.jpg 768w\" sizes=\"auto, (max-width: 800px) 100vw, 800px\">Kleine Pause, relaxen und gem\u00fctlich zusammen sitzen<\/p>\n<p style=\"text-align: center;\"><img loading=\"lazy\" decoding=\"async\" class=\"size-large wp-image-5628 aligncenter\" src=\"https:\/\/gartner52.de\/page\/wp-content\/uploads\/2018\/07\/14.jpg\" alt width=\"800\" height=\"600\" srcset=\"https:\/\/gartner52.de\/page\/wp-content\/uploads\/2018\/07\/14.jpg 800w, https:\/\/gartner52.de\/page\/wp-content\/uploads\/2018\/07\/14-300x225.jpg 300w, https:\/\/gartner52.de\/page\/wp-content\/uploads\/2018\/07\/14-768x576.jpg 768w\" sizes=\"auto, (max-width: 800px) 100vw, 800px\">Wir haben dann auch mal den ganzen Platz erkundet,<br>\nhier waren wir bei den Mobilheimen die sich sehr gut in den Platz einf\u00fcgen.<\/p>\n<p style=\"text-align: center;\"><img loading=\"lazy\" decoding=\"async\" class=\"size-large wp-image-5620 aligncenter\" src=\"https:\/\/gartner52.de\/page\/wp-content\/uploads\/2018\/07\/6.jpg\" alt width=\"800\" height=\"600\" srcset=\"https:\/\/gartner52.de\/page\/wp-content\/uploads\/2018\/07\/6.jpg 800w, https:\/\/gartner52.de\/page\/wp-content\/uploads\/2018\/07\/6-300x225.jpg 300w, https:\/\/gartner52.de\/page\/wp-content\/uploads\/2018\/07\/6-768x576.jpg 768w\" sizes=\"auto, (max-width: 800px) 100vw, 800px\">Der Spielplatz f\u00fcr die Kleinen<br>\n<img loading=\"lazy\" decoding=\"async\" class=\"size-large wp-image-5621 aligncenter\" src=\"https:\/\/gartner52.de\/page\/wp-content\/uploads\/2018\/07\/7.jpg\" alt width=\"800\" height=\"600\">Kleine Holzh\u00fctten zum \u00dcbernachten<\/p>\n<p style=\"text-align: center;\"><img loading=\"lazy\" decoding=\"async\" class=\"size-large wp-image-5622 aligncenter\" src=\"https:\/\/gartner52.de\/page\/wp-content\/uploads\/2018\/07\/8.jpg\" alt width=\"800\" height=\"600\" srcset=\"https:\/\/gartner52.de\/page\/wp-content\/uploads\/2018\/07\/8.jpg 800w, https:\/\/gartner52.de\/page\/wp-content\/uploads\/2018\/07\/8-300x225.jpg 300w, https:\/\/gartner52.de\/page\/wp-content\/uploads\/2018\/07\/8-768x576.jpg 768w\" sizes=\"auto, (max-width: 800px) 100vw, 800px\">Die Augenh\u00f6hlen, auch zum \u00dcbernachten. Aber hier drin w\u00fcrde ich Platzangst bekommen<\/p>\n<p style=\"text-align: center;\"><img loading=\"lazy\" decoding=\"async\" class=\"size-large wp-image-5623 aligncenter\" src=\"https:\/\/gartner52.de\/page\/wp-content\/uploads\/2018\/07\/9.jpg\" alt width=\"800\" height=\"600\" srcset=\"https:\/\/gartner52.de\/page\/wp-content\/uploads\/2018\/07\/9.jpg 800w, https:\/\/gartner52.de\/page\/wp-content\/uploads\/2018\/07\/9-300x225.jpg 300w, https:\/\/gartner52.de\/page\/wp-content\/uploads\/2018\/07\/9-768x576.jpg 768w\" sizes=\"auto, (max-width: 800px) 100vw, 800px\">Der Camper Bereich mit Komfort und Standart Stellpl\u00e4tzen<\/p>\n<p style=\"text-align: center;\"><img loading=\"lazy\" decoding=\"async\" class=\"size-large wp-image-5624 aligncenter\" src=\"https:\/\/gartner52.de\/page\/wp-content\/uploads\/2018\/07\/10.jpg\" alt width=\"800\" height=\"600\" srcset=\"https:\/\/gartner52.de\/page\/wp-content\/uploads\/2018\/07\/10.jpg 800w, https:\/\/gartner52.de\/page\/wp-content\/uploads\/2018\/07\/10-300x225.jpg 300w, https:\/\/gartner52.de\/page\/wp-content\/uploads\/2018\/07\/10-768x576.jpg 768w\" sizes=\"auto, (max-width: 800px) 100vw, 800px\">Hier sieht man wieder die Einfahrt und die Rezeption mit dem Restaurant<\/p>\n<p style=\"text-align: center;\"><img loading=\"lazy\" decoding=\"async\" class=\"size-large wp-image-5625 aligncenter\" src=\"https:\/\/gartner52.de\/page\/wp-content\/uploads\/2018\/07\/11.jpg\" alt width=\"800\" height=\"600\" srcset=\"https:\/\/gartner52.de\/page\/wp-content\/uploads\/2018\/07\/11.jpg 800w, https:\/\/gartner52.de\/page\/wp-content\/uploads\/2018\/07\/11-300x225.jpg 300w, https:\/\/gartner52.de\/page\/wp-content\/uploads\/2018\/07\/11-768x576.jpg 768w\" sizes=\"auto, (max-width: 800px) 100vw, 800px\">Das Schwimmbad ist einfach klasse. Es wurde am Wochenende nach unserer Ankunft er\u00f6ffnet. Das Wasser hatte eine Temperatur von 26 Grad, es war echt toll.<\/p>\n<p><img loading=\"lazy\" decoding=\"async\" class=\"size-large wp-image-5626 aligncenter\" src=\"https:\/\/gartner52.de\/page\/wp-content\/uploads\/2018\/07\/12.jpg\" alt width=\"800\" height=\"600\" srcset=\"https:\/\/gartner52.de\/page\/wp-content\/uploads\/2018\/07\/12.jpg 800w, https:\/\/gartner52.de\/page\/wp-content\/uploads\/2018\/07\/12-300x225.jpg 300w, https:\/\/gartner52.de\/page\/wp-content\/uploads\/2018\/07\/12-768x576.jpg 768w\" sizes=\"auto, (max-width: 800px) 100vw, 800px\"><\/p>\n<p><img loading=\"lazy\" decoding=\"async\" class=\"size-large wp-image-5627 aligncenter\" src=\"https:\/\/gartner52.de\/page\/wp-content\/uploads\/2018\/07\/13.jpg\" alt width=\"800\" height=\"600\" srcset=\"https:\/\/gartner52.de\/page\/wp-content\/uploads\/2018\/07\/13.jpg 800w, https:\/\/gartner52.de\/page\/wp-content\/uploads\/2018\/07\/13-300x225.jpg 300w, https:\/\/gartner52.de\/page\/wp-content\/uploads\/2018\/07\/13-768x576.jpg 768w\" sizes=\"auto, (max-width: 800px) 100vw, 800px\"><\/p>\n<p style=\"text-align: center;\">&nbsp;Da wir ja am Bodensee waren machten wir auch einige Ausfl\u00fcge, erste Station war \u00dcberlingen. Hier gibt es ein gro\u00dfes Parkhaus, dort stellten wir unser Auto ab und machten uns zu Fu\u00df auf den Weg durch die Stadt<br>\n<img loading=\"lazy\" decoding=\"async\" class=\"size-large wp-image-5629 aligncenter\" src=\"https:\/\/gartner52.de\/page\/wp-content\/uploads\/2018\/07\/15.jpg\" alt width=\"800\" height=\"600\" srcset=\"https:\/\/gartner52.de\/page\/wp-content\/uploads\/2018\/07\/15.jpg 800w, https:\/\/gartner52.de\/page\/wp-content\/uploads\/2018\/07\/15-300x225.jpg 300w, https:\/\/gartner52.de\/page\/wp-content\/uploads\/2018\/07\/15-768x576.jpg 768w\" sizes=\"auto, (max-width: 800px) 100vw, 800px\">\u00dcberall bl\u00fchten die Tulpen, das war sehr sch\u00f6n.<\/p>\n<p style=\"text-align: center;\"><img loading=\"lazy\" decoding=\"async\" class=\"size-large wp-image-5630 aligncenter\" src=\"https:\/\/gartner52.de\/page\/wp-content\/uploads\/2018\/07\/16.jpg\" alt width=\"800\" height=\"600\" srcset=\"https:\/\/gartner52.de\/page\/wp-content\/uploads\/2018\/07\/16.jpg 800w, https:\/\/gartner52.de\/page\/wp-content\/uploads\/2018\/07\/16-300x225.jpg 300w, https:\/\/gartner52.de\/page\/wp-content\/uploads\/2018\/07\/16-768x576.jpg 768w\" sizes=\"auto, (max-width: 800px) 100vw, 800px\">Auf dem Weg direkt am Ufer entlang ging es zum Hafen und zur Innenstadt<\/p>\n<p style=\"text-align: center;\"><img loading=\"lazy\" decoding=\"async\" class=\"size-large wp-image-5631 aligncenter\" src=\"https:\/\/gartner52.de\/page\/wp-content\/uploads\/2018\/07\/17.jpg\" alt width=\"800\" height=\"600\" srcset=\"https:\/\/gartner52.de\/page\/wp-content\/uploads\/2018\/07\/17.jpg 800w, https:\/\/gartner52.de\/page\/wp-content\/uploads\/2018\/07\/17-300x225.jpg 300w, https:\/\/gartner52.de\/page\/wp-content\/uploads\/2018\/07\/17-768x576.jpg 768w\" sizes=\"auto, (max-width: 800px) 100vw, 800px\">Der flog auch wieder, leider ist das sehr teuer.<\/p>\n<p style=\"text-align: center;\"><img loading=\"lazy\" decoding=\"async\" class=\"size-large wp-image-5632 aligncenter\" src=\"https:\/\/gartner52.de\/page\/wp-content\/uploads\/2018\/07\/18.jpg\" alt width=\"800\" height=\"600\" srcset=\"https:\/\/gartner52.de\/page\/wp-content\/uploads\/2018\/07\/18.jpg 800w, https:\/\/gartner52.de\/page\/wp-content\/uploads\/2018\/07\/18-300x225.jpg 300w, https:\/\/gartner52.de\/page\/wp-content\/uploads\/2018\/07\/18-768x576.jpg 768w\" sizes=\"auto, (max-width: 800px) 100vw, 800px\">Wir blieben dann lieber am Boden und sahen uns die sch\u00f6nen Blumen an.<\/p>\n<p><img loading=\"lazy\" decoding=\"async\" class=\"size-large wp-image-5633 aligncenter\" src=\"https:\/\/gartner52.de\/page\/wp-content\/uploads\/2018\/07\/19.jpg\" alt width=\"800\" height=\"600\" srcset=\"https:\/\/gartner52.de\/page\/wp-content\/uploads\/2018\/07\/19.jpg 800w, https:\/\/gartner52.de\/page\/wp-content\/uploads\/2018\/07\/19-300x225.jpg 300w, https:\/\/gartner52.de\/page\/wp-content\/uploads\/2018\/07\/19-768x576.jpg 768w\" sizes=\"auto, (max-width: 800px) 100vw, 800px\"><\/p>\n<p style=\"text-align: center;\"><img loading=\"lazy\" decoding=\"async\" class=\"size-large wp-image-5634 aligncenter\" src=\"https:\/\/gartner52.de\/page\/wp-content\/uploads\/2018\/07\/20.jpg\" alt width=\"800\" height=\"600\" srcset=\"https:\/\/gartner52.de\/page\/wp-content\/uploads\/2018\/07\/20.jpg 800w, https:\/\/gartner52.de\/page\/wp-content\/uploads\/2018\/07\/20-300x225.jpg 300w, https:\/\/gartner52.de\/page\/wp-content\/uploads\/2018\/07\/20-768x576.jpg 768w\" sizes=\"auto, (max-width: 800px) 100vw, 800px\">Die Ausflugsschiffe waren gut belegt<\/p>\n<p style=\"text-align: center;\"><img loading=\"lazy\" decoding=\"async\" class=\"size-large wp-image-5635 aligncenter\" src=\"https:\/\/gartner52.de\/page\/wp-content\/uploads\/2018\/07\/21.jpg\" alt width=\"800\" height=\"600\" srcset=\"https:\/\/gartner52.de\/page\/wp-content\/uploads\/2018\/07\/21.jpg 800w, https:\/\/gartner52.de\/page\/wp-content\/uploads\/2018\/07\/21-300x225.jpg 300w, https:\/\/gartner52.de\/page\/wp-content\/uploads\/2018\/07\/21-768x576.jpg 768w\" sizes=\"auto, (max-width: 800px) 100vw, 800px\">Hier der Brunnen direkt am Hafen, er hei\u00dft \u201cDer Bodenseereiter\u201d. Die Figuren sind nat\u00fcrlich Geschmackssache, aber man sollte den Brunnen schon gesehen haben.<\/p>\n<p><img loading=\"lazy\" decoding=\"async\" class=\"size-large wp-image-5636 aligncenter\" src=\"https:\/\/gartner52.de\/page\/wp-content\/uploads\/2018\/07\/22.jpg\" alt width=\"800\" height=\"600\" srcset=\"https:\/\/gartner52.de\/page\/wp-content\/uploads\/2018\/07\/22.jpg 800w, https:\/\/gartner52.de\/page\/wp-content\/uploads\/2018\/07\/22-300x225.jpg 300w, https:\/\/gartner52.de\/page\/wp-content\/uploads\/2018\/07\/22-768x576.jpg 768w\" sizes=\"auto, (max-width: 800px) 100vw, 800px\"><\/p>\n<p style=\"text-align: center;\">Ein St\u00fcck hinter der Hafenpromenade steht das Gotische M\u00fcnster in \u00dcberlingen. Uns hat es sehr gut gefallen, hier kann man auch einige Zeit in aller Ruhe verweilen.<\/p>\n<p><img loading=\"lazy\" decoding=\"async\" class=\"size-large wp-image-5637 aligncenter\" src=\"https:\/\/gartner52.de\/page\/wp-content\/uploads\/2018\/07\/23.jpg\" alt width=\"800\" height=\"600\" srcset=\"https:\/\/gartner52.de\/page\/wp-content\/uploads\/2018\/07\/23.jpg 800w, https:\/\/gartner52.de\/page\/wp-content\/uploads\/2018\/07\/23-300x225.jpg 300w, https:\/\/gartner52.de\/page\/wp-content\/uploads\/2018\/07\/23-768x576.jpg 768w\" sizes=\"auto, (max-width: 800px) 100vw, 800px\"><\/p>\n<p style=\"text-align: center;\"><img loading=\"lazy\" decoding=\"async\" class=\"size-large wp-image-5638 aligncenter\" src=\"https:\/\/gartner52.de\/page\/wp-content\/uploads\/2018\/07\/24.jpg\" alt width=\"800\" height=\"600\" srcset=\"https:\/\/gartner52.de\/page\/wp-content\/uploads\/2018\/07\/24.jpg 800w, https:\/\/gartner52.de\/page\/wp-content\/uploads\/2018\/07\/24-300x225.jpg 300w, https:\/\/gartner52.de\/page\/wp-content\/uploads\/2018\/07\/24-768x576.jpg 768w\" sizes=\"auto, (max-width: 800px) 100vw, 800px\">Danach mussten wir uns erst einmal st\u00e4rken, die einem mit Eisbecher, die anderen mit einem Radler. \ud83d\ude42<\/p>\n<p><img loading=\"lazy\" decoding=\"async\" class=\"size-large wp-image-5639 aligncenter\" src=\"https:\/\/gartner52.de\/page\/wp-content\/uploads\/2018\/07\/25.jpg\" alt width=\"800\" height=\"600\" srcset=\"https:\/\/gartner52.de\/page\/wp-content\/uploads\/2018\/07\/25.jpg 800w, https:\/\/gartner52.de\/page\/wp-content\/uploads\/2018\/07\/25-300x225.jpg 300w, https:\/\/gartner52.de\/page\/wp-content\/uploads\/2018\/07\/25-768x576.jpg 768w\" sizes=\"auto, (max-width: 800px) 100vw, 800px\"><\/p>\n<p style=\"text-align: center;\">Der zweite Ausflug ging nach Radolfzell am Bodensee<\/p>\n<p style=\"text-align: center;\">Hier sieht man das Rathaus mit dem Radolfzeller Glockenspiel.<\/p>\n<p style=\"text-align: center;\"><img loading=\"lazy\" decoding=\"async\" class=\"size-large wp-image-5642 aligncenter\" src=\"https:\/\/gartner52.de\/page\/wp-content\/uploads\/2018\/07\/28.jpg\" alt width=\"800\" height=\"600\" srcset=\"https:\/\/gartner52.de\/page\/wp-content\/uploads\/2018\/07\/28.jpg 800w, https:\/\/gartner52.de\/page\/wp-content\/uploads\/2018\/07\/28-300x225.jpg 300w, https:\/\/gartner52.de\/page\/wp-content\/uploads\/2018\/07\/28-768x576.jpg 768w\" sizes=\"auto, (max-width: 800px) 100vw, 800px\">und auch diese Herren<\/p>\n<p><img loading=\"lazy\" decoding=\"async\" class=\"size-large wp-image-5643 aligncenter\" src=\"https:\/\/gartner52.de\/page\/wp-content\/uploads\/2018\/07\/29.jpg\" alt width=\"800\" height=\"600\" srcset=\"https:\/\/gartner52.de\/page\/wp-content\/uploads\/2018\/07\/29.jpg 800w, https:\/\/gartner52.de\/page\/wp-content\/uploads\/2018\/07\/29-300x225.jpg 300w, https:\/\/gartner52.de\/page\/wp-content\/uploads\/2018\/07\/29-768x576.jpg 768w\" sizes=\"auto, (max-width: 800px) 100vw, 800px\"><\/p>\n<p style=\"text-align: center;\"><img loading=\"lazy\" decoding=\"async\" class=\"size-large wp-image-5644 aligncenter\" src=\"https:\/\/gartner52.de\/page\/wp-content\/uploads\/2018\/07\/30.jpg\" alt width=\"800\" height=\"600\" srcset=\"https:\/\/gartner52.de\/page\/wp-content\/uploads\/2018\/07\/30.jpg 800w, https:\/\/gartner52.de\/page\/wp-content\/uploads\/2018\/07\/30-300x225.jpg 300w, https:\/\/gartner52.de\/page\/wp-content\/uploads\/2018\/07\/30-768x576.jpg 768w\" sizes=\"auto, (max-width: 800px) 100vw, 800px\">Wir machten einen Rundgang durch die Innenstadt von Radolfzell und fanden dann noch diesen Herrn.<\/p>\n<p style=\"text-align: center;\"><img loading=\"lazy\" decoding=\"async\" class=\"size-large wp-image-5645 aligncenter\" src=\"https:\/\/gartner52.de\/page\/wp-content\/uploads\/2018\/07\/31.jpg\" alt width=\"800\" height=\"600\" srcset=\"https:\/\/gartner52.de\/page\/wp-content\/uploads\/2018\/07\/31.jpg 800w, https:\/\/gartner52.de\/page\/wp-content\/uploads\/2018\/07\/31-300x225.jpg 300w, https:\/\/gartner52.de\/page\/wp-content\/uploads\/2018\/07\/31-768x576.jpg 768w\" sizes=\"auto, (max-width: 800px) 100vw, 800px\">Es ist der \u201c<strong>Kapped\u00e4schle Brunnen<\/strong>\u201d der zum Sp\u00e4\u00dfle machen verleitet.<\/p>\n<p style=\"text-align: center;\"><img loading=\"lazy\" decoding=\"async\" class=\"size-large wp-image-5646 aligncenter\" src=\"https:\/\/gartner52.de\/page\/wp-content\/uploads\/2018\/07\/32.jpg\" alt width=\"800\" height=\"600\" srcset=\"https:\/\/gartner52.de\/page\/wp-content\/uploads\/2018\/07\/32.jpg 800w, https:\/\/gartner52.de\/page\/wp-content\/uploads\/2018\/07\/32-300x225.jpg 300w, https:\/\/gartner52.de\/page\/wp-content\/uploads\/2018\/07\/32-768x576.jpg 768w\" sizes=\"auto, (max-width: 800px) 100vw, 800px\">Ja-ja<\/p>\n<p><img loading=\"lazy\" decoding=\"async\" class=\"size-large wp-image-5647 aligncenter\" src=\"https:\/\/gartner52.de\/page\/wp-content\/uploads\/2018\/07\/33.jpg\" alt width=\"800\" height=\"600\" srcset=\"https:\/\/gartner52.de\/page\/wp-content\/uploads\/2018\/07\/33.jpg 800w, https:\/\/gartner52.de\/page\/wp-content\/uploads\/2018\/07\/33-300x225.jpg 300w, https:\/\/gartner52.de\/page\/wp-content\/uploads\/2018\/07\/33-768x576.jpg 768w\" sizes=\"auto, (max-width: 800px) 100vw, 800px\"><\/p>\n<p style=\"text-align: center;\">Auch hier haben wir mal wieder eine Kirche besichtigt. <strong>Das Sp\u00e4tgotische M\u00fcnster Radofzell<\/strong>. Der 82 Meter hohe Kirchturm ist der h\u00f6chste am Bodensee<img loading=\"lazy\" decoding=\"async\" class=\"size-large wp-image-5641 aligncenter\" src=\"https:\/\/gartner52.de\/page\/wp-content\/uploads\/2018\/07\/27.jpg\" alt width=\"800\" height=\"600\" srcset=\"https:\/\/gartner52.de\/page\/wp-content\/uploads\/2018\/07\/27.jpg 800w, https:\/\/gartner52.de\/page\/wp-content\/uploads\/2018\/07\/27-300x225.jpg 300w, https:\/\/gartner52.de\/page\/wp-content\/uploads\/2018\/07\/27-768x576.jpg 768w\" sizes=\"auto, (max-width: 800px) 100vw, 800px\">Auch dieses M\u00fcnster ist sehr sch\u00f6n, die Orgel und die sch\u00f6ne Deckenmalerei<\/p>\n<p style=\"text-align: center;\"><img loading=\"lazy\" decoding=\"async\" class=\"size-large wp-image-5648 aligncenter\" src=\"https:\/\/gartner52.de\/page\/wp-content\/uploads\/2018\/07\/34.jpg\" alt width=\"800\" height=\"600\" srcset=\"https:\/\/gartner52.de\/page\/wp-content\/uploads\/2018\/07\/34.jpg 800w, https:\/\/gartner52.de\/page\/wp-content\/uploads\/2018\/07\/34-300x225.jpg 300w, https:\/\/gartner52.de\/page\/wp-content\/uploads\/2018\/07\/34-768x576.jpg 768w\" sizes=\"auto, (max-width: 800px) 100vw, 800px\">Der gro\u00dfe Haupt Altar mit wundersch\u00f6nen Seiten Altaren. Hier steht auch der Sarkophag des Stadtgr\u00fcnders \u201cRadolt\u201d<\/p>\n<p style=\"text-align: center;\"><img loading=\"lazy\" decoding=\"async\" class=\"size-large wp-image-5649 aligncenter\" src=\"https:\/\/gartner52.de\/page\/wp-content\/uploads\/2018\/07\/35.jpg\" alt width=\"800\" height=\"600\" srcset=\"https:\/\/gartner52.de\/page\/wp-content\/uploads\/2018\/07\/35.jpg 800w, https:\/\/gartner52.de\/page\/wp-content\/uploads\/2018\/07\/35-300x225.jpg 300w, https:\/\/gartner52.de\/page\/wp-content\/uploads\/2018\/07\/35-768x576.jpg 768w\" sizes=\"auto, (max-width: 800px) 100vw, 800px\">Zum Schlu\u00df noch ein kleiner Rundgang am See mit einer sehr sch\u00f6nen Allee<\/p>\n<p style=\"text-align: center;\"><img loading=\"lazy\" decoding=\"async\" class=\"size-large wp-image-5650 aligncenter\" src=\"https:\/\/gartner52.de\/page\/wp-content\/uploads\/2018\/07\/36.jpg\" alt width=\"800\" height=\"600\" srcset=\"https:\/\/gartner52.de\/page\/wp-content\/uploads\/2018\/07\/36.jpg 800w, https:\/\/gartner52.de\/page\/wp-content\/uploads\/2018\/07\/36-300x225.jpg 300w, https:\/\/gartner52.de\/page\/wp-content\/uploads\/2018\/07\/36-768x576.jpg 768w\" sizes=\"auto, (max-width: 800px) 100vw, 800px\">Der hier sitzt schon zu lange im Wasser<\/p>\n<p style=\"text-align: center;\"><img loading=\"lazy\" decoding=\"async\" class=\"size-large wp-image-5651 aligncenter\" src=\"https:\/\/gartner52.de\/page\/wp-content\/uploads\/2018\/07\/37.jpg\" alt width=\"800\" height=\"600\" srcset=\"https:\/\/gartner52.de\/page\/wp-content\/uploads\/2018\/07\/37.jpg 800w, https:\/\/gartner52.de\/page\/wp-content\/uploads\/2018\/07\/37-300x225.jpg 300w, https:\/\/gartner52.de\/page\/wp-content\/uploads\/2018\/07\/37-768x576.jpg 768w\" sizes=\"auto, (max-width: 800px) 100vw, 800px\">Noch mal ein Blick auf die Schifflein und dann ging es wieder zur\u00fcck<\/p>\n<p><img loading=\"lazy\" decoding=\"async\" class=\"size-large wp-image-5652 aligncenter\" src=\"https:\/\/gartner52.de\/page\/wp-content\/uploads\/2018\/07\/38.jpg\" alt width=\"800\" height=\"600\" srcset=\"https:\/\/gartner52.de\/page\/wp-content\/uploads\/2018\/07\/38.jpg 800w, https:\/\/gartner52.de\/page\/wp-content\/uploads\/2018\/07\/38-300x225.jpg 300w, https:\/\/gartner52.de\/page\/wp-content\/uploads\/2018\/07\/38-768x576.jpg 768w\" sizes=\"auto, (max-width: 800px) 100vw, 800px\">Wir waren eine Woche auf dem Campingplatz in Orsingen. Es hat uns dort sehr gut gefallen. Das Personal war sehr freundlich und hat alle unsere Fragen beantwortet. Die Sanit\u00e4ranlage war zu jeder Zeit Top sauber und in einem sehr modernen Zustand. Hier konnte sich wirklich keiner beschweren. Das einzige was ich pers\u00f6nlich nicht so gut fand waren die Wasserzapfstellen auf den Stellpl\u00e4tzen. Es gab schon genug davon, aber es sollte auch ein Abwasserausguss vorhanden sein. Wenn man mal etwas ausgep\u00fclt hatte, musste man das ganze Abwasser immer zur Sanit\u00e4ranlage bringen.<br>\nDas kleine Restaurant am Platz ist echt toll, es gab am 1. Mai super Live Musik und das Essen war sehr gut. Auf dem Campingplatz gibt es das ganze Jahr \u00fcber viele Events, da ist f\u00fcr jeden was dabei.<br>\nWir haben auch schon beschlossen dass wir 2018 noch einmal wiederkommen.<\/p>\n<p>&nbsp;<\/p>\n<div style=\"text-align: center;\"><a href=\"https:\/\/gartner52.de\/page\/2018-2\/\"><span style=\"font-size: 16pt; color: #808080;\">zur\u00fcck zur \u00dcbersicht<\/span><\/a><\/div>\n","protected":false},"excerpt":{"rendered":"<p>Ausflug \u00fcber den 1. Mai an den Bodensee zum Campingplatz nach Orsingen Wir wollten mit unserem neuen Wohnwagen mal eine weitere Tour unternehmen und schauen wie sich das ganze Gespann auf der Autobahn verh\u00e4lt, deswegen beschlossen wir mit meiner Schw\u00e4gerin \u2026 <a href=\"https:\/\/gartner52.de\/page\/2018-bodensee-1-mai\/\">Weiter<\/a><\/p>\n","protected":false},"author":4,"featured_media":0,"parent":0,"menu_order":0,"comment_status":"closed","ping_status":"closed","template":"","meta":{"wp_typography_post_enhancements_disabled":false,"kt_blocks_editor_width":"","footnotes":""},"class_list":["post-5501","page","type-page","status-publish","hentry"],"_links":{"self":[{"href":"https:\/\/gartner52.de\/page\/wp-json\/wp\/v2\/pages\/5501","targetHints":{"allow":["GET"]}}],"collection":[{"href":"https:\/\/gartner52.de\/page\/wp-json\/wp\/v2\/pages"}],"about":[{"href":"https:\/\/gartner52.de\/page\/wp-json\/wp\/v2\/types\/page"}],"author":[{"embeddable":true,"href":"https:\/\/gartner52.de\/page\/wp-json\/wp\/v2\/users\/4"}],"replies":[{"embeddable":true,"href":"https:\/\/gartner52.de\/page\/wp-json\/wp\/v2\/comments?post=5501"}],"version-history":[{"count":28,"href":"https:\/\/gartner52.de\/page\/wp-json\/wp\/v2\/pages\/5501\/revisions"}],"predecessor-version":[{"id":5948,"href":"https:\/\/gartner52.de\/page\/wp-json\/wp\/v2\/pages\/5501\/revisions\/5948"}],"wp:attachment":[{"href":"https:\/\/gartner52.de\/page\/wp-json\/wp\/v2\/media?parent=5501"}],"curies":[{"name":"wp","href":"https:\/\/api.w.org\/{rel}","templated":true}]}}