{"id":4648,"date":"2016-10-11T11:32:16","date_gmt":"2016-10-11T09:32:16","guid":{"rendered":"http:\/\/gartner52.de\/page\/?page_id=4648"},"modified":"2016-12-07T12:47:02","modified_gmt":"2016-12-07T11:47:02","slug":"2016-hausboot-teil-2","status":"publish","type":"page","link":"https:\/\/gartner52.de\/page\/2016-hausboot-teil-2\/","title":{"rendered":"2016 Hausboot Wochenende Teil 2"},"content":{"rendered":"<p style=\"text-align: center;\"><span style=\"font-size: 18pt; color: #3366ff; font-family: comic sans ms,sans-serif;\"><strong>Hausboot Wochenende im Elsass<\/strong><\/span><\/p>\n<p style=\"text-align: center;\"><span style=\"font-family: arial,helvetica,sans-serif; color: #008080; font-size: 14pt;\"><strong>Teil 2<\/strong><br>\n<\/span><\/p>\n<p style=\"text-align: center;\"><span style=\"font-family: arial,helvetica,sans-serif; color: #000000;\">Der Hafen von Saverne<\/span><\/p>\n<p style=\"text-align: center;\"><img loading=\"lazy\" decoding=\"async\" class=\"size-full wp-image-4652 aligncenter\" src=\"https:\/\/gartner52.de\/page\/wp-content\/uploads\/2016\/10\/Einparken.jpg\" alt=\"einparken\" width=\"890\" height=\"500\" srcset=\"https:\/\/gartner52.de\/page\/wp-content\/uploads\/2016\/10\/Einparken.jpg 890w, https:\/\/gartner52.de\/page\/wp-content\/uploads\/2016\/10\/Einparken-300x169.jpg 300w, https:\/\/gartner52.de\/page\/wp-content\/uploads\/2016\/10\/Einparken-768x431.jpg 768w\" sizes=\"auto, (max-width: 890px) 100vw, 890px\"><\/p>\n<p style=\"text-align: center;\"><img loading=\"lazy\" decoding=\"async\" class=\"alignnone size-full wp-image-4663\" src=\"https:\/\/gartner52.de\/page\/wp-content\/uploads\/2016\/10\/Saverne6.jpg\" alt=\"saverne6\" width=\"890\" height=\"500\" srcset=\"https:\/\/gartner52.de\/page\/wp-content\/uploads\/2016\/10\/Saverne6.jpg 890w, https:\/\/gartner52.de\/page\/wp-content\/uploads\/2016\/10\/Saverne6-300x169.jpg 300w, https:\/\/gartner52.de\/page\/wp-content\/uploads\/2016\/10\/Saverne6-768x431.jpg 768w\" sizes=\"auto, (max-width: 890px) 100vw, 890px\"><span style=\"font-family: arial,helvetica,sans-serif; color: #000000;\">Kaffee Pause in Saverne<\/span><\/p>\n<p style=\"text-align: center;\"><img loading=\"lazy\" decoding=\"async\" class=\"alignnone size-full wp-image-4659\" src=\"https:\/\/gartner52.de\/page\/wp-content\/uploads\/2016\/10\/Pause.jpg\" alt=\"pause\" width=\"890\" height=\"500\" srcset=\"https:\/\/gartner52.de\/page\/wp-content\/uploads\/2016\/10\/Pause.jpg 890w, https:\/\/gartner52.de\/page\/wp-content\/uploads\/2016\/10\/Pause-300x169.jpg 300w, https:\/\/gartner52.de\/page\/wp-content\/uploads\/2016\/10\/Pause-768x431.jpg 768w\" sizes=\"auto, (max-width: 890px) 100vw, 890px\"><\/p>\n<p style=\"text-align: center;\"><span style=\"font-family: arial,helvetica,sans-serif; color: #000000;\">Schloss Rohan auch <i>Ch\u00e2teau Neuf<\/i> genannt.<\/span><\/p>\n<p style=\"text-align: center;\"><img loading=\"lazy\" decoding=\"async\" class=\"size-full wp-image-4556 aligncenter\" src=\"https:\/\/gartner52.de\/page\/wp-content\/uploads\/2016\/10\/Challet-de-Rohan.jpg\" alt=\"challet-de-rohan\" width=\"667\" height=\"500\" srcset=\"https:\/\/gartner52.de\/page\/wp-content\/uploads\/2016\/10\/Challet-de-Rohan.jpg 667w, https:\/\/gartner52.de\/page\/wp-content\/uploads\/2016\/10\/Challet-de-Rohan-300x225.jpg 300w\" sizes=\"auto, (max-width: 667px) 100vw, 667px\"><img loading=\"lazy\" decoding=\"async\" class=\"alignnone size-full wp-image-4670\" src=\"https:\/\/gartner52.de\/page\/wp-content\/uploads\/2016\/10\/K\u00fcrbis1.jpg\" alt=\"kuerbis1\" width=\"890\" height=\"500\" srcset=\"https:\/\/gartner52.de\/page\/wp-content\/uploads\/2016\/10\/K\u00fcrbis1.jpg 890w, https:\/\/gartner52.de\/page\/wp-content\/uploads\/2016\/10\/K\u00fcrbis1-300x169.jpg 300w, https:\/\/gartner52.de\/page\/wp-content\/uploads\/2016\/10\/K\u00fcrbis1-768x431.jpg 768w\" sizes=\"auto, (max-width: 890px) 100vw, 890px\"><\/p>\n<p style=\"text-align: center;\"><img loading=\"lazy\" decoding=\"async\" class=\"alignnone size-full wp-image-4662\" src=\"https:\/\/gartner52.de\/page\/wp-content\/uploads\/2016\/10\/Saverne5.jpg\" alt=\"saverne5\" width=\"890\" height=\"500\" srcset=\"https:\/\/gartner52.de\/page\/wp-content\/uploads\/2016\/10\/Saverne5.jpg 890w, https:\/\/gartner52.de\/page\/wp-content\/uploads\/2016\/10\/Saverne5-300x169.jpg 300w, https:\/\/gartner52.de\/page\/wp-content\/uploads\/2016\/10\/Saverne5-768x431.jpg 768w\" sizes=\"auto, (max-width: 890px) 100vw, 890px\"><\/p>\n<p style=\"text-align: center;\"><span style=\"font-family: arial,helvetica,sans-serif; color: #000000;\">Am Sonntag Nachmittag machten wir uns wieder auf den R\u00fcckweg, wir mussten ja wieder durch<br>\n12 Schleusen und mit dem Schiffshebewerk nach oben fahren<br>\n<\/span><\/p>\n<p style=\"text-align: center;\"><img loading=\"lazy\" decoding=\"async\" class=\"alignnone size-full wp-image-4566\" src=\"https:\/\/gartner52.de\/page\/wp-content\/uploads\/2016\/10\/ErsterTag12.jpg\" alt=\"erstertag12\" width=\"890\" height=\"500\" srcset=\"https:\/\/gartner52.de\/page\/wp-content\/uploads\/2016\/10\/ErsterTag12.jpg 890w, https:\/\/gartner52.de\/page\/wp-content\/uploads\/2016\/10\/ErsterTag12-300x169.jpg 300w, https:\/\/gartner52.de\/page\/wp-content\/uploads\/2016\/10\/ErsterTag12-768x431.jpg 768w\" sizes=\"auto, (max-width: 890px) 100vw, 890px\"><\/p>\n<p style=\"text-align: center;\"><span style=\"color: #000000; font-family: arial,helvetica,sans-serif;\">An jeder Schleuse standen die kleinen H\u00e4uschen der Schleusenw\u00e4rter, manche waren noch bewohnt, andere standen leer. Die Schleusen gehen heute automatisch, da braucht man keine Schleusenw\u00e4rter mehr.<\/span><\/p>\n<p style=\"text-align: center;\"><img loading=\"lazy\" decoding=\"async\" class=\"alignnone size-full wp-image-4567\" src=\"https:\/\/gartner52.de\/page\/wp-content\/uploads\/2016\/10\/ErsterTag16.jpg\" alt=\"erstertag16\" width=\"890\" height=\"500\" srcset=\"https:\/\/gartner52.de\/page\/wp-content\/uploads\/2016\/10\/ErsterTag16.jpg 890w, https:\/\/gartner52.de\/page\/wp-content\/uploads\/2016\/10\/ErsterTag16-300x169.jpg 300w, https:\/\/gartner52.de\/page\/wp-content\/uploads\/2016\/10\/ErsterTag16-768x431.jpg 768w\" sizes=\"auto, (max-width: 890px) 100vw, 890px\"><img loading=\"lazy\" decoding=\"async\" class=\"alignnone size-full wp-image-4673\" src=\"https:\/\/gartner52.de\/page\/wp-content\/uploads\/2016\/10\/R\u00fcckfahrt2.jpg\" alt=\"rueckfahrt2\" width=\"890\" height=\"500\" srcset=\"https:\/\/gartner52.de\/page\/wp-content\/uploads\/2016\/10\/R\u00fcckfahrt2.jpg 890w, https:\/\/gartner52.de\/page\/wp-content\/uploads\/2016\/10\/R\u00fcckfahrt2-300x169.jpg 300w, https:\/\/gartner52.de\/page\/wp-content\/uploads\/2016\/10\/R\u00fcckfahrt2-768x431.jpg 768w\" sizes=\"auto, (max-width: 890px) 100vw, 890px\"><\/p>\n<p style=\"text-align: center;\"><span style=\"font-family: arial,helvetica,sans-serif; color: #000000;\">Wieder in L\u00fctzelburg, auch heute wollten wir hier \u00fcbernachten. Am Abend wollten wir hier Essen gehen, leider gibt es in L\u00fctzelburg nur zwei Restaurants und eines davon hatte geschlossen. Wir fanden dann das zweite und haben leckeren Flammkuchen gegessen. Am n\u00e4chsten Morgen ging es weiter, wieder durch einige Schleusen.<\/span><\/p>\n<p style=\"text-align: center;\"><img loading=\"lazy\" decoding=\"async\" class=\"alignnone size-full wp-image-4579\" src=\"https:\/\/gartner52.de\/page\/wp-content\/uploads\/2016\/10\/Lutzelburg1.jpg\" alt=\"lutzelburg1\" width=\"890\" height=\"500\" srcset=\"https:\/\/gartner52.de\/page\/wp-content\/uploads\/2016\/10\/Lutzelburg1.jpg 890w, https:\/\/gartner52.de\/page\/wp-content\/uploads\/2016\/10\/Lutzelburg1-300x169.jpg 300w, https:\/\/gartner52.de\/page\/wp-content\/uploads\/2016\/10\/Lutzelburg1-768x431.jpg 768w\" sizes=\"auto, (max-width: 890px) 100vw, 890px\"><img loading=\"lazy\" decoding=\"async\" class=\"alignnone size-full wp-image-4568\" src=\"https:\/\/gartner52.de\/page\/wp-content\/uploads\/2016\/10\/Fidutia.jpg\" alt=\"fidutia\" width=\"890\" height=\"500\" srcset=\"https:\/\/gartner52.de\/page\/wp-content\/uploads\/2016\/10\/Fidutia.jpg 890w, https:\/\/gartner52.de\/page\/wp-content\/uploads\/2016\/10\/Fidutia-300x169.jpg 300w, https:\/\/gartner52.de\/page\/wp-content\/uploads\/2016\/10\/Fidutia-768x431.jpg 768w\" sizes=\"auto, (max-width: 890px) 100vw, 890px\"><img loading=\"lazy\" decoding=\"async\" class=\"alignnone size-full wp-image-4582\" src=\"https:\/\/gartner52.de\/page\/wp-content\/uploads\/2016\/10\/R\u00fcckfahrt1.jpg\" alt=\"rueckfahrt1\" width=\"890\" height=\"500\" srcset=\"https:\/\/gartner52.de\/page\/wp-content\/uploads\/2016\/10\/R\u00fcckfahrt1.jpg 890w, https:\/\/gartner52.de\/page\/wp-content\/uploads\/2016\/10\/R\u00fcckfahrt1-300x169.jpg 300w, https:\/\/gartner52.de\/page\/wp-content\/uploads\/2016\/10\/R\u00fcckfahrt1-768x431.jpg 768w\" sizes=\"auto, (max-width: 890px) 100vw, 890px\"><\/p>\n<p style=\"text-align: center;\"><span style=\"font-family: arial,helvetica,sans-serif; color: #000000;\">Nach diesem Viadukt kommt das Schiffshebewerk.<\/span><\/p>\n<p style=\"text-align: center;\"><img loading=\"lazy\" decoding=\"async\" class=\"size-full wp-image-4668 aligncenter\" src=\"https:\/\/gartner52.de\/page\/wp-content\/uploads\/2016\/10\/DSC01822.jpg\" alt=\"dsc01822\" width=\"800\" height=\"600\" srcset=\"https:\/\/gartner52.de\/page\/wp-content\/uploads\/2016\/10\/DSC01822.jpg 800w, https:\/\/gartner52.de\/page\/wp-content\/uploads\/2016\/10\/DSC01822-300x225.jpg 300w, https:\/\/gartner52.de\/page\/wp-content\/uploads\/2016\/10\/DSC01822-768x576.jpg 768w\" sizes=\"auto, (max-width: 800px) 100vw, 800px\"><\/p>\n<p style=\"text-align: center;\"><span style=\"font-family: arial,helvetica,sans-serif; color: #000000;\">Hier war die Ampel mal wieder auf rot und so konnten wir noch zusehen wie der Trog herunter fuhr.<\/span><\/p>\n<p style=\"text-align: center;\"><img loading=\"lazy\" decoding=\"async\" class=\"alignnone size-full wp-image-4583\" src=\"https:\/\/gartner52.de\/page\/wp-content\/uploads\/2016\/10\/R\u00fcckfahrt4.jpg\" alt=\"rueckfahrt4\" width=\"890\" height=\"500\" srcset=\"https:\/\/gartner52.de\/page\/wp-content\/uploads\/2016\/10\/R\u00fcckfahrt4.jpg 890w, https:\/\/gartner52.de\/page\/wp-content\/uploads\/2016\/10\/R\u00fcckfahrt4-300x169.jpg 300w, https:\/\/gartner52.de\/page\/wp-content\/uploads\/2016\/10\/R\u00fcckfahrt4-768x431.jpg 768w\" sizes=\"auto, (max-width: 890px) 100vw, 890px\"><img loading=\"lazy\" decoding=\"async\" class=\"alignnone size-full wp-image-4584\" src=\"https:\/\/gartner52.de\/page\/wp-content\/uploads\/2016\/10\/R\u00fcckfahrt7.jpg\" alt=\"rueckfahrt7\" width=\"890\" height=\"500\" srcset=\"https:\/\/gartner52.de\/page\/wp-content\/uploads\/2016\/10\/R\u00fcckfahrt7.jpg 890w, https:\/\/gartner52.de\/page\/wp-content\/uploads\/2016\/10\/R\u00fcckfahrt7-300x169.jpg 300w, https:\/\/gartner52.de\/page\/wp-content\/uploads\/2016\/10\/R\u00fcckfahrt7-768x431.jpg 768w\" sizes=\"auto, (max-width: 890px) 100vw, 890px\"><\/p>\n<p style=\"text-align: center;\"><span style=\"font-family: arial,helvetica,sans-serif; color: #000000;\">Der Trog in dem die Boote bef\u00f6rdert werden. Er ist 41,5 Meter lang und 5,50 Meter breit. Er bewegt sich auf Schienen bei einem Gef\u00e4lle von 41%<\/span><\/p>\n<p style=\"text-align: center;\"><img loading=\"lazy\" decoding=\"async\" class=\"size-full wp-image-4674 aligncenter\" src=\"https:\/\/gartner52.de\/page\/wp-content\/uploads\/2016\/10\/Wanne.jpg\" alt=\"wanne\" width=\"800\" height=\"533\" srcset=\"https:\/\/gartner52.de\/page\/wp-content\/uploads\/2016\/10\/Wanne.jpg 800w, https:\/\/gartner52.de\/page\/wp-content\/uploads\/2016\/10\/Wanne-300x200.jpg 300w, https:\/\/gartner52.de\/page\/wp-content\/uploads\/2016\/10\/Wanne-768x512.jpg 768w\" sizes=\"auto, (max-width: 800px) 100vw, 800px\"><\/p>\n<p style=\"text-align: center;\"><span style=\"color: #000000; font-family: arial,helvetica,sans-serif;\">Dann ging es aufw\u00e4rts<\/span><\/p>\n<p style=\"text-align: center;\"><img loading=\"lazy\" decoding=\"async\" class=\"alignnone size-full wp-image-4574\" src=\"https:\/\/gartner52.de\/page\/wp-content\/uploads\/2016\/10\/Hebewerk21.jpg\" alt=\"hebewerk21\" width=\"890\" height=\"500\" srcset=\"https:\/\/gartner52.de\/page\/wp-content\/uploads\/2016\/10\/Hebewerk21.jpg 890w, https:\/\/gartner52.de\/page\/wp-content\/uploads\/2016\/10\/Hebewerk21-300x169.jpg 300w, https:\/\/gartner52.de\/page\/wp-content\/uploads\/2016\/10\/Hebewerk21-768x431.jpg 768w\" sizes=\"auto, (max-width: 890px) 100vw, 890px\"><\/p>\n<p style=\"text-align: center;\"><span style=\"color: #000000; font-family: arial,helvetica,sans-serif;\">Die drei Damen vom Boot bei der Besichtigung des Hebewerks<\/span><\/p>\n<p style=\"text-align: center;\"><img loading=\"lazy\" decoding=\"async\" class=\"alignnone size-full wp-image-4570\" src=\"https:\/\/gartner52.de\/page\/wp-content\/uploads\/2016\/10\/Hebewerk7.jpg\" alt=\"hebewerk7\" width=\"890\" height=\"500\" srcset=\"https:\/\/gartner52.de\/page\/wp-content\/uploads\/2016\/10\/Hebewerk7.jpg 890w, https:\/\/gartner52.de\/page\/wp-content\/uploads\/2016\/10\/Hebewerk7-300x169.jpg 300w, https:\/\/gartner52.de\/page\/wp-content\/uploads\/2016\/10\/Hebewerk7-768x431.jpg 768w\" sizes=\"auto, (max-width: 890px) 100vw, 890px\"><img loading=\"lazy\" decoding=\"async\" class=\"size-full wp-image-4680 aligncenter\" src=\"https:\/\/gartner52.de\/page\/wp-content\/uploads\/2016\/10\/Schild.jpg\" alt=\"schild\" width=\"800\" height=\"600\" srcset=\"https:\/\/gartner52.de\/page\/wp-content\/uploads\/2016\/10\/Schild.jpg 800w, https:\/\/gartner52.de\/page\/wp-content\/uploads\/2016\/10\/Schild-300x225.jpg 300w, https:\/\/gartner52.de\/page\/wp-content\/uploads\/2016\/10\/Schild-768x576.jpg 768w\" sizes=\"auto, (max-width: 800px) 100vw, 800px\"><img loading=\"lazy\" decoding=\"async\" class=\"alignnone size-full wp-image-4677\" src=\"https:\/\/gartner52.de\/page\/wp-content\/uploads\/2016\/10\/Hebewerk5.jpg\" alt=\"hebewerk5\" width=\"890\" height=\"500\" srcset=\"https:\/\/gartner52.de\/page\/wp-content\/uploads\/2016\/10\/Hebewerk5.jpg 890w, https:\/\/gartner52.de\/page\/wp-content\/uploads\/2016\/10\/Hebewerk5-300x169.jpg 300w, https:\/\/gartner52.de\/page\/wp-content\/uploads\/2016\/10\/Hebewerk5-768x431.jpg 768w\" sizes=\"auto, (max-width: 890px) 100vw, 890px\"><\/p>\n<p style=\"text-align: center;\"><span style=\"font-family: arial,helvetica,sans-serif; color: #000000;\">Der Maschinenraum mit den Kabeltrommeln und den beiden Elektromotoren. Jeder Motor hat 120 <span class=\"caps\">PS<\/span>, mit den Gegengewichten zusammen reicht das aus um das Hebewerk zu betreiben.<\/span><\/p>\n<p style=\"text-align: center;\"><img loading=\"lazy\" decoding=\"async\" class=\"alignnone size-full wp-image-4575\" src=\"https:\/\/gartner52.de\/page\/wp-content\/uploads\/2016\/10\/Hebewerk23.jpg\" alt=\"hebewerk23\" width=\"890\" height=\"500\" srcset=\"https:\/\/gartner52.de\/page\/wp-content\/uploads\/2016\/10\/Hebewerk23.jpg 890w, https:\/\/gartner52.de\/page\/wp-content\/uploads\/2016\/10\/Hebewerk23-300x169.jpg 300w, https:\/\/gartner52.de\/page\/wp-content\/uploads\/2016\/10\/Hebewerk23-768x431.jpg 768w\" sizes=\"auto, (max-width: 890px) 100vw, 890px\"><img loading=\"lazy\" decoding=\"async\" class=\"alignnone size-full wp-image-4675\" src=\"https:\/\/gartner52.de\/page\/wp-content\/uploads\/2016\/10\/Hebewerk24.jpg\" alt=\"hebewerk24\" width=\"890\" height=\"500\" srcset=\"https:\/\/gartner52.de\/page\/wp-content\/uploads\/2016\/10\/Hebewerk24.jpg 890w, https:\/\/gartner52.de\/page\/wp-content\/uploads\/2016\/10\/Hebewerk24-300x169.jpg 300w, https:\/\/gartner52.de\/page\/wp-content\/uploads\/2016\/10\/Hebewerk24-768x431.jpg 768w\" sizes=\"auto, (max-width: 890px) 100vw, 890px\"><\/p>\n<p style=\"text-align: center;\"><span style=\"font-family: arial,helvetica,sans-serif; color: #000000;\">Nach der Besichtigung machten wir erst einmal eine Pause auf dem Sonnendeck.<\/span><\/p>\n<p style=\"text-align: center;\"><img loading=\"lazy\" decoding=\"async\" class=\"alignnone size-full wp-image-4676\" src=\"https:\/\/gartner52.de\/page\/wp-content\/uploads\/2016\/10\/Pause4.jpg\" alt=\"pause4\" width=\"890\" height=\"500\" srcset=\"https:\/\/gartner52.de\/page\/wp-content\/uploads\/2016\/10\/Pause4.jpg 890w, https:\/\/gartner52.de\/page\/wp-content\/uploads\/2016\/10\/Pause4-300x169.jpg 300w, https:\/\/gartner52.de\/page\/wp-content\/uploads\/2016\/10\/Pause4-768x431.jpg 768w\" sizes=\"auto, (max-width: 890px) 100vw, 890px\"><\/p>\n<p style=\"text-align: center;\"><span style=\"font-family: arial,helvetica,sans-serif; color: #000000;\">Am sp\u00e4ten Nachmittag fuhren wir weiter, wir wollten noch bis nach Hesse zum Heimathafen fahren.<\/span><\/p>\n<p style=\"text-align: center;\"><img loading=\"lazy\" decoding=\"async\" class=\"alignnone size-full wp-image-4585\" src=\"https:\/\/gartner52.de\/page\/wp-content\/uploads\/2016\/10\/R\u00fcckfahrt15.jpg\" alt=\"rueckfahrt15\" width=\"890\" height=\"500\" srcset=\"https:\/\/gartner52.de\/page\/wp-content\/uploads\/2016\/10\/R\u00fcckfahrt15.jpg 890w, https:\/\/gartner52.de\/page\/wp-content\/uploads\/2016\/10\/R\u00fcckfahrt15-300x169.jpg 300w, https:\/\/gartner52.de\/page\/wp-content\/uploads\/2016\/10\/R\u00fcckfahrt15-768x431.jpg 768w\" sizes=\"auto, (max-width: 890px) 100vw, 890px\"><\/p>\n<p style=\"text-align: center;\"><span style=\"font-family: arial,helvetica,sans-serif; color: #000000;\">Wieder durch die beiden Tunnels<\/span><\/p>\n<p style=\"text-align: center;\"><img loading=\"lazy\" decoding=\"async\" class=\"size-full wp-image-4679 aligncenter\" src=\"https:\/\/gartner52.de\/page\/wp-content\/uploads\/2016\/10\/Tunnel3R\u00fcck.jpg\" alt=\"tunnel3rueck\" width=\"800\" height=\"600\" srcset=\"https:\/\/gartner52.de\/page\/wp-content\/uploads\/2016\/10\/Tunnel3R\u00fcck.jpg 800w, https:\/\/gartner52.de\/page\/wp-content\/uploads\/2016\/10\/Tunnel3R\u00fcck-300x225.jpg 300w, https:\/\/gartner52.de\/page\/wp-content\/uploads\/2016\/10\/Tunnel3R\u00fcck-768x576.jpg 768w\" sizes=\"auto, (max-width: 800px) 100vw, 800px\"><\/p>\n<p style=\"text-align: center;\"><span style=\"font-family: arial,helvetica,sans-serif; color: #000000;\">Gegen Abend kamen wir in Hesse an, Einparken Festmachen und dann war Feierabend.<br>\nDie letzte Nacht auf dem Boot verbrachten wir wieder bei der Charterfirma <strong><em><span style=\"color: #3366ff; font-family: book antiqua,palatino,serif; font-size: 12pt;\">le boat<\/span><\/em><\/strong><\/span><\/p>\n<p style=\"text-align: center;\"><img loading=\"lazy\" decoding=\"async\" class=\"size-full wp-image-4678 aligncenter\" src=\"https:\/\/gartner52.de\/page\/wp-content\/uploads\/2016\/10\/Zur\u00fcck1.jpg\" alt=\"zurueck1\" width=\"800\" height=\"600\" srcset=\"https:\/\/gartner52.de\/page\/wp-content\/uploads\/2016\/10\/Zur\u00fcck1.jpg 800w, https:\/\/gartner52.de\/page\/wp-content\/uploads\/2016\/10\/Zur\u00fcck1-300x225.jpg 300w, https:\/\/gartner52.de\/page\/wp-content\/uploads\/2016\/10\/Zur\u00fcck1-768x576.jpg 768w\" sizes=\"auto, (max-width: 800px) 100vw, 800px\"><img loading=\"lazy\" decoding=\"async\" class=\"alignnone size-full wp-image-4590\" src=\"https:\/\/gartner52.de\/page\/wp-content\/uploads\/2016\/10\/Zur\u00fcck2.jpg\" alt=\"zurueck2\" width=\"890\" height=\"500\" srcset=\"https:\/\/gartner52.de\/page\/wp-content\/uploads\/2016\/10\/Zur\u00fcck2.jpg 890w, https:\/\/gartner52.de\/page\/wp-content\/uploads\/2016\/10\/Zur\u00fcck2-300x169.jpg 300w, https:\/\/gartner52.de\/page\/wp-content\/uploads\/2016\/10\/Zur\u00fcck2-768x431.jpg 768w\" sizes=\"auto, (max-width: 890px) 100vw, 890px\"><\/p>\n<p style=\"text-align: center;\"><span style=\"font-family: arial,helvetica,sans-serif; color: #000000;\">Am n\u00e4chsten Morgen wurde alles in unsere Autos verladen und das Boot wieder an die Firma \u00fcbergeben. Wir wollten noch einmal nach Saverne fahren und in der Stadt bummeln gehen. Hier waren wir am \u201cHotel de Ville\u201d (Rathaus), daneben war ein sch\u00f6nes Fachwerkhaus mit vielen Schnitzereien<\/span><\/p>\n<p style=\"text-align: center;\"><img loading=\"lazy\" decoding=\"async\" class=\"alignnone size-full wp-image-4588\" src=\"https:\/\/gartner52.de\/page\/wp-content\/uploads\/2016\/10\/SaverneHaus.jpg\" alt=\"savernehaus\" width=\"889\" height=\"500\" srcset=\"https:\/\/gartner52.de\/page\/wp-content\/uploads\/2016\/10\/SaverneHaus.jpg 889w, https:\/\/gartner52.de\/page\/wp-content\/uploads\/2016\/10\/SaverneHaus-300x169.jpg 300w, https:\/\/gartner52.de\/page\/wp-content\/uploads\/2016\/10\/SaverneHaus-768x432.jpg 768w\" sizes=\"auto, (max-width: 889px) 100vw, 889px\"><\/p>\n<p style=\"text-align: center;\"><span style=\"font-family: arial,helvetica,sans-serif; color: #000000;\">Dieser Blechmann stand auch vor dem Rathaus<\/span><\/p>\n<p style=\"text-align: center;\"><img loading=\"lazy\" decoding=\"async\" class=\"alignnone size-full wp-image-4667\" src=\"https:\/\/gartner52.de\/page\/wp-content\/uploads\/2016\/10\/Dienstag7.jpg\" alt=\"dienstag7\" width=\"890\" height=\"500\" srcset=\"https:\/\/gartner52.de\/page\/wp-content\/uploads\/2016\/10\/Dienstag7.jpg 890w, https:\/\/gartner52.de\/page\/wp-content\/uploads\/2016\/10\/Dienstag7-300x169.jpg 300w, https:\/\/gartner52.de\/page\/wp-content\/uploads\/2016\/10\/Dienstag7-768x431.jpg 768w\" sizes=\"auto, (max-width: 890px) 100vw, 890px\"><\/p>\n<p style=\"text-align: center;\"><span style=\"font-family: arial,helvetica,sans-serif; color: #000000;\">Das Schlo\u00df Rohan von der anderen Seite<\/span><\/p>\n<p style=\"text-align: center;\"><img loading=\"lazy\" decoding=\"async\" class=\"alignnone size-large wp-image-4658\" src=\"https:\/\/gartner52.de\/page\/wp-content\/uploads\/2016\/10\/Panorama-1024x236.jpg\" alt=\"panorama\" width=\"1024\" height=\"236\" srcset=\"https:\/\/gartner52.de\/page\/wp-content\/uploads\/2016\/10\/Panorama-1024x236.jpg 1024w, https:\/\/gartner52.de\/page\/wp-content\/uploads\/2016\/10\/Panorama-300x69.jpg 300w, https:\/\/gartner52.de\/page\/wp-content\/uploads\/2016\/10\/Panorama-768x177.jpg 768w\" sizes=\"auto, (max-width: 1024px) 100vw, 1024px\"><\/p>\n<p style=\"text-align: center;\"><span style=\"color: #000000; font-family: arial,helvetica,sans-serif;\">Es wurden noch einige Geschenke gekauft, dann machten wir uns auf den R\u00fcckweg nach Hause.<\/span><\/p>\n<p style=\"text-align: center;\"><img loading=\"lazy\" decoding=\"async\" class=\"size-full wp-image-4669 aligncenter\" src=\"https:\/\/gartner52.de\/page\/wp-content\/uploads\/2016\/10\/Geschenke.jpg\" alt=\"geschenke\" width=\"800\" height=\"450\" srcset=\"https:\/\/gartner52.de\/page\/wp-content\/uploads\/2016\/10\/Geschenke.jpg 800w, https:\/\/gartner52.de\/page\/wp-content\/uploads\/2016\/10\/Geschenke-300x169.jpg 300w, https:\/\/gartner52.de\/page\/wp-content\/uploads\/2016\/10\/Geschenke-768x432.jpg 768w\" sizes=\"auto, (max-width: 800px) 100vw, 800px\"><\/p>\n<p style=\"text-align: center;\"><span style=\"font-family: arial,helvetica,sans-serif; color: #000000;\">Dieses verl\u00e4ngerte Wochenende auf einem Hausboot im Elsass war toll, es hat allen sehr gut gefallen. Das Wetter war nicht immer ganz so gut, aber es schien auch oft die Sonne. Wir hatten jede Menge Spa\u00df.<\/span><br>\n<span style=\"font-family: arial,helvetica,sans-serif; color: #000000;\">Es war einmal etwas anderes als mit dem Wohnmobil zu fahren.&nbsp; <\/span><\/p>\n<h5 style=\"text-align: center;\"><span style=\"font-family: trebuchet ms,geneva,sans-serif; font-size: 14pt;\"><a href=\"https:\/\/gartner52.de\/page\/\">zur\u00fcck zur Startseite<\/a><\/span><\/h5>\n","protected":false},"excerpt":{"rendered":"<p>Hausboot Wochenende im Elsass Teil 2 Der Hafen von Saverne Kaffee Pause in Saverne Schloss Rohan auch Ch\u00e2teau Neuf genannt. Am Sonntag Nachmittag machten wir uns wieder auf den R\u00fcckweg, wir mussten ja wieder durch 12 Schleusen und mit dem \u2026 <a href=\"https:\/\/gartner52.de\/page\/2016-hausboot-teil-2\/\">Weiter<\/a><\/p>\n","protected":false},"author":4,"featured_media":0,"parent":0,"menu_order":0,"comment_status":"closed","ping_status":"closed","template":"","meta":{"wp_typography_post_enhancements_disabled":false,"kt_blocks_editor_width":"","footnotes":""},"class_list":["post-4648","page","type-page","status-publish","hentry"],"_links":{"self":[{"href":"https:\/\/gartner52.de\/page\/wp-json\/wp\/v2\/pages\/4648","targetHints":{"allow":["GET"]}}],"collection":[{"href":"https:\/\/gartner52.de\/page\/wp-json\/wp\/v2\/pages"}],"about":[{"href":"https:\/\/gartner52.de\/page\/wp-json\/wp\/v2\/types\/page"}],"author":[{"embeddable":true,"href":"https:\/\/gartner52.de\/page\/wp-json\/wp\/v2\/users\/4"}],"replies":[{"embeddable":true,"href":"https:\/\/gartner52.de\/page\/wp-json\/wp\/v2\/comments?post=4648"}],"version-history":[{"count":31,"href":"https:\/\/gartner52.de\/page\/wp-json\/wp\/v2\/pages\/4648\/revisions"}],"predecessor-version":[{"id":4793,"href":"https:\/\/gartner52.de\/page\/wp-json\/wp\/v2\/pages\/4648\/revisions\/4793"}],"wp:attachment":[{"href":"https:\/\/gartner52.de\/page\/wp-json\/wp\/v2\/media?parent=4648"}],"curies":[{"name":"wp","href":"https:\/\/api.w.org\/{rel}","templated":true}]}}