{"id":4276,"date":"2016-08-06T21:27:56","date_gmt":"2016-08-06T19:27:56","guid":{"rendered":"http:\/\/gartner52.de\/page\/?page_id=4276"},"modified":"2017-08-13T13:55:05","modified_gmt":"2017-08-13T11:55:05","slug":"juni2016-1","status":"publish","type":"page","link":"https:\/\/gartner52.de\/page\/juni2016-1\/","title":{"rendered":"Juni2016\u20111"},"content":{"rendered":"<h2 style=\"text-align: center;\"><em><span style=\"color: #3366ff;\">Unser Urlaub in Kroatien im Jahr&nbsp;2016<\/span><br>\n<\/em><\/h2>\n<p style=\"text-align: center;\"><span style=\"color: #008000; font-size: 14pt;\">Teil 1<\/span><\/p>\n<h4><img loading=\"lazy\" decoding=\"async\" class=\"wp-image-484 aligncenter\" src=\"https:\/\/gartner52.de\/page\/wp-content\/uploads\/2016\/02\/Flagge-Cro.jpg\" sizes=\"auto, (max-width: 174px) 100vw, 174px\" srcset=\"https:\/\/gartner52.de\/page\/wp-content\/uploads\/2016\/02\/Flagge-Cro-300x150.jpg 300w, https:\/\/gartner52.de\/page\/wp-content\/uploads\/2016\/02\/Flagge-Cro.jpg 547w\" alt=\"Flagge Cro\" width=\"144\" height=\"72\"><\/h4>\n<p>&nbsp;<\/p>\n<hr>\n<p style=\"text-align: left;\"><strong>Die Anreise:<\/strong><br>\nWir fuhren dieses mal an einem Donnerstag, der bei uns ein Feiertag war gegen 6:45 Uhr los. Die Autobahn war bis nach Stuttgart frei, dann lief es bis nach Ulm etwas z\u00e4hfl\u00fcssig. Weiter bis nach M\u00fcnchen ohne Stau. Bei der Umfahrung von M\u00fcnchen fing es dann an. Auf der Umfahrung war ein gr\u00f6\u00dferer Stau, wir verloren ca. 45 Minuten. Als wir hinter dem Inntal Dreieck waren hatten wir freie Fahrt. In \u00d6sterreich, Italien und Slowenien gab es keine Staus.<\/p>\n<p style=\"text-align: center;\"><em><img loading=\"lazy\" decoding=\"async\" class=\"size-full wp-image-4205 alignleft\" src=\"https:\/\/gartner52.de\/page\/wp-content\/uploads\/2016\/04\/2016_Anfahrt.jpg\" alt=\"2016_Anfahrt\" width=\"800\" height=\"600\" srcset=\"https:\/\/gartner52.de\/page\/wp-content\/uploads\/2016\/04\/2016_Anfahrt.jpg 800w, https:\/\/gartner52.de\/page\/wp-content\/uploads\/2016\/04\/2016_Anfahrt-300x225.jpg 300w, https:\/\/gartner52.de\/page\/wp-content\/uploads\/2016\/04\/2016_Anfahrt-768x576.jpg 768w\" sizes=\"auto, (max-width: 800px) 100vw, 800px\"><\/em><\/p>\n<p><img loading=\"lazy\" decoding=\"async\" class=\"size-full wp-image-4206 alignnone\" src=\"https:\/\/gartner52.de\/page\/wp-content\/uploads\/2016\/04\/2016_Anfahrt2.jpg\" alt=\"2016_Anfahrt2\" width=\"800\" height=\"600\" srcset=\"https:\/\/gartner52.de\/page\/wp-content\/uploads\/2016\/04\/2016_Anfahrt2.jpg 800w, https:\/\/gartner52.de\/page\/wp-content\/uploads\/2016\/04\/2016_Anfahrt2-300x225.jpg 300w, https:\/\/gartner52.de\/page\/wp-content\/uploads\/2016\/04\/2016_Anfahrt2-768x576.jpg 768w\" sizes=\"auto, (max-width: 800px) 100vw, 800px\"> Wir waren um 19:30 Uhr in Rupa auf dem Rasthof und haben dort die Nacht verbracht.<br>\nAm Feitag morgen brachten wir die restlichen Kilometer auf der K\u00fcstenstra\u00dfe bis zur F\u00e4hre in Prizna hinter uns.<br>\n<img loading=\"lazy\" decoding=\"async\" class=\"alignnone size-full wp-image-4207\" src=\"https:\/\/gartner52.de\/page\/wp-content\/uploads\/2016\/04\/2016_Anfahrt3.jpg\" alt=\"2016_Anfahrt3\" width=\"800\" height=\"600\" srcset=\"https:\/\/gartner52.de\/page\/wp-content\/uploads\/2016\/04\/2016_Anfahrt3.jpg 800w, https:\/\/gartner52.de\/page\/wp-content\/uploads\/2016\/04\/2016_Anfahrt3-300x225.jpg 300w, https:\/\/gartner52.de\/page\/wp-content\/uploads\/2016\/04\/2016_Anfahrt3-768x576.jpg 768w\" sizes=\"auto, (max-width: 800px) 100vw, 800px\">Hier sind wir in Senj, das ist der CP-Skver.<\/p>\n<p><img loading=\"lazy\" decoding=\"async\" class=\"alignnone size-full wp-image-4235\" src=\"https:\/\/gartner52.de\/page\/wp-content\/uploads\/2016\/04\/2016_SenjCamp.jpg\" alt=\"2016_SenjCamp\" width=\"800\" height=\"600\" srcset=\"https:\/\/gartner52.de\/page\/wp-content\/uploads\/2016\/04\/2016_SenjCamp.jpg 800w, https:\/\/gartner52.de\/page\/wp-content\/uploads\/2016\/04\/2016_SenjCamp-300x225.jpg 300w, https:\/\/gartner52.de\/page\/wp-content\/uploads\/2016\/04\/2016_SenjCamp-768x576.jpg 768w\" sizes=\"auto, (max-width: 800px) 100vw, 800px\"><\/p>\n<p>Wir hatten f\u00fcr die F\u00e4hre ein Ticket online gekauft und fuhren gleich ganz runter zur Verladung. Die F\u00e4hre kam auch gleich und wir waren um 11:30 Uhr schon auf dem Campingplatz Strasko.<br>\n<img loading=\"lazy\" decoding=\"async\" class=\"alignnone size-full wp-image-4223\" src=\"https:\/\/gartner52.de\/page\/wp-content\/uploads\/2016\/04\/2016_Faehre.jpg\" alt=\"2016_Faehre\" width=\"800\" height=\"600\" srcset=\"https:\/\/gartner52.de\/page\/wp-content\/uploads\/2016\/04\/2016_Faehre.jpg 800w, https:\/\/gartner52.de\/page\/wp-content\/uploads\/2016\/04\/2016_Faehre-300x225.jpg 300w, https:\/\/gartner52.de\/page\/wp-content\/uploads\/2016\/04\/2016_Faehre-768x576.jpg 768w\" sizes=\"auto, (max-width: 800px) 100vw, 800px\">Schnell den Platz bezogen und aufgebaut. Wir hatten wieder einen sch\u00f6nen und gro\u00dfen Stellplatz.<\/p>\n<p><em><img loading=\"lazy\" decoding=\"async\" class=\"alignnone size-full wp-image-4238\" src=\"https:\/\/gartner52.de\/page\/wp-content\/uploads\/2016\/04\/2016_StraskoNr.jpg\" alt=\"2016_StraskoNr\" width=\"800\" height=\"600\" srcset=\"https:\/\/gartner52.de\/page\/wp-content\/uploads\/2016\/04\/2016_StraskoNr.jpg 800w, https:\/\/gartner52.de\/page\/wp-content\/uploads\/2016\/04\/2016_StraskoNr-300x225.jpg 300w, https:\/\/gartner52.de\/page\/wp-content\/uploads\/2016\/04\/2016_StraskoNr-768x576.jpg 768w\" sizes=\"auto, (max-width: 800px) 100vw, 800px\"><\/em><\/p>\n<p style=\"text-align: left;\"><img loading=\"lazy\" decoding=\"async\" class=\"alignnone size-full wp-image-4239\" src=\"https:\/\/gartner52.de\/page\/wp-content\/uploads\/2016\/04\/2016_StraskoPlatz.jpg\" alt=\"2016_StraskoPlatz\" width=\"800\" height=\"600\" srcset=\"https:\/\/gartner52.de\/page\/wp-content\/uploads\/2016\/04\/2016_StraskoPlatz.jpg 800w, https:\/\/gartner52.de\/page\/wp-content\/uploads\/2016\/04\/2016_StraskoPlatz-300x225.jpg 300w, https:\/\/gartner52.de\/page\/wp-content\/uploads\/2016\/04\/2016_StraskoPlatz-768x576.jpg 768w\" sizes=\"auto, (max-width: 800px) 100vw, 800px\"><\/p>\n<p style=\"text-align: center;\">Am Abend machten wir einen Rundgang \u00fcber den Campingplatz,<br>\nman muss ja wissen wer so alles da ist.<\/p>\n<p style=\"text-align: center;\"><img loading=\"lazy\" decoding=\"async\" class=\"wp-image-4237 alignleft\" src=\"https:\/\/gartner52.de\/page\/wp-content\/uploads\/2016\/04\/2016_StarskoStrand.jpg\" alt=\"2016_StarskoStrand\" width=\"800\" height=\"600\" srcset=\"https:\/\/gartner52.de\/page\/wp-content\/uploads\/2016\/04\/2016_StarskoStrand.jpg 800w, https:\/\/gartner52.de\/page\/wp-content\/uploads\/2016\/04\/2016_StarskoStrand-300x225.jpg 300w, https:\/\/gartner52.de\/page\/wp-content\/uploads\/2016\/04\/2016_StarskoStrand-768x576.jpg 768w\" sizes=\"auto, (max-width: 800px) 100vw, 800px\"><\/p>\n<p>&nbsp;<\/p>\n<p>&nbsp;<\/p>\n<p>&nbsp;<\/p>\n<p>&nbsp;<\/p>\n<p>&nbsp;<\/p>\n<p>&nbsp;<\/p>\n<p>&nbsp;<\/p>\n<p>&nbsp;<\/p>\n<p>&nbsp;<\/p>\n<p>&nbsp;<\/p>\n<p>&nbsp;<\/p>\n<p>&nbsp;<\/p>\n<p>&nbsp;<\/p>\n<p>&nbsp;<\/p>\n<p>&nbsp;<\/p>\n<p>&nbsp;<\/p>\n<p>&nbsp;<\/p>\n<p>&nbsp;<\/p>\n<p>&nbsp;<\/p>\n<p>&nbsp;<\/p>\n<p>&nbsp;<\/p>\n<p>Wir staunten nicht schlecht als wir die Eltern unserer Schwiegetochter trafen. Es gab ein gro\u00dfes \u201cHallo\u201d und alle freuten sich.<\/p>\n<p><img loading=\"lazy\" decoding=\"async\" class=\"alignnone size-full wp-image-4204\" src=\"https:\/\/gartner52.de\/page\/wp-content\/uploads\/2016\/04\/2016_3Mann.jpg\" alt=\"2016_3Mann\" width=\"800\" height=\"600\" srcset=\"https:\/\/gartner52.de\/page\/wp-content\/uploads\/2016\/04\/2016_3Mann.jpg 800w, https:\/\/gartner52.de\/page\/wp-content\/uploads\/2016\/04\/2016_3Mann-300x225.jpg 300w, https:\/\/gartner52.de\/page\/wp-content\/uploads\/2016\/04\/2016_3Mann-768x576.jpg 768w\" sizes=\"auto, (max-width: 800px) 100vw, 800px\"><\/p>\n<p><img loading=\"lazy\" decoding=\"async\" class=\"alignnone size-full wp-image-4288\" src=\"https:\/\/gartner52.de\/page\/wp-content\/uploads\/2016\/08\/2016_StraskoAbend.jpg\" alt=\"2016_StraskoAbend\" width=\"800\" height=\"600\" srcset=\"https:\/\/gartner52.de\/page\/wp-content\/uploads\/2016\/08\/2016_StraskoAbend.jpg 800w, https:\/\/gartner52.de\/page\/wp-content\/uploads\/2016\/08\/2016_StraskoAbend-300x225.jpg 300w, https:\/\/gartner52.de\/page\/wp-content\/uploads\/2016\/08\/2016_StraskoAbend-768x576.jpg 768w\" sizes=\"auto, (max-width: 800px) 100vw, 800px\"><\/p>\n<p style=\"text-align: center;\"><img loading=\"lazy\" decoding=\"async\" class=\"size-full wp-image-4292 alignleft\" src=\"https:\/\/gartner52.de\/page\/wp-content\/uploads\/2016\/08\/2016_StraskoBank.jpg\" alt=\"2016_StraskoBank\" width=\"800\" height=\"600\" srcset=\"https:\/\/gartner52.de\/page\/wp-content\/uploads\/2016\/08\/2016_StraskoBank.jpg 800w, https:\/\/gartner52.de\/page\/wp-content\/uploads\/2016\/08\/2016_StraskoBank-300x225.jpg 300w, https:\/\/gartner52.de\/page\/wp-content\/uploads\/2016\/08\/2016_StraskoBank-768x576.jpg 768w\" sizes=\"auto, (max-width: 800px) 100vw, 800px\"><\/p>\n<p><img loading=\"lazy\" decoding=\"async\" class=\"alignnone size-full wp-image-4214\" src=\"https:\/\/gartner52.de\/page\/wp-content\/uploads\/2016\/04\/2016_Blume.jpg\" alt=\"2016_Blume\" width=\"800\" height=\"600\" srcset=\"https:\/\/gartner52.de\/page\/wp-content\/uploads\/2016\/04\/2016_Blume.jpg 800w, https:\/\/gartner52.de\/page\/wp-content\/uploads\/2016\/04\/2016_Blume-300x225.jpg 300w, https:\/\/gartner52.de\/page\/wp-content\/uploads\/2016\/04\/2016_Blume-768x576.jpg 768w\" sizes=\"auto, (max-width: 800px) 100vw, 800px\"><\/p>\n<p style=\"text-align: center;\">Der Platz war wieder sehr sch\u00f6n gerichtet. \u00dcberall bl\u00fchte es.<\/p>\n<p><img loading=\"lazy\" decoding=\"async\" class=\"alignnone size-full wp-image-4217\" src=\"https:\/\/gartner52.de\/page\/wp-content\/uploads\/2016\/04\/2016_Blume3.jpg\" alt=\"2016_Blume3\" width=\"800\" height=\"600\" srcset=\"https:\/\/gartner52.de\/page\/wp-content\/uploads\/2016\/04\/2016_Blume3.jpg 800w, https:\/\/gartner52.de\/page\/wp-content\/uploads\/2016\/04\/2016_Blume3-300x225.jpg 300w, https:\/\/gartner52.de\/page\/wp-content\/uploads\/2016\/04\/2016_Blume3-768x576.jpg 768w\" sizes=\"auto, (max-width: 800px) 100vw, 800px\"><\/p>\n<p><img loading=\"lazy\" decoding=\"async\" class=\"alignnone size-full wp-image-4216\" src=\"https:\/\/gartner52.de\/page\/wp-content\/uploads\/2016\/04\/2016_Blume2.jpg\" alt=\"2016_Blume2\" width=\"800\" height=\"600\" srcset=\"https:\/\/gartner52.de\/page\/wp-content\/uploads\/2016\/04\/2016_Blume2.jpg 800w, https:\/\/gartner52.de\/page\/wp-content\/uploads\/2016\/04\/2016_Blume2-300x225.jpg 300w, https:\/\/gartner52.de\/page\/wp-content\/uploads\/2016\/04\/2016_Blume2-768x576.jpg 768w\" sizes=\"auto, (max-width: 800px) 100vw, 800px\"><\/p>\n<p style=\"text-align: center;\"><img loading=\"lazy\" decoding=\"async\" class=\"size-full wp-image-4215 alignnone\" src=\"https:\/\/gartner52.de\/page\/wp-content\/uploads\/2016\/04\/2016_Blume1.jpg\" alt=\"2016_Blume1\" width=\"800\" height=\"600\" srcset=\"https:\/\/gartner52.de\/page\/wp-content\/uploads\/2016\/04\/2016_Blume1.jpg 800w, https:\/\/gartner52.de\/page\/wp-content\/uploads\/2016\/04\/2016_Blume1-300x225.jpg 300w, https:\/\/gartner52.de\/page\/wp-content\/uploads\/2016\/04\/2016_Blume1-768x576.jpg 768w\" sizes=\"auto, (max-width: 800px) 100vw, 800px\"><\/p>\n<p style=\"text-align: center;\">Die <span class=\"caps\">WLAN<\/span> Hotspots wurden mit neuen, gr\u00f6\u00dferen Antennen versehen.<br>\nAber eine bessere Verbindung gab es trotzdem nicht.<\/p>\n<p style=\"text-align: center;\"><img loading=\"lazy\" decoding=\"async\" class=\"alignnone size-full wp-image-4256\" src=\"https:\/\/gartner52.de\/page\/wp-content\/uploads\/2016\/04\/2016_Wlan.jpg\" alt=\"2016_Wlan\" width=\"800\" height=\"600\" srcset=\"https:\/\/gartner52.de\/page\/wp-content\/uploads\/2016\/04\/2016_Wlan.jpg 800w, https:\/\/gartner52.de\/page\/wp-content\/uploads\/2016\/04\/2016_Wlan-300x225.jpg 300w, https:\/\/gartner52.de\/page\/wp-content\/uploads\/2016\/04\/2016_Wlan-768x576.jpg 768w\" sizes=\"auto, (max-width: 800px) 100vw, 800px\">Der Backshop war nicht weit vom Stellplatz, hier gab viele leckere Sachen.<\/p>\n<p style=\"text-align: left;\"><img loading=\"lazy\" decoding=\"async\" class=\"alignnone size-full wp-image-4291\" src=\"https:\/\/gartner52.de\/page\/wp-content\/uploads\/2016\/08\/2016_StraskoBaeker.jpg\" alt=\"2016_StraskoBaeker\" width=\"800\" height=\"600\" srcset=\"https:\/\/gartner52.de\/page\/wp-content\/uploads\/2016\/08\/2016_StraskoBaeker.jpg 800w, https:\/\/gartner52.de\/page\/wp-content\/uploads\/2016\/08\/2016_StraskoBaeker-300x225.jpg 300w, https:\/\/gartner52.de\/page\/wp-content\/uploads\/2016\/08\/2016_StraskoBaeker-768x576.jpg 768w\" sizes=\"auto, (max-width: 800px) 100vw, 800px\"><br>\nDas Wasserflugzeug war einmal in Novalja. Es landete und startete sehr oft, dabei flog es immer sehr tief \u00fcber den Campingplatz<\/p>\n<p><img loading=\"lazy\" decoding=\"async\" class=\"alignnone size-full wp-image-4224\" src=\"https:\/\/gartner52.de\/page\/wp-content\/uploads\/2016\/04\/2016_Flieger.jpg\" alt=\"2016_Flieger\" width=\"800\" height=\"533\" srcset=\"https:\/\/gartner52.de\/page\/wp-content\/uploads\/2016\/04\/2016_Flieger.jpg 800w, https:\/\/gartner52.de\/page\/wp-content\/uploads\/2016\/04\/2016_Flieger-300x200.jpg 300w, https:\/\/gartner52.de\/page\/wp-content\/uploads\/2016\/04\/2016_Flieger-768x512.jpg 768w\" sizes=\"auto, (max-width: 800px) 100vw, 800px\"><\/p>\n<p style=\"text-align: center;\">Mit unserem Quad machten wir einen Ausflug an den Strand von Metajna<\/p>\n<p><img loading=\"lazy\" decoding=\"async\" class=\"alignnone size-full wp-image-4289\" src=\"https:\/\/gartner52.de\/page\/wp-content\/uploads\/2016\/08\/2016_Metajna.jpg\" alt=\"2016_Metajna\" width=\"800\" height=\"600\" srcset=\"https:\/\/gartner52.de\/page\/wp-content\/uploads\/2016\/08\/2016_Metajna.jpg 800w, https:\/\/gartner52.de\/page\/wp-content\/uploads\/2016\/08\/2016_Metajna-300x225.jpg 300w, https:\/\/gartner52.de\/page\/wp-content\/uploads\/2016\/08\/2016_Metajna-768x576.jpg 768w\" sizes=\"auto, (max-width: 800px) 100vw, 800px\"><\/p>\n<p style=\"text-align: center;\">Hier sind wir an der Bucht die zum Zrce Strand geht<\/p>\n<p style=\"text-align: left;\"><img loading=\"lazy\" decoding=\"async\" class=\"alignnone size-full wp-image-4209\" src=\"https:\/\/gartner52.de\/page\/wp-content\/uploads\/2016\/04\/2016_Ausflug1.jpg\" alt=\"2016_Ausflug1\" width=\"800\" height=\"600\" srcset=\"https:\/\/gartner52.de\/page\/wp-content\/uploads\/2016\/04\/2016_Ausflug1.jpg 800w, https:\/\/gartner52.de\/page\/wp-content\/uploads\/2016\/04\/2016_Ausflug1-300x225.jpg 300w, https:\/\/gartner52.de\/page\/wp-content\/uploads\/2016\/04\/2016_Ausflug1-768x576.jpg 768w\" sizes=\"auto, (max-width: 800px) 100vw, 800px\"><\/p>\n<p><img loading=\"lazy\" decoding=\"async\" class=\"alignnone size-full wp-image-4213\" src=\"https:\/\/gartner52.de\/page\/wp-content\/uploads\/2016\/04\/2016_Ausflug5.jpg\" alt=\"2016_Ausflug5\" width=\"800\" height=\"600\" srcset=\"https:\/\/gartner52.de\/page\/wp-content\/uploads\/2016\/04\/2016_Ausflug5.jpg 800w, https:\/\/gartner52.de\/page\/wp-content\/uploads\/2016\/04\/2016_Ausflug5-300x225.jpg 300w, https:\/\/gartner52.de\/page\/wp-content\/uploads\/2016\/04\/2016_Ausflug5-768x576.jpg 768w\" sizes=\"auto, (max-width: 800px) 100vw, 800px\"><\/p>\n<p style=\"text-align: center;\">Im Hintergrund links sieht man das kleine Dorf Metajna<\/p>\n<p><img loading=\"lazy\" decoding=\"async\" class=\"alignnone size-full wp-image-4208\" src=\"https:\/\/gartner52.de\/page\/wp-content\/uploads\/2016\/04\/2016_Ausflug.jpg\" alt=\"2016_Ausflug\" width=\"800\" height=\"600\" srcset=\"https:\/\/gartner52.de\/page\/wp-content\/uploads\/2016\/04\/2016_Ausflug.jpg 800w, https:\/\/gartner52.de\/page\/wp-content\/uploads\/2016\/04\/2016_Ausflug-300x225.jpg 300w, https:\/\/gartner52.de\/page\/wp-content\/uploads\/2016\/04\/2016_Ausflug-768x576.jpg 768w\" sizes=\"auto, (max-width: 800px) 100vw, 800px\"><\/p>\n<p><img loading=\"lazy\" decoding=\"async\" class=\"alignnone size-full wp-image-4212\" src=\"https:\/\/gartner52.de\/page\/wp-content\/uploads\/2016\/04\/2016_Ausflug4.jpg\" alt=\"2016_Ausflug4\" width=\"800\" height=\"600\" srcset=\"https:\/\/gartner52.de\/page\/wp-content\/uploads\/2016\/04\/2016_Ausflug4.jpg 800w, https:\/\/gartner52.de\/page\/wp-content\/uploads\/2016\/04\/2016_Ausflug4-300x225.jpg 300w, https:\/\/gartner52.de\/page\/wp-content\/uploads\/2016\/04\/2016_Ausflug4-768x576.jpg 768w\" sizes=\"auto, (max-width: 800px) 100vw, 800px\"><\/p>\n<p><img loading=\"lazy\" decoding=\"async\" class=\"alignnone size-full wp-image-4211\" src=\"https:\/\/gartner52.de\/page\/wp-content\/uploads\/2016\/04\/2016_Ausflug3.jpg\" alt=\"2016_Ausflug3\" width=\"800\" height=\"600\" srcset=\"https:\/\/gartner52.de\/page\/wp-content\/uploads\/2016\/04\/2016_Ausflug3.jpg 800w, https:\/\/gartner52.de\/page\/wp-content\/uploads\/2016\/04\/2016_Ausflug3-300x225.jpg 300w, https:\/\/gartner52.de\/page\/wp-content\/uploads\/2016\/04\/2016_Ausflug3-768x576.jpg 768w\" sizes=\"auto, (max-width: 800px) 100vw, 800px\"><\/p>\n<p style=\"text-align: center;\">Das ist der Strand, sch\u00f6n gelegen und kaum Betrieb.<\/p>\n<p><img loading=\"lazy\" decoding=\"async\" class=\"alignnone size-full wp-image-4210\" src=\"https:\/\/gartner52.de\/page\/wp-content\/uploads\/2016\/04\/2016_Ausflug2.jpg\" alt=\"2016_Ausflug2\" width=\"800\" height=\"600\" srcset=\"https:\/\/gartner52.de\/page\/wp-content\/uploads\/2016\/04\/2016_Ausflug2.jpg 800w, https:\/\/gartner52.de\/page\/wp-content\/uploads\/2016\/04\/2016_Ausflug2-300x225.jpg 300w, https:\/\/gartner52.de\/page\/wp-content\/uploads\/2016\/04\/2016_Ausflug2-768x576.jpg 768w\" sizes=\"auto, (max-width: 800px) 100vw, 800px\"><\/p>\n<p><img loading=\"lazy\" decoding=\"async\" class=\"alignnone size-large wp-image-4232\" src=\"https:\/\/gartner52.de\/page\/wp-content\/uploads\/2016\/04\/2016_Panorama_k-1024x225.jpg\" alt=\"2016_Panorama_k\" width=\"1024\" height=\"225\" srcset=\"https:\/\/gartner52.de\/page\/wp-content\/uploads\/2016\/04\/2016_Panorama_k-1024x225.jpg 1024w, https:\/\/gartner52.de\/page\/wp-content\/uploads\/2016\/04\/2016_Panorama_k-300x66.jpg 300w, https:\/\/gartner52.de\/page\/wp-content\/uploads\/2016\/04\/2016_Panorama_k-768x169.jpg 768w\" sizes=\"auto, (max-width: 1024px) 100vw, 1024px\"><\/p>\n<p style=\"text-align: left;\">Hier waren wir wieder in der N\u00e4he von Stara Novalja am Felsenstrand, super tolles Wassser!<\/p>\n<p><img loading=\"lazy\" decoding=\"async\" class=\"alignnone size-full wp-image-4236\" src=\"https:\/\/gartner52.de\/page\/wp-content\/uploads\/2016\/04\/2016_StaraN.jpg\" alt=\"2016_StaraN\" width=\"800\" height=\"600\" srcset=\"https:\/\/gartner52.de\/page\/wp-content\/uploads\/2016\/04\/2016_StaraN.jpg 800w, https:\/\/gartner52.de\/page\/wp-content\/uploads\/2016\/04\/2016_StaraN-300x225.jpg 300w, https:\/\/gartner52.de\/page\/wp-content\/uploads\/2016\/04\/2016_StaraN-768x576.jpg 768w\" sizes=\"auto, (max-width: 800px) 100vw, 800px\"><\/p>\n<p style=\"text-align: center;\">Blick Richtung Insel Rab<\/p>\n<p><img loading=\"lazy\" decoding=\"async\" class=\"alignnone size-full wp-image-4295\" src=\"https:\/\/gartner52.de\/page\/wp-content\/uploads\/2016\/08\/2016_StaraN2.jpg\" alt=\"2016_StaraN2\" width=\"800\" height=\"600\" srcset=\"https:\/\/gartner52.de\/page\/wp-content\/uploads\/2016\/08\/2016_StaraN2.jpg 800w, https:\/\/gartner52.de\/page\/wp-content\/uploads\/2016\/08\/2016_StaraN2-300x225.jpg 300w, https:\/\/gartner52.de\/page\/wp-content\/uploads\/2016\/08\/2016_StaraN2-768x576.jpg 768w\" sizes=\"auto, (max-width: 800px) 100vw, 800px\"><\/p>\n<p style=\"text-align: center;\">Nat\u00fcrlich gingen wir in Novalja auch wieder Essen.<br>\nDie Preise waren wie 2015 und es schmeckte sehr lecker.<\/p>\n<p><img loading=\"lazy\" decoding=\"async\" class=\"alignnone size-full wp-image-4293\" src=\"https:\/\/gartner52.de\/page\/wp-content\/uploads\/2016\/08\/2106_Essen.jpg\" alt=\"2106_Essen\" width=\"800\" height=\"600\" srcset=\"https:\/\/gartner52.de\/page\/wp-content\/uploads\/2016\/08\/2106_Essen.jpg 800w, https:\/\/gartner52.de\/page\/wp-content\/uploads\/2016\/08\/2106_Essen-300x225.jpg 300w, https:\/\/gartner52.de\/page\/wp-content\/uploads\/2016\/08\/2106_Essen-768x576.jpg 768w\" sizes=\"auto, (max-width: 800px) 100vw, 800px\"><\/p>\n<p style=\"text-align: center;\"><a href=\"https:\/\/gartner52.de\/page\/juni2016-2\/\"><em><span style=\"color: #666699; font-size: 14pt;\">Weiter zum Teil 2<\/span><\/em><\/a><\/p>\n<p>&nbsp;<\/p>\n<p>&nbsp;<\/p>\n<p>&nbsp;<\/p>\n<p>&nbsp;<\/p>\n<p>&nbsp;<\/p>\n<p>&nbsp;<\/p>\n","protected":false},"excerpt":{"rendered":"<p>Unser Urlaub in Kroatien im Jahr&nbsp;2016 Teil 1 &nbsp; Die Anreise: Wir fuhren dieses mal an einem Donnerstag, der bei uns ein Feiertag war gegen 6:45 Uhr los. Die Autobahn war bis nach Stuttgart frei, dann lief es bis nach \u2026 <a href=\"https:\/\/gartner52.de\/page\/juni2016-1\/\">Weiter<\/a><\/p>\n","protected":false},"author":4,"featured_media":0,"parent":0,"menu_order":0,"comment_status":"closed","ping_status":"closed","template":"","meta":{"wp_typography_post_enhancements_disabled":false,"kt_blocks_editor_width":"","footnotes":""},"class_list":["post-4276","page","type-page","status-publish","hentry"],"_links":{"self":[{"href":"https:\/\/gartner52.de\/page\/wp-json\/wp\/v2\/pages\/4276","targetHints":{"allow":["GET"]}}],"collection":[{"href":"https:\/\/gartner52.de\/page\/wp-json\/wp\/v2\/pages"}],"about":[{"href":"https:\/\/gartner52.de\/page\/wp-json\/wp\/v2\/types\/page"}],"author":[{"embeddable":true,"href":"https:\/\/gartner52.de\/page\/wp-json\/wp\/v2\/users\/4"}],"replies":[{"embeddable":true,"href":"https:\/\/gartner52.de\/page\/wp-json\/wp\/v2\/comments?post=4276"}],"version-history":[{"count":37,"href":"https:\/\/gartner52.de\/page\/wp-json\/wp\/v2\/pages\/4276\/revisions"}],"predecessor-version":[{"id":5179,"href":"https:\/\/gartner52.de\/page\/wp-json\/wp\/v2\/pages\/4276\/revisions\/5179"}],"wp:attachment":[{"href":"https:\/\/gartner52.de\/page\/wp-json\/wp\/v2\/media?parent=4276"}],"curies":[{"name":"wp","href":"https:\/\/api.w.org\/{rel}","templated":true}]}}