{"id":3851,"date":"2016-03-15T16:48:21","date_gmt":"2016-03-15T15:48:21","guid":{"rendered":"http:\/\/gartner52.de\/page\/?page_id=3851"},"modified":"2023-10-15T14:18:21","modified_gmt":"2023-10-15T12:18:21","slug":"externe-links","status":"publish","type":"page","link":"https:\/\/gartner52.de\/page\/externe-links\/","title":{"rendered":"Externe Links"},"content":{"rendered":"<h5><span style=\"color: #0000ff; font-size: 14pt;\">Campingpl\u00e4tze in Deutschland<\/span><br>\n<span style=\"color: #0000ff; font-size: 14pt;\"> auf denen wir schon waren:<\/span><\/h5>\n<p><strong><span style=\"color: #008080;\">Sterne = so wie wir die Pl\u00e4tze bewerten w\u00fcrden.<br>\n<\/span><\/strong><span style=\"color: #808080; font-size: 10pt;\">Es wurden immer 5 Platzeigenheiten<br>\nf\u00fcr die Bewertung erfasst.<strong><br>\n<\/strong><\/span><\/p>\n<p><span style=\"color: #800080;\">Alle Links \u00f6ffnen sich in einen neuen Tab.<\/span><\/p>\n<p><a href=\"http:\/\/www.breitenauer-see.de\/\" target=\"_blank\" rel=\"noopener\"><span style=\"color: #3366ff;\">Campingpark am Breitenauer See<\/span><\/a><span style=\"color: #3366ff;\"><a style=\"color: #3366ff;\" href=\"http:\/\/www.breitenauer-see.de\/\"> *****<\/a><\/span><\/p>\n<p><span style=\"color: #3366ff;\"><a style=\"color: #3366ff;\" href=\"http:\/\/www.fortuna-camping.de\/\" target=\"_blank\" rel=\"noopener\">Fortuna Camping in Binau am Neckar ***<\/a><\/span><\/p>\n<p><span style=\"color: #3366ff;\"><a style=\"color: #3366ff;\" href=\"http:\/\/www.camping-cimbria.de\/\" target=\"_blank\" rel=\"noopener\">Camping Cimbria in Neckarzimmern am Neckar ***<\/a><\/span><\/p>\n<p><span style=\"color: #3366ff;\"><a style=\"color: #3366ff;\" href=\"http:\/\/www.campingpark-eberbach.de\/\" target=\"_blank\" rel=\"noopener\">Campingpark Eberbach am Neckar ***<\/a><\/span><\/p>\n<p><span style=\"color: #3366ff;\"><a style=\"color: #3366ff;\" href=\"https:\/\/www.hoehencamping.de\/\" target=\"_blank\" rel=\"noopener\">H\u00f6hencamping Langenbrand ***<\/a><\/span><\/p>\n<p><span style=\"color: #3366ff;\"><a style=\"color: #3366ff;\" href=\"http:\/\/www.hegi-camping.de\/\" target=\"_blank\" rel=\"noopener\">Hegau Camping in Tengen *****<\/a><\/span><\/p>\n<p><span style=\"color: #3366ff;\"><a style=\"color: #3366ff;\" href=\"http:\/\/www.camping-schluchsee.de\/\" target=\"_blank\" rel=\"noopener\">Campingplatz Wolfsgrund am Schluchsee ***<\/a><\/span><\/p>\n<p><span style=\"color: #3366ff;\"><a style=\"color: #3366ff;\" href=\"http:\/\/schwarzwaldcamping.de\/\" target=\"_blank\" rel=\"noopener\">Schwarzwald-Camping Altensteig ***<\/a><\/span><\/p>\n<p><span style=\"color: #3366ff;\"><a style=\"color: #3366ff;\" href=\"http:\/\/www.campingplatz-adam.de\/\" target=\"_blank\" rel=\"noopener\">Campingplatz Adam B\u00fchl ***<\/a><\/span><\/p>\n<p><span style=\"color: #3366ff;\"><a style=\"color: #3366ff;\" href=\"http:\/\/www.campingpark-ohmbachsee.de\/\" target=\"_blank\" rel=\"noopener\">Campingpark Ohmbachsee ***<\/a><\/span><\/p>\n<p><span style=\"color: #3366ff;\"><a style=\"color: #3366ff;\" href=\"https:\/\/www.campingplatz-ruelzheim.de\/\" target=\"_blank\" rel=\"noopener\">Campingplatz R\u00fclzheim am Moby Dick ** <\/a><\/span><\/p>\n<p><span style=\"color: #3366ff;\"><a style=\"color: #3366ff;\" href=\"https:\/\/www.saegmuehle.de\/\">Camping-Freizeitzentrum S\u00e4gm\u00fchle Trippstadt ***<\/a><\/span><\/p>\n<p><span style=\"color: #3366ff;\"><a style=\"color: #3366ff;\" href=\"http:\/\/www.schwarzfelder-hof.de\/\" target=\"_blank\" rel=\"noopener\">Camping Schwarzfelder Hof Leipheim beim Legoland ***<\/a><\/span><\/p>\n<p><span style=\"color: #3366ff;\"><a style=\"color: #3366ff;\" href=\"http:\/\/www.bavaria-camping.de\/index.htm\" target=\"_blank\" rel=\"noopener\">Bavaria Kur-Sport Camping Eging am See ***<\/a><\/span><\/p>\n<p><span style=\"color: #3366ff;\"><a style=\"color: #3366ff;\" href=\"http:\/\/www.camping-kreuzhof.de\/index.php\" target=\"_blank\" rel=\"noopener\">Camping Kreuzhof \u2013 Lenzkirch im Hochschwarzwald ****<\/a><\/span><\/p>\n<p><span style=\"color: #3366ff;\"><a style=\"color: #3366ff;\" href=\"http:\/\/www.europa-camping-sand.de\/\" target=\"_blank\" rel=\"noopener\">Europa-Camping-Sand **<\/a><\/span><\/p>\n<p><span style=\"color: #3366ff;\"><a style=\"color: #3366ff;\" href=\"http:\/\/www.muellerwiese.de\/camping-schwarzwald.htm\">Schwarzwald Camping M\u00fcllerwiese Enzkl\u00f6sterle **<\/a><\/span><\/p>\n<p><span style=\"color: #3366ff;\"><a style=\"color: #3366ff;\" href=\"https:\/\/camping-sulzbachtal.de\/\" target=\"_blank\" rel=\"noopener\">Camping Sulzbachtal bei Staufen<\/a><\/span><\/p>\n<p><span style=\"color: #3366ff;\"><a style=\"color: #3366ff;\" href=\"http:\/\/www.muellersee.de\/\" target=\"_blank\" rel=\"noopener\">Campingplatz&nbsp; M\u00fcller-See in Riegel bei Freiburg ***&nbsp;&nbsp; <\/a><\/span><\/p>\n<p><span style=\"color: #3366ff;\"><a style=\"color: #3366ff;\" href=\"http:\/\/www.camping-orsingen.de\/home\" target=\"_blank\" rel=\"noopener\">Camping Ferienpark Orsingen am Bodensee ***2<\/a><\/span><\/p>\n<p><span style=\"color: #3366ff;\"><a style=\"color: #3366ff;\" href=\"https:\/\/www.vitalcamping-bayerbach.de\/\">Vital Camping Bayerbach *****<\/a><\/span><\/p>\n<p><span style=\"color: #3366ff;\"><a style=\"color: #3366ff;\" href=\"https:\/\/www.camping-prien-chiemsee.de\/startseite.html\" target=\"_blank\" rel=\"noopener\">Camping Hofbauer am Chiemsee****<\/a><\/span><\/p>\n<p><span style=\"color: #3366ff;\"><a style=\"color: #3366ff;\" href=\"https:\/\/www.camping-forggensee.de\/\" target=\"_blank\" rel=\"noopener\">Campingplatz Seewang im Allg\u00e4u<\/a>****<\/span><\/p>\n<p>&nbsp;<\/p>\n<h5><span style=\"color: #0000ff; font-size: 14pt;\">\u00d6sterreich:<\/span><\/h5>\n<p><a href=\"http:\/\/camping.oberdrauburg.info\/\" target=\"_blank\" rel=\"noopener\">Familiencamping Oberdrauburg ***<\/a><\/p>\n<p><a href=\"http:\/\/www.camp-sud-see.com\/\" target=\"_blank\" rel=\"noopener\">Terrassencamping-S\u00fcdsee&nbsp; Walchsee***<\/a><\/p>\n<p><a href=\"http:\/\/camping-ploerz.at\/\" target=\"_blank\" rel=\"noopener\">Camping Pl\u00f6rz am Ossiacher See ***<\/a><\/p>\n<h5><\/h5>\n<p>&nbsp;<\/p>\n<h5><span style=\"color: #0000ff; font-size: 14pt;\">Campingpl\u00e4tze in den Niederlanden:<\/span><span style=\"color: #0000ff; font-size: 10pt;\"><br>\n<\/span><\/h5>\n<p><a href=\"https:\/\/www.vreehorst.de\/\" target=\"_blank\" rel=\"noopener\">Camping Vreehorst in Winterswijk****<\/a><\/p>\n<h5><\/h5>\n<p>&nbsp;<\/p>\n<h5><span style=\"color: #0000ff; font-size: 14pt;\">Campingpl\u00e4tze in Kroatien:<\/span><\/h5>\n<p><a href=\"https:\/\/www.istracamping.com\/en\/camping\/park-umag\" target=\"_blank\" rel=\"noopener\">&nbsp;Camping-Park Umag ***<\/a><\/p>\n<p><a href=\"https:\/\/www.bivillage.com\/de\/\" target=\"_blank\" rel=\"noopener\">Bi-Village in Istrien ****<\/a><\/p>\n<p><a href=\"https:\/\/www.arenacampsites.com\/de\/campingplatze-istrien\/camping-arena-kazela\">Camp Kazela bei Medulin ***<\/a><\/p>\n<p><a href=\"https:\/\/www.campingstrasko.com\/de\/\" target=\"_blank\" rel=\"noopener\"><span class=\"caps\">CP<\/span> Strasko-Novalja auf Pag *****<\/a><\/p>\n<p><a href=\"http:\/\/www.ninskalaguna.hr\/de\/\" target=\"_blank\" rel=\"noopener\">Ninska Laguna \u2013 Nin \u2013 Zadar **<\/a><\/p>\n<p><a href=\"http:\/\/www.autocamp-peros.hr\/deu\/index.php\" target=\"_blank\" rel=\"noopener\">Camping Peros \u2013 Zaton \u2013 Nin ***<\/a><\/p>\n<p><a href=\"http:\/\/www.campingpoljana.com\/de\/\" target=\"_blank\" rel=\"noopener\">Camping Poljana \u2013 Losinj ***<\/a><\/p>\n<p><a href=\"http:\/\/www.jezeravillage.com\/de\/\" target=\"_blank\" rel=\"noopener\">Camp Jezera Lovisca \u2013 Murter *** <\/a><\/p>\n<p><a href=\"http:\/\/vranjica-belvedere.hr\/?lang=de\" target=\"_blank\" rel=\"noopener\">Camping Vranjica Belvedere \u2013 Trogir **<\/a><\/p>\n<p><a href=\"http:\/\/www.autocamp-sirena.com\/\" target=\"_blank\" rel=\"noopener\">Camp Sirena bei Omis ***<\/a><\/p>\n<h6><span style=\"color: #999999;\">Links zum <span class=\"caps\">CP<\/span> Jezevac auf Krk und CP-Adriatic bei Primosten \u2019<br>\n<\/span><span style=\"color: #999999;\">wurde auf Bitte des Webmasters von Valamar Hotels entfernt.<\/span><\/h6>\n<h5><span style=\"color: #0000ff; font-size: 14pt;\">Foren:<\/span><\/h5>\n<p><a href=\"https:\/\/www.wohnmobilforum.de\/kategorien.php\" target=\"_blank\" rel=\"noopener\">wohnmobilforum<\/a><\/p>\n<p><a href=\"http:\/\/www.adriaforum.com\/kroatien\/\" target=\"_blank\" rel=\"noopener\">adriaforum-kroatien <\/a><\/p>\n<p><a href=\"http:\/\/www.ducatoforum-wohnmobile.de\/forum\/wbb\/\" target=\"_blank\" rel=\"noopener\">Ducato-Forum <\/a><\/p>\n<p><a href=\"http:\/\/www.wohnwagen-forum.de\/\" target=\"_blank\" rel=\"noopener\">wohnwagen-forum<\/a><\/p>\n<p><a href=\"https:\/\/www.kroatien-tipps.de\/forum.php\" target=\"_blank\" rel=\"noopener\">Kroatien-Tips\/Forum<\/a><\/p>\n<p>&nbsp;<\/p>\n<h5><span style=\"color: #0000ff; font-size: 14pt;\">Sonstige:<\/span><\/h5>\n<p>&nbsp;<\/p>\n<p><a href=\"http:\/\/www.fsc-bruchsal.de\/\" target=\"_blank\" rel=\"noopener\">Fallschirm-Sportspringer-Club Bruchsal<\/a><\/p>\n<p><a href=\"http:\/\/www.animierte-gifs.net\/\" target=\"_blank\" rel=\"noopener\">Link zu kostenlosen Bildchen<\/a><\/p>\n","protected":false},"excerpt":{"rendered":"<p>Campingpl\u00e4tze in Deutschland auf denen wir schon waren: Sterne = so wie wir die Pl\u00e4tze bewerten w\u00fcrden. Es wurden immer 5 Platzeigenheiten f\u00fcr die Bewertung erfasst. Alle Links \u00f6ffnen sich in einen neuen Tab. Campingpark am Breitenauer See ***** Fortuna \u2026 <a href=\"https:\/\/gartner52.de\/page\/externe-links\/\">Weiter<\/a><\/p>\n","protected":false},"author":4,"featured_media":0,"parent":0,"menu_order":0,"comment_status":"closed","ping_status":"closed","template":"","meta":{"wp_typography_post_enhancements_disabled":false,"kt_blocks_editor_width":"","footnotes":""},"class_list":["post-3851","page","type-page","status-publish","hentry"],"_links":{"self":[{"href":"https:\/\/gartner52.de\/page\/wp-json\/wp\/v2\/pages\/3851","targetHints":{"allow":["GET"]}}],"collection":[{"href":"https:\/\/gartner52.de\/page\/wp-json\/wp\/v2\/pages"}],"about":[{"href":"https:\/\/gartner52.de\/page\/wp-json\/wp\/v2\/types\/page"}],"author":[{"embeddable":true,"href":"https:\/\/gartner52.de\/page\/wp-json\/wp\/v2\/users\/4"}],"replies":[{"embeddable":true,"href":"https:\/\/gartner52.de\/page\/wp-json\/wp\/v2\/comments?post=3851"}],"version-history":[{"count":20,"href":"https:\/\/gartner52.de\/page\/wp-json\/wp\/v2\/pages\/3851\/revisions"}],"predecessor-version":[{"id":7664,"href":"https:\/\/gartner52.de\/page\/wp-json\/wp\/v2\/pages\/3851\/revisions\/7664"}],"wp:attachment":[{"href":"https:\/\/gartner52.de\/page\/wp-json\/wp\/v2\/media?parent=3851"}],"curies":[{"name":"wp","href":"https:\/\/api.w.org\/{rel}","templated":true}]}}