{"id":3690,"date":"2016-03-15T11:35:59","date_gmt":"2016-03-15T10:35:59","guid":{"rendered":"http:\/\/gartner52.de\/page\/?page_id=3690"},"modified":"2016-10-11T12:53:34","modified_gmt":"2016-10-11T10:53:34","slug":"dornstetten2014","status":"publish","type":"page","link":"https:\/\/gartner52.de\/page\/dornstetten2014\/","title":{"rendered":"2014 Dornstetten"},"content":{"rendered":"<h2 style=\"text-align: center;\"><span style=\"color: #3366ff;\">Erster Ausflug 2014 an Ostern<\/span><\/h2>\n<h4 style=\"text-align: center;\"><span style=\"color: #3366ff;\">nach Dornstetten bei Freudenstadt<br>\nzum Campingplatz K\u00f6nigskanzel<br>\n<\/span><strong><span style=\"color: #008000;\">vom 18. bis 21. April<\/span><\/strong><\/h4>\n<p>&nbsp;<\/p>\n<p><img loading=\"lazy\" decoding=\"async\" class=\"alignnone size-full wp-image-3725\" src=\"https:\/\/gartner52.de\/page\/wp-content\/uploads\/2016\/03\/2014Ostern26.jpg\" alt=\"2014Ostern26\" width=\"800\" height=\"533\" srcset=\"https:\/\/gartner52.de\/page\/wp-content\/uploads\/2016\/03\/2014Ostern26.jpg 800w, https:\/\/gartner52.de\/page\/wp-content\/uploads\/2016\/03\/2014Ostern26-300x200.jpg 300w, https:\/\/gartner52.de\/page\/wp-content\/uploads\/2016\/03\/2014Ostern26-768x512.jpg 768w\" sizes=\"auto, (max-width: 800px) 100vw, 800px\">Bei der Ankunft am Donnerstag war es noch sehr sch\u00f6n. In der Nacht zum Freitag wurde es kalt und es hat auch etwas geregnet.&nbsp;<img loading=\"lazy\" decoding=\"async\" class=\"alignnone size-full wp-image-3724\" src=\"https:\/\/gartner52.de\/page\/wp-content\/uploads\/2016\/03\/2014Ostern25.jpg\" alt=\"2014Ostern25\" width=\"800\" height=\"533\" srcset=\"https:\/\/gartner52.de\/page\/wp-content\/uploads\/2016\/03\/2014Ostern25.jpg 800w, https:\/\/gartner52.de\/page\/wp-content\/uploads\/2016\/03\/2014Ostern25-300x200.jpg 300w, https:\/\/gartner52.de\/page\/wp-content\/uploads\/2016\/03\/2014Ostern25-768x512.jpg 768w\" sizes=\"auto, (max-width: 800px) 100vw, 800px\">Ankunft am Gr\u00fcndonnerstag bei sehr sch\u00f6nem Wetter. Wir waren dieses mal vier Einheiten,<br>\nunsere Tochter hat wieder einen Wohnwagen, die Stellpl\u00e4tze waren alle vier nebeneinander.<br>\nSo hatten wir viel Platz und konnten unsere lange Tafel aufbauen.<br>\n<img loading=\"lazy\" decoding=\"async\" class=\"alignnone size-full wp-image-3705\" src=\"https:\/\/gartner52.de\/page\/wp-content\/uploads\/2016\/03\/2014Ostern06.jpg\" alt=\"2014Ostern06\" width=\"800\" height=\"533\" srcset=\"https:\/\/gartner52.de\/page\/wp-content\/uploads\/2016\/03\/2014Ostern06.jpg 800w, https:\/\/gartner52.de\/page\/wp-content\/uploads\/2016\/03\/2014Ostern06-300x200.jpg 300w, https:\/\/gartner52.de\/page\/wp-content\/uploads\/2016\/03\/2014Ostern06-768x512.jpg 768w\" sizes=\"auto, (max-width: 800px) 100vw, 800px\"><img loading=\"lazy\" decoding=\"async\" class=\"alignnone size-full wp-image-3704\" src=\"https:\/\/gartner52.de\/page\/wp-content\/uploads\/2016\/03\/2014Ostern05.jpg\" alt=\"2014Ostern05\" width=\"800\" height=\"533\" srcset=\"https:\/\/gartner52.de\/page\/wp-content\/uploads\/2016\/03\/2014Ostern05.jpg 800w, https:\/\/gartner52.de\/page\/wp-content\/uploads\/2016\/03\/2014Ostern05-300x200.jpg 300w, https:\/\/gartner52.de\/page\/wp-content\/uploads\/2016\/03\/2014Ostern05-768x512.jpg 768w\" sizes=\"auto, (max-width: 800px) 100vw, 800px\"><img loading=\"lazy\" decoding=\"async\" class=\"alignnone size-full wp-image-3731\" src=\"https:\/\/gartner52.de\/page\/wp-content\/uploads\/2016\/03\/2014Ostern32.jpg\" alt=\"2014Ostern32\" width=\"800\" height=\"533\" srcset=\"https:\/\/gartner52.de\/page\/wp-content\/uploads\/2016\/03\/2014Ostern32.jpg 800w, https:\/\/gartner52.de\/page\/wp-content\/uploads\/2016\/03\/2014Ostern32-300x200.jpg 300w, https:\/\/gartner52.de\/page\/wp-content\/uploads\/2016\/03\/2014Ostern32-768x512.jpg 768w\" sizes=\"auto, (max-width: 800px) 100vw, 800px\"><img loading=\"lazy\" decoding=\"async\" class=\"alignnone size-full wp-image-3734\" src=\"https:\/\/gartner52.de\/page\/wp-content\/uploads\/2016\/03\/2014Ostern35.jpg\" alt=\"2014Ostern35\" width=\"800\" height=\"533\" srcset=\"https:\/\/gartner52.de\/page\/wp-content\/uploads\/2016\/03\/2014Ostern35.jpg 800w, https:\/\/gartner52.de\/page\/wp-content\/uploads\/2016\/03\/2014Ostern35-300x200.jpg 300w, https:\/\/gartner52.de\/page\/wp-content\/uploads\/2016\/03\/2014Ostern35-768x512.jpg 768w\" sizes=\"auto, (max-width: 800px) 100vw, 800px\">Unser Wohnmobil Vorzelt am Wohnwagen unserer Tochter, es passt ganz gut.<\/p>\n<p><img loading=\"lazy\" decoding=\"async\" class=\"alignnone size-full wp-image-3735\" src=\"https:\/\/gartner52.de\/page\/wp-content\/uploads\/2016\/03\/2014Ostern36.jpg\" alt=\"2014Ostern36\" width=\"800\" height=\"533\" srcset=\"https:\/\/gartner52.de\/page\/wp-content\/uploads\/2016\/03\/2014Ostern36.jpg 800w, https:\/\/gartner52.de\/page\/wp-content\/uploads\/2016\/03\/2014Ostern36-300x200.jpg 300w, https:\/\/gartner52.de\/page\/wp-content\/uploads\/2016\/03\/2014Ostern36-768x512.jpg 768w\" sizes=\"auto, (max-width: 800px) 100vw, 800px\">Unser ganzes Areal, Platz genug<img loading=\"lazy\" decoding=\"async\" class=\"alignnone size-full wp-image-3730\" src=\"https:\/\/gartner52.de\/page\/wp-content\/uploads\/2016\/03\/2014Ostern31.jpg\" alt=\"2014Ostern31\" width=\"801\" height=\"534\" srcset=\"https:\/\/gartner52.de\/page\/wp-content\/uploads\/2016\/03\/2014Ostern31.jpg 801w, https:\/\/gartner52.de\/page\/wp-content\/uploads\/2016\/03\/2014Ostern31-300x200.jpg 300w, https:\/\/gartner52.de\/page\/wp-content\/uploads\/2016\/03\/2014Ostern31-768x512.jpg 768w\" sizes=\"auto, (max-width: 801px) 100vw, 801px\"><img loading=\"lazy\" decoding=\"async\" class=\"alignnone size-full wp-image-3729\" src=\"https:\/\/gartner52.de\/page\/wp-content\/uploads\/2016\/03\/2014Ostern30.jpg\" alt=\"2014Ostern30\" width=\"800\" height=\"533\" srcset=\"https:\/\/gartner52.de\/page\/wp-content\/uploads\/2016\/03\/2014Ostern30.jpg 800w, https:\/\/gartner52.de\/page\/wp-content\/uploads\/2016\/03\/2014Ostern30-300x200.jpg 300w, https:\/\/gartner52.de\/page\/wp-content\/uploads\/2016\/03\/2014Ostern30-768x512.jpg 768w\" sizes=\"auto, (max-width: 800px) 100vw, 800px\">Wir sind vom Campingplatz aus ca. 1,5 km nach Dornstetten gelaufen.<br>\nKleiner Halt am Hochzeitsturm<br>\n<img loading=\"lazy\" decoding=\"async\" class=\"alignnone size-full wp-image-3727\" src=\"https:\/\/gartner52.de\/page\/wp-content\/uploads\/2016\/03\/2014Ostern28.jpg\" alt=\"2014Ostern28\" width=\"800\" height=\"600\" srcset=\"https:\/\/gartner52.de\/page\/wp-content\/uploads\/2016\/03\/2014Ostern28.jpg 800w, https:\/\/gartner52.de\/page\/wp-content\/uploads\/2016\/03\/2014Ostern28-300x225.jpg 300w, https:\/\/gartner52.de\/page\/wp-content\/uploads\/2016\/03\/2014Ostern28-768x576.jpg 768w\" sizes=\"auto, (max-width: 800px) 100vw, 800px\"><img loading=\"lazy\" decoding=\"async\" class=\"alignnone size-full wp-image-3728\" src=\"https:\/\/gartner52.de\/page\/wp-content\/uploads\/2016\/03\/2014Ostern29.jpg\" alt=\"2014Ostern29\" width=\"800\" height=\"533\" srcset=\"https:\/\/gartner52.de\/page\/wp-content\/uploads\/2016\/03\/2014Ostern29.jpg 800w, https:\/\/gartner52.de\/page\/wp-content\/uploads\/2016\/03\/2014Ostern29-300x200.jpg 300w, https:\/\/gartner52.de\/page\/wp-content\/uploads\/2016\/03\/2014Ostern29-768x512.jpg 768w\" sizes=\"auto, (max-width: 800px) 100vw, 800px\"><img loading=\"lazy\" decoding=\"async\" class=\"alignnone size-full wp-image-3700\" src=\"https:\/\/gartner52.de\/page\/wp-content\/uploads\/2016\/03\/2014Ostern01.jpg\" alt=\"2014Ostern01\" width=\"800\" height=\"600\" srcset=\"https:\/\/gartner52.de\/page\/wp-content\/uploads\/2016\/03\/2014Ostern01.jpg 800w, https:\/\/gartner52.de\/page\/wp-content\/uploads\/2016\/03\/2014Ostern01-300x225.jpg 300w, https:\/\/gartner52.de\/page\/wp-content\/uploads\/2016\/03\/2014Ostern01-768x576.jpg 768w\" sizes=\"auto, (max-width: 800px) 100vw, 800px\">Dornstetten hat viele Fachwerkh\u00e4user<img loading=\"lazy\" decoding=\"async\" class=\"alignnone size-full wp-image-3706\" src=\"https:\/\/gartner52.de\/page\/wp-content\/uploads\/2016\/03\/2014Ostern07.jpg\" alt=\"2014Ostern07\" width=\"800\" height=\"600\" srcset=\"https:\/\/gartner52.de\/page\/wp-content\/uploads\/2016\/03\/2014Ostern07.jpg 800w, https:\/\/gartner52.de\/page\/wp-content\/uploads\/2016\/03\/2014Ostern07-300x225.jpg 300w, https:\/\/gartner52.de\/page\/wp-content\/uploads\/2016\/03\/2014Ostern07-768x576.jpg 768w\" sizes=\"auto, (max-width: 800px) 100vw, 800px\"><img loading=\"lazy\" decoding=\"async\" class=\"alignnone size-full wp-image-3707\" src=\"https:\/\/gartner52.de\/page\/wp-content\/uploads\/2016\/03\/2014Ostern08.jpg\" alt=\"2014Ostern08\" width=\"800\" height=\"600\" srcset=\"https:\/\/gartner52.de\/page\/wp-content\/uploads\/2016\/03\/2014Ostern08.jpg 800w, https:\/\/gartner52.de\/page\/wp-content\/uploads\/2016\/03\/2014Ostern08-300x225.jpg 300w, https:\/\/gartner52.de\/page\/wp-content\/uploads\/2016\/03\/2014Ostern08-768x576.jpg 768w\" sizes=\"auto, (max-width: 800px) 100vw, 800px\">Man kann ganz toll die Stadt erkunden. Es gibt einen mit Hinweisschildern gekennzeichneten Weg durch die ganze Stadt, Autoverkehr gab es fast keinen.<img loading=\"lazy\" decoding=\"async\" class=\"alignnone size-full wp-image-3708\" src=\"https:\/\/gartner52.de\/page\/wp-content\/uploads\/2016\/03\/2014Ostern09.jpg\" alt=\"2014Ostern09\" width=\"800\" height=\"600\" srcset=\"https:\/\/gartner52.de\/page\/wp-content\/uploads\/2016\/03\/2014Ostern09.jpg 800w, https:\/\/gartner52.de\/page\/wp-content\/uploads\/2016\/03\/2014Ostern09-300x225.jpg 300w, https:\/\/gartner52.de\/page\/wp-content\/uploads\/2016\/03\/2014Ostern09-768x576.jpg 768w\" sizes=\"auto, (max-width: 800px) 100vw, 800px\"><img loading=\"lazy\" decoding=\"async\" class=\"alignnone size-full wp-image-3709\" src=\"https:\/\/gartner52.de\/page\/wp-content\/uploads\/2016\/03\/2014Ostern10.jpg\" alt=\"2014Ostern10\" width=\"800\" height=\"600\" srcset=\"https:\/\/gartner52.de\/page\/wp-content\/uploads\/2016\/03\/2014Ostern10.jpg 800w, https:\/\/gartner52.de\/page\/wp-content\/uploads\/2016\/03\/2014Ostern10-300x225.jpg 300w, https:\/\/gartner52.de\/page\/wp-content\/uploads\/2016\/03\/2014Ostern10-768x576.jpg 768w\" sizes=\"auto, (max-width: 800px) 100vw, 800px\">Sehr sch\u00f6ne Fachwerkh\u00e4user<img loading=\"lazy\" decoding=\"async\" class=\"alignnone size-full wp-image-3710\" src=\"https:\/\/gartner52.de\/page\/wp-content\/uploads\/2016\/03\/2014Ostern11.jpg\" alt=\"2014Ostern11\" width=\"800\" height=\"600\" srcset=\"https:\/\/gartner52.de\/page\/wp-content\/uploads\/2016\/03\/2014Ostern11.jpg 800w, https:\/\/gartner52.de\/page\/wp-content\/uploads\/2016\/03\/2014Ostern11-300x225.jpg 300w, https:\/\/gartner52.de\/page\/wp-content\/uploads\/2016\/03\/2014Ostern11-768x576.jpg 768w\" sizes=\"auto, (max-width: 800px) 100vw, 800px\"><img loading=\"lazy\" decoding=\"async\" class=\"alignnone size-full wp-image-3722\" src=\"https:\/\/gartner52.de\/page\/wp-content\/uploads\/2016\/03\/2014Ostern23.jpg\" alt=\"2014Ostern23\" width=\"800\" height=\"600\" srcset=\"https:\/\/gartner52.de\/page\/wp-content\/uploads\/2016\/03\/2014Ostern23.jpg 800w, https:\/\/gartner52.de\/page\/wp-content\/uploads\/2016\/03\/2014Ostern23-300x225.jpg 300w, https:\/\/gartner52.de\/page\/wp-content\/uploads\/2016\/03\/2014Ostern23-768x576.jpg 768w\" sizes=\"auto, (max-width: 800px) 100vw, 800px\"><img loading=\"lazy\" decoding=\"async\" class=\"alignnone size-full wp-image-3723\" src=\"https:\/\/gartner52.de\/page\/wp-content\/uploads\/2016\/03\/2014Ostern24.jpg\" alt=\"2014Ostern24\" width=\"800\" height=\"600\" srcset=\"https:\/\/gartner52.de\/page\/wp-content\/uploads\/2016\/03\/2014Ostern24.jpg 800w, https:\/\/gartner52.de\/page\/wp-content\/uploads\/2016\/03\/2014Ostern24-300x225.jpg 300w, https:\/\/gartner52.de\/page\/wp-content\/uploads\/2016\/03\/2014Ostern24-768x576.jpg 768w\" sizes=\"auto, (max-width: 800px) 100vw, 800px\"><img loading=\"lazy\" decoding=\"async\" class=\"alignnone size-full wp-image-3702\" src=\"https:\/\/gartner52.de\/page\/wp-content\/uploads\/2016\/03\/2014Ostern03.jpg\" alt=\"2014Ostern03\" width=\"800\" height=\"600\" srcset=\"https:\/\/gartner52.de\/page\/wp-content\/uploads\/2016\/03\/2014Ostern03.jpg 800w, https:\/\/gartner52.de\/page\/wp-content\/uploads\/2016\/03\/2014Ostern03-300x225.jpg 300w, https:\/\/gartner52.de\/page\/wp-content\/uploads\/2016\/03\/2014Ostern03-768x576.jpg 768w\" sizes=\"auto, (max-width: 800px) 100vw, 800px\">Osterschmuck vor vielen H\u00e4usern <img loading=\"lazy\" decoding=\"async\" class=\"alignnone size-full wp-image-3721\" src=\"https:\/\/gartner52.de\/page\/wp-content\/uploads\/2016\/03\/2014Ostern22.jpg\" alt=\"2014Ostern22\" width=\"800\" height=\"600\" srcset=\"https:\/\/gartner52.de\/page\/wp-content\/uploads\/2016\/03\/2014Ostern22.jpg 800w, https:\/\/gartner52.de\/page\/wp-content\/uploads\/2016\/03\/2014Ostern22-300x225.jpg 300w, https:\/\/gartner52.de\/page\/wp-content\/uploads\/2016\/03\/2014Ostern22-768x576.jpg 768w\" sizes=\"auto, (max-width: 800px) 100vw, 800px\"><img loading=\"lazy\" decoding=\"async\" class=\"alignnone size-full wp-image-3720\" src=\"https:\/\/gartner52.de\/page\/wp-content\/uploads\/2016\/03\/2014Ostern21.jpg\" alt=\"2014Ostern21\" width=\"800\" height=\"600\" srcset=\"https:\/\/gartner52.de\/page\/wp-content\/uploads\/2016\/03\/2014Ostern21.jpg 800w, https:\/\/gartner52.de\/page\/wp-content\/uploads\/2016\/03\/2014Ostern21-300x225.jpg 300w, https:\/\/gartner52.de\/page\/wp-content\/uploads\/2016\/03\/2014Ostern21-768x576.jpg 768w\" sizes=\"auto, (max-width: 800px) 100vw, 800px\"><img loading=\"lazy\" decoding=\"async\" class=\"alignnone size-full wp-image-3736\" src=\"https:\/\/gartner52.de\/page\/wp-content\/uploads\/2016\/03\/2014Ostern37.jpg\" alt=\"2014Ostern37\" width=\"800\" height=\"600\" srcset=\"https:\/\/gartner52.de\/page\/wp-content\/uploads\/2016\/03\/2014Ostern37.jpg 800w, https:\/\/gartner52.de\/page\/wp-content\/uploads\/2016\/03\/2014Ostern37-300x225.jpg 300w, https:\/\/gartner52.de\/page\/wp-content\/uploads\/2016\/03\/2014Ostern37-768x576.jpg 768w\" sizes=\"auto, (max-width: 800px) 100vw, 800px\"><\/p>\n<p>Am Ostersonntag war das Wetter wieder etwas besser, die Sonne schien wieder und die Temperatur war recht angenehm.<img loading=\"lazy\" decoding=\"async\" class=\"alignnone size-full wp-image-3732\" src=\"https:\/\/gartner52.de\/page\/wp-content\/uploads\/2016\/03\/2014Ostern33.jpg\" alt=\"2014Ostern33\" width=\"800\" height=\"533\" srcset=\"https:\/\/gartner52.de\/page\/wp-content\/uploads\/2016\/03\/2014Ostern33.jpg 800w, https:\/\/gartner52.de\/page\/wp-content\/uploads\/2016\/03\/2014Ostern33-300x200.jpg 300w, https:\/\/gartner52.de\/page\/wp-content\/uploads\/2016\/03\/2014Ostern33-768x512.jpg 768w\" sizes=\"auto, (max-width: 800px) 100vw, 800px\">Alle Enkelkinder auf einem Fleck<img loading=\"lazy\" decoding=\"async\" class=\"alignnone size-full wp-image-3712\" src=\"https:\/\/gartner52.de\/page\/wp-content\/uploads\/2016\/03\/2014Ostern13.jpg\" alt=\"2014Ostern13\" width=\"800\" height=\"533\" srcset=\"https:\/\/gartner52.de\/page\/wp-content\/uploads\/2016\/03\/2014Ostern13.jpg 800w, https:\/\/gartner52.de\/page\/wp-content\/uploads\/2016\/03\/2014Ostern13-300x200.jpg 300w, https:\/\/gartner52.de\/page\/wp-content\/uploads\/2016\/03\/2014Ostern13-768x512.jpg 768w\" sizes=\"auto, (max-width: 800px) 100vw, 800px\">Am Ostersonntag gab es f\u00fcr die Kinder nat\u00fcrlich wieder Geschenke vom Osterhasen <img loading=\"lazy\" decoding=\"async\" class=\"alignnone size-full wp-image-3717\" src=\"https:\/\/gartner52.de\/page\/wp-content\/uploads\/2016\/03\/2014Ostern18.jpg\" alt=\"2014Ostern18\" width=\"800\" height=\"533\" srcset=\"https:\/\/gartner52.de\/page\/wp-content\/uploads\/2016\/03\/2014Ostern18.jpg 800w, https:\/\/gartner52.de\/page\/wp-content\/uploads\/2016\/03\/2014Ostern18-300x200.jpg 300w, https:\/\/gartner52.de\/page\/wp-content\/uploads\/2016\/03\/2014Ostern18-768x512.jpg 768w\" sizes=\"auto, (max-width: 800px) 100vw, 800px\"><img loading=\"lazy\" decoding=\"async\" class=\"alignnone size-full wp-image-3719\" src=\"https:\/\/gartner52.de\/page\/wp-content\/uploads\/2016\/03\/2014Ostern20.jpg\" alt=\"2014Ostern20\" width=\"800\" height=\"533\" srcset=\"https:\/\/gartner52.de\/page\/wp-content\/uploads\/2016\/03\/2014Ostern20.jpg 800w, https:\/\/gartner52.de\/page\/wp-content\/uploads\/2016\/03\/2014Ostern20-300x200.jpg 300w, https:\/\/gartner52.de\/page\/wp-content\/uploads\/2016\/03\/2014Ostern20-768x512.jpg 768w\" sizes=\"auto, (max-width: 800px) 100vw, 800px\"><img loading=\"lazy\" decoding=\"async\" class=\"alignnone size-full wp-image-3716\" src=\"https:\/\/gartner52.de\/page\/wp-content\/uploads\/2016\/03\/2014Ostern17.jpg\" alt=\"2014Ostern17\" width=\"800\" height=\"533\" srcset=\"https:\/\/gartner52.de\/page\/wp-content\/uploads\/2016\/03\/2014Ostern17.jpg 800w, https:\/\/gartner52.de\/page\/wp-content\/uploads\/2016\/03\/2014Ostern17-300x200.jpg 300w, https:\/\/gartner52.de\/page\/wp-content\/uploads\/2016\/03\/2014Ostern17-768x512.jpg 768w\" sizes=\"auto, (max-width: 800px) 100vw, 800px\"><img loading=\"lazy\" decoding=\"async\" class=\"alignnone size-full wp-image-3715\" src=\"https:\/\/gartner52.de\/page\/wp-content\/uploads\/2016\/03\/2014Ostern16.jpg\" alt=\"2014Ostern16\" width=\"800\" height=\"533\" srcset=\"https:\/\/gartner52.de\/page\/wp-content\/uploads\/2016\/03\/2014Ostern16.jpg 800w, https:\/\/gartner52.de\/page\/wp-content\/uploads\/2016\/03\/2014Ostern16-300x200.jpg 300w, https:\/\/gartner52.de\/page\/wp-content\/uploads\/2016\/03\/2014Ostern16-768x512.jpg 768w\" sizes=\"auto, (max-width: 800px) 100vw, 800px\">Ich denke mal es waren alle zufrieden<img loading=\"lazy\" decoding=\"async\" class=\"alignnone size-full wp-image-3718\" src=\"https:\/\/gartner52.de\/page\/wp-content\/uploads\/2016\/03\/2014Ostern19.jpg\" alt=\"2014Ostern19\" width=\"800\" height=\"533\" srcset=\"https:\/\/gartner52.de\/page\/wp-content\/uploads\/2016\/03\/2014Ostern19.jpg 800w, https:\/\/gartner52.de\/page\/wp-content\/uploads\/2016\/03\/2014Ostern19-300x200.jpg 300w, https:\/\/gartner52.de\/page\/wp-content\/uploads\/2016\/03\/2014Ostern19-768x512.jpg 768w\" sizes=\"auto, (max-width: 800px) 100vw, 800px\">Sonntags wurde gegrillt. Ich habe mein Geburtstaggeschenk, einen Weber Gasgrill ausprobiert. Er hat super funktioniert.<img loading=\"lazy\" decoding=\"async\" class=\"alignnone size-full wp-image-3714\" src=\"https:\/\/gartner52.de\/page\/wp-content\/uploads\/2016\/03\/2014Ostern15.jpg\" alt=\"2014Ostern15\" width=\"801\" height=\"534\" srcset=\"https:\/\/gartner52.de\/page\/wp-content\/uploads\/2016\/03\/2014Ostern15.jpg 801w, https:\/\/gartner52.de\/page\/wp-content\/uploads\/2016\/03\/2014Ostern15-300x200.jpg 300w, https:\/\/gartner52.de\/page\/wp-content\/uploads\/2016\/03\/2014Ostern15-768x512.jpg 768w\" sizes=\"auto, (max-width: 801px) 100vw, 801px\"><img loading=\"lazy\" decoding=\"async\" class=\"alignnone size-full wp-image-3713\" src=\"https:\/\/gartner52.de\/page\/wp-content\/uploads\/2016\/03\/2014Ostern14.jpg\" alt=\"2014Ostern14\" width=\"800\" height=\"533\" srcset=\"https:\/\/gartner52.de\/page\/wp-content\/uploads\/2016\/03\/2014Ostern14.jpg 800w, https:\/\/gartner52.de\/page\/wp-content\/uploads\/2016\/03\/2014Ostern14-300x200.jpg 300w, https:\/\/gartner52.de\/page\/wp-content\/uploads\/2016\/03\/2014Ostern14-768x512.jpg 768w\" sizes=\"auto, (max-width: 800px) 100vw, 800px\">Alle waren zufrieden, sogar Snoopy. F\u00fcr ihn ist immer mal etwas unter den Tisch gefallen<img loading=\"lazy\" decoding=\"async\" class=\"alignnone size-full wp-image-3726\" src=\"https:\/\/gartner52.de\/page\/wp-content\/uploads\/2016\/03\/2014Ostern27.jpg\" alt=\"2014Ostern27\" width=\"800\" height=\"533\" srcset=\"https:\/\/gartner52.de\/page\/wp-content\/uploads\/2016\/03\/2014Ostern27.jpg 800w, https:\/\/gartner52.de\/page\/wp-content\/uploads\/2016\/03\/2014Ostern27-300x200.jpg 300w, https:\/\/gartner52.de\/page\/wp-content\/uploads\/2016\/03\/2014Ostern27-768x512.jpg 768w\" sizes=\"auto, (max-width: 800px) 100vw, 800px\"><\/p>\n<p>&nbsp;<\/p>\n<p><span style=\"color: #3366ff;\">Das Wochenende war wieder einmal viel zu schnell vorbei. <\/span><br>\n<span style=\"color: #3366ff;\">Der Campingplatz K\u00f6nigskanzel bei Dornstetten in der N\u00e4he von Freudenstadt ist immer einen Besuch wert. Er ist sehr ruhig gelegen, die Sanit\u00e4ranlagen sind immer sauber<br>\nund die Betreiber sind sehr nett. Der Platz selbst macht einen sehr guten Eindruck. <\/span><br>\n<span style=\"color: #3366ff;\">Wir kommen auf jeden Fall wieder.<\/span><\/p>\n<p>&nbsp;<\/p>\n<h5 style=\"text-align: center;\"><span style=\"color: #666699;\"><a style=\"color: #666699;\" href=\"https:\/\/gartner52.de\/page\/2014-2\/\">zur\u00fcck zur \u00dcbersicht 2014<\/a><\/span><\/h5>\n","protected":false},"excerpt":{"rendered":"<p>Erster Ausflug 2014 an Ostern nach Dornstetten bei Freudenstadt zum Campingplatz K\u00f6nigskanzel vom 18. bis 21. April &nbsp; Bei der Ankunft am Donnerstag war es noch sehr sch\u00f6n. In der Nacht zum Freitag wurde es kalt und es hat auch \u2026 <a href=\"https:\/\/gartner52.de\/page\/dornstetten2014\/\">Weiter<\/a><\/p>\n","protected":false},"author":4,"featured_media":0,"parent":0,"menu_order":0,"comment_status":"closed","ping_status":"closed","template":"","meta":{"wp_typography_post_enhancements_disabled":false,"kt_blocks_editor_width":"","footnotes":""},"class_list":["post-3690","page","type-page","status-publish","hentry"],"_links":{"self":[{"href":"https:\/\/gartner52.de\/page\/wp-json\/wp\/v2\/pages\/3690","targetHints":{"allow":["GET"]}}],"collection":[{"href":"https:\/\/gartner52.de\/page\/wp-json\/wp\/v2\/pages"}],"about":[{"href":"https:\/\/gartner52.de\/page\/wp-json\/wp\/v2\/types\/page"}],"author":[{"embeddable":true,"href":"https:\/\/gartner52.de\/page\/wp-json\/wp\/v2\/users\/4"}],"replies":[{"embeddable":true,"href":"https:\/\/gartner52.de\/page\/wp-json\/wp\/v2\/comments?post=3690"}],"version-history":[{"count":15,"href":"https:\/\/gartner52.de\/page\/wp-json\/wp\/v2\/pages\/3690\/revisions"}],"predecessor-version":[{"id":4691,"href":"https:\/\/gartner52.de\/page\/wp-json\/wp\/v2\/pages\/3690\/revisions\/4691"}],"wp:attachment":[{"href":"https:\/\/gartner52.de\/page\/wp-json\/wp\/v2\/media?parent=3690"}],"curies":[{"name":"wp","href":"https:\/\/api.w.org\/{rel}","templated":true}]}}