{"id":3595,"date":"2016-03-09T12:34:32","date_gmt":"2016-03-09T11:34:32","guid":{"rendered":"http:\/\/gartner52.de\/page\/?page_id=3595"},"modified":"2016-10-11T12:53:04","modified_gmt":"2016-10-11T10:53:04","slug":"dornstetten-2012","status":"publish","type":"page","link":"https:\/\/gartner52.de\/page\/dornstetten-2012\/","title":{"rendered":"2012 Dornstetten"},"content":{"rendered":"<h2 style=\"text-align: center;\"><span style=\"color: #3366ff;\">Ein Wochenende in Dornstetten<br>\nauf dem Campingplatz K\u00f6nigskanzel<\/span><\/h2>\n<p style=\"text-align: left;\">Hier einige Eindr\u00fccke vom Campingplatz K\u00f6nigskanzel. Es war ein sch\u00f6nes Pfingst Wochenende, wir hatten viel Spa\u00df<img loading=\"lazy\" decoding=\"async\" class=\"alignnone size-full wp-image-3625\" src=\"https:\/\/gartner52.de\/page\/wp-content\/uploads\/2016\/03\/2012Dornst24.jpg\" alt=\"2012Dornst24\" width=\"800\" height=\"533\" srcset=\"https:\/\/gartner52.de\/page\/wp-content\/uploads\/2016\/03\/2012Dornst24.jpg 800w, https:\/\/gartner52.de\/page\/wp-content\/uploads\/2016\/03\/2012Dornst24-300x200.jpg 300w, https:\/\/gartner52.de\/page\/wp-content\/uploads\/2016\/03\/2012Dornst24-768x512.jpg 768w\" sizes=\"auto, (max-width: 800px) 100vw, 800px\"><\/p>\n<p>Wir standen mit Wohnwagen und Womo zu zweit auf einem gro\u00dfen Stellplatz in N\u00e4he der Rezeption<img loading=\"lazy\" decoding=\"async\" class=\"alignnone size-full wp-image-3626\" src=\"https:\/\/gartner52.de\/page\/wp-content\/uploads\/2016\/03\/2012Dornst25.jpg\" alt=\"2012Dornst25\" width=\"800\" height=\"533\" srcset=\"https:\/\/gartner52.de\/page\/wp-content\/uploads\/2016\/03\/2012Dornst25.jpg 800w, https:\/\/gartner52.de\/page\/wp-content\/uploads\/2016\/03\/2012Dornst25-300x200.jpg 300w, https:\/\/gartner52.de\/page\/wp-content\/uploads\/2016\/03\/2012Dornst25-768x512.jpg 768w\" sizes=\"auto, (max-width: 800px) 100vw, 800px\">Es gibt auch einige Dauercamper<img loading=\"lazy\" decoding=\"async\" class=\"alignnone size-full wp-image-3629\" src=\"https:\/\/gartner52.de\/page\/wp-content\/uploads\/2016\/03\/2012Dornst28.jpg\" alt=\"2012Dornst28\" width=\"800\" height=\"533\" srcset=\"https:\/\/gartner52.de\/page\/wp-content\/uploads\/2016\/03\/2012Dornst28.jpg 800w, https:\/\/gartner52.de\/page\/wp-content\/uploads\/2016\/03\/2012Dornst28-300x200.jpg 300w, https:\/\/gartner52.de\/page\/wp-content\/uploads\/2016\/03\/2012Dornst28-768x512.jpg 768w\" sizes=\"auto, (max-width: 800px) 100vw, 800px\">Blick Richtung Dornstetten.<\/p>\n<p><img loading=\"lazy\" decoding=\"async\" class=\"alignnone size-full wp-image-3607\" src=\"https:\/\/gartner52.de\/page\/wp-content\/uploads\/2016\/03\/2012Dornst06.jpg\" alt=\"2012Dornst06\" width=\"800\" height=\"533\" srcset=\"https:\/\/gartner52.de\/page\/wp-content\/uploads\/2016\/03\/2012Dornst06.jpg 800w, https:\/\/gartner52.de\/page\/wp-content\/uploads\/2016\/03\/2012Dornst06-300x200.jpg 300w, https:\/\/gartner52.de\/page\/wp-content\/uploads\/2016\/03\/2012Dornst06-768x512.jpg 768w\" sizes=\"auto, (max-width: 800px) 100vw, 800px\">Das&nbsp;St\u00e4dtchen liegt nahe bei Freudenstadt, hat etwas mehr als 8000 Einwohner und einen kleinen Campingplatz<img loading=\"lazy\" decoding=\"async\" class=\"alignnone size-full wp-image-3609\" src=\"https:\/\/gartner52.de\/page\/wp-content\/uploads\/2016\/03\/2012Dornst08.jpg\" alt=\"2012Dornst08\" width=\"800\" height=\"533\" srcset=\"https:\/\/gartner52.de\/page\/wp-content\/uploads\/2016\/03\/2012Dornst08.jpg 800w, https:\/\/gartner52.de\/page\/wp-content\/uploads\/2016\/03\/2012Dornst08-300x200.jpg 300w, https:\/\/gartner52.de\/page\/wp-content\/uploads\/2016\/03\/2012Dornst08-768x512.jpg 768w\" sizes=\"auto, (max-width: 800px) 100vw, 800px\"> vom Campingplatz aus ist es zu diesem T\u00fcrmchen nicht weit<br>\n<img loading=\"lazy\" decoding=\"async\" class=\"alignnone size-full wp-image-3612\" src=\"https:\/\/gartner52.de\/page\/wp-content\/uploads\/2016\/03\/2012Dornst11.jpg\" alt=\"2012Dornst11\" width=\"800\" height=\"533\" srcset=\"https:\/\/gartner52.de\/page\/wp-content\/uploads\/2016\/03\/2012Dornst11.jpg 800w, https:\/\/gartner52.de\/page\/wp-content\/uploads\/2016\/03\/2012Dornst11-300x200.jpg 300w, https:\/\/gartner52.de\/page\/wp-content\/uploads\/2016\/03\/2012Dornst11-768x512.jpg 768w\" sizes=\"auto, (max-width: 800px) 100vw, 800px\">Hier bl\u00fchte es \u00fcberall<img loading=\"lazy\" decoding=\"async\" class=\"alignnone size-full wp-image-3619\" src=\"https:\/\/gartner52.de\/page\/wp-content\/uploads\/2016\/03\/2012Dornst18.jpg\" alt=\"2012Dornst18\" width=\"800\" height=\"533\" srcset=\"https:\/\/gartner52.de\/page\/wp-content\/uploads\/2016\/03\/2012Dornst18.jpg 800w, https:\/\/gartner52.de\/page\/wp-content\/uploads\/2016\/03\/2012Dornst18-300x200.jpg 300w, https:\/\/gartner52.de\/page\/wp-content\/uploads\/2016\/03\/2012Dornst18-768x512.jpg 768w\" sizes=\"auto, (max-width: 800px) 100vw, 800px\"><img loading=\"lazy\" decoding=\"async\" class=\"alignnone size-full wp-image-3615\" src=\"https:\/\/gartner52.de\/page\/wp-content\/uploads\/2016\/03\/2012Dornst14.jpg\" alt=\"2012Dornst14\" width=\"800\" height=\"533\" srcset=\"https:\/\/gartner52.de\/page\/wp-content\/uploads\/2016\/03\/2012Dornst14.jpg 800w, https:\/\/gartner52.de\/page\/wp-content\/uploads\/2016\/03\/2012Dornst14-300x200.jpg 300w, https:\/\/gartner52.de\/page\/wp-content\/uploads\/2016\/03\/2012Dornst14-768x512.jpg 768w\" sizes=\"auto, (max-width: 800px) 100vw, 800px\"><img loading=\"lazy\" decoding=\"async\" class=\"alignnone size-full wp-image-3616\" src=\"https:\/\/gartner52.de\/page\/wp-content\/uploads\/2016\/03\/2012Dornst15.jpg\" alt=\"2012Dornst15\" width=\"800\" height=\"533\" srcset=\"https:\/\/gartner52.de\/page\/wp-content\/uploads\/2016\/03\/2012Dornst15.jpg 800w, https:\/\/gartner52.de\/page\/wp-content\/uploads\/2016\/03\/2012Dornst15-300x200.jpg 300w, https:\/\/gartner52.de\/page\/wp-content\/uploads\/2016\/03\/2012Dornst15-768x512.jpg 768w\" sizes=\"auto, (max-width: 800px) 100vw, 800px\"><img loading=\"lazy\" decoding=\"async\" class=\"alignnone size-full wp-image-3627\" src=\"https:\/\/gartner52.de\/page\/wp-content\/uploads\/2016\/03\/2012Dornst26.jpg\" alt=\"2012Dornst26\" width=\"800\" height=\"533\" srcset=\"https:\/\/gartner52.de\/page\/wp-content\/uploads\/2016\/03\/2012Dornst26.jpg 800w, https:\/\/gartner52.de\/page\/wp-content\/uploads\/2016\/03\/2012Dornst26-300x200.jpg 300w, https:\/\/gartner52.de\/page\/wp-content\/uploads\/2016\/03\/2012Dornst26-768x512.jpg 768w\" sizes=\"auto, (max-width: 800px) 100vw, 800px\"><img loading=\"lazy\" decoding=\"async\" class=\"alignnone size-full wp-image-3628\" src=\"https:\/\/gartner52.de\/page\/wp-content\/uploads\/2016\/03\/2012Dornst27.jpg\" alt=\"2012Dornst27\" width=\"800\" height=\"533\" srcset=\"https:\/\/gartner52.de\/page\/wp-content\/uploads\/2016\/03\/2012Dornst27.jpg 800w, https:\/\/gartner52.de\/page\/wp-content\/uploads\/2016\/03\/2012Dornst27-300x200.jpg 300w, https:\/\/gartner52.de\/page\/wp-content\/uploads\/2016\/03\/2012Dornst27-768x512.jpg 768w\" sizes=\"auto, (max-width: 800px) 100vw, 800px\">Dem neuen Mitbewohner hat es auch gefallen<\/p>\n<p><img loading=\"lazy\" decoding=\"async\" class=\"alignnone size-full wp-image-3606\" src=\"https:\/\/gartner52.de\/page\/wp-content\/uploads\/2016\/03\/2012Dornst05.jpg\" alt=\"2012Dornst05\" width=\"800\" height=\"533\" srcset=\"https:\/\/gartner52.de\/page\/wp-content\/uploads\/2016\/03\/2012Dornst05.jpg 800w, https:\/\/gartner52.de\/page\/wp-content\/uploads\/2016\/03\/2012Dornst05-300x200.jpg 300w, https:\/\/gartner52.de\/page\/wp-content\/uploads\/2016\/03\/2012Dornst05-768x512.jpg 768w\" sizes=\"auto, (max-width: 800px) 100vw, 800px\">Karfreitagsessen<img loading=\"lazy\" decoding=\"async\" class=\"alignnone size-full wp-image-3622\" src=\"https:\/\/gartner52.de\/page\/wp-content\/uploads\/2016\/03\/2012Dornst21.jpg\" alt=\"2012Dornst21\" width=\"800\" height=\"533\" srcset=\"https:\/\/gartner52.de\/page\/wp-content\/uploads\/2016\/03\/2012Dornst21.jpg 800w, https:\/\/gartner52.de\/page\/wp-content\/uploads\/2016\/03\/2012Dornst21-300x200.jpg 300w, https:\/\/gartner52.de\/page\/wp-content\/uploads\/2016\/03\/2012Dornst21-768x512.jpg 768w\" sizes=\"auto, (max-width: 800px) 100vw, 800px\"><br>\n<img loading=\"lazy\" decoding=\"async\" class=\"alignnone size-full wp-image-3602\" src=\"https:\/\/gartner52.de\/page\/wp-content\/uploads\/2016\/03\/2012Dornst01.jpg\" alt=\"2012Dornst01\" width=\"800\" height=\"533\" srcset=\"https:\/\/gartner52.de\/page\/wp-content\/uploads\/2016\/03\/2012Dornst01.jpg 800w, https:\/\/gartner52.de\/page\/wp-content\/uploads\/2016\/03\/2012Dornst01-300x200.jpg 300w, https:\/\/gartner52.de\/page\/wp-content\/uploads\/2016\/03\/2012Dornst01-768x512.jpg 768w\" sizes=\"auto, (max-width: 800px) 100vw, 800px\">Der Campingplatz liegt etwas versteckt<img loading=\"lazy\" decoding=\"async\" class=\"alignnone size-full wp-image-3613\" src=\"https:\/\/gartner52.de\/page\/wp-content\/uploads\/2016\/03\/2012Dornst12.jpg\" alt=\"2012Dornst12\" width=\"800\" height=\"533\" srcset=\"https:\/\/gartner52.de\/page\/wp-content\/uploads\/2016\/03\/2012Dornst12.jpg 800w, https:\/\/gartner52.de\/page\/wp-content\/uploads\/2016\/03\/2012Dornst12-300x200.jpg 300w, https:\/\/gartner52.de\/page\/wp-content\/uploads\/2016\/03\/2012Dornst12-768x512.jpg 768w\" sizes=\"auto, (max-width: 800px) 100vw, 800px\"><img loading=\"lazy\" decoding=\"async\" class=\"alignnone size-full wp-image-3610\" src=\"https:\/\/gartner52.de\/page\/wp-content\/uploads\/2016\/03\/2012Dornst09.jpg\" alt=\"2012Dornst09\" width=\"800\" height=\"533\" srcset=\"https:\/\/gartner52.de\/page\/wp-content\/uploads\/2016\/03\/2012Dornst09.jpg 800w, https:\/\/gartner52.de\/page\/wp-content\/uploads\/2016\/03\/2012Dornst09-300x200.jpg 300w, https:\/\/gartner52.de\/page\/wp-content\/uploads\/2016\/03\/2012Dornst09-768x512.jpg 768w\" sizes=\"auto, (max-width: 800px) 100vw, 800px\"><img loading=\"lazy\" decoding=\"async\" class=\"alignnone size-full wp-image-3603\" src=\"https:\/\/gartner52.de\/page\/wp-content\/uploads\/2016\/03\/2012Dornst02.jpg\" alt=\"2012Dornst02\" width=\"800\" height=\"533\" srcset=\"https:\/\/gartner52.de\/page\/wp-content\/uploads\/2016\/03\/2012Dornst02.jpg 800w, https:\/\/gartner52.de\/page\/wp-content\/uploads\/2016\/03\/2012Dornst02-300x200.jpg 300w, https:\/\/gartner52.de\/page\/wp-content\/uploads\/2016\/03\/2012Dornst02-768x512.jpg 768w\" sizes=\"auto, (max-width: 800px) 100vw, 800px\">Diese Teile sieht man im Schwarzwald ja sehr oft. Das Wetter war die ganzen Tage sehr gut, morgends war es noch etwas frisch, aber am Mittag konnte man in der Sonne schwitzen.<\/p>\n<p><img loading=\"lazy\" decoding=\"async\" class=\"alignnone size-full wp-image-3604\" src=\"https:\/\/gartner52.de\/page\/wp-content\/uploads\/2016\/03\/2012Dornst03.jpg\" alt=\"2012Dornst03\" width=\"800\" height=\"533\" srcset=\"https:\/\/gartner52.de\/page\/wp-content\/uploads\/2016\/03\/2012Dornst03.jpg 800w, https:\/\/gartner52.de\/page\/wp-content\/uploads\/2016\/03\/2012Dornst03-300x200.jpg 300w, https:\/\/gartner52.de\/page\/wp-content\/uploads\/2016\/03\/2012Dornst03-768x512.jpg 768w\" sizes=\"auto, (max-width: 800px) 100vw, 800px\"><img loading=\"lazy\" decoding=\"async\" class=\"alignnone size-full wp-image-3621\" src=\"https:\/\/gartner52.de\/page\/wp-content\/uploads\/2016\/03\/2012Dornst20.jpg\" alt=\"2012Dornst20\" width=\"800\" height=\"533\" srcset=\"https:\/\/gartner52.de\/page\/wp-content\/uploads\/2016\/03\/2012Dornst20.jpg 800w, https:\/\/gartner52.de\/page\/wp-content\/uploads\/2016\/03\/2012Dornst20-300x200.jpg 300w, https:\/\/gartner52.de\/page\/wp-content\/uploads\/2016\/03\/2012Dornst20-768x512.jpg 768w\" sizes=\"auto, (max-width: 800px) 100vw, 800px\"><\/p>\n<p>Unser Sohn blieb mit seiner Familie noch ein paar Tage auf dem Platz, wir fuhren am Montag wieder nach Hause da wir eine Woche sp\u00e4ter in Richtung Kroatien aufbrachen.<\/p>\n<p>&nbsp;<\/p>\n<p>&nbsp;<\/p>\n<p><span style=\"color: #3366ff;\">Der Campingplatz ist nicht sehr gro\u00df, aber gerade deswegen geht es hier auch ganz gem\u00fctlich zu. Er hat ein kleines Schwimmbad, gute Sanit\u00e4ranlagen, einen kleinen Imbis und auch einen kleinen Laden. <\/span><span style=\"color: #3366ff;\">Man kannn von hier aus sch\u00f6ne Wanderungen unternehmen. Es hat uns hier sehr gut gefallen, wir besuchen den Platz auf jeden Fall wieder.<\/span><\/p>\n<h5><\/h5>\n<p>&nbsp;<\/p>\n<h5 style=\"text-align: center;\"><span style=\"color: #666699;\"><a style=\"color: #666699;\" href=\"https:\/\/gartner52.de\/page\/\">zur\u00fcck zur Startseite<\/a><\/span><\/h5>\n","protected":false},"excerpt":{"rendered":"<p>Ein Wochenende in Dornstetten auf dem Campingplatz K\u00f6nigskanzel Hier einige Eindr\u00fccke vom Campingplatz K\u00f6nigskanzel. Es war ein sch\u00f6nes Pfingst Wochenende, wir hatten viel Spa\u00df Wir standen mit Wohnwagen und Womo zu zweit auf einem gro\u00dfen Stellplatz in N\u00e4he der RezeptionEs \u2026 <a href=\"https:\/\/gartner52.de\/page\/dornstetten-2012\/\">Weiter<\/a><\/p>\n","protected":false},"author":4,"featured_media":0,"parent":0,"menu_order":0,"comment_status":"closed","ping_status":"closed","template":"","meta":{"wp_typography_post_enhancements_disabled":false,"kt_blocks_editor_width":"","footnotes":""},"class_list":["post-3595","page","type-page","status-publish","hentry"],"_links":{"self":[{"href":"https:\/\/gartner52.de\/page\/wp-json\/wp\/v2\/pages\/3595","targetHints":{"allow":["GET"]}}],"collection":[{"href":"https:\/\/gartner52.de\/page\/wp-json\/wp\/v2\/pages"}],"about":[{"href":"https:\/\/gartner52.de\/page\/wp-json\/wp\/v2\/types\/page"}],"author":[{"embeddable":true,"href":"https:\/\/gartner52.de\/page\/wp-json\/wp\/v2\/users\/4"}],"replies":[{"embeddable":true,"href":"https:\/\/gartner52.de\/page\/wp-json\/wp\/v2\/comments?post=3595"}],"version-history":[{"count":13,"href":"https:\/\/gartner52.de\/page\/wp-json\/wp\/v2\/pages\/3595\/revisions"}],"predecessor-version":[{"id":4690,"href":"https:\/\/gartner52.de\/page\/wp-json\/wp\/v2\/pages\/3595\/revisions\/4690"}],"wp:attachment":[{"href":"https:\/\/gartner52.de\/page\/wp-json\/wp\/v2\/media?parent=3595"}],"curies":[{"name":"wp","href":"https:\/\/api.w.org\/{rel}","templated":true}]}}