{"id":3251,"date":"2016-03-02T16:45:48","date_gmt":"2016-03-02T15:45:48","guid":{"rendered":"http:\/\/gartner52.de\/page\/?page_id=3251"},"modified":"2016-12-18T14:35:25","modified_gmt":"2016-12-18T13:35:25","slug":"breitenauer-see-mai2010","status":"publish","type":"page","link":"https:\/\/gartner52.de\/page\/breitenauer-see-mai2010\/","title":{"rendered":"2010 Breitenauer See \u2013 Mai"},"content":{"rendered":"<h2 style=\"text-align: center;\"><span style=\"color: #3366ff;\">Kleiner Bildbericht<\/span><\/h2>\n<h2 style=\"text-align: center;\"><span style=\"color: #3366ff;\">Ausflug \u00fcber den 1. Mai<\/span><\/h2>\n<h2 style=\"text-align: center;\"><span style=\"color: #3366ff;\">an den Breitenauer See \u2013 bei Heilbronn<\/span><\/h2>\n<h5 style=\"text-align: center;\"><span style=\"color: #008000; font-family: arial,helvetica,sans-serif; font-size: 14pt;\">29.04. bis 02.05.2010&nbsp;<\/span><\/h5>\n<p><span style=\"font-family: arial,helvetica,sans-serif; font-size: 12pt;\">Den ersten Mai wollten wir wieder auf einem Campingplatz in unserer N\u00e4he verbringen. So fuhren wir am Donnerstag den 29.04.2010 Richtung Heilbronn zum Campingplatz Breitenauer See. Der Platz ist in mehrere Bereiche aufgeteilt, so stehen die Dauercamper zusammen und die Touristencamper sind auf einem extra Platzteil angesiedelt. Der Campingplatz ist sehr weitl\u00e4ufig, die Stellpl\u00e4tze sehr gro\u00df und alle sind mit dichtem Rasen bewachsen.<\/span><img loading=\"lazy\" decoding=\"async\" class=\"alignnone size-full wp-image-3259\" src=\"https:\/\/gartner52.de\/page\/wp-content\/uploads\/2016\/03\/2010Breitenau03.jpg\" alt=\"2010Breitenau03\" width=\"800\" height=\"533\" srcset=\"https:\/\/gartner52.de\/page\/wp-content\/uploads\/2016\/03\/2010Breitenau03.jpg 800w, https:\/\/gartner52.de\/page\/wp-content\/uploads\/2016\/03\/2010Breitenau03-300x200.jpg 300w, https:\/\/gartner52.de\/page\/wp-content\/uploads\/2016\/03\/2010Breitenau03-768x512.jpg 768w\" sizes=\"auto, (max-width: 800px) 100vw, 800px\"><span style=\"font-family: arial,helvetica,sans-serif; font-size: 12pt;\">Wir standen in der N\u00e4he des Spielplatzes und der Sanit\u00e4ranlage auf dem neueren Platzteil. Die Sanit\u00e4ranlage ist sehr sch\u00f6n. Modern und top sauber mit einem extra Kinderbereich. Hier findet man nichts negatives. Es gibt auch einige Familien Duschen und im Eingangsbereich des Sanit\u00e4rgeb\u00e4udes stehen Tische und St\u00fchle samt B\u00fccherregal mit Inhalt.<\/span><\/p>\n<p><img loading=\"lazy\" decoding=\"async\" class=\"alignnone size-full wp-image-3257\" src=\"https:\/\/gartner52.de\/page\/wp-content\/uploads\/2016\/03\/2010Breitenau01.jpg\" alt=\"2010Breitenau01\" width=\"800\" height=\"533\" srcset=\"https:\/\/gartner52.de\/page\/wp-content\/uploads\/2016\/03\/2010Breitenau01.jpg 800w, https:\/\/gartner52.de\/page\/wp-content\/uploads\/2016\/03\/2010Breitenau01-300x200.jpg 300w, https:\/\/gartner52.de\/page\/wp-content\/uploads\/2016\/03\/2010Breitenau01-768x512.jpg 768w\" sizes=\"auto, (max-width: 800px) 100vw, 800px\"><span style=\"font-family: arial,helvetica,sans-serif; font-size: 12pt;\">Die Sanit\u00e4ranlage.<\/span><br>\n<span style=\"font-family: arial,helvetica,sans-serif; font-size: 12pt;\"> Bilder von innen mache ich ja nicht, aber es sah schon toll aus.<\/span><img loading=\"lazy\" decoding=\"async\" class=\"alignnone size-full wp-image-3260\" src=\"https:\/\/gartner52.de\/page\/wp-content\/uploads\/2016\/03\/2010Breitenau04.jpg\" alt=\"2010Breitenau04\" width=\"800\" height=\"533\" srcset=\"https:\/\/gartner52.de\/page\/wp-content\/uploads\/2016\/03\/2010Breitenau04.jpg 800w, https:\/\/gartner52.de\/page\/wp-content\/uploads\/2016\/03\/2010Breitenau04-300x200.jpg 300w, https:\/\/gartner52.de\/page\/wp-content\/uploads\/2016\/03\/2010Breitenau04-768x512.jpg 768w\" sizes=\"auto, (max-width: 800px) 100vw, 800px\"><span style=\"font-family: arial,helvetica,sans-serif; font-size: 12pt;\">Der Spielplatz, da f\u00fchlen sich die Kids wohl. Hier k\u00f6nnen sie sich richtig austoben.<\/span><br>\n<img loading=\"lazy\" decoding=\"async\" class=\"alignnone size-full wp-image-3261\" src=\"https:\/\/gartner52.de\/page\/wp-content\/uploads\/2016\/03\/2010Breitenau05.jpg\" alt=\"2010Breitenau05\" width=\"800\" height=\"533\" srcset=\"https:\/\/gartner52.de\/page\/wp-content\/uploads\/2016\/03\/2010Breitenau05.jpg 800w, https:\/\/gartner52.de\/page\/wp-content\/uploads\/2016\/03\/2010Breitenau05-300x200.jpg 300w, https:\/\/gartner52.de\/page\/wp-content\/uploads\/2016\/03\/2010Breitenau05-768x512.jpg 768w\" sizes=\"auto, (max-width: 800px) 100vw, 800px\"><img loading=\"lazy\" decoding=\"async\" class=\"alignnone size-full wp-image-3262\" src=\"https:\/\/gartner52.de\/page\/wp-content\/uploads\/2016\/03\/2010Breitenau06.jpg\" alt=\"2010Breitenau06\" width=\"800\" height=\"533\" srcset=\"https:\/\/gartner52.de\/page\/wp-content\/uploads\/2016\/03\/2010Breitenau06.jpg 800w, https:\/\/gartner52.de\/page\/wp-content\/uploads\/2016\/03\/2010Breitenau06-300x200.jpg 300w, https:\/\/gartner52.de\/page\/wp-content\/uploads\/2016\/03\/2010Breitenau06-768x512.jpg 768w\" sizes=\"auto, (max-width: 800px) 100vw, 800px\"><span style=\"font-family: arial,helvetica,sans-serif; font-size: 12pt;\">Unser Stellplatz mit Strom Wasser und Abwasser. Wir waren die ersten.<\/span><br>\n<img loading=\"lazy\" decoding=\"async\" class=\"alignnone size-full wp-image-3263\" src=\"https:\/\/gartner52.de\/page\/wp-content\/uploads\/2016\/03\/2010Breitenau07.jpg\" alt=\"2010Breitenau07\" width=\"800\" height=\"533\" srcset=\"https:\/\/gartner52.de\/page\/wp-content\/uploads\/2016\/03\/2010Breitenau07.jpg 800w, https:\/\/gartner52.de\/page\/wp-content\/uploads\/2016\/03\/2010Breitenau07-300x200.jpg 300w, https:\/\/gartner52.de\/page\/wp-content\/uploads\/2016\/03\/2010Breitenau07-768x512.jpg 768w\" sizes=\"auto, (max-width: 800px) 100vw, 800px\"><span style=\"font-family: arial,helvetica,sans-serif; font-size: 12pt;\">Mit uns wollten noch unser Sohn und die Schw\u00e4gerin den 1.Mai auf dem Campingplatz verbringen. Unsere Stellpl\u00e4tze waren sch\u00f6n gro\u00df, wie es sich geh\u00f6rt.<\/span><img loading=\"lazy\" decoding=\"async\" class=\"alignnone size-full wp-image-3270\" src=\"https:\/\/gartner52.de\/page\/wp-content\/uploads\/2016\/03\/2010Breitenau14.jpg\" alt=\"2010Breitenau14\" width=\"800\" height=\"533\" srcset=\"https:\/\/gartner52.de\/page\/wp-content\/uploads\/2016\/03\/2010Breitenau14.jpg 800w, https:\/\/gartner52.de\/page\/wp-content\/uploads\/2016\/03\/2010Breitenau14-300x200.jpg 300w, https:\/\/gartner52.de\/page\/wp-content\/uploads\/2016\/03\/2010Breitenau14-768x512.jpg 768w\" sizes=\"auto, (max-width: 800px) 100vw, 800px\"><img loading=\"lazy\" decoding=\"async\" class=\"alignnone size-full wp-image-3264\" src=\"https:\/\/gartner52.de\/page\/wp-content\/uploads\/2016\/03\/2010Breitenau08.jpg\" alt=\"2010Breitenau08\" width=\"800\" height=\"533\" srcset=\"https:\/\/gartner52.de\/page\/wp-content\/uploads\/2016\/03\/2010Breitenau08.jpg 800w, https:\/\/gartner52.de\/page\/wp-content\/uploads\/2016\/03\/2010Breitenau08-300x200.jpg 300w, https:\/\/gartner52.de\/page\/wp-content\/uploads\/2016\/03\/2010Breitenau08-768x512.jpg 768w\" sizes=\"auto, (max-width: 800px) 100vw, 800px\"><img loading=\"lazy\" decoding=\"async\" class=\"alignnone size-full wp-image-3271\" src=\"https:\/\/gartner52.de\/page\/wp-content\/uploads\/2016\/03\/2010Breitenau15.jpg\" alt=\"2010Breitenau15\" width=\"800\" height=\"533\" srcset=\"https:\/\/gartner52.de\/page\/wp-content\/uploads\/2016\/03\/2010Breitenau15.jpg 800w, https:\/\/gartner52.de\/page\/wp-content\/uploads\/2016\/03\/2010Breitenau15-300x200.jpg 300w, https:\/\/gartner52.de\/page\/wp-content\/uploads\/2016\/03\/2010Breitenau15-768x512.jpg 768w\" sizes=\"auto, (max-width: 800px) 100vw, 800px\"><\/p>\n<p><span style=\"font-family: arial,helvetica,sans-serif; font-size: 12pt;\">Blick in die Weinberge bei L\u00f6wenstein<\/span><\/p>\n<p><img loading=\"lazy\" decoding=\"async\" class=\"alignnone size-full wp-image-3266\" src=\"https:\/\/gartner52.de\/page\/wp-content\/uploads\/2016\/03\/2010Breitenau10.jpg\" alt=\"2010Breitenau10\" width=\"800\" height=\"533\" srcset=\"https:\/\/gartner52.de\/page\/wp-content\/uploads\/2016\/03\/2010Breitenau10.jpg 800w, https:\/\/gartner52.de\/page\/wp-content\/uploads\/2016\/03\/2010Breitenau10-300x200.jpg 300w, https:\/\/gartner52.de\/page\/wp-content\/uploads\/2016\/03\/2010Breitenau10-768x512.jpg 768w\" sizes=\"auto, (max-width: 800px) 100vw, 800px\"><img loading=\"lazy\" decoding=\"async\" class=\"alignnone size-full wp-image-3269\" src=\"https:\/\/gartner52.de\/page\/wp-content\/uploads\/2016\/03\/2010Breitenau13.jpg\" alt=\"2010Breitenau13\" width=\"800\" height=\"533\" srcset=\"https:\/\/gartner52.de\/page\/wp-content\/uploads\/2016\/03\/2010Breitenau13.jpg 800w, https:\/\/gartner52.de\/page\/wp-content\/uploads\/2016\/03\/2010Breitenau13-300x200.jpg 300w, https:\/\/gartner52.de\/page\/wp-content\/uploads\/2016\/03\/2010Breitenau13-768x512.jpg 768w\" sizes=\"auto, (max-width: 800px) 100vw, 800px\"><span style=\"font-family: arial,helvetica,sans-serif; font-size: 12pt;\">Am Freitag war das Wetter nicht mehr so sch\u00f6n wie am Donnerstag. Das machte uns aber nichts aus, das Fr\u00fchst\u00fcck fand die ganzen Tage im Freien statt. Ab und zu gab es einige Regentropfen, das war aber nicht schlimm so richtig Nass wurde es nicht<\/span>.<\/p>\n<p><img loading=\"lazy\" decoding=\"async\" class=\"alignnone size-full wp-image-3274\" src=\"https:\/\/gartner52.de\/page\/wp-content\/uploads\/2016\/03\/2010Breitenau18.jpg\" alt=\"2010Breitenau18\" width=\"800\" height=\"533\" srcset=\"https:\/\/gartner52.de\/page\/wp-content\/uploads\/2016\/03\/2010Breitenau18.jpg 800w, https:\/\/gartner52.de\/page\/wp-content\/uploads\/2016\/03\/2010Breitenau18-300x200.jpg 300w, https:\/\/gartner52.de\/page\/wp-content\/uploads\/2016\/03\/2010Breitenau18-768x512.jpg 768w\" sizes=\"auto, (max-width: 800px) 100vw, 800px\"><img loading=\"lazy\" decoding=\"async\" class=\"alignnone size-full wp-image-3272\" src=\"https:\/\/gartner52.de\/page\/wp-content\/uploads\/2016\/03\/2010Breitenau16.jpg\" alt=\"2010Breitenau16\" width=\"800\" height=\"533\" srcset=\"https:\/\/gartner52.de\/page\/wp-content\/uploads\/2016\/03\/2010Breitenau16.jpg 800w, https:\/\/gartner52.de\/page\/wp-content\/uploads\/2016\/03\/2010Breitenau16-300x200.jpg 300w, https:\/\/gartner52.de\/page\/wp-content\/uploads\/2016\/03\/2010Breitenau16-768x512.jpg 768w\" sizes=\"auto, (max-width: 800px) 100vw, 800px\"><img loading=\"lazy\" decoding=\"async\" class=\"alignnone size-full wp-image-3273\" src=\"https:\/\/gartner52.de\/page\/wp-content\/uploads\/2016\/03\/2010Breitenau17.jpg\" alt=\"2010Breitenau17\" width=\"800\" height=\"533\" srcset=\"https:\/\/gartner52.de\/page\/wp-content\/uploads\/2016\/03\/2010Breitenau17.jpg 800w, https:\/\/gartner52.de\/page\/wp-content\/uploads\/2016\/03\/2010Breitenau17-300x200.jpg 300w, https:\/\/gartner52.de\/page\/wp-content\/uploads\/2016\/03\/2010Breitenau17-768x512.jpg 768w\" sizes=\"auto, (max-width: 800px) 100vw, 800px\"><span style=\"font-family: arial,helvetica,sans-serif; font-size: 12pt;\">Dunkle Wolken am 1.Mai \u2013 Die Fische wollten schwimmen<\/span><br>\n<img loading=\"lazy\" decoding=\"async\" class=\"alignnone size-full wp-image-3275\" src=\"https:\/\/gartner52.de\/page\/wp-content\/uploads\/2016\/03\/2010Breitenau19.jpg\" alt=\"2010Breitenau19\" width=\"800\" height=\"533\" srcset=\"https:\/\/gartner52.de\/page\/wp-content\/uploads\/2016\/03\/2010Breitenau19.jpg 800w, https:\/\/gartner52.de\/page\/wp-content\/uploads\/2016\/03\/2010Breitenau19-300x200.jpg 300w, https:\/\/gartner52.de\/page\/wp-content\/uploads\/2016\/03\/2010Breitenau19-768x512.jpg 768w\" sizes=\"auto, (max-width: 800px) 100vw, 800px\"><span style=\"font-family: arial,helvetica,sans-serif; font-size: 12pt;\">Am 1.Mai wollten wir eine kleine Wanderung machen aber das Wetter war nicht so gut. So beschlossen wir nur bis an den See zu laufen. Den Campingplatz kann man \u00fcber ein Tor verlassen das mit einem Chip ge\u00f6ffnet wird. Die Ufer Umgebung des Breitenauer Sees ist sehr sch\u00f6n angelegt, hier gibt es einen gro\u00dfen Spielplatz und ein Freiluft Fitness Studio.<\/span><img loading=\"lazy\" decoding=\"async\" class=\"alignnone size-full wp-image-3276\" src=\"https:\/\/gartner52.de\/page\/wp-content\/uploads\/2016\/03\/2010Breitenau20.jpg\" alt=\"2010Breitenau20\" width=\"800\" height=\"533\" srcset=\"https:\/\/gartner52.de\/page\/wp-content\/uploads\/2016\/03\/2010Breitenau20.jpg 800w, https:\/\/gartner52.de\/page\/wp-content\/uploads\/2016\/03\/2010Breitenau20-300x200.jpg 300w, https:\/\/gartner52.de\/page\/wp-content\/uploads\/2016\/03\/2010Breitenau20-768x512.jpg 768w\" sizes=\"auto, (max-width: 800px) 100vw, 800px\"><img loading=\"lazy\" decoding=\"async\" class=\"alignnone size-full wp-image-3279\" src=\"https:\/\/gartner52.de\/page\/wp-content\/uploads\/2016\/03\/2010Breitenau23.jpg\" alt=\"2010Breitenau23\" width=\"800\" height=\"533\" srcset=\"https:\/\/gartner52.de\/page\/wp-content\/uploads\/2016\/03\/2010Breitenau23.jpg 800w, https:\/\/gartner52.de\/page\/wp-content\/uploads\/2016\/03\/2010Breitenau23-300x200.jpg 300w, https:\/\/gartner52.de\/page\/wp-content\/uploads\/2016\/03\/2010Breitenau23-768x512.jpg 768w\" sizes=\"auto, (max-width: 800px) 100vw, 800px\"><img loading=\"lazy\" decoding=\"async\" class=\"alignnone size-full wp-image-3277\" src=\"https:\/\/gartner52.de\/page\/wp-content\/uploads\/2016\/03\/2010Breitenau21.jpg\" alt=\"2010Breitenau21\" width=\"800\" height=\"533\" srcset=\"https:\/\/gartner52.de\/page\/wp-content\/uploads\/2016\/03\/2010Breitenau21.jpg 800w, https:\/\/gartner52.de\/page\/wp-content\/uploads\/2016\/03\/2010Breitenau21-300x200.jpg 300w, https:\/\/gartner52.de\/page\/wp-content\/uploads\/2016\/03\/2010Breitenau21-768x512.jpg 768w\" sizes=\"auto, (max-width: 800px) 100vw, 800px\"><span style=\"font-family: arial,helvetica,sans-serif; font-size: 12pt;\">Am Wasser planschen macht Spa\u00df<\/span><\/p>\n<p><img loading=\"lazy\" decoding=\"async\" class=\"alignnone size-full wp-image-3280\" src=\"https:\/\/gartner52.de\/page\/wp-content\/uploads\/2016\/03\/2010Breitenau24.jpg\" alt=\"2010Breitenau24\" width=\"800\" height=\"533\" srcset=\"https:\/\/gartner52.de\/page\/wp-content\/uploads\/2016\/03\/2010Breitenau24.jpg 800w, https:\/\/gartner52.de\/page\/wp-content\/uploads\/2016\/03\/2010Breitenau24-300x200.jpg 300w, https:\/\/gartner52.de\/page\/wp-content\/uploads\/2016\/03\/2010Breitenau24-768x512.jpg 768w\" sizes=\"auto, (max-width: 800px) 100vw, 800px\"><br>\n<img loading=\"lazy\" decoding=\"async\" class=\"alignnone size-full wp-image-3282\" src=\"https:\/\/gartner52.de\/page\/wp-content\/uploads\/2016\/03\/2010Breitenau26.jpg\" alt=\"2010Breitenau26\" width=\"800\" height=\"533\" srcset=\"https:\/\/gartner52.de\/page\/wp-content\/uploads\/2016\/03\/2010Breitenau26.jpg 800w, https:\/\/gartner52.de\/page\/wp-content\/uploads\/2016\/03\/2010Breitenau26-300x200.jpg 300w, https:\/\/gartner52.de\/page\/wp-content\/uploads\/2016\/03\/2010Breitenau26-768x512.jpg 768w\" sizes=\"auto, (max-width: 800px) 100vw, 800px\"><span style=\"font-family: arial,helvetica,sans-serif; font-size: 12pt;\">Sauber angelegt war der Strandbereich am Breitenauer See<\/span><br>\n<img loading=\"lazy\" decoding=\"async\" class=\"alignnone size-full wp-image-3284\" src=\"https:\/\/gartner52.de\/page\/wp-content\/uploads\/2016\/03\/2010Breitenau28.jpg\" alt=\"2010Breitenau28\" width=\"800\" height=\"533\" srcset=\"https:\/\/gartner52.de\/page\/wp-content\/uploads\/2016\/03\/2010Breitenau28.jpg 800w, https:\/\/gartner52.de\/page\/wp-content\/uploads\/2016\/03\/2010Breitenau28-300x200.jpg 300w, https:\/\/gartner52.de\/page\/wp-content\/uploads\/2016\/03\/2010Breitenau28-768x512.jpg 768w\" sizes=\"auto, (max-width: 800px) 100vw, 800px\"><img loading=\"lazy\" decoding=\"async\" class=\"alignnone size-full wp-image-3283\" src=\"https:\/\/gartner52.de\/page\/wp-content\/uploads\/2016\/03\/2010Breitenau27.jpg\" alt=\"2010Breitenau27\" width=\"800\" height=\"533\" srcset=\"https:\/\/gartner52.de\/page\/wp-content\/uploads\/2016\/03\/2010Breitenau27.jpg 800w, https:\/\/gartner52.de\/page\/wp-content\/uploads\/2016\/03\/2010Breitenau27-300x200.jpg 300w, https:\/\/gartner52.de\/page\/wp-content\/uploads\/2016\/03\/2010Breitenau27-768x512.jpg 768w\" sizes=\"auto, (max-width: 800px) 100vw, 800px\">&nbsp;&nbsp;<img loading=\"lazy\" decoding=\"async\" class=\"alignnone size-full wp-image-3285\" src=\"https:\/\/gartner52.de\/page\/wp-content\/uploads\/2016\/03\/2010Breitenau29.jpg\" alt=\"2010Breitenau29\" width=\"800\" height=\"533\" srcset=\"https:\/\/gartner52.de\/page\/wp-content\/uploads\/2016\/03\/2010Breitenau29.jpg 800w, https:\/\/gartner52.de\/page\/wp-content\/uploads\/2016\/03\/2010Breitenau29-300x200.jpg 300w, https:\/\/gartner52.de\/page\/wp-content\/uploads\/2016\/03\/2010Breitenau29-768x512.jpg 768w\" sizes=\"auto, (max-width: 800px) 100vw, 800px\"><span style=\"font-family: arial,helvetica,sans-serif; font-size: 12pt;\">Dieser Spielplatz war au\u00dferhalb des Campingplatzes. Die vielen Spielger\u00e4te machten den Kids gro\u00dfen Spa\u00df<\/span><\/p>\n<p><img loading=\"lazy\" decoding=\"async\" class=\"alignnone size-full wp-image-3286\" src=\"https:\/\/gartner52.de\/page\/wp-content\/uploads\/2016\/03\/2010Breitenau30.jpg\" alt=\"2010Breitenau30\" width=\"800\" height=\"533\" srcset=\"https:\/\/gartner52.de\/page\/wp-content\/uploads\/2016\/03\/2010Breitenau30.jpg 800w, https:\/\/gartner52.de\/page\/wp-content\/uploads\/2016\/03\/2010Breitenau30-300x200.jpg 300w, https:\/\/gartner52.de\/page\/wp-content\/uploads\/2016\/03\/2010Breitenau30-768x512.jpg 768w\" sizes=\"auto, (max-width: 800px) 100vw, 800px\"><span style=\"font-family: arial,helvetica,sans-serif; font-size: 12pt;\">Hier steht der Maibaum auf dem <span class=\"caps\">CP<\/span>. Er wurde am 30.04. mit einem kleinen Fest feierlich aufgestellt<\/span><\/p>\n<p><img loading=\"lazy\" decoding=\"async\" class=\"alignnone size-full wp-image-3287\" src=\"https:\/\/gartner52.de\/page\/wp-content\/uploads\/2016\/03\/2010Breitenau31.jpg\" alt=\"2010Breitenau31\" width=\"800\" height=\"533\" srcset=\"https:\/\/gartner52.de\/page\/wp-content\/uploads\/2016\/03\/2010Breitenau31.jpg 800w, https:\/\/gartner52.de\/page\/wp-content\/uploads\/2016\/03\/2010Breitenau31-300x200.jpg 300w, https:\/\/gartner52.de\/page\/wp-content\/uploads\/2016\/03\/2010Breitenau31-768x512.jpg 768w\" sizes=\"auto, (max-width: 800px) 100vw, 800px\"><\/p>\n<p>&nbsp;<\/p>\n<p><span style=\"color: #3366ff; font-family: arial,helvetica,sans-serif; font-size: 12pt;\"><strong><u>Zusammenfassung:<\/u><\/strong> <\/span><\/p>\n<p><span style=\"color: #3366ff; font-family: arial,helvetica,sans-serif; font-size: 12pt;\">wie immer unsere pers\u00f6nliche Meinung.<\/span><\/p>\n<p><span style=\"color: #3366ff; font-family: arial,helvetica,sans-serif; font-size: 12pt;\">Der Campingplatz Breitenauer-See ist ein sehr sch\u00f6ner und sauberer Campingplatz. Hier f\u00fcgt sich der \u00e4ltere Platzteil sehr harmonisch an den neuern Teil an. Es gibt gen\u00fcgend Sanit\u00e4rgeb\u00e4ude die sich in einem super Zustand befinden. Sie sind alle sauber und modern eingerichtet, da gibt es \u00fcberhaupt nichts zu bem\u00e4ngeln. Die Platzgeb\u00fchren f\u00fcr 2 Personen sind hier voll akzeptabel und nicht einmal so teuer. Die Umgebung um den Campingplatz bietet f\u00fcr alle etwas, man kann Wandern, Radfahren und im Sommer l\u00e4dt der See zum schwimmen ein. Uns hat es hier sehr gut gefallen, der Platz z\u00e4hlt zu den 3 besten die wir bis jetzt besucht haben. Wir werden auf jeden Fall im Herbst wieder hierher kommen.<\/span><\/p>\n<p>&nbsp;<\/p>\n<h5 style=\"text-align: center;\"><a href=\"https:\/\/gartner52.de\/page\/2010-2\/\">zur\u00fcck zur \u00dcbersicht 2010<\/a><\/h5>\n","protected":false},"excerpt":{"rendered":"<p>Kleiner Bildbericht Ausflug \u00fcber den 1. Mai an den Breitenauer See \u2013 bei Heilbronn 29.04. bis 02.05.2010&nbsp; Den ersten Mai wollten wir wieder auf einem Campingplatz in unserer N\u00e4he verbringen. So fuhren wir am Donnerstag den 29.04.2010 Richtung Heilbronn zum \u2026 <a href=\"https:\/\/gartner52.de\/page\/breitenauer-see-mai2010\/\">Weiter<\/a><\/p>\n","protected":false},"author":4,"featured_media":0,"parent":0,"menu_order":0,"comment_status":"closed","ping_status":"closed","template":"","meta":{"wp_typography_post_enhancements_disabled":false,"kt_blocks_editor_width":"","footnotes":""},"class_list":["post-3251","page","type-page","status-publish","hentry"],"_links":{"self":[{"href":"https:\/\/gartner52.de\/page\/wp-json\/wp\/v2\/pages\/3251","targetHints":{"allow":["GET"]}}],"collection":[{"href":"https:\/\/gartner52.de\/page\/wp-json\/wp\/v2\/pages"}],"about":[{"href":"https:\/\/gartner52.de\/page\/wp-json\/wp\/v2\/types\/page"}],"author":[{"embeddable":true,"href":"https:\/\/gartner52.de\/page\/wp-json\/wp\/v2\/users\/4"}],"replies":[{"embeddable":true,"href":"https:\/\/gartner52.de\/page\/wp-json\/wp\/v2\/comments?post=3251"}],"version-history":[{"count":11,"href":"https:\/\/gartner52.de\/page\/wp-json\/wp\/v2\/pages\/3251\/revisions"}],"predecessor-version":[{"id":4859,"href":"https:\/\/gartner52.de\/page\/wp-json\/wp\/v2\/pages\/3251\/revisions\/4859"}],"wp:attachment":[{"href":"https:\/\/gartner52.de\/page\/wp-json\/wp\/v2\/media?parent=3251"}],"curies":[{"name":"wp","href":"https:\/\/api.w.org\/{rel}","templated":true}]}}