{"id":32,"date":"2016-02-07T17:54:15","date_gmt":"2016-02-07T16:54:15","guid":{"rendered":"http:\/\/gartner52.de\/page\/?page_id=32"},"modified":"2023-11-25T15:30:24","modified_gmt":"2023-11-25T14:30:24","slug":"yugoslawien-1988","status":"publish","type":"page","link":"https:\/\/gartner52.de\/page\/yugoslawien-1988\/","title":{"rendered":"Jugoslawien 1988"},"content":{"rendered":"<h3 style=\"text-align: center;\">Camping Urlaub 1988 in Jugoslawien<\/h3>\n<p style=\"text-align: center;\"><img loading=\"lazy\" decoding=\"async\" class=\"aligncenter size-full wp-image-158\" src=\"https:\/\/gartner52.de\/page\/wp-content\/uploads\/2016\/02\/Fahne-YU.jpg\" alt=\"Fahne-YU\" width=\"110\" height=\"56\"><\/p>\n<p style=\"text-align: center;\">Hier ein kleiner Bericht aus unserer ersten Wohnwagenzeit, in der wir mit den Kindern oft in Jugoslawien zum Campen waren.<br>\nDamals hatten wir einen Wohnwagen, danach zwei Wohnmobile und jetzt wieder einen Wohnwagen<br>\n1988 wollten wir mal mehr vom Land sehen, unser erstes Ziel waren die Plitvicer Seen.<br>\nAuf einem ruhigen Campingplatz der nur ca. 5 km vom Eingang zu den Seen entfernt war haben wir 2 sch\u00f6ne Tage verbracht.<\/p>\n<p style=\"text-align: center;\"><span style=\"color: #0000ff;\">Die ganzen Bilder habe ich von Dias gescannt, die Qualit\u00e4t ist dementsprechend.<\/span><br>\n<span style=\"color: #0000ff;\">(sie sind ja schon etwas \u00e4lter)<\/span><\/p>\n<p style=\"text-align: center;\"><img loading=\"lazy\" decoding=\"async\" class=\"aligncenter size-full wp-image-159\" src=\"https:\/\/gartner52.de\/page\/wp-content\/uploads\/2016\/02\/YU01.jpg\" alt=\"YU01\" width=\"800\" height=\"522\" srcset=\"https:\/\/gartner52.de\/page\/wp-content\/uploads\/2016\/02\/YU01.jpg 800w, https:\/\/gartner52.de\/page\/wp-content\/uploads\/2016\/02\/YU01-300x196.jpg 300w, https:\/\/gartner52.de\/page\/wp-content\/uploads\/2016\/02\/YU01-768x501.jpg 768w\" sizes=\"auto, (max-width: 800px) 100vw, 800px\"><\/p>\n<p style=\"text-align: center;\"><span style=\"color: #000000;\">Campingplatz bei den Plitvicer Seen<\/span><\/p>\n<p style=\"text-align: center;\"><img loading=\"lazy\" decoding=\"async\" class=\"aligncenter size-full wp-image-162\" src=\"https:\/\/gartner52.de\/page\/wp-content\/uploads\/2016\/02\/YU02.jpg\" alt=\"YU02\" width=\"800\" height=\"513\" srcset=\"https:\/\/gartner52.de\/page\/wp-content\/uploads\/2016\/02\/YU02.jpg 800w, https:\/\/gartner52.de\/page\/wp-content\/uploads\/2016\/02\/YU02-300x192.jpg 300w, https:\/\/gartner52.de\/page\/wp-content\/uploads\/2016\/02\/YU02-768x492.jpg 768w, https:\/\/gartner52.de\/page\/wp-content\/uploads\/2016\/02\/YU02-80x50.jpg 80w\" sizes=\"auto, (max-width: 800px) 100vw, 800px\"><\/p>\n<p style=\"text-align: center;\"><span style=\"color: #000000;\">Mit diesem B\u00e4hnchen sind wir in den Nationalpark gefahren.&nbsp; Es ging ganz nach hinten.<\/span><\/p>\n<p style=\"text-align: center;\"><img loading=\"lazy\" decoding=\"async\" class=\"aligncenter size-full wp-image-163\" src=\"https:\/\/gartner52.de\/page\/wp-content\/uploads\/2016\/02\/YU03.jpg\" alt=\"YU03\" width=\"800\" height=\"511\" srcset=\"https:\/\/gartner52.de\/page\/wp-content\/uploads\/2016\/02\/YU03.jpg 800w, https:\/\/gartner52.de\/page\/wp-content\/uploads\/2016\/02\/YU03-300x192.jpg 300w, https:\/\/gartner52.de\/page\/wp-content\/uploads\/2016\/02\/YU03-768x491.jpg 768w, https:\/\/gartner52.de\/page\/wp-content\/uploads\/2016\/02\/YU03-80x50.jpg 80w\" sizes=\"auto, (max-width: 800px) 100vw, 800px\"><\/p>\n<p style=\"text-align: center;\"><span style=\"color: #000000;\">Auf diesen Wegen sind wir an den einzelnen Seen und Wasserf\u00e4llen zur\u00fcck gewandert<\/span><\/p>\n<p style=\"text-align: center;\"><img loading=\"lazy\" decoding=\"async\" class=\"aligncenter size-full wp-image-164\" src=\"https:\/\/gartner52.de\/page\/wp-content\/uploads\/2016\/02\/YU04.jpg\" alt=\"YU04\" width=\"800\" height=\"557\" srcset=\"https:\/\/gartner52.de\/page\/wp-content\/uploads\/2016\/02\/YU04.jpg 800w, https:\/\/gartner52.de\/page\/wp-content\/uploads\/2016\/02\/YU04-300x209.jpg 300w, https:\/\/gartner52.de\/page\/wp-content\/uploads\/2016\/02\/YU04-768x535.jpg 768w\" sizes=\"auto, (max-width: 800px) 100vw, 800px\"><\/p>\n<p style=\"text-align: center;\">Hier zu braucht es keine Worte<\/p>\n<p style=\"text-align: center;\"><img loading=\"lazy\" decoding=\"async\" class=\"aligncenter size-full wp-image-165\" src=\"https:\/\/gartner52.de\/page\/wp-content\/uploads\/2016\/02\/YU05.jpg\" alt=\"YU05\" width=\"800\" height=\"512\" srcset=\"https:\/\/gartner52.de\/page\/wp-content\/uploads\/2016\/02\/YU05.jpg 800w, https:\/\/gartner52.de\/page\/wp-content\/uploads\/2016\/02\/YU05-300x192.jpg 300w, https:\/\/gartner52.de\/page\/wp-content\/uploads\/2016\/02\/YU05-768x492.jpg 768w, https:\/\/gartner52.de\/page\/wp-content\/uploads\/2016\/02\/YU05-80x50.jpg 80w\" sizes=\"auto, (max-width: 800px) 100vw, 800px\"><\/p>\n<p style=\"text-align: center;\"><img loading=\"lazy\" decoding=\"async\" class=\"aligncenter size-full wp-image-166\" src=\"https:\/\/gartner52.de\/page\/wp-content\/uploads\/2016\/02\/YU06.jpg\" alt=\"YU06\" width=\"800\" height=\"517\" srcset=\"https:\/\/gartner52.de\/page\/wp-content\/uploads\/2016\/02\/YU06.jpg 800w, https:\/\/gartner52.de\/page\/wp-content\/uploads\/2016\/02\/YU06-300x194.jpg 300w, https:\/\/gartner52.de\/page\/wp-content\/uploads\/2016\/02\/YU06-768x496.jpg 768w\" sizes=\"auto, (max-width: 800px) 100vw, 800px\"><\/p>\n<p style=\"text-align: center;\"><img loading=\"lazy\" decoding=\"async\" class=\"aligncenter size-full wp-image-167\" src=\"https:\/\/gartner52.de\/page\/wp-content\/uploads\/2016\/02\/YU07.jpg\" alt=\"YU07\" width=\"800\" height=\"528\" srcset=\"https:\/\/gartner52.de\/page\/wp-content\/uploads\/2016\/02\/YU07.jpg 800w, https:\/\/gartner52.de\/page\/wp-content\/uploads\/2016\/02\/YU07-300x198.jpg 300w, https:\/\/gartner52.de\/page\/wp-content\/uploads\/2016\/02\/YU07-768x507.jpg 768w\" sizes=\"auto, (max-width: 800px) 100vw, 800px\"><\/p>\n<p style=\"text-align: center;\"><img loading=\"lazy\" decoding=\"async\" class=\"aligncenter size-full wp-image-168\" src=\"https:\/\/gartner52.de\/page\/wp-content\/uploads\/2016\/02\/YU08.jpg\" alt=\"YU08\" width=\"800\" height=\"537\" srcset=\"https:\/\/gartner52.de\/page\/wp-content\/uploads\/2016\/02\/YU08.jpg 800w, https:\/\/gartner52.de\/page\/wp-content\/uploads\/2016\/02\/YU08-300x201.jpg 300w, https:\/\/gartner52.de\/page\/wp-content\/uploads\/2016\/02\/YU08-768x516.jpg 768w\" sizes=\"auto, (max-width: 800px) 100vw, 800px\"><\/p>\n<p style=\"text-align: center;\"><img loading=\"lazy\" decoding=\"async\" class=\"aligncenter size-full wp-image-169\" src=\"https:\/\/gartner52.de\/page\/wp-content\/uploads\/2016\/02\/YU09.jpg\" alt=\"YU09\" width=\"800\" height=\"523\" srcset=\"https:\/\/gartner52.de\/page\/wp-content\/uploads\/2016\/02\/YU09.jpg 800w, https:\/\/gartner52.de\/page\/wp-content\/uploads\/2016\/02\/YU09-300x196.jpg 300w, https:\/\/gartner52.de\/page\/wp-content\/uploads\/2016\/02\/YU09-768x502.jpg 768w\" sizes=\"auto, (max-width: 800px) 100vw, 800px\"><\/p>\n<p style=\"text-align: center;\"><img loading=\"lazy\" decoding=\"async\" class=\"aligncenter size-full wp-image-170\" src=\"https:\/\/gartner52.de\/page\/wp-content\/uploads\/2016\/02\/YU10.jpg\" alt=\"YU10\" width=\"800\" height=\"587\" srcset=\"https:\/\/gartner52.de\/page\/wp-content\/uploads\/2016\/02\/YU10.jpg 800w, https:\/\/gartner52.de\/page\/wp-content\/uploads\/2016\/02\/YU10-300x220.jpg 300w, https:\/\/gartner52.de\/page\/wp-content\/uploads\/2016\/02\/YU10-768x564.jpg 768w\" sizes=\"auto, (max-width: 800px) 100vw, 800px\"><\/p>\n<p style=\"text-align: center;\">Den Kindern und auch uns hat es hier sehr gut gefallen.<br>\nAuch wenn man eine ganze Woche bleiben k\u00f6nnte w\u00fcrde man immer wieder was neues entdecken.<\/p>\n<p style=\"text-align: center;\"><img loading=\"lazy\" decoding=\"async\" class=\"aligncenter size-full wp-image-171\" src=\"https:\/\/gartner52.de\/page\/wp-content\/uploads\/2016\/02\/YU11.jpg\" alt=\"YU11\" width=\"800\" height=\"520\" srcset=\"https:\/\/gartner52.de\/page\/wp-content\/uploads\/2016\/02\/YU11.jpg 800w, https:\/\/gartner52.de\/page\/wp-content\/uploads\/2016\/02\/YU11-300x195.jpg 300w, https:\/\/gartner52.de\/page\/wp-content\/uploads\/2016\/02\/YU11-768x499.jpg 768w\" sizes=\"auto, (max-width: 800px) 100vw, 800px\"><\/p>\n<p style=\"text-align: center;\"><img loading=\"lazy\" decoding=\"async\" class=\"aligncenter size-full wp-image-172\" src=\"https:\/\/gartner52.de\/page\/wp-content\/uploads\/2016\/02\/YU12.jpg\" alt=\"YU12\" width=\"800\" height=\"506\" srcset=\"https:\/\/gartner52.de\/page\/wp-content\/uploads\/2016\/02\/YU12.jpg 800w, https:\/\/gartner52.de\/page\/wp-content\/uploads\/2016\/02\/YU12-300x190.jpg 300w, https:\/\/gartner52.de\/page\/wp-content\/uploads\/2016\/02\/YU12-768x486.jpg 768w, https:\/\/gartner52.de\/page\/wp-content\/uploads\/2016\/02\/YU12-80x50.jpg 80w\" sizes=\"auto, (max-width: 800px) 100vw, 800px\"><\/p>\n<hr>\n<p style=\"text-align: center;\">Nach zwei Tagen fuhren wir weiter zum Campingplatz Zaton<br>\nDer Platz war sehr gro\u00df, fast alle Stellpl\u00e4tze im Kiefernwald waren von Einheimischen belegt.<br>\nWir suchten uns in der Sonne einen geeigneten Platz aus, das war aber leichter gesagt als getan.<br>\nDer <span class=\"caps\">CP<\/span> war sehr voll, wir fanden dann doch einen gr\u00f6\u00dferen Stellplatz auf dem wir es uns gem\u00fctlich machten.<\/p>\n<p style=\"text-align: center;\"><img loading=\"lazy\" decoding=\"async\" class=\"aligncenter size-full wp-image-173\" src=\"https:\/\/gartner52.de\/page\/wp-content\/uploads\/2016\/02\/YU13.jpg\" alt=\"YU13\" width=\"800\" height=\"516\" srcset=\"https:\/\/gartner52.de\/page\/wp-content\/uploads\/2016\/02\/YU13.jpg 800w, https:\/\/gartner52.de\/page\/wp-content\/uploads\/2016\/02\/YU13-300x194.jpg 300w, https:\/\/gartner52.de\/page\/wp-content\/uploads\/2016\/02\/YU13-768x495.jpg 768w\" sizes=\"auto, (max-width: 800px) 100vw, 800px\"><\/p>\n<p style=\"text-align: center;\"><img loading=\"lazy\" decoding=\"async\" class=\"aligncenter size-full wp-image-174\" src=\"https:\/\/gartner52.de\/page\/wp-content\/uploads\/2016\/02\/YU14.jpg\" alt=\"YU14\" width=\"800\" height=\"511\" srcset=\"https:\/\/gartner52.de\/page\/wp-content\/uploads\/2016\/02\/YU14.jpg 800w, https:\/\/gartner52.de\/page\/wp-content\/uploads\/2016\/02\/YU14-300x192.jpg 300w, https:\/\/gartner52.de\/page\/wp-content\/uploads\/2016\/02\/YU14-768x491.jpg 768w, https:\/\/gartner52.de\/page\/wp-content\/uploads\/2016\/02\/YU14-80x50.jpg 80w\" sizes=\"auto, (max-width: 800px) 100vw, 800px\"><\/p>\n<p style=\"text-align: center;\">Hier sieht man wie voll der Campingplatz war<\/p>\n<p style=\"text-align: center;\"><img loading=\"lazy\" decoding=\"async\" class=\"aligncenter size-full wp-image-175\" src=\"https:\/\/gartner52.de\/page\/wp-content\/uploads\/2016\/02\/YU15.jpg\" alt=\"YU15\" width=\"800\" height=\"512\" srcset=\"https:\/\/gartner52.de\/page\/wp-content\/uploads\/2016\/02\/YU15.jpg 800w, https:\/\/gartner52.de\/page\/wp-content\/uploads\/2016\/02\/YU15-300x192.jpg 300w, https:\/\/gartner52.de\/page\/wp-content\/uploads\/2016\/02\/YU15-768x492.jpg 768w, https:\/\/gartner52.de\/page\/wp-content\/uploads\/2016\/02\/YU15-80x50.jpg 80w\" sizes=\"auto, (max-width: 800px) 100vw, 800px\"><\/p>\n<p style=\"text-align: center;\"><img loading=\"lazy\" decoding=\"async\" class=\"aligncenter size-full wp-image-176\" src=\"https:\/\/gartner52.de\/page\/wp-content\/uploads\/2016\/02\/YU16.jpg\" alt=\"YU16\" width=\"800\" height=\"555\" srcset=\"https:\/\/gartner52.de\/page\/wp-content\/uploads\/2016\/02\/YU16.jpg 800w, https:\/\/gartner52.de\/page\/wp-content\/uploads\/2016\/02\/YU16-300x208.jpg 300w, https:\/\/gartner52.de\/page\/wp-content\/uploads\/2016\/02\/YU16-768x533.jpg 768w\" sizes=\"auto, (max-width: 800px) 100vw, 800px\"><\/p>\n<p style=\"text-align: center;\">Wir hatten auf unserem Stellplatz gen\u00fcgend Fl\u00e4che zur Verf\u00fcgung<\/p>\n<p style=\"text-align: center;\"><img loading=\"lazy\" decoding=\"async\" class=\"aligncenter size-full wp-image-177\" src=\"https:\/\/gartner52.de\/page\/wp-content\/uploads\/2016\/02\/YU17.jpg\" alt=\"YU17\" width=\"800\" height=\"529\" srcset=\"https:\/\/gartner52.de\/page\/wp-content\/uploads\/2016\/02\/YU17.jpg 800w, https:\/\/gartner52.de\/page\/wp-content\/uploads\/2016\/02\/YU17-300x198.jpg 300w, https:\/\/gartner52.de\/page\/wp-content\/uploads\/2016\/02\/YU17-768x508.jpg 768w\" sizes=\"auto, (max-width: 800px) 100vw, 800px\"><\/p>\n<hr>\n<p style=\"text-align: center;\">Wir machten von Zaton aus auch einige Ausfl\u00fcge, hier waren wir auf der Insel Pag<\/p>\n<p style=\"text-align: center;\"><img loading=\"lazy\" decoding=\"async\" class=\"aligncenter size-full wp-image-178\" src=\"https:\/\/gartner52.de\/page\/wp-content\/uploads\/2016\/02\/YU18.jpg\" alt=\"YU18\" width=\"800\" height=\"528\" srcset=\"https:\/\/gartner52.de\/page\/wp-content\/uploads\/2016\/02\/YU18.jpg 800w, https:\/\/gartner52.de\/page\/wp-content\/uploads\/2016\/02\/YU18-300x198.jpg 300w, https:\/\/gartner52.de\/page\/wp-content\/uploads\/2016\/02\/YU18-768x507.jpg 768w\" sizes=\"auto, (max-width: 800px) 100vw, 800px\"><\/p>\n<p style=\"text-align: center;\"><img loading=\"lazy\" decoding=\"async\" class=\"aligncenter size-full wp-image-179\" src=\"https:\/\/gartner52.de\/page\/wp-content\/uploads\/2016\/02\/YU19.jpg\" alt=\"YU19\" width=\"800\" height=\"519\" srcset=\"https:\/\/gartner52.de\/page\/wp-content\/uploads\/2016\/02\/YU19.jpg 800w, https:\/\/gartner52.de\/page\/wp-content\/uploads\/2016\/02\/YU19-300x195.jpg 300w, https:\/\/gartner52.de\/page\/wp-content\/uploads\/2016\/02\/YU19-768x498.jpg 768w\" sizes=\"auto, (max-width: 800px) 100vw, 800px\"><\/p>\n<p style=\"text-align: center;\"><img loading=\"lazy\" decoding=\"async\" class=\"aligncenter size-full wp-image-180\" src=\"https:\/\/gartner52.de\/page\/wp-content\/uploads\/2016\/02\/YU20.jpg\" alt=\"YU20\" width=\"800\" height=\"504\" srcset=\"https:\/\/gartner52.de\/page\/wp-content\/uploads\/2016\/02\/YU20.jpg 800w, https:\/\/gartner52.de\/page\/wp-content\/uploads\/2016\/02\/YU20-300x189.jpg 300w, https:\/\/gartner52.de\/page\/wp-content\/uploads\/2016\/02\/YU20-768x484.jpg 768w, https:\/\/gartner52.de\/page\/wp-content\/uploads\/2016\/02\/YU20-80x50.jpg 80w\" sizes=\"auto, (max-width: 800px) 100vw, 800px\"><br>\nSchwimmen bei der Br\u00fccke zur Insel Pag<\/p>\n<p style=\"text-align: center;\"><img loading=\"lazy\" decoding=\"async\" class=\"aligncenter size-full wp-image-181\" src=\"https:\/\/gartner52.de\/page\/wp-content\/uploads\/2016\/02\/YU21.jpg\" alt=\"YU21\" width=\"800\" height=\"516\" srcset=\"https:\/\/gartner52.de\/page\/wp-content\/uploads\/2016\/02\/YU21.jpg 800w, https:\/\/gartner52.de\/page\/wp-content\/uploads\/2016\/02\/YU21-300x194.jpg 300w, https:\/\/gartner52.de\/page\/wp-content\/uploads\/2016\/02\/YU21-768x495.jpg 768w\" sizes=\"auto, (max-width: 800px) 100vw, 800px\"><\/p>\n<p style=\"text-align: center;\"><img loading=\"lazy\" decoding=\"async\" class=\"aligncenter size-full wp-image-182\" src=\"https:\/\/gartner52.de\/page\/wp-content\/uploads\/2016\/02\/YU22.jpg\" alt=\"YU22\" width=\"800\" height=\"531\" srcset=\"https:\/\/gartner52.de\/page\/wp-content\/uploads\/2016\/02\/YU22.jpg 800w, https:\/\/gartner52.de\/page\/wp-content\/uploads\/2016\/02\/YU22-300x199.jpg 300w, https:\/\/gartner52.de\/page\/wp-content\/uploads\/2016\/02\/YU22-768x510.jpg 768w\" sizes=\"auto, (max-width: 800px) 100vw, 800px\"><\/p>\n<p style=\"text-align: center;\"><img loading=\"lazy\" decoding=\"async\" class=\"aligncenter size-full wp-image-183\" src=\"https:\/\/gartner52.de\/page\/wp-content\/uploads\/2016\/02\/YU23.jpg\" alt=\"YU23\" width=\"800\" height=\"505\" srcset=\"https:\/\/gartner52.de\/page\/wp-content\/uploads\/2016\/02\/YU23.jpg 800w, https:\/\/gartner52.de\/page\/wp-content\/uploads\/2016\/02\/YU23-300x189.jpg 300w, https:\/\/gartner52.de\/page\/wp-content\/uploads\/2016\/02\/YU23-768x485.jpg 768w, https:\/\/gartner52.de\/page\/wp-content\/uploads\/2016\/02\/YU23-80x50.jpg 80w\" sizes=\"auto, (max-width: 800px) 100vw, 800px\"><\/p>\n<hr>\n<p style=\"text-align: center;\">Wieder in Zaton<\/p>\n<p style=\"text-align: center;\"><img loading=\"lazy\" decoding=\"async\" class=\"aligncenter size-full wp-image-184\" src=\"https:\/\/gartner52.de\/page\/wp-content\/uploads\/2016\/02\/YU24.jpg\" alt=\"YU24\" width=\"800\" height=\"514\" srcset=\"https:\/\/gartner52.de\/page\/wp-content\/uploads\/2016\/02\/YU24.jpg 800w, https:\/\/gartner52.de\/page\/wp-content\/uploads\/2016\/02\/YU24-300x193.jpg 300w, https:\/\/gartner52.de\/page\/wp-content\/uploads\/2016\/02\/YU24-768x493.jpg 768w, https:\/\/gartner52.de\/page\/wp-content\/uploads\/2016\/02\/YU24-80x50.jpg 80w\" sizes=\"auto, (max-width: 800px) 100vw, 800px\"><\/p>\n<p style=\"text-align: center;\"><img loading=\"lazy\" decoding=\"async\" class=\"aligncenter size-full wp-image-196\" src=\"https:\/\/gartner52.de\/page\/wp-content\/uploads\/2016\/02\/YU25-1.jpg\" alt=\"YU25\" width=\"800\" height=\"500\" srcset=\"https:\/\/gartner52.de\/page\/wp-content\/uploads\/2016\/02\/YU25-1.jpg 800w, https:\/\/gartner52.de\/page\/wp-content\/uploads\/2016\/02\/YU25-1-300x188.jpg 300w, https:\/\/gartner52.de\/page\/wp-content\/uploads\/2016\/02\/YU25-1-768x480.jpg 768w, https:\/\/gartner52.de\/page\/wp-content\/uploads\/2016\/02\/YU25-1-80x50.jpg 80w\" sizes=\"auto, (max-width: 800px) 100vw, 800px\"><\/p>\n<hr>\n<p style=\"text-align: center;\">Ein Ausflug ging zum Nationalpark Krka und seinen Wasserf\u00e4llen. Wir fuhren mit dem Auto \u00fcber Sibenik, und dann mit dem Bus zum oberen Teil der Wasserf\u00e4lle.<br>\nZu Fu\u00df erkundeten wir die einzelnen Terrassen.<br>\nAuch hier k\u00f6nnte man Tage lang verweilen. Es war einfach wundersch\u00f6n.<\/p>\n<p style=\"text-align: center;\"><img loading=\"lazy\" decoding=\"async\" class=\"aligncenter size-full wp-image-186\" src=\"https:\/\/gartner52.de\/page\/wp-content\/uploads\/2016\/02\/YU26.jpg\" alt=\"YU26\" width=\"800\" height=\"522\" srcset=\"https:\/\/gartner52.de\/page\/wp-content\/uploads\/2016\/02\/YU26.jpg 800w, https:\/\/gartner52.de\/page\/wp-content\/uploads\/2016\/02\/YU26-300x196.jpg 300w, https:\/\/gartner52.de\/page\/wp-content\/uploads\/2016\/02\/YU26-768x501.jpg 768w\" sizes=\"auto, (max-width: 800px) 100vw, 800px\"><\/p>\n<p style=\"text-align: center;\"><img loading=\"lazy\" decoding=\"async\" class=\"aligncenter size-full wp-image-188\" src=\"https:\/\/gartner52.de\/page\/wp-content\/uploads\/2016\/02\/YU28.jpg\" alt=\"YU28\" width=\"800\" height=\"545\" srcset=\"https:\/\/gartner52.de\/page\/wp-content\/uploads\/2016\/02\/YU28.jpg 800w, https:\/\/gartner52.de\/page\/wp-content\/uploads\/2016\/02\/YU28-300x204.jpg 300w, https:\/\/gartner52.de\/page\/wp-content\/uploads\/2016\/02\/YU28-768x523.jpg 768w\" sizes=\"auto, (max-width: 800px) 100vw, 800px\"><\/p>\n<p style=\"text-align: center;\"><img loading=\"lazy\" decoding=\"async\" class=\"aligncenter size-full wp-image-189\" src=\"https:\/\/gartner52.de\/page\/wp-content\/uploads\/2016\/02\/YU29.jpg\" alt=\"YU29\" width=\"800\" height=\"513\" srcset=\"https:\/\/gartner52.de\/page\/wp-content\/uploads\/2016\/02\/YU29.jpg 800w, https:\/\/gartner52.de\/page\/wp-content\/uploads\/2016\/02\/YU29-300x192.jpg 300w, https:\/\/gartner52.de\/page\/wp-content\/uploads\/2016\/02\/YU29-768x492.jpg 768w, https:\/\/gartner52.de\/page\/wp-content\/uploads\/2016\/02\/YU29-80x50.jpg 80w\" sizes=\"auto, (max-width: 800px) 100vw, 800px\"><\/p>\n<p style=\"text-align: center;\">Damals durfte man noch \u00fcberall baden, heute ist ein gro\u00dfer Teil abgesperrt.<\/p>\n<p style=\"text-align: center;\"><img loading=\"lazy\" decoding=\"async\" class=\"aligncenter size-full wp-image-187\" src=\"https:\/\/gartner52.de\/page\/wp-content\/uploads\/2016\/02\/YU27.jpg\" alt=\"YU27\" width=\"800\" height=\"503\" srcset=\"https:\/\/gartner52.de\/page\/wp-content\/uploads\/2016\/02\/YU27.jpg 800w, https:\/\/gartner52.de\/page\/wp-content\/uploads\/2016\/02\/YU27-300x189.jpg 300w, https:\/\/gartner52.de\/page\/wp-content\/uploads\/2016\/02\/YU27-768x483.jpg 768w, https:\/\/gartner52.de\/page\/wp-content\/uploads\/2016\/02\/YU27-80x50.jpg 80w\" sizes=\"auto, (max-width: 800px) 100vw, 800px\"><\/p>\n<hr>\n<p style=\"text-align: center;\">Diesen Herrn haben wir auf dem Campingplatz Zaton getroffen.<br>\n<span style=\"text-decoration: underline;\">Herr Genscher<\/span> kam mit einigen Jugoslawischen Ministern zum Abendessen nach Zaton.<br>\nDa war vielleicht was los. Aber man konnte ganz nah zu den Herren hin gehen.<br>\nDie wurden damals noch nicht so abgeschirmt wie heute.<\/p>\n<p>&nbsp;<\/p>\n<p><img loading=\"lazy\" decoding=\"async\" class=\"aligncenter size-full wp-image-190\" src=\"https:\/\/gartner52.de\/page\/wp-content\/uploads\/2016\/02\/YU30.jpg\" alt=\"YU30\" width=\"800\" height=\"514\" srcset=\"https:\/\/gartner52.de\/page\/wp-content\/uploads\/2016\/02\/YU30.jpg 800w, https:\/\/gartner52.de\/page\/wp-content\/uploads\/2016\/02\/YU30-300x193.jpg 300w, https:\/\/gartner52.de\/page\/wp-content\/uploads\/2016\/02\/YU30-768x493.jpg 768w, https:\/\/gartner52.de\/page\/wp-content\/uploads\/2016\/02\/YU30-80x50.jpg 80w\" sizes=\"auto, (max-width: 800px) 100vw, 800px\"><\/p>\n<hr>\n<p>&nbsp;<\/p>\n<p style=\"text-align: center;\">Auch dieser Urlaub ging dann einmal zu Ende und wir mussten leider wieder nach Hause. Dort wartete bereits die Renovierung unseres Hauses auf uns.<\/p>\n<p style=\"text-align: center;\">Hier noch ein Bild von unserem Wohnwagen mit dem wir viel erlebt haben. Er hat uns immer treu begleitet, ohne einen einzigen Defekt.<br>\nDen Wohnwagen gibt es heute noch. Ein Verwandter f\u00e4hrt mit ihm noch in Urlaub. Mittlerweile ist er 30 Jahre alt<\/p>\n<p style=\"text-align: center;\"><img loading=\"lazy\" decoding=\"async\" class=\"aligncenter size-full wp-image-191\" src=\"https:\/\/gartner52.de\/page\/wp-content\/uploads\/2016\/02\/YU31.jpg\" alt=\"YU31\" width=\"800\" height=\"548\" srcset=\"https:\/\/gartner52.de\/page\/wp-content\/uploads\/2016\/02\/YU31.jpg 800w, https:\/\/gartner52.de\/page\/wp-content\/uploads\/2016\/02\/YU31-300x206.jpg 300w, https:\/\/gartner52.de\/page\/wp-content\/uploads\/2016\/02\/YU31-768x526.jpg 768w\" sizes=\"auto, (max-width: 800px) 100vw, 800px\"><\/p>\n<p style=\"text-align: center;\"><a href=\"https:\/\/gartner52.de\/page\/\">Zur\u00fcck zur Startseite<\/a><\/p>\n<hr>\n","protected":false},"excerpt":{"rendered":"<p>Camping Urlaub 1988 in Jugoslawien Hier ein kleiner Bericht aus unserer ersten Wohnwagenzeit, in der wir mit den Kindern oft in Jugoslawien zum Campen waren. Damals hatten wir einen Wohnwagen, danach zwei Wohnmobile und jetzt wieder einen Wohnwagen 1988 wollten \u2026 <a href=\"https:\/\/gartner52.de\/page\/yugoslawien-1988\/\">Weiter<\/a><\/p>\n","protected":false},"author":1,"featured_media":0,"parent":0,"menu_order":0,"comment_status":"closed","ping_status":"closed","template":"","meta":{"wp_typography_post_enhancements_disabled":false,"kt_blocks_editor_width":"","footnotes":""},"class_list":["post-32","page","type-page","status-publish","hentry"],"_links":{"self":[{"href":"https:\/\/gartner52.de\/page\/wp-json\/wp\/v2\/pages\/32","targetHints":{"allow":["GET"]}}],"collection":[{"href":"https:\/\/gartner52.de\/page\/wp-json\/wp\/v2\/pages"}],"about":[{"href":"https:\/\/gartner52.de\/page\/wp-json\/wp\/v2\/types\/page"}],"author":[{"embeddable":true,"href":"https:\/\/gartner52.de\/page\/wp-json\/wp\/v2\/users\/1"}],"replies":[{"embeddable":true,"href":"https:\/\/gartner52.de\/page\/wp-json\/wp\/v2\/comments?post=32"}],"version-history":[{"count":20,"href":"https:\/\/gartner52.de\/page\/wp-json\/wp\/v2\/pages\/32\/revisions"}],"predecessor-version":[{"id":7744,"href":"https:\/\/gartner52.de\/page\/wp-json\/wp\/v2\/pages\/32\/revisions\/7744"}],"wp:attachment":[{"href":"https:\/\/gartner52.de\/page\/wp-json\/wp\/v2\/media?parent=32"}],"curies":[{"name":"wp","href":"https:\/\/api.w.org\/{rel}","templated":true}]}}