{"id":269,"date":"2016-02-08T15:44:06","date_gmt":"2016-02-08T14:44:06","guid":{"rendered":"http:\/\/gartner52.de\/page\/?page_id=269"},"modified":"2016-10-17T12:05:29","modified_gmt":"2016-10-17T10:05:29","slug":"unser-therry","status":"publish","type":"page","link":"https:\/\/gartner52.de\/page\/unser-therry\/","title":{"rendered":"Unser Therry"},"content":{"rendered":"<h2 style=\"text-align: center;\"><span style=\"color: #0000ff;\">Unser neues Wohnmobil ist ein <a style=\"color: #0000ff;\" href=\"http:\/\/www.giottiline.com\/\"><strong><em>Giottiline Therry <span class=\"caps\">T37<\/span><\/em><\/strong><\/a><\/span><\/h2>\n<h4><span style=\"color: #008080;\">- <u>Fahrzeugmarke: Giottiline Therry <span class=\"caps\">T37<\/span> <\/u><\/span><\/h4>\n<p>- Basisfahrzeug: Fiat Ducato <span class=\"caps\">X250<\/span> Multijet 160 \u2013 3.0 <span class=\"caps\">JTD<\/span> Motor mit 115 kw<br>\n\u2013 Ausf\u00fchrung: Teilintegriert<br>\n\u2013 Anzahl der Schlafpl\u00e4tze: 4<br>\n\u2013 Baujahr: 04\/2011<br>\n\u2013 Preis unter 50.000 Euro<br>\n\u2013 Kilometerstand: &nbsp; es werden immer mehr<br>\n\u2013 Gesamtgewicht: 3500 kg,&nbsp; Masse in fahrbereitem Zustand 2885 Kg<br>\n\u2013 Gewogen beim <span class=\"caps\">T\u00dcV<\/span> mit vollem Dieseltank und 40 Ltr. Wasser<br>\n\u2013 und der ganzen unten aufgef\u00fchrten Ausstattung = 3000 Kg. <span class=\"caps\">HA<\/span>= 1505 kg<br>\n\u2013 Das Fahrzeug ist <strong>Innen<\/strong> sehr gut verarbeitet, keine Unregelm\u00e4\u00dfigkeiten festgestellt.<br>\n\u2013 Das Fahrzeug ist <strong>Au\u00dfen<\/strong> nicht so sch\u00f6n verarbeitet wie innen. Die ganzen Klebestellen sind zum&nbsp; Teil sehr lieblos&nbsp;zusammen gef\u00fcgt. Auch sind die Spaltma\u00dfe nicht immer gleich und zum Teil zu gro\u00df.<\/p>\n<h4><span style=\"color: #008080;\">-<span style=\"text-decoration: underline;\"> Inclusive-<\/span><u>Ausstattung:<\/u><\/span><\/h4>\n<p>- Backofen, Dometic TecTower 165 ltr. mit extra Gefrierfach<br>\n\u2013 4m Markise Fiamma,<br>\n\u2013 Multimedia Center mit Doppel <span class=\"caps\">DIN<\/span> Radio mit <span class=\"caps\">DVD<\/span> und Navigation, incl. R\u00fcckfahrkamera im&nbsp; Radio Display<br>\n\u2013 Vollautomatische Sat Anlage, Alden One Light <span class=\"caps\">CI<\/span> Platinum mit Receiver, 16\u2033 <span class=\"caps\">TFT<\/span> Fernseher mit <span class=\"caps\">DVD<\/span> Player<br>\n\u2013 Am Basisfahrzeug Klimaanlage, Beifahrer Airbag, Tempomat, <span class=\"caps\">ESP<\/span> plus <span class=\"caps\">ASR<\/span>.<br>\n\u2013 100 Watt Solar Panel incl. Laderegler<br>\n\u2013 Zentralverriegelung mit Fernbedienung<br>\n\u2013 elektrisch verstellbare und beheizbare Spiegel<br>\n\u2013 Fahrradtr\u00e4ger am Heck<br>\n\u2013 Manuelle Hubst\u00fctzten hinten.<br>\n\u2013 SMV-Luftfederung hinten, mit Zweikreisanlage<br>\n\u2013 Teppichboden im ganzen Fahrzeug<br>\n\u2013 Gasalarm<br>\n\u2013 90Ah Bordbatterie<br>\n\u2013 Feuerl\u00f6scher<\/p>\n<h4>&nbsp;<span style=\"color: #008080;\"><strong><u>Nachtr\u00e4glich eingebaut<\/u><\/strong><strong>:<\/strong> <\/span><\/h4>\n<p>- 4 Meter Kederleiste unter der Markise<br>\n.- <span style=\"text-decoration: line-through;\">Motorrad B\u00fchne wurde jetzt auch angebracht<\/span> Wurde durch eine Anh\u00e4ngerkupplung ersetzt.<br>\n\u2013 Wir haben das Motorrad gegen ein <span class=\"caps\">ATV<\/span> getauscht, das wir in einem Anh\u00e4nger transportieren.<br>\n\u2013 Jetzt gibt es genug Platz in der Garage da jetzt viel im Anh\u00e4nger untergebracht wird.<\/p>\n<p>&nbsp;<\/p>\n<h4><span style=\"color: #008080;\">&nbsp;<em>Eigene Umbauten die gemacht wurden.<\/em><\/span><\/h4>\n<p>- zus\u00e4tzliche Steckdosen, in der K\u00fcche, in der Toilette und im Wohnraum<br>\n\u2013 Regal in der Toilette<br>\n\u2013 Gl\u00e4ser-Regal im Seitenschrank<br>\n\u2013 Ablage und zus\u00e4tzliche Schublade in der K\u00fcche<br>\n\u2013 In jedem Ablagefach einen Zwischenboden<br>\n\u2013 Festes Regal im Kleiderschrank und in der Garage<br>\n\u2013 am Fahrradtr\u00e4ger eine W\u00e4scheleine<br>\n\u2013 im K\u00fcchenbereich eine neue Dachlucke<span style=\"text-decoration: underline;\"> mit L\u00fcfter<\/span> und Beleuchtung<\/p>\n<h4>&nbsp; <span style=\"color: #008080;\"><strong><u>Defekte bis heute:<\/u><\/strong><\/span><\/h4>\n<p>- Dometic Toilette, Sp\u00fclung bringt nicht gen\u00fcgend Wasser.<br>\n\u2013 Sp\u00fclring mit den D\u00fcsen&nbsp; wurde getauscht, <span style=\"text-decoration: line-through;\">noch keine gro\u00dfe Besserung<\/span>.<br>\n\u2013 Nach l\u00e4ngerer Suche habe ich den Fehler selbst gefunden, der Schlauch war am Bodendurchlass abgeknickt.<br>\n\u2013 H\u00e4tte die Werkstatt aber auch finden m\u00fcssen.<br>\n\u2013 In der Dusche war die Fuge von der Wand zur Decke offen, sie wurde versiegelt.<br>\n\u2013 Duschkopf Halter lie\u00df sich nicht feststellen, wurde ausgetauscht.<br>\n\u2013 Frosterfach T\u00fcre \u00d6ffner war defekt, wurde repariert.<br>\n\u2013 Aufbaut\u00fcre schlie\u00dft sehr schwer, braucht von innen sehr viel Zug.<br>\n\u2013 Wurde gegen eine neue T\u00fcre von der Firma tegos getauscht.<br>\n\u2013 Die neue T\u00fcre habe ich auf meine Kosten einbauen lassen,<br>\n\u2013 da beim H\u00e4ndler wieder die gleiche eingebaut w\u00fcrde, dann g\u00e4be es ja nach einiger Zeit das selbe Problem wieder. Hier fehlt es an Kulanz des Herstellers.<br>\n\u2013 An zwei seitliche Begrenzungsleuchten war die Befestigung gerissen, wurde getauscht.<br>\n\u2013 Alle Defekte wurden auf Garantie beseitigt.<br>\n\u2013 Aufbau Batterie war nach 3,5 Jahren defekt, wurde von mir gegen eine <span class=\"caps\">100AH<\/span> Batterie getauscht.<br>\n\u2013 Juni 2016, Im Urlaub hatte der K\u00fchli nach zwei Wochen im <span class=\"caps\">AES<\/span> Betrieb 230 Volt Aussetzer.<br>\n. Laut Werkstatt war die Heizpatrone defekt.<br>\n\u2013 Juni 2016, Wasserleitung undicht Verbindungsst\u00fcck war lose, Druckpumpe hat immer nachgepumpt.<br>\n. Wurde von der Womo Werstatt repariert.<\/p>\n<p>&nbsp;<\/p>\n<p style=\"text-align: center;\"><img loading=\"lazy\" decoding=\"async\" class=\"aligncenter size-full wp-image-603\" src=\"https:\/\/gartner52.de\/page\/wp-content\/uploads\/2016\/02\/X_TAbholung.jpg\" alt=\"X_TAbholung\" width=\"800\" height=\"600\" srcset=\"https:\/\/gartner52.de\/page\/wp-content\/uploads\/2016\/02\/X_TAbholung.jpg 800w, https:\/\/gartner52.de\/page\/wp-content\/uploads\/2016\/02\/X_TAbholung-300x225.jpg 300w, https:\/\/gartner52.de\/page\/wp-content\/uploads\/2016\/02\/X_TAbholung-768x576.jpg 768w\" sizes=\"auto, (max-width: 800px) 100vw, 800px\"><\/p>\n<h5 style=\"text-align: center;\"><span style=\"color: #000000;\">Noch beim H\u00e4ndler<\/span><\/h5>\n<p style=\"text-align: center;\"><img loading=\"lazy\" decoding=\"async\" class=\"aligncenter size-full wp-image-397\" src=\"https:\/\/gartner52.de\/page\/wp-content\/uploads\/2016\/02\/X_EinbauUmbau34.jpg\" alt=\"X_EinbauUmbau34\" width=\"800\" height=\"600\" srcset=\"https:\/\/gartner52.de\/page\/wp-content\/uploads\/2016\/02\/X_EinbauUmbau34.jpg 800w, https:\/\/gartner52.de\/page\/wp-content\/uploads\/2016\/02\/X_EinbauUmbau34-300x225.jpg 300w, https:\/\/gartner52.de\/page\/wp-content\/uploads\/2016\/02\/X_EinbauUmbau34-768x576.jpg 768w\" sizes=\"auto, (max-width: 800px) 100vw, 800px\"><\/p>\n<p style=\"text-align: center;\">Das neue Zelt passt ganz gut.&nbsp; 3,50 x 2,40 m.<br>\nDas Zelt wird nur aufgestellt wenn wir l\u00e4nger auf einem Platz stehen.<br>\nEs wiegt nur 9 Kg. und ist in 15 Minuten aufgebaut.<\/p>\n<p style=\"text-align: center;\"><img loading=\"lazy\" decoding=\"async\" class=\"aligncenter size-full wp-image-403\" src=\"https:\/\/gartner52.de\/page\/wp-content\/uploads\/2016\/02\/X_EinbauUmbau41.jpg\" alt=\"X_EinbauUmbau41\" width=\"800\" height=\"533\" srcset=\"https:\/\/gartner52.de\/page\/wp-content\/uploads\/2016\/02\/X_EinbauUmbau41.jpg 800w, https:\/\/gartner52.de\/page\/wp-content\/uploads\/2016\/02\/X_EinbauUmbau41-300x200.jpg 300w, https:\/\/gartner52.de\/page\/wp-content\/uploads\/2016\/02\/X_EinbauUmbau41-768x512.jpg 768w\" sizes=\"auto, (max-width: 800px) 100vw, 800px\"><\/p>\n<p style=\"text-align: center;\"><img loading=\"lazy\" decoding=\"async\" class=\"aligncenter size-full wp-image-375\" src=\"https:\/\/gartner52.de\/page\/wp-content\/uploads\/2016\/02\/X_EinbauUmbau10.jpg\" alt=\"X_EinbauUmbau10\" width=\"800\" height=\"600\" srcset=\"https:\/\/gartner52.de\/page\/wp-content\/uploads\/2016\/02\/X_EinbauUmbau10.jpg 800w, https:\/\/gartner52.de\/page\/wp-content\/uploads\/2016\/02\/X_EinbauUmbau10-300x225.jpg 300w, https:\/\/gartner52.de\/page\/wp-content\/uploads\/2016\/02\/X_EinbauUmbau10-768x576.jpg 768w\" sizes=\"auto, (max-width: 800px) 100vw, 800px\"><\/p>\n<p style=\"text-align: center;\"><img loading=\"lazy\" decoding=\"async\" class=\"aligncenter size-full wp-image-376\" src=\"https:\/\/gartner52.de\/page\/wp-content\/uploads\/2016\/02\/X_EinbauUmbau11.jpg\" alt=\"X_EinbauUmbau11\" width=\"800\" height=\"600\" srcset=\"https:\/\/gartner52.de\/page\/wp-content\/uploads\/2016\/02\/X_EinbauUmbau11.jpg 800w, https:\/\/gartner52.de\/page\/wp-content\/uploads\/2016\/02\/X_EinbauUmbau11-300x225.jpg 300w, https:\/\/gartner52.de\/page\/wp-content\/uploads\/2016\/02\/X_EinbauUmbau11-768x576.jpg 768w\" sizes=\"auto, (max-width: 800px) 100vw, 800px\"><\/p>\n<p style=\"text-align: center;\">Hier sieht man den anderen Gasherd. Der original eingebaute hatte keine Glasplatte,<br>\nman konnte nichts darauf abstellen.<\/p>\n<p style=\"text-align: center;\"><img loading=\"lazy\" decoding=\"async\" class=\"aligncenter size-full wp-image-379\" src=\"https:\/\/gartner52.de\/page\/wp-content\/uploads\/2016\/02\/X_EinbauUmbau14.jpg\" alt=\"X_EinbauUmbau14\" width=\"800\" height=\"600\" srcset=\"https:\/\/gartner52.de\/page\/wp-content\/uploads\/2016\/02\/X_EinbauUmbau14.jpg 800w, https:\/\/gartner52.de\/page\/wp-content\/uploads\/2016\/02\/X_EinbauUmbau14-300x225.jpg 300w, https:\/\/gartner52.de\/page\/wp-content\/uploads\/2016\/02\/X_EinbauUmbau14-768x576.jpg 768w\" sizes=\"auto, (max-width: 800px) 100vw, 800px\"><\/p>\n<p style=\"text-align: center;\"><img loading=\"lazy\" decoding=\"async\" class=\"aligncenter size-full wp-image-417\" src=\"https:\/\/gartner52.de\/page\/wp-content\/uploads\/2016\/02\/X_EinbauUmbau58.jpg\" alt=\"X_EinbauUmbau58\" width=\"800\" height=\"600\" srcset=\"https:\/\/gartner52.de\/page\/wp-content\/uploads\/2016\/02\/X_EinbauUmbau58.jpg 800w, https:\/\/gartner52.de\/page\/wp-content\/uploads\/2016\/02\/X_EinbauUmbau58-300x225.jpg 300w, https:\/\/gartner52.de\/page\/wp-content\/uploads\/2016\/02\/X_EinbauUmbau58-768x576.jpg 768w\" sizes=\"auto, (max-width: 800px) 100vw, 800px\"><\/p>\n<p style=\"text-align: center;\"><img loading=\"lazy\" decoding=\"async\" class=\"aligncenter size-full wp-image-418\" src=\"https:\/\/gartner52.de\/page\/wp-content\/uploads\/2016\/02\/XAussen.jpg\" alt=\"XAussen\" width=\"800\" height=\"600\" srcset=\"https:\/\/gartner52.de\/page\/wp-content\/uploads\/2016\/02\/XAussen.jpg 800w, https:\/\/gartner52.de\/page\/wp-content\/uploads\/2016\/02\/XAussen-300x225.jpg 300w, https:\/\/gartner52.de\/page\/wp-content\/uploads\/2016\/02\/XAussen-768x576.jpg 768w\" sizes=\"auto, (max-width: 800px) 100vw, 800px\"><\/p>\n<p style=\"text-align: center;\">Nachtrag 2015<\/p>\n<p style=\"text-align: center;\">Wir sind mit dem Wohnmobil zufrieden und w\u00fcrden es wieder kaufen.<br>\nDer Preis war f\u00fcr uns wichtig, wir wollten ja ein neues Wohnmobil.<br>\nWenn wir ein Wohnmobil eines Deutschen Herstellers kaufen w\u00fcrden,<br>\nm\u00fcssten wir <span style=\"text-decoration: underline;\">bei dieser Ausstattung<\/span> bestimmt 10\u201315 Tausend Euro mehr ausgeben.<\/p>\n<h5 style=\"text-align: center;\"><span style=\"color: #666699;\"><a style=\"color: #666699;\" href=\"https:\/\/gartner52.de\/page\/\">zur\u00fcck zur Startseite<\/a><\/span><\/h5>\n","protected":false},"excerpt":{"rendered":"<p>Unser neues Wohnmobil ist ein Giottiline Therry <span class=\"caps\">T37<\/span> \u2013 Fahrzeugmarke: Giottiline Therry <span class=\"caps\">T37<\/span> \u2013 Basisfahrzeug: Fiat Ducato <span class=\"caps\">X250<\/span> Multijet 160 \u2013 3.0 <span class=\"caps\">JTD<\/span> Motor mit 115 kw \u2013 Ausf\u00fchrung: Teilintegriert \u2013 Anzahl der Schlafpl\u00e4tze: 4 \u2013 Baujahr: 04\/2011 \u2013 Preis \u2026 <a href=\"https:\/\/gartner52.de\/page\/unser-therry\/\">Weiter<\/a><\/p>\n","protected":false},"author":1,"featured_media":0,"parent":0,"menu_order":0,"comment_status":"closed","ping_status":"closed","template":"","meta":{"wp_typography_post_enhancements_disabled":false,"kt_blocks_editor_width":"","footnotes":""},"class_list":["post-269","page","type-page","status-publish","hentry"],"_links":{"self":[{"href":"https:\/\/gartner52.de\/page\/wp-json\/wp\/v2\/pages\/269","targetHints":{"allow":["GET"]}}],"collection":[{"href":"https:\/\/gartner52.de\/page\/wp-json\/wp\/v2\/pages"}],"about":[{"href":"https:\/\/gartner52.de\/page\/wp-json\/wp\/v2\/types\/page"}],"author":[{"embeddable":true,"href":"https:\/\/gartner52.de\/page\/wp-json\/wp\/v2\/users\/1"}],"replies":[{"embeddable":true,"href":"https:\/\/gartner52.de\/page\/wp-json\/wp\/v2\/comments?post=269"}],"version-history":[{"count":33,"href":"https:\/\/gartner52.de\/page\/wp-json\/wp\/v2\/pages\/269\/revisions"}],"predecessor-version":[{"id":4763,"href":"https:\/\/gartner52.de\/page\/wp-json\/wp\/v2\/pages\/269\/revisions\/4763"}],"wp:attachment":[{"href":"https:\/\/gartner52.de\/page\/wp-json\/wp\/v2\/media?parent=269"}],"curies":[{"name":"wp","href":"https:\/\/api.w.org\/{rel}","templated":true}]}}