{"id":2241,"date":"2016-02-23T15:22:32","date_gmt":"2016-02-23T14:22:32","guid":{"rendered":"http:\/\/gartner52.de\/page\/?page_id=2241"},"modified":"2018-01-09T10:30:12","modified_gmt":"2018-01-09T09:30:12","slug":"august2012","status":"publish","type":"page","link":"https:\/\/gartner52.de\/page\/august2012\/","title":{"rendered":"August2012"},"content":{"rendered":"<h2 style=\"text-align: center;\"><span style=\"color: #3366ff;\">Kroatien im Sommer \/ vom 19. August bis 07. September 2012<\/span><\/h2>\n<h4 style=\"text-align: center;\"><span style=\"color: #3366ff;\">Hier noch ein kleiner Bildbericht \u00fcber unseren Urlaub im August 2012<\/span><br>\n<span style=\"color: #3366ff;\">Ich habe nur einige Bilder eingestellt, nicht viel Text&nbsp; weil ich die Pl\u00e4tze ja schon beschrieben habe<\/span><\/h4>\n<h4 style=\"text-align: center;\"><\/h4>\n<h4 style=\"text-align: center;\"><\/h4>\n<p>Im August waren wir auf den gleichen Pl\u00e4tzen wie im Juni 2012. Die Anfahrt ging auch dieses mal von Karlsruhe \u00fcber Heilbronn, N\u00fcrnberg und Passau nach Graz. Weiter nach Maribor und \u00fcber die Grenze nach Kroatien. \u00dcbernachtet haben wir wieder in der N\u00e4he von Gospic auf einer kleinen Rastst\u00e4tte. Diese Tiere waren in der Rastst\u00e4tte ausgestellt und erschreckten die Besucher<img loading=\"lazy\" decoding=\"async\" class=\"alignnone size-full wp-image-2266\" src=\"https:\/\/gartner52.de\/page\/wp-content\/uploads\/2016\/02\/2012HRAugust06.jpg\" alt=\"2012HRAugust06\" width=\"800\" height=\"600\" srcset=\"https:\/\/gartner52.de\/page\/wp-content\/uploads\/2016\/02\/2012HRAugust06.jpg 800w, https:\/\/gartner52.de\/page\/wp-content\/uploads\/2016\/02\/2012HRAugust06-300x225.jpg 300w, https:\/\/gartner52.de\/page\/wp-content\/uploads\/2016\/02\/2012HRAugust06-768x576.jpg 768w\" sizes=\"auto, (max-width: 800px) 100vw, 800px\"><img loading=\"lazy\" decoding=\"async\" class=\"alignnone size-full wp-image-2276\" src=\"https:\/\/gartner52.de\/page\/wp-content\/uploads\/2016\/02\/2012HRAugust16.jpg\" alt=\"2012HRAugust16\" width=\"800\" height=\"600\" srcset=\"https:\/\/gartner52.de\/page\/wp-content\/uploads\/2016\/02\/2012HRAugust16.jpg 800w, https:\/\/gartner52.de\/page\/wp-content\/uploads\/2016\/02\/2012HRAugust16-300x225.jpg 300w, https:\/\/gartner52.de\/page\/wp-content\/uploads\/2016\/02\/2012HRAugust16-768x576.jpg 768w\" sizes=\"auto, (max-width: 800px) 100vw, 800px\"><img loading=\"lazy\" decoding=\"async\" class=\"alignnone size-full wp-image-2265\" src=\"https:\/\/gartner52.de\/page\/wp-content\/uploads\/2016\/02\/2012HRAugust05.jpg\" alt=\"2012HRAugust05\" width=\"800\" height=\"600\" srcset=\"https:\/\/gartner52.de\/page\/wp-content\/uploads\/2016\/02\/2012HRAugust05.jpg 800w, https:\/\/gartner52.de\/page\/wp-content\/uploads\/2016\/02\/2012HRAugust05-300x225.jpg 300w, https:\/\/gartner52.de\/page\/wp-content\/uploads\/2016\/02\/2012HRAugust05-768x576.jpg 768w\" sizes=\"auto, (max-width: 800px) 100vw, 800px\">Nach dem Tunnel am \u201cSveti Roc\u201d ging es nur noch abw\u00e4rts Richtung K\u00fcste. Hier war es wieder mal ganz sch\u00f6n windig.<\/p>\n<p><img loading=\"lazy\" decoding=\"async\" class=\"alignnone size-full wp-image-2263\" src=\"https:\/\/gartner52.de\/page\/wp-content\/uploads\/2016\/02\/2012HRAugust03.jpg\" alt=\"2012HRAugust03\" width=\"800\" height=\"600\" srcset=\"https:\/\/gartner52.de\/page\/wp-content\/uploads\/2016\/02\/2012HRAugust03.jpg 800w, https:\/\/gartner52.de\/page\/wp-content\/uploads\/2016\/02\/2012HRAugust03-300x225.jpg 300w, https:\/\/gartner52.de\/page\/wp-content\/uploads\/2016\/02\/2012HRAugust03-768x576.jpg 768w\" sizes=\"auto, (max-width: 800px) 100vw, 800px\">Unser erstes Ziel war wieder der Campingplatz Peros bei Zaton.<img loading=\"lazy\" decoding=\"async\" class=\"alignnone size-full wp-image-2290\" src=\"https:\/\/gartner52.de\/page\/wp-content\/uploads\/2016\/02\/2012HRAugust30.jpg\" alt=\"2012HRAugust30\" width=\"800\" height=\"600\" srcset=\"https:\/\/gartner52.de\/page\/wp-content\/uploads\/2016\/02\/2012HRAugust30.jpg 800w, https:\/\/gartner52.de\/page\/wp-content\/uploads\/2016\/02\/2012HRAugust30-300x225.jpg 300w, https:\/\/gartner52.de\/page\/wp-content\/uploads\/2016\/02\/2012HRAugust30-768x576.jpg 768w\" sizes=\"auto, (max-width: 800px) 100vw, 800px\">Wir hatten den gleichen Stellplatz wie im Juni<img loading=\"lazy\" decoding=\"async\" class=\"alignnone size-full wp-image-2294\" src=\"https:\/\/gartner52.de\/page\/wp-content\/uploads\/2016\/02\/2012HRAugust34.jpg\" alt=\"2012HRAugust34\" width=\"800\" height=\"600\" srcset=\"https:\/\/gartner52.de\/page\/wp-content\/uploads\/2016\/02\/2012HRAugust34.jpg 800w, https:\/\/gartner52.de\/page\/wp-content\/uploads\/2016\/02\/2012HRAugust34-300x225.jpg 300w, https:\/\/gartner52.de\/page\/wp-content\/uploads\/2016\/02\/2012HRAugust34-768x576.jpg 768w\" sizes=\"auto, (max-width: 800px) 100vw, 800px\">Blick \u00fcber Nin zum Velebit&nbsp;<img loading=\"lazy\" decoding=\"async\" class=\"alignnone size-full wp-image-2285\" src=\"https:\/\/gartner52.de\/page\/wp-content\/uploads\/2016\/02\/2012HRAugust25.jpg\" alt=\"2012HRAugust25\" width=\"800\" height=\"600\" srcset=\"https:\/\/gartner52.de\/page\/wp-content\/uploads\/2016\/02\/2012HRAugust25.jpg 800w, https:\/\/gartner52.de\/page\/wp-content\/uploads\/2016\/02\/2012HRAugust25-300x225.jpg 300w, https:\/\/gartner52.de\/page\/wp-content\/uploads\/2016\/02\/2012HRAugust25-768x576.jpg 768w\" sizes=\"auto, (max-width: 800px) 100vw, 800px\">Die Br\u00fccke zur Insel Vir von der Insel aus gesehen<img loading=\"lazy\" decoding=\"async\" class=\"alignnone size-full wp-image-2269\" src=\"https:\/\/gartner52.de\/page\/wp-content\/uploads\/2016\/02\/2012HRAugust09.jpg\" alt=\"2012HRAugust09\" width=\"800\" height=\"600\" srcset=\"https:\/\/gartner52.de\/page\/wp-content\/uploads\/2016\/02\/2012HRAugust09.jpg 800w, https:\/\/gartner52.de\/page\/wp-content\/uploads\/2016\/02\/2012HRAugust09-300x225.jpg 300w, https:\/\/gartner52.de\/page\/wp-content\/uploads\/2016\/02\/2012HRAugust09-768x576.jpg 768w\" sizes=\"auto, (max-width: 800px) 100vw, 800px\">Hier wird die Fahrrinne&nbsp; ausgebaggert, im Hintergrund die Insel Pag und der Velebit<br>\n<img loading=\"lazy\" decoding=\"async\" class=\"alignnone size-full wp-image-2268\" src=\"https:\/\/gartner52.de\/page\/wp-content\/uploads\/2016\/02\/2012HRAugust08.jpg\" alt=\"2012HRAugust08\" width=\"800\" height=\"600\" srcset=\"https:\/\/gartner52.de\/page\/wp-content\/uploads\/2016\/02\/2012HRAugust08.jpg 800w, https:\/\/gartner52.de\/page\/wp-content\/uploads\/2016\/02\/2012HRAugust08-300x225.jpg 300w, https:\/\/gartner52.de\/page\/wp-content\/uploads\/2016\/02\/2012HRAugust08-768x576.jpg 768w\" sizes=\"auto, (max-width: 800px) 100vw, 800px\">Zur\u00fcck in Nin<img loading=\"lazy\" decoding=\"async\" class=\"alignnone size-full wp-image-2280\" src=\"https:\/\/gartner52.de\/page\/wp-content\/uploads\/2016\/02\/2012HRAugust20.jpg\" alt=\"2012HRAugust20\" width=\"800\" height=\"600\" srcset=\"https:\/\/gartner52.de\/page\/wp-content\/uploads\/2016\/02\/2012HRAugust20.jpg 800w, https:\/\/gartner52.de\/page\/wp-content\/uploads\/2016\/02\/2012HRAugust20-300x225.jpg 300w, https:\/\/gartner52.de\/page\/wp-content\/uploads\/2016\/02\/2012HRAugust20-768x576.jpg 768w\" sizes=\"auto, (max-width: 800px) 100vw, 800px\">F\u00fcrst Branimir von Nin<img loading=\"lazy\" decoding=\"async\" class=\"alignnone size-full wp-image-2282\" src=\"https:\/\/gartner52.de\/page\/wp-content\/uploads\/2016\/02\/2012HRAugust22.jpg\" alt=\"2012HRAugust22\" width=\"800\" height=\"600\" srcset=\"https:\/\/gartner52.de\/page\/wp-content\/uploads\/2016\/02\/2012HRAugust22.jpg 800w, https:\/\/gartner52.de\/page\/wp-content\/uploads\/2016\/02\/2012HRAugust22-300x225.jpg 300w, https:\/\/gartner52.de\/page\/wp-content\/uploads\/2016\/02\/2012HRAugust22-768x576.jpg 768w\" sizes=\"auto, (max-width: 800px) 100vw, 800px\">In den Stra\u00dfen von Nin<img loading=\"lazy\" decoding=\"async\" class=\"alignnone size-full wp-image-2283\" src=\"https:\/\/gartner52.de\/page\/wp-content\/uploads\/2016\/02\/2012HRAugust23.jpg\" alt=\"2012HRAugust23\" width=\"800\" height=\"600\" srcset=\"https:\/\/gartner52.de\/page\/wp-content\/uploads\/2016\/02\/2012HRAugust23.jpg 800w, https:\/\/gartner52.de\/page\/wp-content\/uploads\/2016\/02\/2012HRAugust23-300x225.jpg 300w, https:\/\/gartner52.de\/page\/wp-content\/uploads\/2016\/02\/2012HRAugust23-768x576.jpg 768w\" sizes=\"auto, (max-width: 800px) 100vw, 800px\"><img loading=\"lazy\" decoding=\"async\" class=\"alignnone size-full wp-image-2284\" src=\"https:\/\/gartner52.de\/page\/wp-content\/uploads\/2016\/02\/2012HRAugust24.jpg\" alt=\"2012HRAugust24\" width=\"800\" height=\"600\" srcset=\"https:\/\/gartner52.de\/page\/wp-content\/uploads\/2016\/02\/2012HRAugust24.jpg 800w, https:\/\/gartner52.de\/page\/wp-content\/uploads\/2016\/02\/2012HRAugust24-300x225.jpg 300w, https:\/\/gartner52.de\/page\/wp-content\/uploads\/2016\/02\/2012HRAugust24-768x576.jpg 768w\" sizes=\"auto, (max-width: 800px) 100vw, 800px\">R\u00f6mische Ausgrabungen gibt es einige in der Stadt<img loading=\"lazy\" decoding=\"async\" class=\"alignnone size-full wp-image-2281\" src=\"https:\/\/gartner52.de\/page\/wp-content\/uploads\/2016\/02\/2012HRAugust21.jpg\" alt=\"2012HRAugust21\" width=\"800\" height=\"600\" srcset=\"https:\/\/gartner52.de\/page\/wp-content\/uploads\/2016\/02\/2012HRAugust21.jpg 800w, https:\/\/gartner52.de\/page\/wp-content\/uploads\/2016\/02\/2012HRAugust21-300x225.jpg 300w, https:\/\/gartner52.de\/page\/wp-content\/uploads\/2016\/02\/2012HRAugust21-768x576.jpg 768w\" sizes=\"auto, (max-width: 800px) 100vw, 800px\">Hier waren wir zum Baden an einen flachen Sandstrand in der N\u00e4he von Nin<br>\n<img loading=\"lazy\" decoding=\"async\" class=\"alignnone size-large wp-image-2289\" src=\"https:\/\/gartner52.de\/page\/wp-content\/uploads\/2016\/02\/2012HRAugust29-1024x271.jpg\" alt=\"2012HRAugust29\" width=\"940\" height=\"249\" srcset=\"https:\/\/gartner52.de\/page\/wp-content\/uploads\/2016\/02\/2012HRAugust29-1024x271.jpg 1024w, https:\/\/gartner52.de\/page\/wp-content\/uploads\/2016\/02\/2012HRAugust29-300x79.jpg 300w, https:\/\/gartner52.de\/page\/wp-content\/uploads\/2016\/02\/2012HRAugust29-768x203.jpg 768w, https:\/\/gartner52.de\/page\/wp-content\/uploads\/2016\/02\/2012HRAugust29.jpg 1120w\" sizes=\"auto, (max-width: 940px) 100vw, 940px\"><\/p>\n<p>Wieder auf dem Camping Peros, es gab schon viele freie Stellpl\u00e4tze<img loading=\"lazy\" decoding=\"async\" class=\"alignnone size-full wp-image-2295\" src=\"https:\/\/gartner52.de\/page\/wp-content\/uploads\/2016\/02\/2012HRAugust35.jpg\" alt=\"2012HRAugust35\" width=\"800\" height=\"600\" srcset=\"https:\/\/gartner52.de\/page\/wp-content\/uploads\/2016\/02\/2012HRAugust35.jpg 800w, https:\/\/gartner52.de\/page\/wp-content\/uploads\/2016\/02\/2012HRAugust35-300x225.jpg 300w, https:\/\/gartner52.de\/page\/wp-content\/uploads\/2016\/02\/2012HRAugust35-768x576.jpg 768w\" sizes=\"auto, (max-width: 800px) 100vw, 800px\">Blick von der Liege am Pool<img loading=\"lazy\" decoding=\"async\" class=\"alignnone size-full wp-image-2293\" src=\"https:\/\/gartner52.de\/page\/wp-content\/uploads\/2016\/02\/2012HRAugust33.jpg\" alt=\"2012HRAugust33\" width=\"800\" height=\"600\" srcset=\"https:\/\/gartner52.de\/page\/wp-content\/uploads\/2016\/02\/2012HRAugust33.jpg 800w, https:\/\/gartner52.de\/page\/wp-content\/uploads\/2016\/02\/2012HRAugust33-300x225.jpg 300w, https:\/\/gartner52.de\/page\/wp-content\/uploads\/2016\/02\/2012HRAugust33-768x576.jpg 768w\" sizes=\"auto, (max-width: 800px) 100vw, 800px\"><img loading=\"lazy\" decoding=\"async\" class=\"alignnone size-full wp-image-2292\" src=\"https:\/\/gartner52.de\/page\/wp-content\/uploads\/2016\/02\/2012HRAugust32.jpg\" alt=\"2012HRAugust32\" width=\"800\" height=\"600\" srcset=\"https:\/\/gartner52.de\/page\/wp-content\/uploads\/2016\/02\/2012HRAugust32.jpg 800w, https:\/\/gartner52.de\/page\/wp-content\/uploads\/2016\/02\/2012HRAugust32-300x225.jpg 300w, https:\/\/gartner52.de\/page\/wp-content\/uploads\/2016\/02\/2012HRAugust32-768x576.jpg 768w\" sizes=\"auto, (max-width: 800px) 100vw, 800px\"><img loading=\"lazy\" decoding=\"async\" class=\"alignnone size-full wp-image-2291\" src=\"https:\/\/gartner52.de\/page\/wp-content\/uploads\/2016\/02\/2012HRAugust31.jpg\" alt=\"2012HRAugust31\" width=\"800\" height=\"600\" srcset=\"https:\/\/gartner52.de\/page\/wp-content\/uploads\/2016\/02\/2012HRAugust31.jpg 800w, https:\/\/gartner52.de\/page\/wp-content\/uploads\/2016\/02\/2012HRAugust31-300x225.jpg 300w, https:\/\/gartner52.de\/page\/wp-content\/uploads\/2016\/02\/2012HRAugust31-768x576.jpg 768w\" sizes=\"auto, (max-width: 800px) 100vw, 800px\"><img loading=\"lazy\" decoding=\"async\" class=\"alignnone size-full wp-image-2315\" src=\"https:\/\/gartner52.de\/page\/wp-content\/uploads\/2016\/02\/2012HRAugust55.jpg\" alt=\"2012HRAugust55\" width=\"800\" height=\"600\" srcset=\"https:\/\/gartner52.de\/page\/wp-content\/uploads\/2016\/02\/2012HRAugust55.jpg 800w, https:\/\/gartner52.de\/page\/wp-content\/uploads\/2016\/02\/2012HRAugust55-300x225.jpg 300w, https:\/\/gartner52.de\/page\/wp-content\/uploads\/2016\/02\/2012HRAugust55-768x576.jpg 768w\" sizes=\"auto, (max-width: 800px) 100vw, 800px\">Nach 8Tagen auf dem Camp Peros bei Zaton ging es \u00fcber Zadar weiter in Richtung Sibenik zum Campingplatz Adriatic<br>\n<img loading=\"lazy\" decoding=\"async\" class=\"alignnone size-full wp-image-2314\" src=\"https:\/\/gartner52.de\/page\/wp-content\/uploads\/2016\/02\/2012HRAugust54.jpg\" alt=\"2012HRAugust54\" width=\"800\" height=\"600\" srcset=\"https:\/\/gartner52.de\/page\/wp-content\/uploads\/2016\/02\/2012HRAugust54.jpg 800w, https:\/\/gartner52.de\/page\/wp-content\/uploads\/2016\/02\/2012HRAugust54-300x225.jpg 300w, https:\/\/gartner52.de\/page\/wp-content\/uploads\/2016\/02\/2012HRAugust54-768x576.jpg 768w\" sizes=\"auto, (max-width: 800px) 100vw, 800px\">Die Krka bei Sibenik <img loading=\"lazy\" decoding=\"async\" class=\"alignnone size-full wp-image-2304\" src=\"https:\/\/gartner52.de\/page\/wp-content\/uploads\/2016\/02\/2012HRAugust44.jpg\" alt=\"2012HRAugust44\" width=\"800\" height=\"600\" srcset=\"https:\/\/gartner52.de\/page\/wp-content\/uploads\/2016\/02\/2012HRAugust44.jpg 800w, https:\/\/gartner52.de\/page\/wp-content\/uploads\/2016\/02\/2012HRAugust44-300x225.jpg 300w, https:\/\/gartner52.de\/page\/wp-content\/uploads\/2016\/02\/2012HRAugust44-768x576.jpg 768w\" sizes=\"auto, (max-width: 800px) 100vw, 800px\">Ein Blick zum Campingplatz Oaza Mira<img loading=\"lazy\" decoding=\"async\" class=\"alignnone size-full wp-image-2286\" src=\"https:\/\/gartner52.de\/page\/wp-content\/uploads\/2016\/02\/2012HRAugust26.jpg\" alt=\"2012HRAugust26\" width=\"800\" height=\"600\" srcset=\"https:\/\/gartner52.de\/page\/wp-content\/uploads\/2016\/02\/2012HRAugust26.jpg 800w, https:\/\/gartner52.de\/page\/wp-content\/uploads\/2016\/02\/2012HRAugust26-300x225.jpg 300w, https:\/\/gartner52.de\/page\/wp-content\/uploads\/2016\/02\/2012HRAugust26-768x576.jpg 768w\" sizes=\"auto, (max-width: 800px) 100vw, 800px\">\u00dcberall sah man die verbrannte Erde, es hat in Kroatien im Jahr 2012 sehr oft gebrannt. Einige L\u00f6schflugzeuge waren auch unterwegs.<img loading=\"lazy\" decoding=\"async\" class=\"alignnone size-full wp-image-2267\" src=\"https:\/\/gartner52.de\/page\/wp-content\/uploads\/2016\/02\/2012HRAugust07.jpg\" alt=\"2012HRAugust07\" width=\"800\" height=\"600\" srcset=\"https:\/\/gartner52.de\/page\/wp-content\/uploads\/2016\/02\/2012HRAugust07.jpg 800w, https:\/\/gartner52.de\/page\/wp-content\/uploads\/2016\/02\/2012HRAugust07-300x225.jpg 300w, https:\/\/gartner52.de\/page\/wp-content\/uploads\/2016\/02\/2012HRAugust07-768x576.jpg 768w\" sizes=\"auto, (max-width: 800px) 100vw, 800px\"><img loading=\"lazy\" decoding=\"async\" class=\"alignnone size-full wp-image-2271\" src=\"https:\/\/gartner52.de\/page\/wp-content\/uploads\/2016\/02\/2012HRAugust11.jpg\" alt=\"2012HRAugust11\" width=\"800\" height=\"600\" srcset=\"https:\/\/gartner52.de\/page\/wp-content\/uploads\/2016\/02\/2012HRAugust11.jpg 800w, https:\/\/gartner52.de\/page\/wp-content\/uploads\/2016\/02\/2012HRAugust11-300x225.jpg 300w, https:\/\/gartner52.de\/page\/wp-content\/uploads\/2016\/02\/2012HRAugust11-768x576.jpg 768w\" sizes=\"auto, (max-width: 800px) 100vw, 800px\">Eine Bucht sch\u00f6ner als die andere<img loading=\"lazy\" decoding=\"async\" class=\"alignnone size-full wp-image-2272\" src=\"https:\/\/gartner52.de\/page\/wp-content\/uploads\/2016\/02\/2012HRAugust12.jpg\" alt=\"2012HRAugust12\" width=\"800\" height=\"600\" srcset=\"https:\/\/gartner52.de\/page\/wp-content\/uploads\/2016\/02\/2012HRAugust12.jpg 800w, https:\/\/gartner52.de\/page\/wp-content\/uploads\/2016\/02\/2012HRAugust12-300x225.jpg 300w, https:\/\/gartner52.de\/page\/wp-content\/uploads\/2016\/02\/2012HRAugust12-768x576.jpg 768w\" sizes=\"auto, (max-width: 800px) 100vw, 800px\"><img loading=\"lazy\" decoding=\"async\" class=\"alignnone size-full wp-image-2273\" src=\"https:\/\/gartner52.de\/page\/wp-content\/uploads\/2016\/02\/2012HRAugust13.jpg\" alt=\"2012HRAugust13\" width=\"800\" height=\"600\" srcset=\"https:\/\/gartner52.de\/page\/wp-content\/uploads\/2016\/02\/2012HRAugust13.jpg 800w, https:\/\/gartner52.de\/page\/wp-content\/uploads\/2016\/02\/2012HRAugust13-300x225.jpg 300w, https:\/\/gartner52.de\/page\/wp-content\/uploads\/2016\/02\/2012HRAugust13-768x576.jpg 768w\" sizes=\"auto, (max-width: 800px) 100vw, 800px\">Hier sieht man im Hintergrund die Bucht vom CP-Adriatic, oben das Geb\u00e4ude ist die Rezeption<br>\n<img loading=\"lazy\" decoding=\"async\" class=\"alignnone size-full wp-image-2274\" src=\"https:\/\/gartner52.de\/page\/wp-content\/uploads\/2016\/02\/2012HRAugust14.jpg\" alt=\"2012HRAugust14\" width=\"800\" height=\"600\" srcset=\"https:\/\/gartner52.de\/page\/wp-content\/uploads\/2016\/02\/2012HRAugust14.jpg 800w, https:\/\/gartner52.de\/page\/wp-content\/uploads\/2016\/02\/2012HRAugust14-300x225.jpg 300w, https:\/\/gartner52.de\/page\/wp-content\/uploads\/2016\/02\/2012HRAugust14-768x576.jpg 768w\" sizes=\"auto, (max-width: 800px) 100vw, 800px\"><img loading=\"lazy\" decoding=\"async\" class=\"alignnone size-full wp-image-2261\" src=\"https:\/\/gartner52.de\/page\/wp-content\/uploads\/2016\/02\/2012HRAugust01.jpg\" alt=\"2012HRAugust01\" width=\"800\" height=\"533\" srcset=\"https:\/\/gartner52.de\/page\/wp-content\/uploads\/2016\/02\/2012HRAugust01.jpg 800w, https:\/\/gartner52.de\/page\/wp-content\/uploads\/2016\/02\/2012HRAugust01-300x200.jpg 300w, https:\/\/gartner52.de\/page\/wp-content\/uploads\/2016\/02\/2012HRAugust01-768x512.jpg 768w\" sizes=\"auto, (max-width: 800px) 100vw, 800px\">Hier unsere Stellpl\u00e4tze auf dem CP-Adriatic<img loading=\"lazy\" decoding=\"async\" class=\"alignnone size-large wp-image-2288\" src=\"https:\/\/gartner52.de\/page\/wp-content\/uploads\/2016\/02\/2012HRAugust28-1024x268.jpg\" alt=\"2012HRAugust28\" width=\"940\" height=\"246\" srcset=\"https:\/\/gartner52.de\/page\/wp-content\/uploads\/2016\/02\/2012HRAugust28-1024x268.jpg 1024w, https:\/\/gartner52.de\/page\/wp-content\/uploads\/2016\/02\/2012HRAugust28-300x78.jpg 300w, https:\/\/gartner52.de\/page\/wp-content\/uploads\/2016\/02\/2012HRAugust28-768x201.jpg 768w, https:\/\/gartner52.de\/page\/wp-content\/uploads\/2016\/02\/2012HRAugust28.jpg 1120w\" sizes=\"auto, (max-width: 940px) 100vw, 940px\"><br>\nAusflug nach Primosten<br>\n<img loading=\"lazy\" decoding=\"async\" class=\"alignnone size-full wp-image-2298\" src=\"https:\/\/gartner52.de\/page\/wp-content\/uploads\/2016\/02\/2012HRAugust38.jpg\" alt=\"2012HRAugust38\" width=\"800\" height=\"600\" srcset=\"https:\/\/gartner52.de\/page\/wp-content\/uploads\/2016\/02\/2012HRAugust38.jpg 800w, https:\/\/gartner52.de\/page\/wp-content\/uploads\/2016\/02\/2012HRAugust38-300x225.jpg 300w, https:\/\/gartner52.de\/page\/wp-content\/uploads\/2016\/02\/2012HRAugust38-768x576.jpg 768w\" sizes=\"auto, (max-width: 800px) 100vw, 800px\"><img loading=\"lazy\" decoding=\"async\" class=\"alignnone size-full wp-image-2300\" src=\"https:\/\/gartner52.de\/page\/wp-content\/uploads\/2016\/02\/2012HRAugust40.jpg\" alt=\"2012HRAugust40\" width=\"800\" height=\"600\" srcset=\"https:\/\/gartner52.de\/page\/wp-content\/uploads\/2016\/02\/2012HRAugust40.jpg 800w, https:\/\/gartner52.de\/page\/wp-content\/uploads\/2016\/02\/2012HRAugust40-300x225.jpg 300w, https:\/\/gartner52.de\/page\/wp-content\/uploads\/2016\/02\/2012HRAugust40-768x576.jpg 768w\" sizes=\"auto, (max-width: 800px) 100vw, 800px\"><img loading=\"lazy\" decoding=\"async\" class=\"alignnone size-full wp-image-2299\" src=\"https:\/\/gartner52.de\/page\/wp-content\/uploads\/2016\/02\/2012HRAugust39.jpg\" alt=\"2012HRAugust39\" width=\"800\" height=\"600\" srcset=\"https:\/\/gartner52.de\/page\/wp-content\/uploads\/2016\/02\/2012HRAugust39.jpg 800w, https:\/\/gartner52.de\/page\/wp-content\/uploads\/2016\/02\/2012HRAugust39-300x225.jpg 300w, https:\/\/gartner52.de\/page\/wp-content\/uploads\/2016\/02\/2012HRAugust39-768x576.jpg 768w\" sizes=\"auto, (max-width: 800px) 100vw, 800px\"><\/p>\n<p>Mein Boot &nbsp;&nbsp; \ud83d\ude09 &nbsp;&nbsp; leider nicht<br>\n<img loading=\"lazy\" decoding=\"async\" class=\"alignnone size-full wp-image-2303\" src=\"https:\/\/gartner52.de\/page\/wp-content\/uploads\/2016\/02\/2012HRAugust43.jpg\" alt=\"2012HRAugust43\" width=\"800\" height=\"600\" srcset=\"https:\/\/gartner52.de\/page\/wp-content\/uploads\/2016\/02\/2012HRAugust43.jpg 800w, https:\/\/gartner52.de\/page\/wp-content\/uploads\/2016\/02\/2012HRAugust43-300x225.jpg 300w, https:\/\/gartner52.de\/page\/wp-content\/uploads\/2016\/02\/2012HRAugust43-768x576.jpg 768w\" sizes=\"auto, (max-width: 800px) 100vw, 800px\"><img loading=\"lazy\" decoding=\"async\" class=\"alignnone size-full wp-image-2302\" src=\"https:\/\/gartner52.de\/page\/wp-content\/uploads\/2016\/02\/2012HRAugust42.jpg\" alt=\"2012HRAugust42\" width=\"800\" height=\"600\" srcset=\"https:\/\/gartner52.de\/page\/wp-content\/uploads\/2016\/02\/2012HRAugust42.jpg 800w, https:\/\/gartner52.de\/page\/wp-content\/uploads\/2016\/02\/2012HRAugust42-300x225.jpg 300w, https:\/\/gartner52.de\/page\/wp-content\/uploads\/2016\/02\/2012HRAugust42-768x576.jpg 768w\" sizes=\"auto, (max-width: 800px) 100vw, 800px\"><br>\nAusflug nach Sibenik<br>\n<img loading=\"lazy\" decoding=\"async\" class=\"alignnone size-full wp-image-2306\" src=\"https:\/\/gartner52.de\/page\/wp-content\/uploads\/2016\/02\/2012HRAugust46.jpg\" alt=\"2012HRAugust46\" width=\"800\" height=\"600\" srcset=\"https:\/\/gartner52.de\/page\/wp-content\/uploads\/2016\/02\/2012HRAugust46.jpg 800w, https:\/\/gartner52.de\/page\/wp-content\/uploads\/2016\/02\/2012HRAugust46-300x225.jpg 300w, https:\/\/gartner52.de\/page\/wp-content\/uploads\/2016\/02\/2012HRAugust46-768x576.jpg 768w\" sizes=\"auto, (max-width: 800px) 100vw, 800px\"><img loading=\"lazy\" decoding=\"async\" class=\"alignnone size-full wp-image-2310\" src=\"https:\/\/gartner52.de\/page\/wp-content\/uploads\/2016\/02\/2012HRAugust50.jpg\" alt=\"2012HRAugust50\" width=\"800\" height=\"600\" srcset=\"https:\/\/gartner52.de\/page\/wp-content\/uploads\/2016\/02\/2012HRAugust50.jpg 800w, https:\/\/gartner52.de\/page\/wp-content\/uploads\/2016\/02\/2012HRAugust50-300x225.jpg 300w, https:\/\/gartner52.de\/page\/wp-content\/uploads\/2016\/02\/2012HRAugust50-768x576.jpg 768w\" sizes=\"auto, (max-width: 800px) 100vw, 800px\"><\/p>\n<p><img loading=\"lazy\" decoding=\"async\" class=\"alignnone size-full wp-image-2311\" src=\"https:\/\/gartner52.de\/page\/wp-content\/uploads\/2016\/02\/2012HRAugust51.jpg\" alt=\"2012HRAugust51\" width=\"800\" height=\"600\" srcset=\"https:\/\/gartner52.de\/page\/wp-content\/uploads\/2016\/02\/2012HRAugust51.jpg 800w, https:\/\/gartner52.de\/page\/wp-content\/uploads\/2016\/02\/2012HRAugust51-300x225.jpg 300w, https:\/\/gartner52.de\/page\/wp-content\/uploads\/2016\/02\/2012HRAugust51-768x576.jpg 768w\" sizes=\"auto, (max-width: 800px) 100vw, 800px\">In den Gassen von Sibenik<img loading=\"lazy\" decoding=\"async\" class=\"alignnone size-full wp-image-2312\" src=\"https:\/\/gartner52.de\/page\/wp-content\/uploads\/2016\/02\/2012HRAugust52.jpg\" alt=\"2012HRAugust52\" width=\"800\" height=\"600\" srcset=\"https:\/\/gartner52.de\/page\/wp-content\/uploads\/2016\/02\/2012HRAugust52.jpg 800w, https:\/\/gartner52.de\/page\/wp-content\/uploads\/2016\/02\/2012HRAugust52-300x225.jpg 300w, https:\/\/gartner52.de\/page\/wp-content\/uploads\/2016\/02\/2012HRAugust52-768x576.jpg 768w\" sizes=\"auto, (max-width: 800px) 100vw, 800px\">Dieser Urlaub ging wieder einmal viel zu schnell vorbei. Auf dem CP-Adriatic hat es uns sehr gut gefallen. Wir kommen auf jeden Fall wieder.<\/p>\n<h5 style=\"text-align: center;\"><\/h5>\n<h5 style=\"text-align: center;\"><span style=\"color: #666699;\"><a href=\"https:\/\/gartner52.de\/page\/\">zur\u00fcck zur Startseite<\/a><\/span><\/h5>\n","protected":false},"excerpt":{"rendered":"<p>Kroatien im Sommer \/ vom 19. August bis 07. September 2012 Hier noch ein kleiner Bildbericht \u00fcber unseren Urlaub im August 2012 Ich habe nur einige Bilder eingestellt, nicht viel Text&nbsp; weil ich die Pl\u00e4tze ja schon beschrieben habe Im \u2026 <a href=\"https:\/\/gartner52.de\/page\/august2012\/\">Weiter<\/a><\/p>\n","protected":false},"author":4,"featured_media":0,"parent":0,"menu_order":0,"comment_status":"closed","ping_status":"closed","template":"","meta":{"wp_typography_post_enhancements_disabled":false,"kt_blocks_editor_width":"","footnotes":""},"class_list":["post-2241","page","type-page","status-publish","hentry"],"_links":{"self":[{"href":"https:\/\/gartner52.de\/page\/wp-json\/wp\/v2\/pages\/2241","targetHints":{"allow":["GET"]}}],"collection":[{"href":"https:\/\/gartner52.de\/page\/wp-json\/wp\/v2\/pages"}],"about":[{"href":"https:\/\/gartner52.de\/page\/wp-json\/wp\/v2\/types\/page"}],"author":[{"embeddable":true,"href":"https:\/\/gartner52.de\/page\/wp-json\/wp\/v2\/users\/4"}],"replies":[{"embeddable":true,"href":"https:\/\/gartner52.de\/page\/wp-json\/wp\/v2\/comments?post=2241"}],"version-history":[{"count":6,"href":"https:\/\/gartner52.de\/page\/wp-json\/wp\/v2\/pages\/2241\/revisions"}],"predecessor-version":[{"id":2317,"href":"https:\/\/gartner52.de\/page\/wp-json\/wp\/v2\/pages\/2241\/revisions\/2317"}],"wp:attachment":[{"href":"https:\/\/gartner52.de\/page\/wp-json\/wp\/v2\/media?parent=2241"}],"curies":[{"name":"wp","href":"https:\/\/api.w.org\/{rel}","templated":true}]}}