{"id":203,"date":"2016-02-08T12:30:34","date_gmt":"2016-02-08T11:30:34","guid":{"rendered":"http:\/\/gartner52.de\/page\/?page_id=203"},"modified":"2016-02-17T12:38:46","modified_gmt":"2016-02-17T11:38:46","slug":"kroatien-2007","status":"publish","type":"page","link":"https:\/\/gartner52.de\/page\/kroatien-2007\/","title":{"rendered":"Kroatien 2007"},"content":{"rendered":"<h2 style=\"text-align: center;\"><span style=\"color: #0000ff;\"><strong>Kroatien 2007 <\/strong><\/span><\/h2>\n<h3 style=\"text-align: center;\"><em><span style=\"color: #0000ff;\">Pula\/Fazana \u2013 Campingplatz Bi-Village<\/span><\/em><\/h3>\n<p>&nbsp;<\/p>\n<p style=\"text-align: center;\">Im Jahr 2007 waren wir mit unseren Kindern und Enkelkindern auf dem <a href=\"http:\/\/www.bivillage.com\/index.aspx\" target=\"_blank\">Campingplatz Bi-Village <\/a>.<\/p>\n<p style=\"text-align: center;\">Der Platz ist ca. 8 km von Pula entfernt. Also fast am untersten Teil von Istrien.<br>\nDie Anfahrt ging von Karlsruhe \u00fcber M\u00fcnchen \u2013 Salzburg \u2013 Villach \u2013 Ljubljana Richtung Koper und dann \u00fcber die Schnellstra\u00dfe Richtung Pula.<br>\nIn diesem Jahr hatten wir keinen Stau und kamen ganz ohne Probleme auf dem Campingplatz an.<\/p>\n<p><img loading=\"lazy\" decoding=\"async\" class=\"aligncenter size-full wp-image-566\" src=\"https:\/\/gartner52.de\/page\/wp-content\/uploads\/2016\/02\/2007-004.jpg\" alt=\"2007 004\" width=\"800\" height=\"600\" srcset=\"https:\/\/gartner52.de\/page\/wp-content\/uploads\/2016\/02\/2007-004.jpg 800w, https:\/\/gartner52.de\/page\/wp-content\/uploads\/2016\/02\/2007-004-300x225.jpg 300w, https:\/\/gartner52.de\/page\/wp-content\/uploads\/2016\/02\/2007-004-768x576.jpg 768w\" sizes=\"auto, (max-width: 800px) 100vw, 800px\"><\/p>\n<p style=\"text-align: center;\">Da wir zur Mittagszeit ankamen, mussten wir vor dem Campingplatz warten.<br>\nNach der Mittagspause suchten wir uns dann 3 neben einander liegende Pl\u00e4tze.<br>\nIn der Mitte des Campingplatzes&nbsp; haben wir 3 sch\u00f6ne Parzellen gefunden.<\/p>\n<p style=\"text-align: center;\"><img loading=\"lazy\" decoding=\"async\" class=\"aligncenter size-full wp-image-568\" src=\"https:\/\/gartner52.de\/page\/wp-content\/uploads\/2016\/02\/2007-014.jpg\" alt=\"2007 014\" width=\"800\" height=\"600\" srcset=\"https:\/\/gartner52.de\/page\/wp-content\/uploads\/2016\/02\/2007-014.jpg 800w, https:\/\/gartner52.de\/page\/wp-content\/uploads\/2016\/02\/2007-014-300x225.jpg 300w, https:\/\/gartner52.de\/page\/wp-content\/uploads\/2016\/02\/2007-014-768x576.jpg 768w\" sizes=\"auto, (max-width: 800px) 100vw, 800px\"><\/p>\n<p style=\"text-align: center;\"><img loading=\"lazy\" decoding=\"async\" class=\"aligncenter size-full wp-image-567\" src=\"https:\/\/gartner52.de\/page\/wp-content\/uploads\/2016\/02\/2007-011.jpg\" alt=\"2007 011\" width=\"800\" height=\"600\" srcset=\"https:\/\/gartner52.de\/page\/wp-content\/uploads\/2016\/02\/2007-011.jpg 800w, https:\/\/gartner52.de\/page\/wp-content\/uploads\/2016\/02\/2007-011-300x225.jpg 300w, https:\/\/gartner52.de\/page\/wp-content\/uploads\/2016\/02\/2007-011-768x576.jpg 768w\" sizes=\"auto, (max-width: 800px) 100vw, 800px\"><\/p>\n<p style=\"text-align: center;\">Wir bauten schnell die Vorzelte auf, denn die Jugend wollte unbedingt noch zum Schwimmen gehen.<\/p>\n<p style=\"text-align: center;\"><img loading=\"lazy\" decoding=\"async\" class=\"aligncenter size-full wp-image-574\" src=\"https:\/\/gartner52.de\/page\/wp-content\/uploads\/2016\/02\/2007-063.jpg\" alt=\"2007 063\" width=\"800\" height=\"600\" srcset=\"https:\/\/gartner52.de\/page\/wp-content\/uploads\/2016\/02\/2007-063.jpg 800w, https:\/\/gartner52.de\/page\/wp-content\/uploads\/2016\/02\/2007-063-300x225.jpg 300w, https:\/\/gartner52.de\/page\/wp-content\/uploads\/2016\/02\/2007-063-768x576.jpg 768w\" sizes=\"auto, (max-width: 800px) 100vw, 800px\"><\/p>\n<p style=\"text-align: center;\"><img loading=\"lazy\" decoding=\"async\" class=\"aligncenter size-full wp-image-573\" src=\"https:\/\/gartner52.de\/page\/wp-content\/uploads\/2016\/02\/2007-062.jpg\" alt=\"2007 062\" width=\"800\" height=\"600\" srcset=\"https:\/\/gartner52.de\/page\/wp-content\/uploads\/2016\/02\/2007-062.jpg 800w, https:\/\/gartner52.de\/page\/wp-content\/uploads\/2016\/02\/2007-062-300x225.jpg 300w, https:\/\/gartner52.de\/page\/wp-content\/uploads\/2016\/02\/2007-062-768x576.jpg 768w\" sizes=\"auto, (max-width: 800px) 100vw, 800px\"><\/p>\n<p style=\"text-align: center;\">Am Abend wurde noch das Essen zubereitet, denn jetzt hatten alle einen Riesen Hunger.<br>\nEs dauerte nicht lange und alles fiel m\u00fcde in die Betten.<br>\nSo schnell war der erste Urlaubstag vergangen.<br>\n<img loading=\"lazy\" decoding=\"async\" class=\"aligncenter size-full wp-image-586\" src=\"https:\/\/gartner52.de\/page\/wp-content\/uploads\/2016\/02\/2007-130.jpg\" alt=\"2007 130\" width=\"800\" height=\"600\" srcset=\"https:\/\/gartner52.de\/page\/wp-content\/uploads\/2016\/02\/2007-130.jpg 800w, https:\/\/gartner52.de\/page\/wp-content\/uploads\/2016\/02\/2007-130-300x225.jpg 300w, https:\/\/gartner52.de\/page\/wp-content\/uploads\/2016\/02\/2007-130-768x576.jpg 768w\" sizes=\"auto, (max-width: 800px) 100vw, 800px\"><\/p>\n<p style=\"text-align: center;\">In der ersten Nacht fing es an zu regnen, leider ging das auch am n\u00e4chsten Tag so weiter.<br>\nImmer wieder regnete es mal, und der Himmel war nur grau in grau.<br>\nAber wie immer im S\u00fcden h\u00f6rte der Regen schlagartig auf, und es war sofort wieder hei\u00df.<br>\nNun konnten die Kinder wieder an den Strand und im Wasser pl\u00e4tschern.<br>\n<img loading=\"lazy\" decoding=\"async\" class=\"aligncenter size-full wp-image-569\" src=\"https:\/\/gartner52.de\/page\/wp-content\/uploads\/2016\/02\/2007-032.jpg\" alt=\"2007 032\" width=\"800\" height=\"600\" srcset=\"https:\/\/gartner52.de\/page\/wp-content\/uploads\/2016\/02\/2007-032.jpg 800w, https:\/\/gartner52.de\/page\/wp-content\/uploads\/2016\/02\/2007-032-300x225.jpg 300w, https:\/\/gartner52.de\/page\/wp-content\/uploads\/2016\/02\/2007-032-768x576.jpg 768w\" sizes=\"auto, (max-width: 800px) 100vw, 800px\"><\/p>\n<p style=\"text-align: center;\">Nach 3 Tagen bekam unsere Tochter dann hohes Fieber und einen Tag sp\u00e4ter lag auch der Schwiegersohn krank im Bett.<br>\nGott sein Dank waren wir mit Medikamenten voll ausgestattet.<br>\nAlles in allem waren die Beiden 1 Woche krank und wir mussten uns um die Kinder k\u00fcmmern,<br>\ndie waren n\u00e4mlich gesund und wollten t\u00e4glich schwimmen gehen. Stress pur !! \ud83d\ude09<\/p>\n<p><img loading=\"lazy\" decoding=\"async\" class=\"aligncenter size-full wp-image-562\" src=\"https:\/\/gartner52.de\/page\/wp-content\/uploads\/2016\/02\/2007-028.jpg\" alt=\"2007 028\" width=\"2048\" height=\"1536\" srcset=\"https:\/\/gartner52.de\/page\/wp-content\/uploads\/2016\/02\/2007-028.jpg 2048w, https:\/\/gartner52.de\/page\/wp-content\/uploads\/2016\/02\/2007-028-300x225.jpg 300w, https:\/\/gartner52.de\/page\/wp-content\/uploads\/2016\/02\/2007-028-768x576.jpg 768w, https:\/\/gartner52.de\/page\/wp-content\/uploads\/2016\/02\/2007-028-1024x768.jpg 1024w\" sizes=\"auto, (max-width: 2048px) 100vw, 2048px\"><\/p>\n<p style=\"text-align: center;\"><img loading=\"lazy\" decoding=\"async\" class=\"aligncenter size-full wp-image-575\" src=\"https:\/\/gartner52.de\/page\/wp-content\/uploads\/2016\/02\/2007-066.jpg\" alt=\"2007 066\" width=\"800\" height=\"600\" srcset=\"https:\/\/gartner52.de\/page\/wp-content\/uploads\/2016\/02\/2007-066.jpg 800w, https:\/\/gartner52.de\/page\/wp-content\/uploads\/2016\/02\/2007-066-300x225.jpg 300w, https:\/\/gartner52.de\/page\/wp-content\/uploads\/2016\/02\/2007-066-768x576.jpg 768w\" sizes=\"auto, (max-width: 800px) 100vw, 800px\"><\/p>\n<p style=\"text-align: center;\">Die ganz kleinen spielten lieber in ihrem eigenen Pool.<br>\n<img loading=\"lazy\" decoding=\"async\" class=\"aligncenter size-full wp-image-587\" src=\"https:\/\/gartner52.de\/page\/wp-content\/uploads\/2016\/02\/2007-133.jpg\" alt=\"2007 133\" width=\"800\" height=\"600\" srcset=\"https:\/\/gartner52.de\/page\/wp-content\/uploads\/2016\/02\/2007-133.jpg 800w, https:\/\/gartner52.de\/page\/wp-content\/uploads\/2016\/02\/2007-133-300x225.jpg 300w, https:\/\/gartner52.de\/page\/wp-content\/uploads\/2016\/02\/2007-133-768x576.jpg 768w\" sizes=\"auto, (max-width: 800px) 100vw, 800px\"><\/p>\n<hr>\n<p style=\"text-align: center;\">Einmal machten wir einen Ausflug nach Pula und haben dort die Ruine der Arena und den Hafen besichtigt.<br>\nDanach sind wir noch ein wenig durch Pula spaziert. Wir waren sehr beeindruckt.<\/p>\n<p style=\"text-align: center;\"><img loading=\"lazy\" decoding=\"async\" class=\"aligncenter size-full wp-image-570\" src=\"https:\/\/gartner52.de\/page\/wp-content\/uploads\/2016\/02\/2007-040.jpg\" alt=\"2007 040\" width=\"800\" height=\"600\" srcset=\"https:\/\/gartner52.de\/page\/wp-content\/uploads\/2016\/02\/2007-040.jpg 800w, https:\/\/gartner52.de\/page\/wp-content\/uploads\/2016\/02\/2007-040-300x225.jpg 300w, https:\/\/gartner52.de\/page\/wp-content\/uploads\/2016\/02\/2007-040-768x576.jpg 768w\" sizes=\"auto, (max-width: 800px) 100vw, 800px\"><\/p>\n<p style=\"text-align: center;\"><img loading=\"lazy\" decoding=\"async\" class=\"aligncenter size-full wp-image-571\" src=\"https:\/\/gartner52.de\/page\/wp-content\/uploads\/2016\/02\/2007-044.jpg\" alt=\"2007 044\" width=\"800\" height=\"600\" srcset=\"https:\/\/gartner52.de\/page\/wp-content\/uploads\/2016\/02\/2007-044.jpg 800w, https:\/\/gartner52.de\/page\/wp-content\/uploads\/2016\/02\/2007-044-300x225.jpg 300w, https:\/\/gartner52.de\/page\/wp-content\/uploads\/2016\/02\/2007-044-768x576.jpg 768w\" sizes=\"auto, (max-width: 800px) 100vw, 800px\"><\/p>\n<p style=\"text-align: center;\"><img loading=\"lazy\" decoding=\"async\" class=\"aligncenter size-full wp-image-572\" src=\"https:\/\/gartner52.de\/page\/wp-content\/uploads\/2016\/02\/2007-055.jpg\" alt=\"2007 055\" width=\"800\" height=\"600\" srcset=\"https:\/\/gartner52.de\/page\/wp-content\/uploads\/2016\/02\/2007-055.jpg 800w, https:\/\/gartner52.de\/page\/wp-content\/uploads\/2016\/02\/2007-055-300x225.jpg 300w, https:\/\/gartner52.de\/page\/wp-content\/uploads\/2016\/02\/2007-055-768x576.jpg 768w\" sizes=\"auto, (max-width: 800px) 100vw, 800px\"><\/p>\n<hr>\n<p style=\"text-align: center;\">Ein anderer Ausflug ging die K\u00fcste entlang Richtung Umag. Auf dem Weg dorthin machten wir einen Abstecher zum Limski Kanal.<br>\nDer Limski Kanal ist ein Meeresarm, der ca. 12 km ins Land hinein ragt. Er wird oft als Fjord bezeichnet, ist aber nur eine sehr sch\u00f6ne gro\u00dfe Bucht.<br>\nAm Ende des Kanals, also dort wo man mit dem Auto hinfahren kann gibt es die Romualdo H\u00f6hle, die man zu Fu\u00df besichtigen kann.<br>\nEs hat hier auch ein \u2013 zwei Restaurants. Wenn man mit dem Wohnmobil anreist, kann man auf den Parkpl\u00e4tzen \u00fcbernachten.<br>\nMan sollte nur in den Restaurants etwas essen und den Wirt fragen ob man da bleiben darf.<br>\nAm Ufer haben viele H\u00e4ndler ihre Buden aufgebaut, dort kann man alles m\u00f6gliche kaufen.<br>\nVom Grappa bis zum Oliven\u00f6l wird alles angeboten, lecker.<\/p>\n<p style=\"text-align: center;\"><img loading=\"lazy\" decoding=\"async\" class=\"aligncenter size-full wp-image-576\" src=\"https:\/\/gartner52.de\/page\/wp-content\/uploads\/2016\/02\/2007-089.jpg\" alt=\"2007 089\" width=\"800\" height=\"600\" srcset=\"https:\/\/gartner52.de\/page\/wp-content\/uploads\/2016\/02\/2007-089.jpg 800w, https:\/\/gartner52.de\/page\/wp-content\/uploads\/2016\/02\/2007-089-300x225.jpg 300w, https:\/\/gartner52.de\/page\/wp-content\/uploads\/2016\/02\/2007-089-768x576.jpg 768w\" sizes=\"auto, (max-width: 800px) 100vw, 800px\"><\/p>\n<p><img loading=\"lazy\" decoding=\"async\" class=\"aligncenter size-full wp-image-577\" src=\"https:\/\/gartner52.de\/page\/wp-content\/uploads\/2016\/02\/2007-091.jpg\" alt=\"2007 091\" width=\"800\" height=\"600\" srcset=\"https:\/\/gartner52.de\/page\/wp-content\/uploads\/2016\/02\/2007-091.jpg 800w, https:\/\/gartner52.de\/page\/wp-content\/uploads\/2016\/02\/2007-091-300x225.jpg 300w, https:\/\/gartner52.de\/page\/wp-content\/uploads\/2016\/02\/2007-091-768x576.jpg 768w\" sizes=\"auto, (max-width: 800px) 100vw, 800px\"><\/p>\n<p style=\"text-align: center;\">Zur\u00fcck auf der Hauptstra\u00dfe f\u00e4hrt man nur 1 km den Berg hoch Richtung Porec, dort gibt es einen wundersch\u00f6nen Aussichtspunkt.<br>\nMan kann weit \u00fcber den Kanal sehen.<\/p>\n<p style=\"text-align: center;\"><img loading=\"lazy\" decoding=\"async\" class=\"aligncenter size-full wp-image-578\" src=\"https:\/\/gartner52.de\/page\/wp-content\/uploads\/2016\/02\/2007-094.jpg\" alt=\"2007 094\" width=\"800\" height=\"600\" srcset=\"https:\/\/gartner52.de\/page\/wp-content\/uploads\/2016\/02\/2007-094.jpg 800w, https:\/\/gartner52.de\/page\/wp-content\/uploads\/2016\/02\/2007-094-300x225.jpg 300w, https:\/\/gartner52.de\/page\/wp-content\/uploads\/2016\/02\/2007-094-768x576.jpg 768w\" sizes=\"auto, (max-width: 800px) 100vw, 800px\"><\/p>\n<p style=\"text-align: center;\">Wir fuhren weiter \u00fcber Porec Richtung Umag, denn die Kinder wollten dort den Campingpark Umag besichtigen.<br>\nDen Platz kennen wir noch von fr\u00fcher, und auch im letzten Jahr waren wir f\u00fcr eine Woche hier.<br>\nDen Platz selbst habe ich schon im Bericht 2006 beschrieben. In Umag machten wir einen ausgedehnten Stadtbummel.<\/p>\n<p style=\"text-align: center;\"><img loading=\"lazy\" decoding=\"async\" class=\"aligncenter size-full wp-image-582\" src=\"https:\/\/gartner52.de\/page\/wp-content\/uploads\/2016\/02\/2007-116.jpg\" alt=\"2007 116\" width=\"800\" height=\"600\" srcset=\"https:\/\/gartner52.de\/page\/wp-content\/uploads\/2016\/02\/2007-116.jpg 800w, https:\/\/gartner52.de\/page\/wp-content\/uploads\/2016\/02\/2007-116-300x225.jpg 300w, https:\/\/gartner52.de\/page\/wp-content\/uploads\/2016\/02\/2007-116-768x576.jpg 768w\" sizes=\"auto, (max-width: 800px) 100vw, 800px\"><\/p>\n<p style=\"text-align: center;\">Kirche in Umag<\/p>\n<p style=\"text-align: center;\"><img loading=\"lazy\" decoding=\"async\" class=\"aligncenter size-full wp-image-584\" src=\"https:\/\/gartner52.de\/page\/wp-content\/uploads\/2016\/02\/2007-119.jpg\" alt=\"2007 119\" width=\"800\" height=\"600\" srcset=\"https:\/\/gartner52.de\/page\/wp-content\/uploads\/2016\/02\/2007-119.jpg 800w, https:\/\/gartner52.de\/page\/wp-content\/uploads\/2016\/02\/2007-119-300x225.jpg 300w, https:\/\/gartner52.de\/page\/wp-content\/uploads\/2016\/02\/2007-119-768x576.jpg 768w\" sizes=\"auto, (max-width: 800px) 100vw, 800px\"><\/p>\n<p style=\"text-align: center;\"><img loading=\"lazy\" decoding=\"async\" class=\"aligncenter size-full wp-image-585\" src=\"https:\/\/gartner52.de\/page\/wp-content\/uploads\/2016\/02\/2007-120.jpg\" alt=\"2007 120\" width=\"800\" height=\"600\" srcset=\"https:\/\/gartner52.de\/page\/wp-content\/uploads\/2016\/02\/2007-120.jpg 800w, https:\/\/gartner52.de\/page\/wp-content\/uploads\/2016\/02\/2007-120-300x225.jpg 300w, https:\/\/gartner52.de\/page\/wp-content\/uploads\/2016\/02\/2007-120-768x576.jpg 768w\" sizes=\"auto, (max-width: 800px) 100vw, 800px\"><\/p>\n<p style=\"text-align: center;\">Den Kids hat es am besten gefallen<br>\n<img loading=\"lazy\" decoding=\"async\" class=\"aligncenter size-full wp-image-583\" src=\"https:\/\/gartner52.de\/page\/wp-content\/uploads\/2016\/02\/2007-118.jpg\" alt=\"2007 118\" width=\"800\" height=\"600\" srcset=\"https:\/\/gartner52.de\/page\/wp-content\/uploads\/2016\/02\/2007-118.jpg 800w, https:\/\/gartner52.de\/page\/wp-content\/uploads\/2016\/02\/2007-118-300x225.jpg 300w, https:\/\/gartner52.de\/page\/wp-content\/uploads\/2016\/02\/2007-118-768x576.jpg 768w\" sizes=\"auto, (max-width: 800px) 100vw, 800px\"><br>\n<img loading=\"lazy\" decoding=\"async\" class=\"aligncenter size-full wp-image-581\" src=\"https:\/\/gartner52.de\/page\/wp-content\/uploads\/2016\/02\/2007-111.jpg\" alt=\"2007 111\" width=\"800\" height=\"600\" srcset=\"https:\/\/gartner52.de\/page\/wp-content\/uploads\/2016\/02\/2007-111.jpg 800w, https:\/\/gartner52.de\/page\/wp-content\/uploads\/2016\/02\/2007-111-300x225.jpg 300w, https:\/\/gartner52.de\/page\/wp-content\/uploads\/2016\/02\/2007-111-768x576.jpg 768w\" sizes=\"auto, (max-width: 800px) 100vw, 800px\"><\/p>\n<p style=\"text-align: center;\">Danach ging es weiter nach Novigrad,<br>\ndort haben wir im Restaurant \u201eTri Palmen\u201c eine Mittagspause eingelegt und jeder hat etwas leckeres vom Grill gegessen.<br>\nHier haben wir fr\u00fcher schon gegessen, vor dem Krieg in Jugoslawien,<br>\nals unsere Kinder noch klein waren und wir noch mit dem Wohnwagen unterwegs waren.<br>\nEs schmeckte auch heute noch sehr lecker und die drei Palmen gibt es auch noch.<\/p>\n<p style=\"text-align: center;\">Nach dem Mittagessen gingen wir noch am Strand von Novigrad spazieren,<br>\nund die Kids konnten sich noch etwas austoben bevor wir uns auf den R\u00fcckweg Richtung Pula machten.<\/p>\n<p style=\"text-align: center;\"><img loading=\"lazy\" decoding=\"async\" class=\"aligncenter size-full wp-image-579\" src=\"https:\/\/gartner52.de\/page\/wp-content\/uploads\/2016\/02\/2007-100.jpg\" alt=\"2007 100\" width=\"800\" height=\"600\" srcset=\"https:\/\/gartner52.de\/page\/wp-content\/uploads\/2016\/02\/2007-100.jpg 800w, https:\/\/gartner52.de\/page\/wp-content\/uploads\/2016\/02\/2007-100-300x225.jpg 300w, https:\/\/gartner52.de\/page\/wp-content\/uploads\/2016\/02\/2007-100-768x576.jpg 768w\" sizes=\"auto, (max-width: 800px) 100vw, 800px\"><\/p>\n<p style=\"text-align: center;\"><img loading=\"lazy\" decoding=\"async\" class=\"aligncenter size-full wp-image-580\" src=\"https:\/\/gartner52.de\/page\/wp-content\/uploads\/2016\/02\/2007-102.jpg\" alt=\"2007 102\" width=\"800\" height=\"600\" srcset=\"https:\/\/gartner52.de\/page\/wp-content\/uploads\/2016\/02\/2007-102.jpg 800w, https:\/\/gartner52.de\/page\/wp-content\/uploads\/2016\/02\/2007-102-300x225.jpg 300w, https:\/\/gartner52.de\/page\/wp-content\/uploads\/2016\/02\/2007-102-768x576.jpg 768w\" sizes=\"auto, (max-width: 800px) 100vw, 800px\"><\/p>\n<p style=\"text-align: center;\">Leider geht auch der sch\u00f6nste Urlaub einmal zu Ende.<br>\nNach 2 Wochen und 3 Tagen mussten wir leider wieder abbauen, weil wir am n\u00e4chsten Tag die Heimreise antreten mussten.<br>\nAbfahrt war so gegen 11 Uhr, es wurden auch nur kurze Pausen eingelegt.<br>\nWir kamen gut durch, es gab keine Staus.<br>\nAbends wollten wir uns einen Platz zum \u00dcbernachten suchen und fuhren von einer \u00fcberf\u00fcllten Rastst\u00e4tte oder Parkplatz zum n\u00e4chsten weiter.<br>\nDie Kinder waren sehr ungeduldig und m\u00fcde. Um Mitternacht haben wir endlich an der Rastst\u00e4tte Chiemsee die letzten Abstellpl\u00e4tze gefunden<br>\nund sind m\u00fcde und ersch\u00f6pft in die Betten gefallen.<br>\nMorgens haben wir in der Rastst\u00e4tte gefr\u00fchst\u00fcckt und sind gleich in Richtung Karlsruhe weitergefahren.<br>\nUm die Mittagszeit kamen wir nach einem sch\u00f6nen, hei\u00dfen Urlaub zuhause an.<\/p>\n<p>&nbsp;<\/p>\n","protected":false},"excerpt":{"rendered":"<p>Kroatien 2007 Pula\/Fazana \u2013 Campingplatz Bi-Village &nbsp; Im Jahr 2007 waren wir mit unseren Kindern und Enkelkindern auf dem Campingplatz Bi-Village . Der Platz ist ca. 8 km von Pula entfernt. Also fast am untersten Teil von Istrien. Die Anfahrt \u2026 <a href=\"https:\/\/gartner52.de\/page\/kroatien-2007\/\">Weiter<\/a><\/p>\n","protected":false},"author":1,"featured_media":0,"parent":0,"menu_order":0,"comment_status":"closed","ping_status":"closed","template":"","meta":{"wp_typography_post_enhancements_disabled":false,"kt_blocks_editor_width":"","footnotes":""},"class_list":["post-203","page","type-page","status-publish","hentry"],"_links":{"self":[{"href":"https:\/\/gartner52.de\/page\/wp-json\/wp\/v2\/pages\/203","targetHints":{"allow":["GET"]}}],"collection":[{"href":"https:\/\/gartner52.de\/page\/wp-json\/wp\/v2\/pages"}],"about":[{"href":"https:\/\/gartner52.de\/page\/wp-json\/wp\/v2\/types\/page"}],"author":[{"embeddable":true,"href":"https:\/\/gartner52.de\/page\/wp-json\/wp\/v2\/users\/1"}],"replies":[{"embeddable":true,"href":"https:\/\/gartner52.de\/page\/wp-json\/wp\/v2\/comments?post=203"}],"version-history":[{"count":13,"href":"https:\/\/gartner52.de\/page\/wp-json\/wp\/v2\/pages\/203\/revisions"}],"predecessor-version":[{"id":1228,"href":"https:\/\/gartner52.de\/page\/wp-json\/wp\/v2\/pages\/203\/revisions\/1228"}],"wp:attachment":[{"href":"https:\/\/gartner52.de\/page\/wp-json\/wp\/v2\/media?parent=203"}],"curies":[{"name":"wp","href":"https:\/\/api.w.org\/{rel}","templated":true}]}}