{"id":16,"date":"2016-02-07T17:30:03","date_gmt":"2016-02-07T16:30:03","guid":{"rendered":"http:\/\/gartner52.de\/page\/?page_id=16"},"modified":"2016-02-14T16:42:04","modified_gmt":"2016-02-14T15:42:04","slug":"menue-1","status":"publish","type":"page","link":"https:\/\/gartner52.de\/page\/menue-1\/","title":{"rendered":"Unser Granduca"},"content":{"rendered":"<h3 style=\"text-align: center;\">Unser erstes Wohnmobil war ein Teilintegrierter<br>\nder Marke Auto Roller<\/h3>\n<p style=\"text-align: center;\"><span style=\"color: #ff0000;\">Mit 22000 km im April 2011 an den H\u00e4ndler in Zahlung gegeben<\/span><\/p>\n<p><strong>- Fahrzeugtyp: Granduca Garage P<\/strong><br>\n<span style=\"color: #3366ff;\">- Basisfahrzeug: Renault Master dCi 120<\/span><br>\n<span style=\"color: #3366ff;\"> \u2013 Ausf\u00fchrung: Teilintegriert<\/span><br>\n<span style=\"color: #3366ff;\"> \u2013 Anzahl der Schlafpl\u00e4tze: 4<\/span><br>\n<span style=\"color: #3366ff;\"> \u2013 Baujahr: 2006<\/span><br>\n<span style=\"color: #3366ff;\"> \u2013 Kilometerstand Nov. 2010: 22000 km<\/span><br>\n<span style=\"color: #3366ff;\"> \u2013 Gesamtgewicht: 3500 kg<\/span><br>\n<span style=\"color: #3366ff;\"> \u2013 Kaufpreis: 40000 \u20acuro<\/span><br>\n<span style=\"color: #3366ff;\"> \u2013 Wert der nachtr\u00e4glichen Anschaffungen: ca. 4000 \u20acuro<br>\n<\/span><br>\n<strong> <u>Im Neupreis enthaltene Zusatzausstattungen waren:<\/u><\/strong><br>\n<span style=\"color: #3366ff;\">- Backofen, Dometic TecTower mit extra Gefrierfach<\/span><br>\n<span style=\"color: #3366ff;\"> \u2013 3m Markise, <\/span><br>\n<span style=\"color: #3366ff;\"> \u2013 Funkr\u00fcckfahrcamera mit 7\u2033 Farbdisplay<\/span><br>\n<span style=\"color: #3366ff;\"> \u2013 Sat Anlage mit Receiver, 15\u2033 <span class=\"caps\">TFT<\/span> Fernseher<\/span><br>\n<span style=\"color: #3366ff;\"> \u2013 Luftfederung<\/span><br>\n<span style=\"color: #3366ff;\"> \u2013 Am Basisfahrzeug Klimaanlage <\/span><br>\n<span style=\"color: #3366ff;\"> \u2013 <span class=\"caps\">CD<\/span> Stereo Autoradio<\/span><br>\n<span style=\"color: #3366ff;\"> \u2013 Zentralverriegelung mit Fernbedienung <\/span><br>\n<span style=\"color: #3366ff;\"> \u2013 elektrisch verstellbare und beheizbare Spiegel<\/span><br>\n<span style=\"color: #3366ff;\"> \u2013 Feuerl\u00f6scher, 105Ah Bordbatterie<br>\n<\/span><br>\n<span style=\"color: #000000;\"> &nbsp; <strong><u>Nachtr\u00e4glich eingebaut:<\/u><\/strong> <\/span><br>\n<span style=\"color: #3366ff;\"> \u2013 Roller Tr\u00e4ger Micro 120 kg Nutzlast, bei Fa. Goldschmitt.<\/span><br>\n<span style=\"color: #3366ff;\"> \u2013 4 Meter Markise&nbsp; <\/span><br>\n<span style=\"color: #3366ff;\"> \u2013 4 m Kederleiste unter die Markise<\/span><br>\n<span style=\"color: #3366ff;\"> \u2013 Metall Ventile an den Felgen<br>\n<\/span><br>\n<span style=\"color: #000000;\"> &nbsp;<strong> <u>Eigene Umbauten<\/u>:<\/strong> <\/span><br>\n<span style=\"color: #3366ff;\"> \u2013 Festes Regal im Kleiderschrank und in der Garage,<\/span><br>\n<span style=\"color: #3366ff;\"> \u2013 \u00fcber der K\u00fcche und dem Bett je ein neues Midi Heki mit klarem Dach. &nbsp; <\/span><br>\n<span style=\"color: #3366ff;\"> \u2013 Abdeckung f\u00fcr Sp\u00fclbecken in der K\u00fcche<\/span><br>\n<span style=\"color: #3366ff;\"> \u2013 Manuelle Hubst\u00fctzen hinten.<\/span><br>\n<span style=\"color: #3366ff;\"> \u2013 - \u2013 - \u2013 - \u2013 - \u2013 - \u2013 - \u2013 - \u2013 - \u2013 - \u2013 - \u2013 - \u2013 - \u2013 -&nbsp; <\/span><br>\n<span style=\"color: #3366ff;\"> \u2013 Wintertauglich ist er nicht so richtig da der Abwassertank nicht isoliert ist.<\/span><br>\n<span style=\"color: #3366ff;\"> \u2013 Anzahl der Schlafpl\u00e4tze 4 <\/span><br>\n<span style=\"color: #3366ff;\"> \u2013 Raumgef\u00fchl gut, alles sch\u00f6n hell. Uns gefallen keine M\u00f6bel die es innen so dunkel machen. <\/span><br>\n<span style=\"color: #3366ff;\"> &nbsp; Nussbaum&nbsp; k\u00e4me f\u00fcr uns nie in Frage.<\/span><br>\n<span style=\"color: #3366ff;\"> \u2013 Qualit\u00e4t der M\u00f6bel ist Durchschnitt, haben noch keine Beanstandungen. Alle Scharniere fest. <\/span><br>\n<span style=\"color: #3366ff;\"> \u2013 Funktionalit\u00e4t von K\u00fcche und Bad sehr gut. Bad ist gro\u00df genug, <\/span><br>\n<span style=\"color: #3366ff;\"> &nbsp; vor allen die extra Dusche mit fester T\u00fcr gef\u00e4llt uns.<\/span><br>\n<span style=\"color: #3366ff;\"> \u2013 In der K\u00fcche fehlt es etwas an Abstellpatz. <\/span><br>\n<span style=\"color: #3366ff;\"> &nbsp; Ich habe \u00fcber dem Sp\u00fclbecken eine Holzplatte eingepasst das&nbsp; hilft ein wenig.<\/span><\/p>\n<p><span style=\"color: #000000;\"> &nbsp; <strong><u>Defekte bis heute:<\/u><\/strong><\/span><br>\n<span style=\"color: #3366ff;\"> \u2013 Die <em><u>Sitzpolster<\/u><\/em> waren von Anfang an sehr weich. Diese wurden von Trigano auf Garantie komplett<\/span><br>\n<span style=\"color: #3366ff;\"> &nbsp; ausgetauscht.&nbsp; Und die alten Polster konnten wir behalten. Die Lieferung dauerte aber so 3 Monate.&nbsp; &nbsp; &nbsp; &nbsp; <\/span><br>\n<span style=\"color: #3366ff;\"> \u2013 Die beiden <em><u>Spiegel<\/u><\/em>, im Bad und in der Garderobe bekamen am Rand braune R\u00e4nder. <\/span><br>\n<span style=\"color: #3366ff;\"> &nbsp; Auch hier bekamen wir kostenlos 2 neue Spiegel. Diese habe ich bei einem Glaser in unserer N\u00e4he <\/span><br>\n<span style=\"color: #3366ff;\"> &nbsp; selbst anfertigen lassen. Die Rechnung ging an den H\u00e4ndler.<\/span><br>\n<span style=\"color: #3366ff;\"> \u2013 Der Wasserhahn der Dusche hatte eine <em><u>defekte Dichtung<\/u><\/em>, beim H\u00e4ndler kostet das Ersatzteil 17,00 \u20acuro.<\/span><br>\n<span style=\"color: #3366ff;\"> &nbsp; Hier wird das ganze Innenteil des Wasserhahns ausgetauscht obwohl die Dichtung einzeln <\/span><br>\n<span style=\"color: #3366ff;\"> &nbsp; herausnehmbar ist. Die Dichtung sollte nicht mehr als 90 Cent kosten.<\/span><br>\n<span style=\"color: #3366ff;\"> &nbsp; Ich habe bei der Fa. Reich nachgefragt warum ich f\u00fcr einen Cent Artikel so viel Geld zahlen soll,<\/span><br>\n<span style=\"color: #3366ff;\"> &nbsp; und bekam das komplette Teil kostenlos ersetzt. Aber eine Erkl\u00e4rung gab es nicht, trotzdem <em>Danke an die Fa.Reich<\/em><em>.<\/em>&nbsp;<\/span><br>\n<span style=\"color: #3366ff;\"> \u2013 Dometic hatte beim K\u00fchlschrank schon 2 mal eine Sicherheits\u00fcberpr\u00fcfung, da kam der Techniker ins <\/span><br>\n<span style=\"color: #3366ff;\"> &nbsp; Haus.<\/span><\/p>\n<p><span style=\"color: #000000;\">&nbsp;<strong> Mehr ist nicht defekt gewesen.<\/strong><\/span><\/p>\n<p style=\"text-align: center;\"><img loading=\"lazy\" decoding=\"async\" class=\"aligncenter size-full wp-image-242\" src=\"https:\/\/gartner52.de\/page\/wp-content\/uploads\/2016\/02\/WoMo.jpg\" alt=\"WoMo\" width=\"800\" height=\"600\"><\/p>\n<p style=\"text-align: center;\"><img loading=\"lazy\" decoding=\"async\" class=\"aligncenter size-full wp-image-244\" src=\"https:\/\/gartner52.de\/page\/wp-content\/uploads\/2016\/02\/Innen2.jpg\" alt=\"Innen2\" width=\"640\" height=\"480\" srcset=\"https:\/\/gartner52.de\/page\/wp-content\/uploads\/2016\/02\/Innen2.jpg 640w, https:\/\/gartner52.de\/page\/wp-content\/uploads\/2016\/02\/Innen2-300x225.jpg 300w\" sizes=\"auto, (max-width: 640px) 100vw, 640px\"><\/p>\n<p style=\"text-align: center;\"><img loading=\"lazy\" decoding=\"async\" class=\"aligncenter size-full wp-image-243\" src=\"https:\/\/gartner52.de\/page\/wp-content\/uploads\/2016\/02\/Innen1.jpg\" alt=\"Innen1\" width=\"640\" height=\"480\" srcset=\"https:\/\/gartner52.de\/page\/wp-content\/uploads\/2016\/02\/Innen1.jpg 640w, https:\/\/gartner52.de\/page\/wp-content\/uploads\/2016\/02\/Innen1-300x225.jpg 300w\" sizes=\"auto, (max-width: 640px) 100vw, 640px\"><\/p>\n","protected":false},"excerpt":{"rendered":"<p>Unser erstes Wohnmobil war ein Teilintegrierter der Marke Auto Roller Mit 22000 km im April 2011 an den H\u00e4ndler in Zahlung gegeben \u2013 Fahrzeugtyp: Granduca Garage P \u2013 Basisfahrzeug: Renault Master dCi 120 \u2013 Ausf\u00fchrung: Teilintegriert \u2013 Anzahl der Schlafpl\u00e4tze: \u2026 <a href=\"https:\/\/gartner52.de\/page\/menue-1\/\">Weiter<\/a><\/p>\n","protected":false},"author":1,"featured_media":0,"parent":0,"menu_order":0,"comment_status":"closed","ping_status":"closed","template":"","meta":{"wp_typography_post_enhancements_disabled":false,"kt_blocks_editor_width":"","footnotes":""},"class_list":["post-16","page","type-page","status-publish","hentry"],"_links":{"self":[{"href":"https:\/\/gartner52.de\/page\/wp-json\/wp\/v2\/pages\/16","targetHints":{"allow":["GET"]}}],"collection":[{"href":"https:\/\/gartner52.de\/page\/wp-json\/wp\/v2\/pages"}],"about":[{"href":"https:\/\/gartner52.de\/page\/wp-json\/wp\/v2\/types\/page"}],"author":[{"embeddable":true,"href":"https:\/\/gartner52.de\/page\/wp-json\/wp\/v2\/users\/1"}],"replies":[{"embeddable":true,"href":"https:\/\/gartner52.de\/page\/wp-json\/wp\/v2\/comments?post=16"}],"version-history":[{"count":9,"href":"https:\/\/gartner52.de\/page\/wp-json\/wp\/v2\/pages\/16\/revisions"}],"predecessor-version":[{"id":817,"href":"https:\/\/gartner52.de\/page\/wp-json\/wp\/v2\/pages\/16\/revisions\/817"}],"wp:attachment":[{"href":"https:\/\/gartner52.de\/page\/wp-json\/wp\/v2\/media?parent=16"}],"curies":[{"name":"wp","href":"https:\/\/api.w.org\/{rel}","templated":true}]}}