{"id":1495,"date":"2016-02-18T20:56:16","date_gmt":"2016-02-18T19:56:16","guid":{"rendered":"http:\/\/gartner52.de\/page\/?page_id=1495"},"modified":"2016-12-18T13:12:02","modified_gmt":"2016-12-18T12:12:02","slug":"2008-ruelzheim-pfalz","status":"publish","type":"page","link":"https:\/\/gartner52.de\/page\/2008-ruelzheim-pfalz\/","title":{"rendered":"2008 R\u00fclzheim-Pfalz"},"content":{"rendered":"<h2 style=\"text-align: center;\"><span style=\"color: #3366ff;\">Besuch des Campingplatz R\u00fclzheim in der Pfalz<\/span><\/h2>\n<h4 style=\"text-align: center;\"><em><span style=\"color: #008000;\">Kleiner Bildbericht \u00fcber ein Kurzwochenende in der nahen Pfalz<\/span><\/em><\/h4>\n<p><span style=\"font-family: arial,helvetica,sans-serif; font-size: 12pt;\">Unser Wohnmobil bekam beim H\u00e4ndler eine 4 Meter lange Markise. Diese sollte nun auch gleich mal getestet werden. So fuhren wir \u00fcber das Wochenende nach R\u00fclzheim zum Campingplatz beim Freizeitbad Mobby Dick.<\/span><br>\n<img loading=\"lazy\" decoding=\"async\" class=\"alignnone size-full wp-image-2067\" src=\"https:\/\/gartner52.de\/page\/wp-content\/uploads\/2016\/02\/2008R\u00fclzheim01.jpg\" alt=\"2008R\u00fclzheim01\" width=\"800\" height=\"600\" srcset=\"https:\/\/gartner52.de\/page\/wp-content\/uploads\/2016\/02\/2008R\u00fclzheim01.jpg 800w, https:\/\/gartner52.de\/page\/wp-content\/uploads\/2016\/02\/2008R\u00fclzheim01-300x225.jpg 300w, https:\/\/gartner52.de\/page\/wp-content\/uploads\/2016\/02\/2008R\u00fclzheim01-768x576.jpg 768w\" sizes=\"auto, (max-width: 800px) 100vw, 800px\"><span style=\"font-family: arial,helvetica,sans-serif; font-size: 12pt;\">Die Markise ist einen Meter l\u00e4nger als die alte, das merkt man schon beim herausdrehen. Nun ist die Garagenklappe bei Regen auch im Trockenen<\/span><img loading=\"lazy\" decoding=\"async\" class=\"alignnone size-full wp-image-2068\" src=\"https:\/\/gartner52.de\/page\/wp-content\/uploads\/2016\/02\/2008R\u00fclzheim02.jpg\" alt=\"2008R\u00fclzheim02\" width=\"800\" height=\"600\" srcset=\"https:\/\/gartner52.de\/page\/wp-content\/uploads\/2016\/02\/2008R\u00fclzheim02.jpg 800w, https:\/\/gartner52.de\/page\/wp-content\/uploads\/2016\/02\/2008R\u00fclzheim02-300x225.jpg 300w, https:\/\/gartner52.de\/page\/wp-content\/uploads\/2016\/02\/2008R\u00fclzheim02-768x576.jpg 768w\" sizes=\"auto, (max-width: 800px) 100vw, 800px\"><span style=\"font-family: arial,helvetica,sans-serif; font-size: 12pt;\">Unsere Tochter mit Familie war auch dabei. Den Jungs hat es wie immer super gefallen<\/span><br>\n<img loading=\"lazy\" decoding=\"async\" class=\"alignnone size-full wp-image-2069\" src=\"https:\/\/gartner52.de\/page\/wp-content\/uploads\/2016\/02\/2008R\u00fclzheim03.jpg\" alt=\"2008R\u00fclzheim03\" width=\"800\" height=\"600\" srcset=\"https:\/\/gartner52.de\/page\/wp-content\/uploads\/2016\/02\/2008R\u00fclzheim03.jpg 800w, https:\/\/gartner52.de\/page\/wp-content\/uploads\/2016\/02\/2008R\u00fclzheim03-300x225.jpg 300w, https:\/\/gartner52.de\/page\/wp-content\/uploads\/2016\/02\/2008R\u00fclzheim03-768x576.jpg 768w\" sizes=\"auto, (max-width: 800px) 100vw, 800px\"><span style=\"font-family: arial,helvetica,sans-serif; font-size: 12pt;\">Das Wetter spielte auch mit. Es war sehr warm und die Sonne schien an allen Tagen.<\/span><\/p>\n<p><img loading=\"lazy\" decoding=\"async\" class=\"alignnone size-full wp-image-2070\" src=\"https:\/\/gartner52.de\/page\/wp-content\/uploads\/2016\/02\/2008R\u00fclzheim04.jpg\" alt=\"2008R\u00fclzheim04\" width=\"800\" height=\"600\" srcset=\"https:\/\/gartner52.de\/page\/wp-content\/uploads\/2016\/02\/2008R\u00fclzheim04.jpg 800w, https:\/\/gartner52.de\/page\/wp-content\/uploads\/2016\/02\/2008R\u00fclzheim04-300x225.jpg 300w, https:\/\/gartner52.de\/page\/wp-content\/uploads\/2016\/02\/2008R\u00fclzheim04-768x576.jpg 768w\" sizes=\"auto, (max-width: 800px) 100vw, 800px\"><span style=\"font-family: arial,helvetica,sans-serif; font-size: 12pt;\">Am Samstag waren wir im Schwimmbad \u201cMobby Dick\u201d das genau gegen\u00fcber vom Campingplatz war.<\/span><br>\n<span style=\"font-family: arial,helvetica,sans-serif; font-size: 12pt;\"> Es ist ein einfacheres Schwimmbad mit einem Innenbecken und einem Aussenbecken. Es gibt auch noch einen Badesee, der war noch nicht in Betrieb. Daf\u00fcr war es noch zu kalt. Irgendwie scheinen der Campingplatz und das Schwimmbad zusammenn zu geh\u00f6ren. Es war nicht schlecht, wir blieben auch einige Stunden.<br>\nDen Kindern hat es auf jeden Fall gefallen.<\/span><\/p>\n<p><img loading=\"lazy\" decoding=\"async\" class=\"alignnone size-full wp-image-2072\" src=\"https:\/\/gartner52.de\/page\/wp-content\/uploads\/2016\/02\/2008R\u00fclzheim06.jpg\" alt=\"2008R\u00fclzheim06\" width=\"800\" height=\"600\" srcset=\"https:\/\/gartner52.de\/page\/wp-content\/uploads\/2016\/02\/2008R\u00fclzheim06.jpg 800w, https:\/\/gartner52.de\/page\/wp-content\/uploads\/2016\/02\/2008R\u00fclzheim06-300x225.jpg 300w, https:\/\/gartner52.de\/page\/wp-content\/uploads\/2016\/02\/2008R\u00fclzheim06-768x576.jpg 768w\" sizes=\"auto, (max-width: 800px) 100vw, 800px\"><img loading=\"lazy\" decoding=\"async\" class=\"alignnone size-full wp-image-2071\" src=\"https:\/\/gartner52.de\/page\/wp-content\/uploads\/2016\/02\/2008R\u00fclzheim05.jpg\" alt=\"2008R\u00fclzheim05\" width=\"800\" height=\"600\" srcset=\"https:\/\/gartner52.de\/page\/wp-content\/uploads\/2016\/02\/2008R\u00fclzheim05.jpg 800w, https:\/\/gartner52.de\/page\/wp-content\/uploads\/2016\/02\/2008R\u00fclzheim05-300x225.jpg 300w, https:\/\/gartner52.de\/page\/wp-content\/uploads\/2016\/02\/2008R\u00fclzheim05-768x576.jpg 768w\" sizes=\"auto, (max-width: 800px) 100vw, 800px\"><img loading=\"lazy\" decoding=\"async\" class=\"alignnone size-full wp-image-2073\" src=\"https:\/\/gartner52.de\/page\/wp-content\/uploads\/2016\/02\/2008R\u00fclzheim07.jpg\" alt=\"2008R\u00fclzheim07\" width=\"800\" height=\"600\" srcset=\"https:\/\/gartner52.de\/page\/wp-content\/uploads\/2016\/02\/2008R\u00fclzheim07.jpg 800w, https:\/\/gartner52.de\/page\/wp-content\/uploads\/2016\/02\/2008R\u00fclzheim07-300x225.jpg 300w, https:\/\/gartner52.de\/page\/wp-content\/uploads\/2016\/02\/2008R\u00fclzheim07-768x576.jpg 768w\" sizes=\"auto, (max-width: 800px) 100vw, 800px\"><img loading=\"lazy\" decoding=\"async\" class=\"alignnone size-full wp-image-2074\" src=\"https:\/\/gartner52.de\/page\/wp-content\/uploads\/2016\/02\/2008R\u00fclzheim08.jpg\" alt=\"2008R\u00fclzheim08\" width=\"800\" height=\"600\" srcset=\"https:\/\/gartner52.de\/page\/wp-content\/uploads\/2016\/02\/2008R\u00fclzheim08.jpg 800w, https:\/\/gartner52.de\/page\/wp-content\/uploads\/2016\/02\/2008R\u00fclzheim08-300x225.jpg 300w, https:\/\/gartner52.de\/page\/wp-content\/uploads\/2016\/02\/2008R\u00fclzheim08-768x576.jpg 768w\" sizes=\"auto, (max-width: 800px) 100vw, 800px\"><img loading=\"lazy\" decoding=\"async\" class=\"alignnone size-full wp-image-2075\" src=\"https:\/\/gartner52.de\/page\/wp-content\/uploads\/2016\/02\/2008R\u00fclzheim09.jpg\" alt=\"2008R\u00fclzheim09\" width=\"800\" height=\"600\" srcset=\"https:\/\/gartner52.de\/page\/wp-content\/uploads\/2016\/02\/2008R\u00fclzheim09.jpg 800w, https:\/\/gartner52.de\/page\/wp-content\/uploads\/2016\/02\/2008R\u00fclzheim09-300x225.jpg 300w, https:\/\/gartner52.de\/page\/wp-content\/uploads\/2016\/02\/2008R\u00fclzheim09-768x576.jpg 768w\" sizes=\"auto, (max-width: 800px) 100vw, 800px\"><\/p>\n<p><span style=\"font-family: arial,helvetica,sans-serif; font-size: 12pt;\"><strong><span style=\"color: #3366ff;\">Zusammenfassung:<\/span><\/strong><\/span><\/p>\n<p><span style=\"color: #3366ff; font-family: arial,helvetica,sans-serif; font-size: 12pt;\">Der Campingplatz ist mit Dauercampern \u00fcbers\u00e4t. Wir standen weit weg vom einzigen Sanit\u00e4rgeb\u00e4ude. Zu Fu\u00df brauchte man gut 4 Minuten zur Toilette, f\u00fcr die Kinder nicht so gut. Bei der Ankunft auf dem Platz mussten wir unseren Aufenthalt sofort bezahlen, so etwas geht ja gar nicht. Das habe ich noch auf keinem <span class=\"caps\">CP<\/span> erlebt. Unser Stromkabel durften wir auch gleich wieder einpacken, hier bestand man auf 2,5qmm Kabel. Ich habe mir das Warum dann erkl\u00e4ren lassen und war am Ende \u00fcberzeugt. Ein Leihkabel gab es kostenlos. Ich habe auch mittlerweile ein entsprechend dickes Kabel besorgt. Die Stellpl\u00e4tze waren alle ausreichend gro\u00df, die Toiletten waren sauber. Zum Schwimmbad waren es nur wenige Schritte. Einen Folgebesuch m\u00fcssen wir uns noch \u00fcberlegen, so ganz \u00fcberzeugt hat uns der Platz nicht.<\/span><\/p>\n<h4><span style=\"color: #3366ff;\">&nbsp;<\/span><\/h4>\n<h5 style=\"text-align: center;\"><a href=\"https:\/\/gartner52.de\/page\/\">zur\u00fcck zur Startseite<\/a><\/h5>\n","protected":false},"excerpt":{"rendered":"<p>Besuch des Campingplatz R\u00fclzheim in der Pfalz Kleiner Bildbericht \u00fcber ein Kurzwochenende in der nahen Pfalz Unser Wohnmobil bekam beim H\u00e4ndler eine 4 Meter lange Markise. Diese sollte nun auch gleich mal getestet werden. So fuhren wir \u00fcber das Wochenende \u2026 <a href=\"https:\/\/gartner52.de\/page\/2008-ruelzheim-pfalz\/\">Weiter<\/a><\/p>\n","protected":false},"author":4,"featured_media":0,"parent":0,"menu_order":0,"comment_status":"closed","ping_status":"closed","template":"","meta":{"wp_typography_post_enhancements_disabled":false,"kt_blocks_editor_width":"","footnotes":""},"class_list":["post-1495","page","type-page","status-publish","hentry"],"_links":{"self":[{"href":"https:\/\/gartner52.de\/page\/wp-json\/wp\/v2\/pages\/1495","targetHints":{"allow":["GET"]}}],"collection":[{"href":"https:\/\/gartner52.de\/page\/wp-json\/wp\/v2\/pages"}],"about":[{"href":"https:\/\/gartner52.de\/page\/wp-json\/wp\/v2\/types\/page"}],"author":[{"embeddable":true,"href":"https:\/\/gartner52.de\/page\/wp-json\/wp\/v2\/users\/4"}],"replies":[{"embeddable":true,"href":"https:\/\/gartner52.de\/page\/wp-json\/wp\/v2\/comments?post=1495"}],"version-history":[{"count":13,"href":"https:\/\/gartner52.de\/page\/wp-json\/wp\/v2\/pages\/1495\/revisions"}],"predecessor-version":[{"id":4831,"href":"https:\/\/gartner52.de\/page\/wp-json\/wp\/v2\/pages\/1495\/revisions\/4831"}],"wp:attachment":[{"href":"https:\/\/gartner52.de\/page\/wp-json\/wp\/v2\/media?parent=1495"}],"curies":[{"name":"wp","href":"https:\/\/api.w.org\/{rel}","templated":true}]}}