{"id":1493,"date":"2016-02-18T20:55:43","date_gmt":"2016-02-18T19:55:43","guid":{"rendered":"http:\/\/gartner52.de\/page\/?page_id=1493"},"modified":"2016-12-18T13:06:20","modified_gmt":"2016-12-18T12:06:20","slug":"2008-cp-cimbria-neckarzimmern","status":"publish","type":"page","link":"https:\/\/gartner52.de\/page\/2008-cp-cimbria-neckarzimmern\/","title":{"rendered":"2008 CP-Cimbria Neckarzimmern"},"content":{"rendered":"<h2 style=\"text-align: center;\"><span style=\"color: #3366ff;\">Campingplatz-Cimbria&nbsp; bei Neckarzimmern<\/span><\/h2>\n<p style=\"text-align: center;\"><span style=\"color: #008000; font-family: arial,helvetica,sans-serif; font-size: 14pt;\">01.05.2008 bis 04.05.2008<\/span><\/p>\n<p><span style=\"font-size: 12pt;\"><span style=\"font-family: arial,helvetica,sans-serif;\">\u00dcber den ersten Mai 2008 wollten wir auf einen Campingplatz am Neckar fahren. Wir suchten im Netz und fanden den Camping Cimbria in Neckarzimmern. Er ist nicht sehr gro\u00df, aber von der Lage her hat er uns gleich ganz gut gefallen. Von hier aus kann man nach Heidelberg und nach Heilbronn fahren. Auch Mosbach liegt nur ca. 3 km weit weg und ist ganz einfach <\/span>mit dem Fahrrad<\/span> <span style=\"font-family: arial,helvetica,sans-serif; font-size: 12pt;\">zu erreichen.<\/span><img loading=\"lazy\" decoding=\"async\" class=\"alignnone size-full wp-image-2030\" src=\"https:\/\/gartner52.de\/page\/wp-content\/uploads\/2016\/02\/2008Cimbria03.jpg\" alt=\"2008Cimbria03\" width=\"800\" height=\"600\" srcset=\"https:\/\/gartner52.de\/page\/wp-content\/uploads\/2016\/02\/2008Cimbria03.jpg 800w, https:\/\/gartner52.de\/page\/wp-content\/uploads\/2016\/02\/2008Cimbria03-300x225.jpg 300w, https:\/\/gartner52.de\/page\/wp-content\/uploads\/2016\/02\/2008Cimbria03-768x576.jpg 768w\" sizes=\"auto, (max-width: 800px) 100vw, 800px\"><span style=\"font-family: arial,helvetica,sans-serif; font-size: 12pt;\">Die Stellpl\u00e4tze sind sch\u00f6n angelegt und auch ausreichend gro\u00df<\/span><br>\n<img loading=\"lazy\" decoding=\"async\" class=\"alignnone size-full wp-image-2028\" src=\"https:\/\/gartner52.de\/page\/wp-content\/uploads\/2016\/02\/2008Cimbria01.jpg\" alt=\"2008Cimbria01\" width=\"800\" height=\"600\" srcset=\"https:\/\/gartner52.de\/page\/wp-content\/uploads\/2016\/02\/2008Cimbria01.jpg 800w, https:\/\/gartner52.de\/page\/wp-content\/uploads\/2016\/02\/2008Cimbria01-300x225.jpg 300w, https:\/\/gartner52.de\/page\/wp-content\/uploads\/2016\/02\/2008Cimbria01-768x576.jpg 768w\" sizes=\"auto, (max-width: 800px) 100vw, 800px\"><span style=\"font-family: arial,helvetica,sans-serif; font-size: 12pt;\">Wir hatten hier viel Platz<\/span><img loading=\"lazy\" decoding=\"async\" class=\"alignnone size-full wp-image-2029\" src=\"https:\/\/gartner52.de\/page\/wp-content\/uploads\/2016\/02\/2008Cimbria02.jpg\" alt=\"2008Cimbria02\" width=\"800\" height=\"600\" srcset=\"https:\/\/gartner52.de\/page\/wp-content\/uploads\/2016\/02\/2008Cimbria02.jpg 800w, https:\/\/gartner52.de\/page\/wp-content\/uploads\/2016\/02\/2008Cimbria02-300x225.jpg 300w, https:\/\/gartner52.de\/page\/wp-content\/uploads\/2016\/02\/2008Cimbria02-768x576.jpg 768w\" sizes=\"auto, (max-width: 800px) 100vw, 800px\"><span style=\"font-family: arial,helvetica,sans-serif; font-size: 12pt;\">Hier sind wir mit den Fahrr\u00e4dern zur Burg Hornberg unterwegs. Geht ganz sch\u00f6n Bergauf.<br>\n<\/span><\/p>\n<p><img loading=\"lazy\" decoding=\"async\" class=\"alignnone size-full wp-image-2031\" src=\"https:\/\/gartner52.de\/page\/wp-content\/uploads\/2016\/02\/2008Cimbria04.jpg\" alt=\"2008Cimbria04\" width=\"800\" height=\"600\" srcset=\"https:\/\/gartner52.de\/page\/wp-content\/uploads\/2016\/02\/2008Cimbria04.jpg 800w, https:\/\/gartner52.de\/page\/wp-content\/uploads\/2016\/02\/2008Cimbria04-300x225.jpg 300w, https:\/\/gartner52.de\/page\/wp-content\/uploads\/2016\/02\/2008Cimbria04-768x576.jpg 768w\" sizes=\"auto, (max-width: 800px) 100vw, 800px\"><img loading=\"lazy\" decoding=\"async\" class=\"alignnone size-full wp-image-2033\" src=\"https:\/\/gartner52.de\/page\/wp-content\/uploads\/2016\/02\/2008Cimbria06.jpg\" alt=\"2008Cimbria06\" width=\"800\" height=\"600\" srcset=\"https:\/\/gartner52.de\/page\/wp-content\/uploads\/2016\/02\/2008Cimbria06.jpg 800w, https:\/\/gartner52.de\/page\/wp-content\/uploads\/2016\/02\/2008Cimbria06-300x225.jpg 300w, https:\/\/gartner52.de\/page\/wp-content\/uploads\/2016\/02\/2008Cimbria06-768x576.jpg 768w\" sizes=\"auto, (max-width: 800px) 100vw, 800px\"><span style=\"font-family: arial,helvetica,sans-serif; font-size: 12pt;\">Diese Burg sollte man gesehen haben! Es ist nicht nur eine Ruine.....<\/span><br>\n<img loading=\"lazy\" decoding=\"async\" class=\"alignnone size-full wp-image-2036\" src=\"https:\/\/gartner52.de\/page\/wp-content\/uploads\/2016\/02\/2008Cimbria09.jpg\" alt=\"2008Cimbria09\" width=\"800\" height=\"600\" srcset=\"https:\/\/gartner52.de\/page\/wp-content\/uploads\/2016\/02\/2008Cimbria09.jpg 800w, https:\/\/gartner52.de\/page\/wp-content\/uploads\/2016\/02\/2008Cimbria09-300x225.jpg 300w, https:\/\/gartner52.de\/page\/wp-content\/uploads\/2016\/02\/2008Cimbria09-768x576.jpg 768w\" sizes=\"auto, (max-width: 800px) 100vw, 800px\"><img loading=\"lazy\" decoding=\"async\" class=\"alignnone size-full wp-image-2035\" src=\"https:\/\/gartner52.de\/page\/wp-content\/uploads\/2016\/02\/2008Cimbria08.jpg\" alt=\"2008Cimbria08\" width=\"800\" height=\"600\" srcset=\"https:\/\/gartner52.de\/page\/wp-content\/uploads\/2016\/02\/2008Cimbria08.jpg 800w, https:\/\/gartner52.de\/page\/wp-content\/uploads\/2016\/02\/2008Cimbria08-300x225.jpg 300w, https:\/\/gartner52.de\/page\/wp-content\/uploads\/2016\/02\/2008Cimbria08-768x576.jpg 768w\" sizes=\"auto, (max-width: 800px) 100vw, 800px\"><span style=\"font-family: arial,helvetica,sans-serif; font-size: 12pt;\">Die Staustufe mit E\u2011Kraftwerk bei Neckarzimmern<\/span><br>\n<img loading=\"lazy\" decoding=\"async\" class=\"alignnone size-full wp-image-2032\" src=\"https:\/\/gartner52.de\/page\/wp-content\/uploads\/2016\/02\/2008Cimbria05.jpg\" alt=\"2008Cimbria05\" width=\"800\" height=\"600\" srcset=\"https:\/\/gartner52.de\/page\/wp-content\/uploads\/2016\/02\/2008Cimbria05.jpg 800w, https:\/\/gartner52.de\/page\/wp-content\/uploads\/2016\/02\/2008Cimbria05-300x225.jpg 300w, https:\/\/gartner52.de\/page\/wp-content\/uploads\/2016\/02\/2008Cimbria05-768x576.jpg 768w\" sizes=\"auto, (max-width: 800px) 100vw, 800px\"><img loading=\"lazy\" decoding=\"async\" class=\"alignnone size-full wp-image-2037\" src=\"https:\/\/gartner52.de\/page\/wp-content\/uploads\/2016\/02\/2008Cimbria10.jpg\" alt=\"2008Cimbria10\" width=\"800\" height=\"600\" srcset=\"https:\/\/gartner52.de\/page\/wp-content\/uploads\/2016\/02\/2008Cimbria10.jpg 800w, https:\/\/gartner52.de\/page\/wp-content\/uploads\/2016\/02\/2008Cimbria10-300x225.jpg 300w, https:\/\/gartner52.de\/page\/wp-content\/uploads\/2016\/02\/2008Cimbria10-768x576.jpg 768w\" sizes=\"auto, (max-width: 800px) 100vw, 800px\"><span style=\"font-family: arial,helvetica,sans-serif; font-size: 12pt;\">Im Hintergrund der Campingplatz<\/span><img loading=\"lazy\" decoding=\"async\" class=\"alignnone size-full wp-image-2038\" src=\"https:\/\/gartner52.de\/page\/wp-content\/uploads\/2016\/02\/2008Cimbria11.jpg\" alt=\"2008Cimbria11\" width=\"800\" height=\"600\" srcset=\"https:\/\/gartner52.de\/page\/wp-content\/uploads\/2016\/02\/2008Cimbria11.jpg 800w, https:\/\/gartner52.de\/page\/wp-content\/uploads\/2016\/02\/2008Cimbria11-300x225.jpg 300w, https:\/\/gartner52.de\/page\/wp-content\/uploads\/2016\/02\/2008Cimbria11-768x576.jpg 768w\" sizes=\"auto, (max-width: 800px) 100vw, 800px\"><img loading=\"lazy\" decoding=\"async\" class=\"alignnone size-full wp-image-2034\" src=\"https:\/\/gartner52.de\/page\/wp-content\/uploads\/2016\/02\/2008Cimbria07.jpg\" alt=\"2008Cimbria07\" width=\"800\" height=\"600\" srcset=\"https:\/\/gartner52.de\/page\/wp-content\/uploads\/2016\/02\/2008Cimbria07.jpg 800w, https:\/\/gartner52.de\/page\/wp-content\/uploads\/2016\/02\/2008Cimbria07-300x225.jpg 300w, https:\/\/gartner52.de\/page\/wp-content\/uploads\/2016\/02\/2008Cimbria07-768x576.jpg 768w\" sizes=\"auto, (max-width: 800px) 100vw, 800px\"><span style=\"font-family: arial,helvetica,sans-serif; font-size: 12pt;\">Auch nach Mosbach sind wir mit den Fahrr\u00e4dern gefahren. Vom Campingplatz aus braucht man bei gem\u00fctlicher Fahrweise ca. 30 Minuten. Es geht immer sch\u00f6n gerade zu fahren keine nennenswerten Steigungen. Man muss<br>\nauch nicht auf der Hauptstra\u00dfe fahren, \u00fcberall hat es sch\u00f6ne Radwege.<\/span><img loading=\"lazy\" decoding=\"async\" class=\"alignnone size-full wp-image-2039\" src=\"https:\/\/gartner52.de\/page\/wp-content\/uploads\/2016\/02\/2008Cimbria12.jpg\" alt=\"2008Cimbria12\" width=\"800\" height=\"600\" srcset=\"https:\/\/gartner52.de\/page\/wp-content\/uploads\/2016\/02\/2008Cimbria12.jpg 800w, https:\/\/gartner52.de\/page\/wp-content\/uploads\/2016\/02\/2008Cimbria12-300x225.jpg 300w, https:\/\/gartner52.de\/page\/wp-content\/uploads\/2016\/02\/2008Cimbria12-768x576.jpg 768w\" sizes=\"auto, (max-width: 800px) 100vw, 800px\"><span style=\"font-family: arial,helvetica,sans-serif; font-size: 12pt;\">Blick vom Campingplatz zur Burg Hornberg<\/span><br>\n<img loading=\"lazy\" decoding=\"async\" class=\"alignnone size-full wp-image-2041\" src=\"https:\/\/gartner52.de\/page\/wp-content\/uploads\/2016\/02\/2008Cimbria14.jpg\" alt=\"2008Cimbria14\" width=\"800\" height=\"600\" srcset=\"https:\/\/gartner52.de\/page\/wp-content\/uploads\/2016\/02\/2008Cimbria14.jpg 800w, https:\/\/gartner52.de\/page\/wp-content\/uploads\/2016\/02\/2008Cimbria14-300x225.jpg 300w, https:\/\/gartner52.de\/page\/wp-content\/uploads\/2016\/02\/2008Cimbria14-768x576.jpg 768w\" sizes=\"auto, (max-width: 800px) 100vw, 800px\"><img loading=\"lazy\" decoding=\"async\" class=\"alignnone size-full wp-image-2040\" src=\"https:\/\/gartner52.de\/page\/wp-content\/uploads\/2016\/02\/2008Cimbria13.jpg\" alt=\"2008Cimbria13\" width=\"800\" height=\"600\" srcset=\"https:\/\/gartner52.de\/page\/wp-content\/uploads\/2016\/02\/2008Cimbria13.jpg 800w, https:\/\/gartner52.de\/page\/wp-content\/uploads\/2016\/02\/2008Cimbria13-300x225.jpg 300w, https:\/\/gartner52.de\/page\/wp-content\/uploads\/2016\/02\/2008Cimbria13-768x576.jpg 768w\" sizes=\"auto, (max-width: 800px) 100vw, 800px\"><img loading=\"lazy\" decoding=\"async\" class=\"alignnone size-full wp-image-2042\" src=\"https:\/\/gartner52.de\/page\/wp-content\/uploads\/2016\/02\/2008Cimbria15.jpg\" alt=\"2008Cimbria15\" width=\"800\" height=\"600\" srcset=\"https:\/\/gartner52.de\/page\/wp-content\/uploads\/2016\/02\/2008Cimbria15.jpg 800w, https:\/\/gartner52.de\/page\/wp-content\/uploads\/2016\/02\/2008Cimbria15-300x225.jpg 300w, https:\/\/gartner52.de\/page\/wp-content\/uploads\/2016\/02\/2008Cimbria15-768x576.jpg 768w\" sizes=\"auto, (max-width: 800px) 100vw, 800px\"><span style=\"font-family: arial,helvetica,sans-serif; font-size: 12pt;\">Der Eingang mit dem Imbiss. Hier kann man gut essen. Es gibt auf dem Platz auch noch ein Schwimmbad und<br>\neinen kleinen Kinderspielplatz. Die Betreiber bem\u00fchen sich sehr um ihre G\u00e4ste.<\/span><\/p>\n<p><img loading=\"lazy\" decoding=\"async\" class=\"alignnone size-full wp-image-2044\" src=\"https:\/\/gartner52.de\/page\/wp-content\/uploads\/2016\/02\/2008Cimbria17.jpg\" alt=\"2008Cimbria17\" width=\"800\" height=\"600\" srcset=\"https:\/\/gartner52.de\/page\/wp-content\/uploads\/2016\/02\/2008Cimbria17.jpg 800w, https:\/\/gartner52.de\/page\/wp-content\/uploads\/2016\/02\/2008Cimbria17-300x225.jpg 300w, https:\/\/gartner52.de\/page\/wp-content\/uploads\/2016\/02\/2008Cimbria17-768x576.jpg 768w\" sizes=\"auto, (max-width: 800px) 100vw, 800px\"><img loading=\"lazy\" decoding=\"async\" class=\"alignnone size-full wp-image-2043\" src=\"https:\/\/gartner52.de\/page\/wp-content\/uploads\/2016\/02\/2008Cimbria16.jpg\" alt=\"2008Cimbria16\" width=\"800\" height=\"600\" srcset=\"https:\/\/gartner52.de\/page\/wp-content\/uploads\/2016\/02\/2008Cimbria16.jpg 800w, https:\/\/gartner52.de\/page\/wp-content\/uploads\/2016\/02\/2008Cimbria16-300x225.jpg 300w, https:\/\/gartner52.de\/page\/wp-content\/uploads\/2016\/02\/2008Cimbria16-768x576.jpg 768w\" sizes=\"auto, (max-width: 800px) 100vw, 800px\"><span style=\"font-family: arial,helvetica,sans-serif; font-size: 12pt;\">Unser Aufenthalt auf dem Campingplatz ging nach 4 Tagen wieder einmal viel zu schnell vorbei. Wir hatten die ganzen Tage super sch\u00f6nes Wetter. Nur Sonnenschein und angenehme Temperaturen, f\u00fcr den Mai ein richtiges Bilderbuchwetter. Mit den Fahrr\u00e4dern sind wir jede Menge Kilometer gefahren und haben viel gesehen.<\/span><br>\n<img loading=\"lazy\" decoding=\"async\" class=\"alignnone size-full wp-image-2045\" src=\"https:\/\/gartner52.de\/page\/wp-content\/uploads\/2016\/02\/2008Cimbria18.jpg\" alt=\"2008Cimbria18\" width=\"800\" height=\"600\" srcset=\"https:\/\/gartner52.de\/page\/wp-content\/uploads\/2016\/02\/2008Cimbria18.jpg 800w, https:\/\/gartner52.de\/page\/wp-content\/uploads\/2016\/02\/2008Cimbria18-300x225.jpg 300w, https:\/\/gartner52.de\/page\/wp-content\/uploads\/2016\/02\/2008Cimbria18-768x576.jpg 768w\" sizes=\"auto, (max-width: 800px) 100vw, 800px\"><img loading=\"lazy\" decoding=\"async\" class=\"alignnone size-full wp-image-2046\" src=\"https:\/\/gartner52.de\/page\/wp-content\/uploads\/2016\/02\/2008Cimbria19.jpg\" alt=\"2008Cimbria19\" width=\"800\" height=\"600\" srcset=\"https:\/\/gartner52.de\/page\/wp-content\/uploads\/2016\/02\/2008Cimbria19.jpg 800w, https:\/\/gartner52.de\/page\/wp-content\/uploads\/2016\/02\/2008Cimbria19-300x225.jpg 300w, https:\/\/gartner52.de\/page\/wp-content\/uploads\/2016\/02\/2008Cimbria19-768x576.jpg 768w\" sizes=\"auto, (max-width: 800px) 100vw, 800px\"><\/p>\n<p><strong><span style=\"color: #3366ff; font-family: arial,helvetica,sans-serif; font-size: 12pt;\">Zusammenfassung:<\/span><\/strong><\/p>\n<p><span style=\"color: #3366ff; font-family: arial,helvetica,sans-serif; font-size: 12pt;\">Der Campingplatz liegt direkt am Neckar ganz in der N\u00e4he von Neckarzimmern. Die B 27 ist auch nicht weit entfernt. Der Verkehrsl\u00e4rm ist aber nur schwach zu h\u00f6ren. Ab und an h\u00f6rt man die Motorr\u00e4der die im Neckartal unterwegs sind. Aber gegen Abend wir es schlagartig ruhig. Die Campingplatzbetreiber sind sehr freundlich und hilfsbereit, sie versuchen den G\u00e4sten den Aufenthalt so angenehm wie m\u00f6glich zu machen. Am Eingang gibt es einen kleinen Imbiss, der sehr gute Speisen im Angebot hat. Die Toiletten sind immer sauber gewesen. Die Duschen sind etwas klein geraten, da drin kann man nicht umfallen. Auch gibt es mal wieder Duschmarken, das ist etwas was uns ganz und gar nicht gef\u00e4llt. Aber man kann ja nicht alles haben. Strom ist auch etwas teuer, es wird nach kw abgerechnet und 80 Cent f\u00fcr ein kw ist schon etwas teuer. Der Platz akzeptiert die <span class=\"caps\">ACSI<\/span> Campingkarte. Uns hat es auf dem Platz sehr gut gefallen hier werden wir auf jeden Fall wieder einmal herkommen. &nbsp;<\/span><\/p>\n<p>&nbsp;<\/p>\n<h5 style=\"text-align: center;\"><a href=\"https:\/\/gartner52.de\/page\/\">zur\u00fcck zur Startseite<\/a><\/h5>\n<h2 style=\"text-align: center;\"><span style=\"color: #3366ff;\">&nbsp;<\/span><\/h2>\n","protected":false},"excerpt":{"rendered":"<p>Campingplatz-Cimbria&nbsp; bei Neckarzimmern 01.05.2008 bis 04.05.2008 \u00dcber den ersten Mai 2008 wollten wir auf einen Campingplatz am Neckar fahren. Wir suchten im Netz und fanden den Camping Cimbria in Neckarzimmern. Er ist nicht sehr gro\u00df, aber von der Lage her \u2026 <a href=\"https:\/\/gartner52.de\/page\/2008-cp-cimbria-neckarzimmern\/\">Weiter<\/a><\/p>\n","protected":false},"author":4,"featured_media":0,"parent":0,"menu_order":0,"comment_status":"closed","ping_status":"closed","template":"","meta":{"wp_typography_post_enhancements_disabled":false,"kt_blocks_editor_width":"","footnotes":""},"class_list":["post-1493","page","type-page","status-publish","hentry"],"_links":{"self":[{"href":"https:\/\/gartner52.de\/page\/wp-json\/wp\/v2\/pages\/1493","targetHints":{"allow":["GET"]}}],"collection":[{"href":"https:\/\/gartner52.de\/page\/wp-json\/wp\/v2\/pages"}],"about":[{"href":"https:\/\/gartner52.de\/page\/wp-json\/wp\/v2\/types\/page"}],"author":[{"embeddable":true,"href":"https:\/\/gartner52.de\/page\/wp-json\/wp\/v2\/users\/4"}],"replies":[{"embeddable":true,"href":"https:\/\/gartner52.de\/page\/wp-json\/wp\/v2\/comments?post=1493"}],"version-history":[{"count":15,"href":"https:\/\/gartner52.de\/page\/wp-json\/wp\/v2\/pages\/1493\/revisions"}],"predecessor-version":[{"id":4828,"href":"https:\/\/gartner52.de\/page\/wp-json\/wp\/v2\/pages\/1493\/revisions\/4828"}],"wp:attachment":[{"href":"https:\/\/gartner52.de\/page\/wp-json\/wp\/v2\/media?parent=1493"}],"curies":[{"name":"wp","href":"https:\/\/api.w.org\/{rel}","templated":true}]}}