{"id":1041,"date":"2016-02-16T14:09:45","date_gmt":"2016-02-16T13:09:45","guid":{"rendered":"http:\/\/gartner52.de\/page\/?page_id=1041"},"modified":"2016-12-10T20:32:10","modified_gmt":"2016-12-10T19:32:10","slug":"altensteig2007","status":"publish","type":"page","link":"https:\/\/gartner52.de\/page\/altensteig2007\/","title":{"rendered":"2007 Altensteig"},"content":{"rendered":"<h2 style=\"text-align: center;\"><span style=\"color: #3366ff;\">Schwarzwald Camping in Altensteig<br>\n<\/span><\/h2>\n<h4 style=\"text-align: center;\"><span style=\"color: #008000;\">August 2007<\/span><\/h4>\n<p style=\"text-align: center;\"><span style=\"color: #3366ff; font-family: arial,helvetica,sans-serif; font-size: 14pt;\"><strong>Ein kleiner Bildbericht<\/strong><\/span><\/p>\n<p><span style=\"font-family: arial,helvetica,sans-serif; font-size: 12pt;\">Unsere Tochter mit Familie hatte nun auch einen Wohnwagen gekauft und sie wollten mit uns allen im September nach Kroatien in Urlaub fahren. Aber zuerst sollte alles mal ausprobiert werden. So beschlossen wir ein Wochenende nach Altensteig auf einen Campingplatz zu fahren.&nbsp;<\/span><img loading=\"lazy\" decoding=\"async\" class=\"alignnone size-full wp-image-1465\" src=\"https:\/\/gartner52.de\/page\/wp-content\/uploads\/2016\/02\/2007Altensteig-03.jpg\" alt=\"2007Altensteig 03\" width=\"800\" height=\"600\" srcset=\"https:\/\/gartner52.de\/page\/wp-content\/uploads\/2016\/02\/2007Altensteig-03.jpg 800w, https:\/\/gartner52.de\/page\/wp-content\/uploads\/2016\/02\/2007Altensteig-03-300x225.jpg 300w, https:\/\/gartner52.de\/page\/wp-content\/uploads\/2016\/02\/2007Altensteig-03-768x576.jpg 768w\" sizes=\"auto, (max-width: 800px) 100vw, 800px\"><img loading=\"lazy\" decoding=\"async\" class=\"alignnone size-full wp-image-1464\" src=\"https:\/\/gartner52.de\/page\/wp-content\/uploads\/2016\/02\/2007Altensteig-02.jpg\" alt=\"2007Altensteig 02\" width=\"800\" height=\"600\" srcset=\"https:\/\/gartner52.de\/page\/wp-content\/uploads\/2016\/02\/2007Altensteig-02.jpg 800w, https:\/\/gartner52.de\/page\/wp-content\/uploads\/2016\/02\/2007Altensteig-02-300x225.jpg 300w, https:\/\/gartner52.de\/page\/wp-content\/uploads\/2016\/02\/2007Altensteig-02-768x576.jpg 768w\" sizes=\"auto, (max-width: 800px) 100vw, 800px\"><img loading=\"lazy\" decoding=\"async\" class=\"alignnone size-full wp-image-1463\" src=\"https:\/\/gartner52.de\/page\/wp-content\/uploads\/2016\/02\/2007Altensteig-01.jpg\" alt=\"2007Altensteig 01\" width=\"800\" height=\"600\" srcset=\"https:\/\/gartner52.de\/page\/wp-content\/uploads\/2016\/02\/2007Altensteig-01.jpg 800w, https:\/\/gartner52.de\/page\/wp-content\/uploads\/2016\/02\/2007Altensteig-01-300x225.jpg 300w, https:\/\/gartner52.de\/page\/wp-content\/uploads\/2016\/02\/2007Altensteig-01-768x576.jpg 768w\" sizes=\"auto, (max-width: 800px) 100vw, 800px\"><span style=\"font-family: arial,helvetica,sans-serif; font-size: 12pt;\">Der Campingplatz liegt in einem Tal, direkt an einem kleinen Fluss. Es ist hier sehr ruhig, man kann wandern, angeln und Mountain Bike fahren. Es gibt hier auch einen kleinen Badesee. Angeln ist direkt am Platz m\u00f6glich<\/span><\/p>\n<p><img loading=\"lazy\" decoding=\"async\" class=\"alignnone size-full wp-image-1466\" src=\"https:\/\/gartner52.de\/page\/wp-content\/uploads\/2016\/02\/2007Altensteig-04.jpg\" alt=\"2007Altensteig 04\" width=\"800\" height=\"600\" srcset=\"https:\/\/gartner52.de\/page\/wp-content\/uploads\/2016\/02\/2007Altensteig-04.jpg 800w, https:\/\/gartner52.de\/page\/wp-content\/uploads\/2016\/02\/2007Altensteig-04-300x225.jpg 300w, https:\/\/gartner52.de\/page\/wp-content\/uploads\/2016\/02\/2007Altensteig-04-768x576.jpg 768w\" sizes=\"auto, (max-width: 800px) 100vw, 800px\"><img loading=\"lazy\" decoding=\"async\" class=\"alignnone size-full wp-image-1468\" src=\"https:\/\/gartner52.de\/page\/wp-content\/uploads\/2016\/02\/2007Altensteig-06.jpg\" alt=\"2007Altensteig 06\" width=\"800\" height=\"600\" srcset=\"https:\/\/gartner52.de\/page\/wp-content\/uploads\/2016\/02\/2007Altensteig-06.jpg 800w, https:\/\/gartner52.de\/page\/wp-content\/uploads\/2016\/02\/2007Altensteig-06-300x225.jpg 300w, https:\/\/gartner52.de\/page\/wp-content\/uploads\/2016\/02\/2007Altensteig-06-768x576.jpg 768w\" sizes=\"auto, (max-width: 800px) 100vw, 800px\"><img loading=\"lazy\" decoding=\"async\" class=\"alignnone size-full wp-image-1467\" src=\"https:\/\/gartner52.de\/page\/wp-content\/uploads\/2016\/02\/2007Altensteig-05.jpg\" alt=\"2007Altensteig 05\" width=\"800\" height=\"600\" srcset=\"https:\/\/gartner52.de\/page\/wp-content\/uploads\/2016\/02\/2007Altensteig-05.jpg 800w, https:\/\/gartner52.de\/page\/wp-content\/uploads\/2016\/02\/2007Altensteig-05-300x225.jpg 300w, https:\/\/gartner52.de\/page\/wp-content\/uploads\/2016\/02\/2007Altensteig-05-768x576.jpg 768w\" sizes=\"auto, (max-width: 800px) 100vw, 800px\"><span style=\"font-family: arial,helvetica,sans-serif; font-size: 12pt;\">Wir standen fast alleine auf einem sehr gro\u00dfen Platzteil. Die Kinder hatten jede Menge Platz zum Spielen<\/span><img loading=\"lazy\" decoding=\"async\" class=\"alignnone size-full wp-image-1469\" src=\"https:\/\/gartner52.de\/page\/wp-content\/uploads\/2016\/02\/2007Altensteig-07.jpg\" alt=\"2007Altensteig 07\" width=\"800\" height=\"600\" srcset=\"https:\/\/gartner52.de\/page\/wp-content\/uploads\/2016\/02\/2007Altensteig-07.jpg 800w, https:\/\/gartner52.de\/page\/wp-content\/uploads\/2016\/02\/2007Altensteig-07-300x225.jpg 300w, https:\/\/gartner52.de\/page\/wp-content\/uploads\/2016\/02\/2007Altensteig-07-768x576.jpg 768w\" sizes=\"auto, (max-width: 800px) 100vw, 800px\"><span style=\"font-family: arial,helvetica,sans-serif; font-size: 12pt;\">Der Campingplatz ist sehr sch\u00f6n angelegt. Im vorderen Teil sind die Dauercamper und weiter hinten die Touristencamper. Es gibt zwei Toiletten Anlagen die schnell erreichbar sind.<\/span><img loading=\"lazy\" decoding=\"async\" class=\"alignnone size-full wp-image-1470\" src=\"https:\/\/gartner52.de\/page\/wp-content\/uploads\/2016\/02\/2007Altensteig-08.jpg\" alt=\"2007Altensteig 08\" width=\"640\" height=\"480\" srcset=\"https:\/\/gartner52.de\/page\/wp-content\/uploads\/2016\/02\/2007Altensteig-08.jpg 640w, https:\/\/gartner52.de\/page\/wp-content\/uploads\/2016\/02\/2007Altensteig-08-300x225.jpg 300w\" sizes=\"auto, (max-width: 640px) 100vw, 640px\"><img loading=\"lazy\" decoding=\"async\" class=\"alignnone size-full wp-image-1471\" src=\"https:\/\/gartner52.de\/page\/wp-content\/uploads\/2016\/02\/2007Altensteig-09.jpg\" alt=\"2007Altensteig 09\" width=\"640\" height=\"480\" srcset=\"https:\/\/gartner52.de\/page\/wp-content\/uploads\/2016\/02\/2007Altensteig-09.jpg 640w, https:\/\/gartner52.de\/page\/wp-content\/uploads\/2016\/02\/2007Altensteig-09-300x225.jpg 300w\" sizes=\"auto, (max-width: 640px) 100vw, 640px\"><span style=\"font-family: arial,helvetica,sans-serif; font-size: 12pt;\">Wir machten einen Ausflug in den Erlebnispark Poppeltal bei Enzkl\u00f6sterle. Dort gibt es die l\u00e4ngste Riesenrutschbahn S\u00fcddeutschlands. Den Kindern hat es nat\u00fcrlich super gefallen, die wollten gar nicht mehr nach Hause.<\/span><img loading=\"lazy\" decoding=\"async\" class=\"alignnone size-full wp-image-1473\" src=\"https:\/\/gartner52.de\/page\/wp-content\/uploads\/2016\/02\/2007Altensteig-11.jpg\" alt=\"2007Altensteig 11\" width=\"640\" height=\"480\" srcset=\"https:\/\/gartner52.de\/page\/wp-content\/uploads\/2016\/02\/2007Altensteig-11.jpg 640w, https:\/\/gartner52.de\/page\/wp-content\/uploads\/2016\/02\/2007Altensteig-11-300x225.jpg 300w\" sizes=\"auto, (max-width: 640px) 100vw, 640px\"><img loading=\"lazy\" decoding=\"async\" class=\"alignnone size-full wp-image-1472\" src=\"https:\/\/gartner52.de\/page\/wp-content\/uploads\/2016\/02\/2007Altensteig-10.jpg\" alt=\"2007Altensteig 10\" width=\"640\" height=\"480\" srcset=\"https:\/\/gartner52.de\/page\/wp-content\/uploads\/2016\/02\/2007Altensteig-10.jpg 640w, https:\/\/gartner52.de\/page\/wp-content\/uploads\/2016\/02\/2007Altensteig-10-300x225.jpg 300w\" sizes=\"auto, (max-width: 640px) 100vw, 640px\"><img loading=\"lazy\" decoding=\"async\" class=\"alignnone size-full wp-image-1474\" src=\"https:\/\/gartner52.de\/page\/wp-content\/uploads\/2016\/02\/2007Altensteig-12.jpg\" alt=\"2007Altensteig 12\" width=\"700\" height=\"525\" srcset=\"https:\/\/gartner52.de\/page\/wp-content\/uploads\/2016\/02\/2007Altensteig-12.jpg 700w, https:\/\/gartner52.de\/page\/wp-content\/uploads\/2016\/02\/2007Altensteig-12-300x225.jpg 300w\" sizes=\"auto, (max-width: 700px) 100vw, 700px\"><span style=\"font-family: arial,helvetica,sans-serif; font-size: 12pt;\">Das Wochenende war wieder mal viel zu schnell vorbei und am Sonntag Mittag wurde die kurze Heimreise angetreten<\/span><\/p>\n<p>&nbsp;<\/p>\n<p><span style=\"color: #3366ff; font-family: arial,helvetica,sans-serif;\"><strong>Zusammenfassung<\/strong><\/span><\/p>\n<p><span style=\"color: #3366ff; font-family: arial,helvetica,sans-serif; font-size: 10pt;\">Der Campingplatz hat uns im gro\u00dfen und ganzen gut gefallen, die Toiletten Anlagen sind auf dem neusten Stand, wenn auch hier mal wieder Duschmarken zum Einsatz kamen. Das gef\u00e4llt uns nicht so gut, zumal es nirgendwo auf der Homepage stand.&nbsp; Der Platz ist sehr gepflegt und sauber. Die Preise sind noch akzeptabel. F\u00fcr ein Wochenende bezahlbar, aber zwei Wochen Urlaub mit zwei Kindern werden hier bei 28 \u20acuro am Tag schon etwas teurer . Hier werden wir auf jeden Fall mal wieder ein Wochenende verbringen. Alleine die Umgebung ist das schon wert.<\/span><\/p>\n<h5 style=\"text-align: center;\"><a href=\"https:\/\/gartner52.de\/page\/2007-2\/\">zur\u00fcck zur \u00dcbersicht 2007<\/a><\/h5>\n","protected":false},"excerpt":{"rendered":"<p>Schwarzwald Camping in Altensteig August 2007 Ein kleiner Bildbericht Unsere Tochter mit Familie hatte nun auch einen Wohnwagen gekauft und sie wollten mit uns allen im September nach Kroatien in Urlaub fahren. Aber zuerst sollte alles mal ausprobiert werden. So \u2026 <a href=\"https:\/\/gartner52.de\/page\/altensteig2007\/\">Weiter<\/a><\/p>\n","protected":false},"author":4,"featured_media":0,"parent":0,"menu_order":0,"comment_status":"closed","ping_status":"closed","template":"","meta":{"wp_typography_post_enhancements_disabled":false,"kt_blocks_editor_width":"","footnotes":""},"class_list":["post-1041","page","type-page","status-publish","hentry"],"_links":{"self":[{"href":"https:\/\/gartner52.de\/page\/wp-json\/wp\/v2\/pages\/1041","targetHints":{"allow":["GET"]}}],"collection":[{"href":"https:\/\/gartner52.de\/page\/wp-json\/wp\/v2\/pages"}],"about":[{"href":"https:\/\/gartner52.de\/page\/wp-json\/wp\/v2\/types\/page"}],"author":[{"embeddable":true,"href":"https:\/\/gartner52.de\/page\/wp-json\/wp\/v2\/users\/4"}],"replies":[{"embeddable":true,"href":"https:\/\/gartner52.de\/page\/wp-json\/wp\/v2\/comments?post=1041"}],"version-history":[{"count":13,"href":"https:\/\/gartner52.de\/page\/wp-json\/wp\/v2\/pages\/1041\/revisions"}],"predecessor-version":[{"id":4809,"href":"https:\/\/gartner52.de\/page\/wp-json\/wp\/v2\/pages\/1041\/revisions\/4809"}],"wp:attachment":[{"href":"https:\/\/gartner52.de\/page\/wp-json\/wp\/v2\/media?parent=1041"}],"curies":[{"name":"wp","href":"https:\/\/api.w.org\/{rel}","templated":true}]}}