{"id":1039,"date":"2016-02-16T14:09:23","date_gmt":"2016-02-16T13:09:23","guid":{"rendered":"http:\/\/gartner52.de\/page\/?page_id=1039"},"modified":"2016-12-10T20:53:59","modified_gmt":"2016-12-10T19:53:59","slug":"eberbach2007","status":"publish","type":"page","link":"https:\/\/gartner52.de\/page\/eberbach2007\/","title":{"rendered":"2007 Eberbach"},"content":{"rendered":"<h2 style=\"text-align: center;\"><span style=\"color: #3366ff;\"><strong>Pfingsten 2007 in Eberbach am Neckar<br>\n<\/strong><\/span><\/h2>\n<h4 style=\"text-align: center;\"><span style=\"color: #3366ff;\"><strong>Ein kleiner Bildbericht<br>\n<\/strong><\/span><\/h4>\n<p style=\"text-align: center;\"><span style=\"color: #008000;\"><span style=\"font-family: arial,helvetica,sans-serif; font-size: 12pt;\">25.05.2007 bis 28.05.2007<\/span><br>\n<\/span><\/p>\n<p><span style=\"font-family: arial,helvetica,sans-serif; font-size: 12pt;\">An Pfingsten wollten wir nicht so weit weg und entschlossen uns nach Eberbach an den Neckar zu fahren. Wir hatten uns mit anderen Mitgliedern des Wohnwagen Forums abgesprochen und waren am Schluss 5 Einheiten die sich zu einem kleinen Usertreffen auf dem Campingplatz in Eberbach einfanden. Der Platz ist direkt am Neckar gelegen und hat einen super Rasen.<\/span><br>\n<img loading=\"lazy\" decoding=\"async\" class=\"alignnone size-full wp-image-1434\" src=\"https:\/\/gartner52.de\/page\/wp-content\/uploads\/2016\/02\/2007Eberbach01-1.jpg\" alt=\"2007Eberbach01\" width=\"800\" height=\"600\" srcset=\"https:\/\/gartner52.de\/page\/wp-content\/uploads\/2016\/02\/2007Eberbach01-1.jpg 800w, https:\/\/gartner52.de\/page\/wp-content\/uploads\/2016\/02\/2007Eberbach01-1-300x225.jpg 300w, https:\/\/gartner52.de\/page\/wp-content\/uploads\/2016\/02\/2007Eberbach01-1-768x576.jpg 768w\" sizes=\"auto, (max-width: 800px) 100vw, 800px\"><img loading=\"lazy\" decoding=\"async\" class=\"alignnone size-full wp-image-1435\" src=\"https:\/\/gartner52.de\/page\/wp-content\/uploads\/2016\/02\/2007Eberbach02-1.jpg\" alt=\"2007Eberbach02\" width=\"800\" height=\"600\" srcset=\"https:\/\/gartner52.de\/page\/wp-content\/uploads\/2016\/02\/2007Eberbach02-1.jpg 800w, https:\/\/gartner52.de\/page\/wp-content\/uploads\/2016\/02\/2007Eberbach02-1-300x225.jpg 300w, https:\/\/gartner52.de\/page\/wp-content\/uploads\/2016\/02\/2007Eberbach02-1-768x576.jpg 768w\" sizes=\"auto, (max-width: 800px) 100vw, 800px\"><span style=\"font-family: arial,helvetica,sans-serif; font-size: 12pt;\">Genau gegen\u00fcber vom Campingplatz liegt Eberbach. Es geht \u00fcber eine Br\u00fccke direkt neben dem Campingplatz und schon ist man mitten in der Stadt. Hier kann man sch\u00f6n bummeln gehen.<\/span><img loading=\"lazy\" decoding=\"async\" class=\"alignnone size-full wp-image-1436\" src=\"https:\/\/gartner52.de\/page\/wp-content\/uploads\/2016\/02\/2007Eberbach03-1.jpg\" alt=\"2007Eberbach03\" width=\"800\" height=\"600\" srcset=\"https:\/\/gartner52.de\/page\/wp-content\/uploads\/2016\/02\/2007Eberbach03-1.jpg 800w, https:\/\/gartner52.de\/page\/wp-content\/uploads\/2016\/02\/2007Eberbach03-1-300x225.jpg 300w, https:\/\/gartner52.de\/page\/wp-content\/uploads\/2016\/02\/2007Eberbach03-1-768x576.jpg 768w\" sizes=\"auto, (max-width: 800px) 100vw, 800px\"><img loading=\"lazy\" decoding=\"async\" class=\"alignnone size-full wp-image-1437\" src=\"https:\/\/gartner52.de\/page\/wp-content\/uploads\/2016\/02\/2007Eberbach04-1.jpg\" alt=\"2007Eberbach04\" width=\"800\" height=\"600\" srcset=\"https:\/\/gartner52.de\/page\/wp-content\/uploads\/2016\/02\/2007Eberbach04-1.jpg 800w, https:\/\/gartner52.de\/page\/wp-content\/uploads\/2016\/02\/2007Eberbach04-1-300x225.jpg 300w, https:\/\/gartner52.de\/page\/wp-content\/uploads\/2016\/02\/2007Eberbach04-1-768x576.jpg 768w\" sizes=\"auto, (max-width: 800px) 100vw, 800px\"><img loading=\"lazy\" decoding=\"async\" class=\"alignnone size-full wp-image-1439\" src=\"https:\/\/gartner52.de\/page\/wp-content\/uploads\/2016\/02\/2007Eberbach06-1.jpg\" alt=\"2007Eberbach06\" width=\"800\" height=\"600\" srcset=\"https:\/\/gartner52.de\/page\/wp-content\/uploads\/2016\/02\/2007Eberbach06-1.jpg 800w, https:\/\/gartner52.de\/page\/wp-content\/uploads\/2016\/02\/2007Eberbach06-1-300x225.jpg 300w, https:\/\/gartner52.de\/page\/wp-content\/uploads\/2016\/02\/2007Eberbach06-1-768x576.jpg 768w\" sizes=\"auto, (max-width: 800px) 100vw, 800px\"><img loading=\"lazy\" decoding=\"async\" class=\"alignnone size-full wp-image-1438\" src=\"https:\/\/gartner52.de\/page\/wp-content\/uploads\/2016\/02\/2007Eberbach05-1.jpg\" alt=\"2007Eberbach05\" width=\"800\" height=\"600\" srcset=\"https:\/\/gartner52.de\/page\/wp-content\/uploads\/2016\/02\/2007Eberbach05-1.jpg 800w, https:\/\/gartner52.de\/page\/wp-content\/uploads\/2016\/02\/2007Eberbach05-1-300x225.jpg 300w, https:\/\/gartner52.de\/page\/wp-content\/uploads\/2016\/02\/2007Eberbach05-1-768x576.jpg 768w\" sizes=\"auto, (max-width: 800px) 100vw, 800px\"><span style=\"font-family: arial,helvetica,sans-serif; font-size: 12pt;\">Den Kindern machte es wieder Spa\u00df im Gras und auf dem Spielplatz herum zu toben.<\/span><\/p>\n<p><img loading=\"lazy\" decoding=\"async\" class=\"alignnone size-full wp-image-1440\" src=\"https:\/\/gartner52.de\/page\/wp-content\/uploads\/2016\/02\/2007Eberbach07-1.jpg\" alt=\"2007Eberbach07\" width=\"800\" height=\"600\" srcset=\"https:\/\/gartner52.de\/page\/wp-content\/uploads\/2016\/02\/2007Eberbach07-1.jpg 800w, https:\/\/gartner52.de\/page\/wp-content\/uploads\/2016\/02\/2007Eberbach07-1-300x225.jpg 300w, https:\/\/gartner52.de\/page\/wp-content\/uploads\/2016\/02\/2007Eberbach07-1-768x576.jpg 768w\" sizes=\"auto, (max-width: 800px) 100vw, 800px\"><img loading=\"lazy\" decoding=\"async\" class=\"alignnone size-full wp-image-1441\" src=\"https:\/\/gartner52.de\/page\/wp-content\/uploads\/2016\/02\/2007Eberbach08-1.jpg\" alt=\"2007Eberbach08\" width=\"800\" height=\"600\" srcset=\"https:\/\/gartner52.de\/page\/wp-content\/uploads\/2016\/02\/2007Eberbach08-1.jpg 800w, https:\/\/gartner52.de\/page\/wp-content\/uploads\/2016\/02\/2007Eberbach08-1-300x225.jpg 300w, https:\/\/gartner52.de\/page\/wp-content\/uploads\/2016\/02\/2007Eberbach08-1-768x576.jpg 768w\" sizes=\"auto, (max-width: 800px) 100vw, 800px\"><img loading=\"lazy\" decoding=\"async\" class=\"alignnone size-full wp-image-1444\" src=\"https:\/\/gartner52.de\/page\/wp-content\/uploads\/2016\/02\/2007Eberbach11-1.jpg\" alt=\"2007Eberbach11\" width=\"800\" height=\"600\" srcset=\"https:\/\/gartner52.de\/page\/wp-content\/uploads\/2016\/02\/2007Eberbach11-1.jpg 800w, https:\/\/gartner52.de\/page\/wp-content\/uploads\/2016\/02\/2007Eberbach11-1-300x225.jpg 300w, https:\/\/gartner52.de\/page\/wp-content\/uploads\/2016\/02\/2007Eberbach11-1-768x576.jpg 768w\" sizes=\"auto, (max-width: 800px) 100vw, 800px\"><img loading=\"lazy\" decoding=\"async\" class=\"alignnone size-full wp-image-1442\" src=\"https:\/\/gartner52.de\/page\/wp-content\/uploads\/2016\/02\/2007Eberbach09-1.jpg\" alt=\"2007Eberbach09\" width=\"800\" height=\"600\" srcset=\"https:\/\/gartner52.de\/page\/wp-content\/uploads\/2016\/02\/2007Eberbach09-1.jpg 800w, https:\/\/gartner52.de\/page\/wp-content\/uploads\/2016\/02\/2007Eberbach09-1-300x225.jpg 300w, https:\/\/gartner52.de\/page\/wp-content\/uploads\/2016\/02\/2007Eberbach09-1-768x576.jpg 768w\" sizes=\"auto, (max-width: 800px) 100vw, 800px\"><span style=\"font-family: arial,helvetica,sans-serif; font-size: 12pt;\">Wir veranstalteten ein kleines Usertreffen des Wohnwagen-Forums<\/span><br>\n<img loading=\"lazy\" decoding=\"async\" class=\"alignnone size-full wp-image-1443\" src=\"https:\/\/gartner52.de\/page\/wp-content\/uploads\/2016\/02\/2007Eberbach10-1.jpg\" alt=\"2007Eberbach10\" width=\"800\" height=\"600\" srcset=\"https:\/\/gartner52.de\/page\/wp-content\/uploads\/2016\/02\/2007Eberbach10-1.jpg 800w, https:\/\/gartner52.de\/page\/wp-content\/uploads\/2016\/02\/2007Eberbach10-1-300x225.jpg 300w, https:\/\/gartner52.de\/page\/wp-content\/uploads\/2016\/02\/2007Eberbach10-1-768x576.jpg 768w\" sizes=\"auto, (max-width: 800px) 100vw, 800px\"><img loading=\"lazy\" decoding=\"async\" class=\"alignnone size-full wp-image-1449\" src=\"https:\/\/gartner52.de\/page\/wp-content\/uploads\/2016\/02\/2007Eberbach16-1.jpg\" alt=\"2007Eberbach16\" width=\"800\" height=\"600\" srcset=\"https:\/\/gartner52.de\/page\/wp-content\/uploads\/2016\/02\/2007Eberbach16-1.jpg 800w, https:\/\/gartner52.de\/page\/wp-content\/uploads\/2016\/02\/2007Eberbach16-1-300x225.jpg 300w, https:\/\/gartner52.de\/page\/wp-content\/uploads\/2016\/02\/2007Eberbach16-1-768x576.jpg 768w\" sizes=\"auto, (max-width: 800px) 100vw, 800px\"><img loading=\"lazy\" decoding=\"async\" class=\"alignnone size-full wp-image-1450\" src=\"https:\/\/gartner52.de\/page\/wp-content\/uploads\/2016\/02\/2007Eberbach17-1.jpg\" alt=\"2007Eberbach17\" width=\"800\" height=\"600\" srcset=\"https:\/\/gartner52.de\/page\/wp-content\/uploads\/2016\/02\/2007Eberbach17-1.jpg 800w, https:\/\/gartner52.de\/page\/wp-content\/uploads\/2016\/02\/2007Eberbach17-1-300x225.jpg 300w, https:\/\/gartner52.de\/page\/wp-content\/uploads\/2016\/02\/2007Eberbach17-1-768x576.jpg 768w\" sizes=\"auto, (max-width: 800px) 100vw, 800px\"><img loading=\"lazy\" decoding=\"async\" class=\"alignnone size-full wp-image-1451\" src=\"https:\/\/gartner52.de\/page\/wp-content\/uploads\/2016\/02\/2007Eberbach18-1.jpg\" alt=\"2007Eberbach18\" width=\"800\" height=\"600\" srcset=\"https:\/\/gartner52.de\/page\/wp-content\/uploads\/2016\/02\/2007Eberbach18-1.jpg 800w, https:\/\/gartner52.de\/page\/wp-content\/uploads\/2016\/02\/2007Eberbach18-1-300x225.jpg 300w, https:\/\/gartner52.de\/page\/wp-content\/uploads\/2016\/02\/2007Eberbach18-1-768x576.jpg 768w\" sizes=\"auto, (max-width: 800px) 100vw, 800px\"><img loading=\"lazy\" decoding=\"async\" class=\"alignnone size-full wp-image-1452\" src=\"https:\/\/gartner52.de\/page\/wp-content\/uploads\/2016\/02\/2007Eberbach19-1.jpg\" alt=\"2007Eberbach19\" width=\"800\" height=\"600\" srcset=\"https:\/\/gartner52.de\/page\/wp-content\/uploads\/2016\/02\/2007Eberbach19-1.jpg 800w, https:\/\/gartner52.de\/page\/wp-content\/uploads\/2016\/02\/2007Eberbach19-1-300x225.jpg 300w, https:\/\/gartner52.de\/page\/wp-content\/uploads\/2016\/02\/2007Eberbach19-1-768x576.jpg 768w\" sizes=\"auto, (max-width: 800px) 100vw, 800px\"><span style=\"font-family: arial,helvetica,sans-serif; font-size: 12pt;\">Es gab auch etwas leckeres zu essen.<\/span><img loading=\"lazy\" decoding=\"async\" class=\"alignnone size-full wp-image-1446\" src=\"https:\/\/gartner52.de\/page\/wp-content\/uploads\/2016\/02\/2007Eberbach13-1.jpg\" alt=\"2007Eberbach13\" width=\"800\" height=\"600\" srcset=\"https:\/\/gartner52.de\/page\/wp-content\/uploads\/2016\/02\/2007Eberbach13-1.jpg 800w, https:\/\/gartner52.de\/page\/wp-content\/uploads\/2016\/02\/2007Eberbach13-1-300x225.jpg 300w, https:\/\/gartner52.de\/page\/wp-content\/uploads\/2016\/02\/2007Eberbach13-1-768x576.jpg 768w\" sizes=\"auto, (max-width: 800px) 100vw, 800px\"><img loading=\"lazy\" decoding=\"async\" class=\"alignnone size-full wp-image-1447\" src=\"https:\/\/gartner52.de\/page\/wp-content\/uploads\/2016\/02\/2007Eberbach14-1.jpg\" alt=\"2007Eberbach14\" width=\"800\" height=\"600\" srcset=\"https:\/\/gartner52.de\/page\/wp-content\/uploads\/2016\/02\/2007Eberbach14-1.jpg 800w, https:\/\/gartner52.de\/page\/wp-content\/uploads\/2016\/02\/2007Eberbach14-1-300x225.jpg 300w, https:\/\/gartner52.de\/page\/wp-content\/uploads\/2016\/02\/2007Eberbach14-1-768x576.jpg 768w\" sizes=\"auto, (max-width: 800px) 100vw, 800px\"><img loading=\"lazy\" decoding=\"async\" class=\"alignnone size-full wp-image-1448\" src=\"https:\/\/gartner52.de\/page\/wp-content\/uploads\/2016\/02\/2007Eberbach15-1.jpg\" alt=\"2007Eberbach15\" width=\"800\" height=\"600\" srcset=\"https:\/\/gartner52.de\/page\/wp-content\/uploads\/2016\/02\/2007Eberbach15-1.jpg 800w, https:\/\/gartner52.de\/page\/wp-content\/uploads\/2016\/02\/2007Eberbach15-1-300x225.jpg 300w, https:\/\/gartner52.de\/page\/wp-content\/uploads\/2016\/02\/2007Eberbach15-1-768x576.jpg 768w\" sizes=\"auto, (max-width: 800px) 100vw, 800px\"><span style=\"font-family: arial,helvetica,sans-serif; font-size: 12pt;\">Die Zeit verging viel zu schnell und nach vier Tagen mussten wir alle wieder nach Hause fahren.<\/span><\/p>\n<p><img loading=\"lazy\" decoding=\"async\" class=\"alignnone size-full wp-image-1011\" src=\"https:\/\/gartner52.de\/page\/wp-content\/uploads\/2016\/02\/2007Eberbach12.jpg\" alt=\"2007Eberbach12\" width=\"800\" height=\"600\" srcset=\"https:\/\/gartner52.de\/page\/wp-content\/uploads\/2016\/02\/2007Eberbach12.jpg 800w, https:\/\/gartner52.de\/page\/wp-content\/uploads\/2016\/02\/2007Eberbach12-300x225.jpg 300w, https:\/\/gartner52.de\/page\/wp-content\/uploads\/2016\/02\/2007Eberbach12-768x576.jpg 768w\" sizes=\"auto, (max-width: 800px) 100vw, 800px\"><span style=\"font-family: arial,helvetica,sans-serif; font-size: 12pt;\">Ich will aber noch nicht nach Hause!<\/span><br>\n<img loading=\"lazy\" decoding=\"async\" class=\"alignnone size-full wp-image-1019\" src=\"https:\/\/gartner52.de\/page\/wp-content\/uploads\/2016\/02\/2007Eberbach20.jpg\" alt=\"2007Eberbach20\" width=\"800\" height=\"600\" srcset=\"https:\/\/gartner52.de\/page\/wp-content\/uploads\/2016\/02\/2007Eberbach20.jpg 800w, https:\/\/gartner52.de\/page\/wp-content\/uploads\/2016\/02\/2007Eberbach20-300x225.jpg 300w, https:\/\/gartner52.de\/page\/wp-content\/uploads\/2016\/02\/2007Eberbach20-768x576.jpg 768w\" sizes=\"auto, (max-width: 800px) 100vw, 800px\"><\/p>\n<p><span style=\"font-family: arial,helvetica,sans-serif; font-size: 10pt; color: #3366ff;\">Unsere Pfingst-Ausfahrt auf den Campingplatz in Eberbach am Neckar war echt sch\u00f6n. Das Wetter war gut, wir waren auf einem super Campingplatz und hatten lauter gute Freunde dabei. Eberbach ist ein sch\u00f6nes St\u00e4dtchen, hier kann man viel unternehmen. Die N\u00e4he zum Neckar ist gut denn hier gibt es allerhand zu sehen. Man kann mit dem Fahrrad direkt am Fluss entlang auf sch\u00f6nen Wegen die Gegend erkunden. Es gibt Schleusen und auch einige Burgen zu besichtigen. Von Eberbach aus kann man auch mit dem Schiff auf dem Neckar bis nach Heidelberg fahren. Im Sommer besteht die M\u00f6glichkeit ein Schwimmbad zu besuchen das sich genau neben dem Campingplatz befindet.<\/span><\/p>\n<p><span style=\"font-family: arial,helvetica,sans-serif; font-size: 10pt; color: #3366ff;\">Auf dem Platz selbst gibt es einen Br\u00f6tchen Service (auch Sonntags) und ein kleines Restaurant wo man gut essen kann. Die etwas \u00e4lteren Toiletten und Duschen sind ausreichend und auch sauber. Uns hat alles gut gefallen, hier her kommen wir auf jeden Fall wieder. Zu bestimmten Zeiten wird die <span class=\"caps\">ACSI<\/span> Karte akzeptiert. Das Personal ist sehr freundlich und hilfsbereit.<\/span><\/p>\n<p>&nbsp;<\/p>\n<h5 style=\"text-align: center;\"><a href=\"https:\/\/gartner52.de\/page\/2007-2\/\">zur\u00fcck zur \u00dcbersicht 2007<\/a><\/h5>\n<p>&nbsp;<\/p>\n<p style=\"text-align: center;\"><span style=\"color: #008000;\">&nbsp;<\/span><\/p>\n<h2 style=\"text-align: center;\"><span style=\"color: #3366ff;\"><strong>&nbsp;<\/strong><\/span><\/h2>\n","protected":false},"excerpt":{"rendered":"<p>Pfingsten 2007 in Eberbach am Neckar Ein kleiner Bildbericht 25.05.2007 bis 28.05.2007 An Pfingsten wollten wir nicht so weit weg und entschlossen uns nach Eberbach an den Neckar zu fahren. Wir hatten uns mit anderen Mitgliedern des Wohnwagen Forums abgesprochen \u2026 <a href=\"https:\/\/gartner52.de\/page\/eberbach2007\/\">Weiter<\/a><\/p>\n","protected":false},"author":4,"featured_media":0,"parent":0,"menu_order":0,"comment_status":"closed","ping_status":"closed","template":"","meta":{"wp_typography_post_enhancements_disabled":false,"kt_blocks_editor_width":"","footnotes":""},"class_list":["post-1039","page","type-page","status-publish","hentry"],"_links":{"self":[{"href":"https:\/\/gartner52.de\/page\/wp-json\/wp\/v2\/pages\/1039","targetHints":{"allow":["GET"]}}],"collection":[{"href":"https:\/\/gartner52.de\/page\/wp-json\/wp\/v2\/pages"}],"about":[{"href":"https:\/\/gartner52.de\/page\/wp-json\/wp\/v2\/types\/page"}],"author":[{"embeddable":true,"href":"https:\/\/gartner52.de\/page\/wp-json\/wp\/v2\/users\/4"}],"replies":[{"embeddable":true,"href":"https:\/\/gartner52.de\/page\/wp-json\/wp\/v2\/comments?post=1039"}],"version-history":[{"count":11,"href":"https:\/\/gartner52.de\/page\/wp-json\/wp\/v2\/pages\/1039\/revisions"}],"predecessor-version":[{"id":4814,"href":"https:\/\/gartner52.de\/page\/wp-json\/wp\/v2\/pages\/1039\/revisions\/4814"}],"wp:attachment":[{"href":"https:\/\/gartner52.de\/page\/wp-json\/wp\/v2\/media?parent=1039"}],"curies":[{"name":"wp","href":"https:\/\/api.w.org\/{rel}","templated":true}]}}