{"id":1037,"date":"2016-02-16T14:08:42","date_gmt":"2016-02-16T13:08:42","guid":{"rendered":"http:\/\/gartner52.de\/page\/?page_id=1037"},"modified":"2016-12-10T20:26:20","modified_gmt":"2016-12-10T19:26:20","slug":"albstadt2007","status":"publish","type":"page","link":"https:\/\/gartner52.de\/page\/albstadt2007\/","title":{"rendered":"2007 Albstadt"},"content":{"rendered":"<h2 style=\"text-align: center;\"><span style=\"color: #0000ff;\">Ein Wochenende auf der schw\u00e4bischen Alb <\/span><br>\n<span style=\"color: #0000ff;\">und in Enzkl\u00f6sterle<\/span><\/h2>\n<p style=\"text-align: center;\"><span style=\"color: #008000;\">13.07.2007 bis 15.07.2007<br>\n<\/span><\/p>\n<p><span style=\"font-family: arial,helvetica,sans-serif; font-size: 12pt;\">Im Juli 2007 waren wir mit dem Wohnmobil zur ersten Dichtigkeitspr\u00fcfung bei unserem H\u00e4ndler in Kirchheim Teck. Nach erfolgreicher Pr\u00fcfung fuhren wir weiter \u00fcber Reutlingen auf die Schw\u00e4bische Alb zum Schloss Lichtenstein<\/span><\/p>\n<p><span style=\"font-family: arial,helvetica,sans-serif; font-size: 12pt;\">Blick von Schloss Lichtenstein Richtung Reutlingen auf Unterhausen<\/span><br>\n<img loading=\"lazy\" decoding=\"async\" class=\"alignnone size-full wp-image-1407\" src=\"https:\/\/gartner52.de\/page\/wp-content\/uploads\/2016\/02\/2007Albstadt01-1.jpg\" alt=\"2007Albstadt01\" width=\"800\" height=\"600\" srcset=\"https:\/\/gartner52.de\/page\/wp-content\/uploads\/2016\/02\/2007Albstadt01-1.jpg 800w, https:\/\/gartner52.de\/page\/wp-content\/uploads\/2016\/02\/2007Albstadt01-1-300x225.jpg 300w, https:\/\/gartner52.de\/page\/wp-content\/uploads\/2016\/02\/2007Albstadt01-1-768x576.jpg 768w\" sizes=\"auto, (max-width: 800px) 100vw, 800px\"><span style=\"font-family: arial,helvetica,sans-serif; font-size: 12pt;\">Der Eingang zum Schloss Lichtenstein vom Innenhof aus gesehen<\/span><br>\n<img loading=\"lazy\" decoding=\"async\" class=\"alignnone size-full wp-image-1408\" src=\"https:\/\/gartner52.de\/page\/wp-content\/uploads\/2016\/02\/2007Albstadt02-1.jpg\" alt=\"2007Albstadt02\" width=\"800\" height=\"600\" srcset=\"https:\/\/gartner52.de\/page\/wp-content\/uploads\/2016\/02\/2007Albstadt02-1.jpg 800w, https:\/\/gartner52.de\/page\/wp-content\/uploads\/2016\/02\/2007Albstadt02-1-300x225.jpg 300w, https:\/\/gartner52.de\/page\/wp-content\/uploads\/2016\/02\/2007Albstadt02-1-768x576.jpg 768w\" sizes=\"auto, (max-width: 800px) 100vw, 800px\"><span style=\"font-family: arial,helvetica,sans-serif; font-size: 12pt;\">Die Zugbr\u00fccke<\/span><br>\n<img loading=\"lazy\" decoding=\"async\" class=\"alignnone size-full wp-image-1409\" src=\"https:\/\/gartner52.de\/page\/wp-content\/uploads\/2016\/02\/2007Albstadt03-1.jpg\" alt=\"2007Albstadt03\" width=\"800\" height=\"600\" srcset=\"https:\/\/gartner52.de\/page\/wp-content\/uploads\/2016\/02\/2007Albstadt03-1.jpg 800w, https:\/\/gartner52.de\/page\/wp-content\/uploads\/2016\/02\/2007Albstadt03-1-300x225.jpg 300w, https:\/\/gartner52.de\/page\/wp-content\/uploads\/2016\/02\/2007Albstadt03-1-768x576.jpg 768w\" sizes=\"auto, (max-width: 800px) 100vw, 800px\"><img loading=\"lazy\" decoding=\"async\" class=\"alignnone size-full wp-image-1413\" src=\"https:\/\/gartner52.de\/page\/wp-content\/uploads\/2016\/02\/2007Albstadt07-1.jpg\" alt=\"2007Albstadt07\" width=\"800\" height=\"600\" srcset=\"https:\/\/gartner52.de\/page\/wp-content\/uploads\/2016\/02\/2007Albstadt07-1.jpg 800w, https:\/\/gartner52.de\/page\/wp-content\/uploads\/2016\/02\/2007Albstadt07-1-300x225.jpg 300w, https:\/\/gartner52.de\/page\/wp-content\/uploads\/2016\/02\/2007Albstadt07-1-768x576.jpg 768w\" sizes=\"auto, (max-width: 800px) 100vw, 800px\"><span style=\"font-family: arial,helvetica,sans-serif; font-size: 12pt;\">Blick auf Honau am Fu\u00dfe von Lichtenstein<\/span><br>\n<img loading=\"lazy\" decoding=\"async\" class=\"alignnone size-full wp-image-1410\" src=\"https:\/\/gartner52.de\/page\/wp-content\/uploads\/2016\/02\/2007Albstadt04-1.jpg\" alt=\"2007Albstadt04\" width=\"800\" height=\"600\" srcset=\"https:\/\/gartner52.de\/page\/wp-content\/uploads\/2016\/02\/2007Albstadt04-1.jpg 800w, https:\/\/gartner52.de\/page\/wp-content\/uploads\/2016\/02\/2007Albstadt04-1-300x225.jpg 300w, https:\/\/gartner52.de\/page\/wp-content\/uploads\/2016\/02\/2007Albstadt04-1-768x576.jpg 768w\" sizes=\"auto, (max-width: 800px) 100vw, 800px\"><span style=\"font-family: arial,helvetica,sans-serif; font-size: 12pt;\">Das M\u00e4rchenschloss<\/span><br>\n<img loading=\"lazy\" decoding=\"async\" class=\"alignnone size-full wp-image-1411\" src=\"https:\/\/gartner52.de\/page\/wp-content\/uploads\/2016\/02\/2007Albstadt05-1.jpg\" alt=\"2007Albstadt05\" width=\"800\" height=\"600\" srcset=\"https:\/\/gartner52.de\/page\/wp-content\/uploads\/2016\/02\/2007Albstadt05-1.jpg 800w, https:\/\/gartner52.de\/page\/wp-content\/uploads\/2016\/02\/2007Albstadt05-1-300x225.jpg 300w, https:\/\/gartner52.de\/page\/wp-content\/uploads\/2016\/02\/2007Albstadt05-1-768x576.jpg 768w\" sizes=\"auto, (max-width: 800px) 100vw, 800px\"><img loading=\"lazy\" decoding=\"async\" class=\"alignnone size-full wp-image-1412\" src=\"https:\/\/gartner52.de\/page\/wp-content\/uploads\/2016\/02\/2007Albstadt06-1.jpg\" alt=\"2007Albstadt06\" width=\"800\" height=\"600\" srcset=\"https:\/\/gartner52.de\/page\/wp-content\/uploads\/2016\/02\/2007Albstadt06-1.jpg 800w, https:\/\/gartner52.de\/page\/wp-content\/uploads\/2016\/02\/2007Albstadt06-1-300x225.jpg 300w, https:\/\/gartner52.de\/page\/wp-content\/uploads\/2016\/02\/2007Albstadt06-1-768x576.jpg 768w\" sizes=\"auto, (max-width: 800px) 100vw, 800px\"><span style=\"font-family: arial,helvetica,sans-serif; font-size: 12pt;\">Das Gesindehaus<\/span><br>\n<img loading=\"lazy\" decoding=\"async\" class=\"alignnone size-full wp-image-1414\" src=\"https:\/\/gartner52.de\/page\/wp-content\/uploads\/2016\/02\/2007Albstadt08-1.jpg\" alt=\"2007Albstadt08\" width=\"800\" height=\"600\" srcset=\"https:\/\/gartner52.de\/page\/wp-content\/uploads\/2016\/02\/2007Albstadt08-1.jpg 800w, https:\/\/gartner52.de\/page\/wp-content\/uploads\/2016\/02\/2007Albstadt08-1-300x225.jpg 300w, https:\/\/gartner52.de\/page\/wp-content\/uploads\/2016\/02\/2007Albstadt08-1-768x576.jpg 768w\" sizes=\"auto, (max-width: 800px) 100vw, 800px\"><span style=\"font-family: arial,helvetica,sans-serif; font-size: 12pt;\">Hinter der Zugbr\u00fccke im Schloss<\/span><br>\n<img loading=\"lazy\" decoding=\"async\" class=\"alignnone size-full wp-image-1415\" src=\"https:\/\/gartner52.de\/page\/wp-content\/uploads\/2016\/02\/2007Albstadt09-1.jpg\" alt=\"2007Albstadt09\" width=\"800\" height=\"600\" srcset=\"https:\/\/gartner52.de\/page\/wp-content\/uploads\/2016\/02\/2007Albstadt09-1.jpg 800w, https:\/\/gartner52.de\/page\/wp-content\/uploads\/2016\/02\/2007Albstadt09-1-300x225.jpg 300w, https:\/\/gartner52.de\/page\/wp-content\/uploads\/2016\/02\/2007Albstadt09-1-768x576.jpg 768w\" sizes=\"auto, (max-width: 800px) 100vw, 800px\"><span style=\"font-family: arial,helvetica,sans-serif; font-size: 12pt;\">Vor dem Tor<\/span><br>\n<img loading=\"lazy\" decoding=\"async\" class=\"alignnone size-full wp-image-1416\" src=\"https:\/\/gartner52.de\/page\/wp-content\/uploads\/2016\/02\/2007Albstadt10-1.jpg\" alt=\"2007Albstadt10\" width=\"800\" height=\"600\" srcset=\"https:\/\/gartner52.de\/page\/wp-content\/uploads\/2016\/02\/2007Albstadt10-1.jpg 800w, https:\/\/gartner52.de\/page\/wp-content\/uploads\/2016\/02\/2007Albstadt10-1-300x225.jpg 300w, https:\/\/gartner52.de\/page\/wp-content\/uploads\/2016\/02\/2007Albstadt10-1-768x576.jpg 768w\" sizes=\"auto, (max-width: 800px) 100vw, 800px\"><\/p>\n<p><span style=\"font-family: arial,helvetica,sans-serif; font-size: 12pt;\">Eigentlich wollten wir auf dem Wohnmobil Stellplatz in Trochtelfingen \u00fcbernachten, aber der lag im Industriegebiet total abseits. So entschlossen wir uns weiter zu fahren Richtung Albstadt. Das war eine gute Entscheidung denn hier fanden wir einen Stellplatz direkt bei einem Super Schwimmbad. Das Schwimmbad ist in Albstadt Ebingen und hei\u00dft \u201d <a href=\"http:\/\/www.badkap.de\/\">Erlebnisbad Badkap <\/a>\u201d Von Schwimmbad selbst habe ich keine Bilder, das macht man nicht. Aber vom Stellplatz hab ich hier zwei. Der Stellplatz ist nicht nur f\u00fcr Wohnmobils, sondermn auch f\u00fcr Wohnwagen zugelassen. Finde ich gut so.<\/span><br>\n<img loading=\"lazy\" decoding=\"async\" class=\"alignnone size-full wp-image-1418\" src=\"https:\/\/gartner52.de\/page\/wp-content\/uploads\/2016\/02\/2007Albstadt12-1.jpg\" alt=\"2007Albstadt12\" width=\"800\" height=\"600\" srcset=\"https:\/\/gartner52.de\/page\/wp-content\/uploads\/2016\/02\/2007Albstadt12-1.jpg 800w, https:\/\/gartner52.de\/page\/wp-content\/uploads\/2016\/02\/2007Albstadt12-1-300x225.jpg 300w, https:\/\/gartner52.de\/page\/wp-content\/uploads\/2016\/02\/2007Albstadt12-1-768x576.jpg 768w\" sizes=\"auto, (max-width: 800px) 100vw, 800px\"><img loading=\"lazy\" decoding=\"async\" class=\"alignnone size-full wp-image-1417\" src=\"https:\/\/gartner52.de\/page\/wp-content\/uploads\/2016\/02\/2007Albstadt11-1.jpg\" alt=\"2007Albstadt11\" width=\"800\" height=\"600\" srcset=\"https:\/\/gartner52.de\/page\/wp-content\/uploads\/2016\/02\/2007Albstadt11-1.jpg 800w, https:\/\/gartner52.de\/page\/wp-content\/uploads\/2016\/02\/2007Albstadt11-1-300x225.jpg 300w, https:\/\/gartner52.de\/page\/wp-content\/uploads\/2016\/02\/2007Albstadt11-1-768x576.jpg 768w\" sizes=\"auto, (max-width: 800px) 100vw, 800px\"><span style=\"font-family: arial,helvetica,sans-serif; font-size: 12pt;\">Am Samstag ging es weiter Richtung Enzkl\u00f6sterle im Nordschwarzwald. Dort wollten wir noch eine Nacht auf dem Campingplatz M\u00fcllerwiese verbringen. Der Platz ist nicht allzu gro\u00df. Wir bekamen auch nur einen kleinen Stellplatz<br>\nvor dem Tor zum <span class=\"caps\">CP<\/span>, daf\u00fcr war der Preis um so gr\u00f6\u00dfer. \ud83d\ude21<br>\n<\/span><span style=\"font-family: arial,helvetica,sans-serif; font-size: 12pt;\">F\u00fcr eine Nacht sollte das aber reichen, das Womo passte gerade so drauf.<\/span><br>\n<img loading=\"lazy\" decoding=\"async\" class=\"alignnone size-full wp-image-1419\" src=\"https:\/\/gartner52.de\/page\/wp-content\/uploads\/2016\/02\/2007Albstadt13-1.jpg\" alt=\"2007Albstadt13\" width=\"800\" height=\"600\" srcset=\"https:\/\/gartner52.de\/page\/wp-content\/uploads\/2016\/02\/2007Albstadt13-1.jpg 800w, https:\/\/gartner52.de\/page\/wp-content\/uploads\/2016\/02\/2007Albstadt13-1-300x225.jpg 300w, https:\/\/gartner52.de\/page\/wp-content\/uploads\/2016\/02\/2007Albstadt13-1-768x576.jpg 768w\" sizes=\"auto, (max-width: 800px) 100vw, 800px\"><img loading=\"lazy\" decoding=\"async\" class=\"alignnone size-full wp-image-1420\" src=\"https:\/\/gartner52.de\/page\/wp-content\/uploads\/2016\/02\/2007Albstadt14-1.jpg\" alt=\"2007Albstadt14\" width=\"800\" height=\"600\" srcset=\"https:\/\/gartner52.de\/page\/wp-content\/uploads\/2016\/02\/2007Albstadt14-1.jpg 800w, https:\/\/gartner52.de\/page\/wp-content\/uploads\/2016\/02\/2007Albstadt14-1-300x225.jpg 300w, https:\/\/gartner52.de\/page\/wp-content\/uploads\/2016\/02\/2007Albstadt14-1-768x576.jpg 768w\" sizes=\"auto, (max-width: 800px) 100vw, 800px\"><span style=\"font-family: arial,helvetica,sans-serif; font-size: 12pt;\">Hier habe ich Bild von weiter oben gemacht, sieht aus wie ein Stellplatz, nicht wie eine Parzelle. Der Preis war mit 21 \u20acuro etwas zu teuer finde ich. Der schwarze und der rote <span class=\"caps\">PKW<\/span> geh\u00f6rt \u00fcbrigens nicht mehr zu uns, das waren schon unsere Nachbarn.<\/span><br>\n<img loading=\"lazy\" decoding=\"async\" class=\"alignnone size-full wp-image-1422\" src=\"https:\/\/gartner52.de\/page\/wp-content\/uploads\/2016\/02\/2007Albstadt16-1.jpg\" alt=\"2007Albstadt16\" width=\"800\" height=\"600\" srcset=\"https:\/\/gartner52.de\/page\/wp-content\/uploads\/2016\/02\/2007Albstadt16-1.jpg 800w, https:\/\/gartner52.de\/page\/wp-content\/uploads\/2016\/02\/2007Albstadt16-1-300x225.jpg 300w, https:\/\/gartner52.de\/page\/wp-content\/uploads\/2016\/02\/2007Albstadt16-1-768x576.jpg 768w\" sizes=\"auto, (max-width: 800px) 100vw, 800px\"><span style=\"font-family: arial,helvetica,sans-serif; font-size: 12pt;\">Der Campingplatz liegt direkt an der Enz<\/span><br>\n<img loading=\"lazy\" decoding=\"async\" class=\"alignnone size-full wp-image-1421\" src=\"https:\/\/gartner52.de\/page\/wp-content\/uploads\/2016\/02\/2007Albstadt15-1.jpg\" alt=\"2007Albstadt15\" width=\"800\" height=\"600\" srcset=\"https:\/\/gartner52.de\/page\/wp-content\/uploads\/2016\/02\/2007Albstadt15-1.jpg 800w, https:\/\/gartner52.de\/page\/wp-content\/uploads\/2016\/02\/2007Albstadt15-1-300x225.jpg 300w, https:\/\/gartner52.de\/page\/wp-content\/uploads\/2016\/02\/2007Albstadt15-1-768x576.jpg 768w\" sizes=\"auto, (max-width: 800px) 100vw, 800px\"><img loading=\"lazy\" decoding=\"async\" class=\"alignnone size-full wp-image-1423\" src=\"https:\/\/gartner52.de\/page\/wp-content\/uploads\/2016\/02\/2007Albstadt17-1.jpg\" alt=\"2007Albstadt17\" width=\"800\" height=\"600\" srcset=\"https:\/\/gartner52.de\/page\/wp-content\/uploads\/2016\/02\/2007Albstadt17-1.jpg 800w, https:\/\/gartner52.de\/page\/wp-content\/uploads\/2016\/02\/2007Albstadt17-1-300x225.jpg 300w, https:\/\/gartner52.de\/page\/wp-content\/uploads\/2016\/02\/2007Albstadt17-1-768x576.jpg 768w\" sizes=\"auto, (max-width: 800px) 100vw, 800px\"><img loading=\"lazy\" decoding=\"async\" class=\"alignnone size-full wp-image-1424\" src=\"https:\/\/gartner52.de\/page\/wp-content\/uploads\/2016\/02\/2007Albstadt18-1.jpg\" alt=\"2007Albstadt18\" width=\"800\" height=\"600\" srcset=\"https:\/\/gartner52.de\/page\/wp-content\/uploads\/2016\/02\/2007Albstadt18-1.jpg 800w, https:\/\/gartner52.de\/page\/wp-content\/uploads\/2016\/02\/2007Albstadt18-1-300x225.jpg 300w, https:\/\/gartner52.de\/page\/wp-content\/uploads\/2016\/02\/2007Albstadt18-1-768x576.jpg 768w\" sizes=\"auto, (max-width: 800px) 100vw, 800px\"><span style=\"font-family: arial,helvetica,sans-serif; font-size: 12pt;\">Auf dem Platz stehen viele Dauercamper<\/span><br>\n<img loading=\"lazy\" decoding=\"async\" class=\"alignnone size-full wp-image-1425\" src=\"https:\/\/gartner52.de\/page\/wp-content\/uploads\/2016\/02\/2007Albstadt19-1.jpg\" alt=\"2007Albstadt19\" width=\"800\" height=\"600\" srcset=\"https:\/\/gartner52.de\/page\/wp-content\/uploads\/2016\/02\/2007Albstadt19-1.jpg 800w, https:\/\/gartner52.de\/page\/wp-content\/uploads\/2016\/02\/2007Albstadt19-1-300x225.jpg 300w, https:\/\/gartner52.de\/page\/wp-content\/uploads\/2016\/02\/2007Albstadt19-1-768x576.jpg 768w\" sizes=\"auto, (max-width: 800px) 100vw, 800px\"><img loading=\"lazy\" decoding=\"async\" class=\"alignnone size-full wp-image-1426\" src=\"https:\/\/gartner52.de\/page\/wp-content\/uploads\/2016\/02\/2007Albstadt20-1.jpg\" alt=\"2007Albstadt20\" width=\"800\" height=\"600\" srcset=\"https:\/\/gartner52.de\/page\/wp-content\/uploads\/2016\/02\/2007Albstadt20-1.jpg 800w, https:\/\/gartner52.de\/page\/wp-content\/uploads\/2016\/02\/2007Albstadt20-1-300x225.jpg 300w, https:\/\/gartner52.de\/page\/wp-content\/uploads\/2016\/02\/2007Albstadt20-1-768x576.jpg 768w\" sizes=\"auto, (max-width: 800px) 100vw, 800px\"><img loading=\"lazy\" decoding=\"async\" class=\"alignnone size-full wp-image-1427\" src=\"https:\/\/gartner52.de\/page\/wp-content\/uploads\/2016\/02\/2007Albstadt21-1.jpg\" alt=\"2007Albstadt21\" width=\"800\" height=\"600\" srcset=\"https:\/\/gartner52.de\/page\/wp-content\/uploads\/2016\/02\/2007Albstadt21-1.jpg 800w, https:\/\/gartner52.de\/page\/wp-content\/uploads\/2016\/02\/2007Albstadt21-1-300x225.jpg 300w, https:\/\/gartner52.de\/page\/wp-content\/uploads\/2016\/02\/2007Albstadt21-1-768x576.jpg 768w\" sizes=\"auto, (max-width: 800px) 100vw, 800px\"><\/p>\n<p><span style=\"font-family: arial,helvetica,sans-serif; font-size: 12pt;\">Viel gibt es zu dem Campingplatz nicht zu sagen, uns hat es hier nicht sehr gut gefallen. Wenn wir zur Toilette gehen wollten mussten wir das gro\u00dfe Tor auf und hinter uns wieder zuschlie\u00dfen. Auf dem ganzen Platz waren gef\u00fchlte tausend Hinweisschilder verteilt Sogar in den Toiletten stand was man zu tun hatte und was nicht. Zum Gerschirr waschen sollt man immer Kleingeld dabei haben, hei\u00dfes Wasser kostet hier extra. Am Sonntag nach dem Fr\u00fchst\u00fcck sind wir dann die restlichen Kilometer nach Hause gefahren. Wenn wir gewusst h\u00e4tten wie dieser Platz ist, w\u00e4ren wir lieber noch in Albstadt geblieben<\/span><\/p>\n<p>&nbsp;<\/p>\n<h5 style=\"text-align: center;\"><a href=\"https:\/\/gartner52.de\/page\/2007-2\/\">zur\u00fcck zur \u00dcbersicht 2007<\/a><\/h5>\n<p>&nbsp;<\/p>\n<p>&nbsp;<\/p>\n","protected":false},"excerpt":{"rendered":"<p>Ein Wochenende auf der schw\u00e4bischen Alb und in Enzkl\u00f6sterle 13.07.2007 bis 15.07.2007 Im Juli 2007 waren wir mit dem Wohnmobil zur ersten Dichtigkeitspr\u00fcfung bei unserem H\u00e4ndler in Kirchheim Teck. Nach erfolgreicher Pr\u00fcfung fuhren wir weiter \u00fcber Reutlingen auf die Schw\u00e4bische \u2026 <a href=\"https:\/\/gartner52.de\/page\/albstadt2007\/\">Weiter<\/a><\/p>\n","protected":false},"author":4,"featured_media":0,"parent":0,"menu_order":0,"comment_status":"closed","ping_status":"closed","template":"","meta":{"wp_typography_post_enhancements_disabled":false,"kt_blocks_editor_width":"","footnotes":""},"class_list":["post-1037","page","type-page","status-publish","hentry"],"_links":{"self":[{"href":"https:\/\/gartner52.de\/page\/wp-json\/wp\/v2\/pages\/1037","targetHints":{"allow":["GET"]}}],"collection":[{"href":"https:\/\/gartner52.de\/page\/wp-json\/wp\/v2\/pages"}],"about":[{"href":"https:\/\/gartner52.de\/page\/wp-json\/wp\/v2\/types\/page"}],"author":[{"embeddable":true,"href":"https:\/\/gartner52.de\/page\/wp-json\/wp\/v2\/users\/4"}],"replies":[{"embeddable":true,"href":"https:\/\/gartner52.de\/page\/wp-json\/wp\/v2\/comments?post=1037"}],"version-history":[{"count":19,"href":"https:\/\/gartner52.de\/page\/wp-json\/wp\/v2\/pages\/1037\/revisions"}],"predecessor-version":[{"id":4805,"href":"https:\/\/gartner52.de\/page\/wp-json\/wp\/v2\/pages\/1037\/revisions\/4805"}],"wp:attachment":[{"href":"https:\/\/gartner52.de\/page\/wp-json\/wp\/v2\/media?parent=1037"}],"curies":[{"name":"wp","href":"https:\/\/api.w.org\/{rel}","templated":true}]}}